{"id":115,"date":"2010-05-20T18:02:58","date_gmt":"2010-05-20T18:02:58","guid":{"rendered":"http:\/\/mowglis.net\/?page_id=115"},"modified":"2026-02-04T16:10:24","modified_gmt":"2026-02-04T21:10:24","slug":"a-day-in-the-life","status":"publish","type":"page","link":"https:\/\/www.mowglis.org\/es\/future-families\/a-day-in-the-life\/","title":{"rendered":"Horario diario del campamento"},"content":{"rendered":"<h1 class=\"wp-block-heading\">Un d\u00eda en la vida de un campista de Mowgli<\/h1>\n\n\n\n<h2 class=\"wp-block-heading\">Desde la primera corneta hasta la \u00faltima<\/h2>\n\n\n\n<p>Un d\u00eda con Mowgli es algo maravilloso.<\/p>\n\n\n\n<br>\n\n\n\n<p>Aunque no hay dos d\u00edas iguales, todos se basan en una rutina. Unas expectativas y horarios claros proporcionan un entorno c\u00f3modo para el desarrollo de los ni\u00f1os.<\/p>\n\n\n\n<br>\n\n\n\n<p>Nuestra rutina no hace que Mowglis parezca un campo de entrenamiento militar. \u00a1Todo lo contrario! Pero s\u00ed tomamos prestados principios de desarrollo juvenil de diversas fuentes, y notar\u00e1n algunas referencias a las pr\u00e1cticas maravillosamente transformadoras del \u00e1mbito militar.<\/p>\n\n\n\n<br>\n\n\n\n<p>Una parte fundamental del d\u00eda en Mowglis es esforzarse por conseguir cintas. Las cintas son nuestra versi\u00f3n de las insignias de los Boy Scouts y requieren dedicaci\u00f3n y habilidad. Los chicos necesitan varias semanas, o incluso varios veranos, para cumplir con los requisitos de cada cinta. Tienen la libertad de elegir sus actividades diarias y el grado de empe\u00f1o que ponen para alcanzar sus objetivos.<\/p>\n\n\n\n<br>\n\n\n\n<p>As\u00ed podr\u00eda ser un d\u00eda en la vida de un campista de Mowgli:<\/p>\n\n\n\n<br>\n\n\n\n<p><strong>7:15 am: Despertar<\/strong><\/p>\n\n\n\n<br>\n\n\n\n<p>Te das la vuelta en la cama mientras los sonidos de la fiesta llegan a trav\u00e9s de la ventana de tu dormitorio: el primer toque de corneta del d\u00eda. Es un sonido familiar porque las melod\u00edas de corneta suenan durante todo el d\u00eda, anunciando una nueva sesi\u00f3n.<\/p>\n\n\n\n<br>\n\n\n\n<p>Te levantas de la cama, te cepillas los dientes en el porche trasero, te vistes con tu uniforme (una sencilla camiseta gris y pantalones cortos azules, lo mismo para todos) y doblas las s\u00e1banas y la manta.<\/p>\n\n\n\n<br>\n\n\n\n<p><strong>7:50 am: Caminata para desayunar.<\/strong><\/p>\n\n\n\n<br>\n\n\n\n<p>Te lavas las manos y te metes la camisa por dentro del pantal\u00f3n antes de entrar al comedor, sabiendo que ha comenzado un d\u00eda al estilo de Mowgli.<\/p>\n\n\n\n<br>\n\n\n\n<p>\u00a1Llena tu plato con panqueques, jarabe de arce aut\u00e9ntico, salchichas, huevos revueltos y fruta fresca para tener energ\u00eda para un d\u00eda ajetreado! Luego, si\u00e9ntate con tus amigos y disfruta de la comida.<\/p>\n\n\n\n<br>\n\n\n\n<p>Durante el desayuno, se reparten portapapeles para elegir las actividades del d\u00eda. Revisas la larga lista de opciones: nataci\u00f3n, tiro con arco, teatro, remo, tiro con rifle, kayak, f\u00fatbol, escalada, fotograf\u00eda, tenis, carpinter\u00eda, y decides las dos de hoy. Te inscribes en manualidades (una actividad cl\u00e1sica) y en el manejo del hacha, algo totalmente nuevo para ti. Quieres probarlo y ver si te gusta.<\/p>\n\n\n\n<br>\n\n\n\n<p><strong>9:00 a. m.: Horario de servicio<\/strong><\/p>\n\n\n\n<br>\n\n\n\n<p>Revisas el tablero de tareas para ver qu\u00e9 tarea te han asignado hoy. Limpiar el edificio de la residencia estudiantil es <em>lejos <\/em>Puede que te quiten tu tarea favorita, pero no es para tanto porque ma\u00f1ana te asignar\u00e1n algo nuevo.<\/p>\n\n\n\n<br>\n\n\n\n<p>Adem\u00e1s, en Mowgli&#039;s Way te entregas por completo a todo lo que haces. As\u00ed que das lo mejor de ti, sabiendo que est\u00e1s desempe\u00f1ando un papel importante para mantener el campamento limpio para todos.<\/p>\n\n\n\n<br>\n\n\n\n<p>Cuando hayas dado lo mejor de ti, ponte de pie y di: \u201c\u00a1He cumplido con mi deber lo mejor que he podido!\u201d. El consejero supervisor revisa tu trabajo, lo aprueba y te diriges a tu primera actividad del d\u00eda.<\/p>\n\n\n\n<br>\n\n\n\n<p><strong>9:30 a. m.: Primer per\u00edodo de la industria<\/strong><\/p>\n\n\n\n<br>\n\n\n\n<p><em>A diferencia de los periodos de inscripci\u00f3n, que pueden variar cada d\u00eda, cada actividad de la Industria dura dos semanas. El objetivo de las Industrias es ayudar a los campistas a desarrollar y observar una progresi\u00f3n notable en sus habilidades. <\/em><a href=\"https:\/\/www.mowglis.org\/es\/prospective-families\/activitiesindustries\/\"><em>Para obtener m\u00e1s informaci\u00f3n sobre nuestros sectores, haga clic aqu\u00ed.<\/em><\/a><\/p>\n\n\n\n<br>\n\n\n\n<p>Tu primera clase pr\u00e1ctica es de tiro con arco. Ayer aprendiste sobre las diferentes partes del arco y la flecha, y hoy el instructor te ense\u00f1a a cargarlo de forma segura. Al final de la clase, practicas cargando la flecha t\u00fa mismo y el instructor te dice que ma\u00f1ana empezar\u00e1s a disparar a la diana. \u00a1Est\u00e1s impaciente!<\/p>\n\n\n\n<br>\n\n\n\n<p><strong>10:45 a. m. Primera hora de inscripci\u00f3n<\/strong><\/p>\n\n\n\n<br>\n\n\n\n<p>Te diriges a tu clase de arte y manualidades. Has estado practicando tus habilidades con la cer\u00e1mica y tu \u00faltimo jarr\u00f3n est\u00e1 listo para ser pintado. Tomas un esmalte negro brillante (que combine con la Cinta Negra que est\u00e1s intentando conseguir) y un pincel y te pones manos a la obra.<\/p>\n\n\n\n<br>\n\n\n\n<p><strong>12:15 pm: Almuerzo<\/strong><\/p>\n\n\n\n<br>\n\n\n\n<p>Despu\u00e9s de regresar a tu dormitorio para refrescarte, caminas hasta el comedor para almorzar.<\/p>\n\n\n\n<br>\n\n\n\n<p>Hoy en el men\u00fa hay sopa de tomate y albahaca, paninis de pavo y queso a la parrilla, y ensalada verde fresca. Puedes probar un poco de todo y relajarte con tus amigos mientras comes.<\/p>\n\n\n\n<br>\n\n\n\n<p><strong>13:00: Hora de descanso<\/strong><\/p>\n\n\n\n<br>\n\n\n\n<p>Este es tu momento para relajarte: una hora sin estructura para socializar, dormir, jugar... \u00a1lo que quieras! Vas a la cancha de tetherball para un partido tranquilo con algunos amigos.<\/p>\n\n\n\n<br>\n\n\n\n<p><strong>14:00: Hora de limpiar<\/strong><\/p>\n\n\n\n<br>\n\n\n\n<p>Suena raro, pero en realidad te gusta preparar la residencia para la inspecci\u00f3n diaria. Sientes orgullo cuando tu espacio luce impecable. \u00a1Adem\u00e1s, a tu residencia solo le faltan dos &quot;10&quot; para tener una fiesta de helados!<\/p>\n\n\n\n<br>\n\n\n\n<p>Organizas tus pertenencias en la c\u00f3moda junto a tu cama, guardas la linterna y te aseguras de que la cama est\u00e9 bien hecha. Terminas con unos minutos de sobra, as\u00ed que coges la escoba y barres la zona com\u00fan (al estilo Mowgli).<\/p>\n\n\n\n<br>\n\n\n\n<p>Luego te paras al pie de tu cama y saludas al consejero del d\u00eda cuando entra para asegurarse de que tu habitaci\u00f3n est\u00e9 suficientemente limpia. Te da un 9: alguien olvid\u00f3 guardar su cesta de ducha en el porche. \u00a1Tendr\u00e1s que prestar m\u00e1s atenci\u00f3n a eso ma\u00f1ana!<\/p>\n\n\n\n<br>\n\n\n\n<p><strong>14:30: Segundo per\u00edodo de la industria<\/strong><\/p>\n\n\n\n<br>\n\n\n\n<p>Te diriges al paseo mar\u00edtimo para navegar. Llevas ya unas cuantas temporadas en este sector (\u00a1no te cansas!) y est\u00e1s empezando a dominar la actividad.<\/p>\n\n\n\n<br>\n\n\n\n<p>Hoy, la instructora de vela les est\u00e1 ense\u00f1ando a todos c\u00f3mo aparejar un 420. Te deja mostrarles a los campistas m\u00e1s j\u00f3venes c\u00f3mo preparar las velas antes de salir al agua, lo cual es genial. Te gusta ayudar a los m\u00e1s j\u00f3venes a aprender lo b\u00e1sico y a crecer como navegantes.<\/p>\n\n\n\n<br>\n\n\n\n<p><strong>15:45: Segundo per\u00edodo de inscripci\u00f3n<\/strong><\/p>\n\n\n\n<br>\n\n\n\n<p>Para tu segunda sesi\u00f3n del d\u00eda, probar\u00e1s el manejo del hacha. Como es tu primera vez, el instructor comenzar\u00e1 mostr\u00e1ndote las diferentes partes de un hacha. Te explicar\u00e1 la forma correcta de sujetarla, c\u00f3mo usarla de forma segura y la importancia de ser maduro y respetuoso al manipular cualquier herramienta afilada.<\/p>\n\n\n\n<br>\n\n\n\n<p>Luego, te entrega el hacha, con el mango primero. La tomas con cuidado y sientes su peso en la mano. Bajo la atenta mirada del instructor, cortas un trozo de le\u00f1a, que luego llevas al c\u00edrculo de la fogata para usarla en la hoguera de esta noche.<\/p>\n\n\n\n<br>\n\n\n\n<p>Al final de la sesi\u00f3n, no est\u00e1s del todo seguro de si el manejo del hacha es lo tuyo. Pero te alegras de haberlo intentado.<\/p>\n\n\n\n<br>\n\n\n\n<p><strong>16:45: Remojo<\/strong><\/p>\n\n\n\n<br>\n\n\n\n<p>Este es el ba\u00f1o de todo el campamento. Todos bajan y se tiran al lago.<\/p>\n\n\n\n<br>\n\n\n\n<p>No hay instrucciones (eso solo pasa en el mundo de la nataci\u00f3n), as\u00ed que puedes hacer lo que quieras. T\u00fa y tu amigo cogen una balsa y flotan un rato en el lago. Despu\u00e9s, vuelven a la residencia para vestirse para la cena.<\/p>\n\n\n\n<br>\n\n\n\n<p><strong>18:00: Cena<\/strong><\/p>\n\n\n\n<br>\n\n\n\n<p><em>En Camp Mowglis, nos enorgullecemos de ofrecer un men\u00fa variado y utilizar ingredientes de alta calidad. Obtenemos todos nuestros productos de proveedores locales, toda nuestra carne de res es org\u00e1nica y alimentada con pasto, y procuramos trabajar con agricultores que emplean pr\u00e1cticas agr\u00edcolas sostenibles y \u00e9ticas siempre que sea posible. <\/em><\/p>\n\n\n\n<br>\n\n\n\n<p>Esta noche es tu d\u00eda favorito: Martes de Tacos. Tomas dos tacos de carne molida y les pones queso rallado, guacamole, tomate y lechuga. Te los comes de un bocado y a\u00fan tienes hambre, as\u00ed que repites y te llevas a la mesa una fajita de pollo y verduras a la parrilla.<\/p>\n\n\n\n<br>\n\n\n\n<p>Una vez que terminas de cenar, tienes un rato libre para relajarte. Ves a algunos chicos de tu residencia jugando al frisbee en el campo de Gray Brother y te unes al juego.<\/p>\n\n\n\n<br>\n\n\n\n<p><strong>19:30: Ceremonia de izamiento de banderas<\/strong><\/p>\n\n\n\n<br>\n\n\n\n<p>Tras comprobar que tu uniforme a\u00fan tiene un aspecto presentable, caminas hasta la bandera y te colocas en formaci\u00f3n.<\/p>\n\n\n\n<br>\n\n\n\n<p>En el campamento se celebra una ceremonia militar de izado de bandera en toda regla, con toque de corneta incluido, mientras se arriaba la bandera.<\/p>\n\n\n\n<br>\n\n\n\n<p><strong>19:35: Fogata vespertina<\/strong><\/p>\n\n\n\n<br>\n\n\n\n<p>Te sientas alrededor de la fogata con tus compa\u00f1eros de dormitorio para relajarte al final del d\u00eda.<\/p>\n\n\n\n<br>\n\n\n\n<p>Hoy nos visita un antiguo alumno que nos habla de su trabajo como ingeniero, mientras come malvaviscos asados, por supuesto.<\/p>\n\n\n\n<br>\n\n\n\n<p>\u00a1Es genial! Te cuenta c\u00f3mo viaja por el mundo instalando equipos electr\u00f3nicos para torneos de la USTA. Habla sobre lo que necesitas para ser ingeniero el\u00e9ctrico y parece un trabajo que disfrutar\u00edas mucho. (Nota mental: ver si puedo a\u00f1adir otra clase de ciencias a mi horario el pr\u00f3ximo a\u00f1o).<\/p>\n\n\n\n<br>\n\n\n\n<p><strong>20:45: Llamada a los cuarteles<\/strong><\/p>\n\n\n\n<br>\n\n\n\n<p>Regresas a tu dormitorio y te preparas para ir a dormir. Te cepillas los dientes, te pones el pijama y juegas una partida de rummy en el porche.<\/p>\n\n\n\n<br>\n\n\n\n<p><strong>21:15: Toque de corneta<\/strong><\/p>\n\n\n\n<br>\n\n\n\n<p>El toque de corneta es la \u00faltima melod\u00eda que se toca ese d\u00eda. Cuando suena, todos dejan de moverse y hablar, y todas las luces se apagan; todo el campamento queda en silencio y a oscuras.<\/p>\n\n\n\n<br>\n\n\n\n<p>En cuanto termina la m\u00fasica de Taps, se encienden las luces. Lees y charlas un rato hasta que se apagan a la hora de dormir. Cierras los ojos y te duermes enseguida, agotado tras un d\u00eda divertido y lleno de actividades, y listo para un nuevo d\u00eda ma\u00f1ana.<\/p>\n\n\n\n<br>\n\n\n\n<p>La \u00fanica manera de saber realmente c\u00f3mo es un d\u00eda en Mowgli es vivi\u00e9ndolo en primera persona.<\/p>\n\n\n\n<br>\n\n\n\n<p>Haga clic aqu\u00ed para ver nuestra <a href=\"\/es\/prospective-families\/dates-rates\/\">Fechas y tarifas<\/a>. \u00a1Las plazas se agotan cada verano, as\u00ed que inscr\u00edbase pronto para asegurar la plaza de su hijo!<\/p>","protected":false},"excerpt":{"rendered":"<p>A Day in the Life of a Mowglis Camper From the First Bugle to the Last A Mowglis day is a beautiful thing. Although no two days are exactly the same, every day is built on routine. Clear expectations and schedules provide a comfortable framework for the boys to grow within. Our routine doesn\u2019t make [&hellip;]<\/p>\n","protected":false},"author":10,"featured_media":6174,"parent":92,"menu_order":3,"comment_status":"closed","ping_status":"open","template":"","meta":{"_acf_changed":false,"inline_featured_image":false,"footnotes":"","_wp_rev_ctl_limit":""},"quote-categoria":[295,278,263,260,282],"class_list":["post-115","page","type-page","status-publish","has-post-thumbnail","hentry","quote-categoria-chapel","quote-categoria-clubs","quote-categoria-hiking","quote-categoria-ropes-course","quote-categoria-activities-activities"],"acf":[],"yoast_head":"<!-- This site is optimized with the Yoast SEO plugin v27.3 - https:\/\/yoast.com\/product\/yoast-seo-wordpress\/ -->\n<title>A Day in the Life at Camp Mowglis<\/title>\n<meta name=\"description\" content=\"Get a feel for what a typical day at Camp Mowglis is like for our boys. Out daily scheduled is time tested to be a great balance\" \/>\n<meta name=\"robots\" content=\"index, follow, max-snippet:-1, max-image-preview:large, max-video-preview:-1\" \/>\n<link rel=\"canonical\" href=\"https:\/\/www.mowglis.org\/es\/future-families\/a-day-in-the-life\/\" \/>\n<meta property=\"og:locale\" content=\"es_ES\" \/>\n<meta property=\"og:type\" content=\"article\" \/>\n<meta property=\"og:title\" content=\"A Day in the Life at Camp Mowglis\" \/>\n<meta property=\"og:description\" content=\"Get a feel for what a typical day at Camp Mowglis is like for our boys. Out daily scheduled is time tested to be a great balance\" \/>\n<meta property=\"og:url\" content=\"https:\/\/www.mowglis.org\/es\/future-families\/a-day-in-the-life\/\" \/>\n<meta property=\"og:site_name\" content=\"Camp Mowglis\" \/>\n<meta property=\"article:modified_time\" content=\"2026-02-04T21:10:24+00:00\" \/>\n<meta property=\"og:image\" content=\"http:\/\/www.mowglis.org\/wp-content\/uploads\/2019\/01\/mowglis-adayinthelife-header.jpg\" \/>\n\t<meta property=\"og:image:width\" content=\"1920\" \/>\n\t<meta property=\"og:image:height\" content=\"614\" \/>\n\t<meta property=\"og:image:type\" content=\"image\/jpeg\" \/>\n<meta name=\"twitter:card\" content=\"summary_large_image\" \/>\n<meta name=\"twitter:label1\" content=\"Est. reading time\" \/>\n\t<meta name=\"twitter:data1\" content=\"8 minutos\" \/>\n<script type=\"application\/ld+json\" class=\"yoast-schema-graph\">{\"@context\":\"https:\\\/\\\/schema.org\",\"@graph\":[{\"@type\":\"WebPage\",\"@id\":\"https:\\\/\\\/www.mowglis.org\\\/future-families\\\/a-day-in-the-life\\\/\",\"url\":\"https:\\\/\\\/www.mowglis.org\\\/future-families\\\/a-day-in-the-life\\\/\",\"name\":\"A Day in the Life at Camp Mowglis\",\"isPartOf\":{\"@id\":\"https:\\\/\\\/www.mowglis.org\\\/#website\"},\"primaryImageOfPage\":{\"@id\":\"https:\\\/\\\/www.mowglis.org\\\/future-families\\\/a-day-in-the-life\\\/#primaryimage\"},\"image\":{\"@id\":\"https:\\\/\\\/www.mowglis.org\\\/future-families\\\/a-day-in-the-life\\\/#primaryimage\"},\"thumbnailUrl\":\"https:\\\/\\\/www.mowglis.org\\\/wp-content\\\/uploads\\\/2019\\\/01\\\/mowglis-adayinthelife-header.jpg\",\"datePublished\":\"2010-05-20T18:02:58+00:00\",\"dateModified\":\"2026-02-04T21:10:24+00:00\",\"description\":\"Get a feel for what a typical day at Camp Mowglis is like for our boys. Out daily scheduled is time tested to be a great balance\",\"breadcrumb\":{\"@id\":\"https:\\\/\\\/www.mowglis.org\\\/future-families\\\/a-day-in-the-life\\\/#breadcrumb\"},\"inLanguage\":\"es\",\"potentialAction\":[{\"@type\":\"ReadAction\",\"target\":[\"https:\\\/\\\/www.mowglis.org\\\/future-families\\\/a-day-in-the-life\\\/\"]}]},{\"@type\":\"ImageObject\",\"inLanguage\":\"es\",\"@id\":\"https:\\\/\\\/www.mowglis.org\\\/future-families\\\/a-day-in-the-life\\\/#primaryimage\",\"url\":\"https:\\\/\\\/www.mowglis.org\\\/wp-content\\\/uploads\\\/2019\\\/01\\\/mowglis-adayinthelife-header.jpg\",\"contentUrl\":\"https:\\\/\\\/www.mowglis.org\\\/wp-content\\\/uploads\\\/2019\\\/01\\\/mowglis-adayinthelife-header.jpg\",\"width\":1920,\"height\":614},{\"@type\":\"BreadcrumbList\",\"@id\":\"https:\\\/\\\/www.mowglis.org\\\/future-families\\\/a-day-in-the-life\\\/#breadcrumb\",\"itemListElement\":[{\"@type\":\"ListItem\",\"position\":1,\"name\":\"Home\",\"item\":\"https:\\\/\\\/www.mowglis.org\\\/\"},{\"@type\":\"ListItem\",\"position\":2,\"name\":\"Future Families\",\"item\":\"https:\\\/\\\/www.mowglis.org\\\/future-families\\\/\"},{\"@type\":\"ListItem\",\"position\":3,\"name\":\"Camp&#8217;s Daily Schedule\"}]},{\"@type\":\"WebSite\",\"@id\":\"https:\\\/\\\/www.mowglis.org\\\/#website\",\"url\":\"https:\\\/\\\/www.mowglis.org\\\/\",\"name\":\"Camp Mowglis\",\"description\":\"Camp Mowglis Summer Camp for Boys, New Hampshire, USA\",\"publisher\":{\"@id\":\"https:\\\/\\\/www.mowglis.org\\\/#organization\"},\"potentialAction\":[{\"@type\":\"SearchAction\",\"target\":{\"@type\":\"EntryPoint\",\"urlTemplate\":\"https:\\\/\\\/www.mowglis.org\\\/?s={search_term_string}\"},\"query-input\":{\"@type\":\"PropertyValueSpecification\",\"valueRequired\":true,\"valueName\":\"search_term_string\"}}],\"inLanguage\":\"es\"},{\"@type\":\"Organization\",\"@id\":\"https:\\\/\\\/www.mowglis.org\\\/#organization\",\"name\":\"Camp Mowglis\",\"url\":\"https:\\\/\\\/www.mowglis.org\\\/\",\"logo\":{\"@type\":\"ImageObject\",\"inLanguage\":\"es\",\"@id\":\"https:\\\/\\\/www.mowglis.org\\\/#\\\/schema\\\/logo\\\/image\\\/\",\"url\":\"https:\\\/\\\/www.mowglis.org\\\/wp-content\\\/uploads\\\/2025\\\/01\\\/logo-web.svg\",\"contentUrl\":\"https:\\\/\\\/www.mowglis.org\\\/wp-content\\\/uploads\\\/2025\\\/01\\\/logo-web.svg\",\"width\":156,\"height\":42,\"caption\":\"Camp Mowglis\"},\"image\":{\"@id\":\"https:\\\/\\\/www.mowglis.org\\\/#\\\/schema\\\/logo\\\/image\\\/\"}}]}<\/script>\n<!-- \/ Yoast SEO plugin. -->","yoast_head_json":{"title":"Un d\u00eda en la vida del Campamento Mowglis","description":"Hazte una idea de c\u00f3mo es un d\u00eda t\u00edpico en el Campamento Mowglis para nuestros chicos. Nuestro horario diario ha sido probado con el tiempo para ofrecer un gran equilibrio.","robots":{"index":"index","follow":"follow","max-snippet":"max-snippet:-1","max-image-preview":"max-image-preview:large","max-video-preview":"max-video-preview:-1"},"canonical":"https:\/\/www.mowglis.org\/es\/future-families\/a-day-in-the-life\/","og_locale":"es_ES","og_type":"article","og_title":"A Day in the Life at Camp Mowglis","og_description":"Get a feel for what a typical day at Camp Mowglis is like for our boys. Out daily scheduled is time tested to be a great balance","og_url":"https:\/\/www.mowglis.org\/es\/future-families\/a-day-in-the-life\/","og_site_name":"Camp Mowglis","article_modified_time":"2026-02-04T21:10:24+00:00","og_image":[{"width":1920,"height":614,"url":"http:\/\/www.mowglis.org\/wp-content\/uploads\/2019\/01\/mowglis-adayinthelife-header.jpg","type":"image\/jpeg"}],"twitter_card":"summary_large_image","twitter_misc":{"Est. reading time":"8 minutos"},"schema":{"@context":"https:\/\/schema.org","@graph":[{"@type":"WebPage","@id":"https:\/\/www.mowglis.org\/future-families\/a-day-in-the-life\/","url":"https:\/\/www.mowglis.org\/future-families\/a-day-in-the-life\/","name":"Un d\u00eda en la vida del Campamento Mowglis","isPartOf":{"@id":"https:\/\/www.mowglis.org\/#website"},"primaryImageOfPage":{"@id":"https:\/\/www.mowglis.org\/future-families\/a-day-in-the-life\/#primaryimage"},"image":{"@id":"https:\/\/www.mowglis.org\/future-families\/a-day-in-the-life\/#primaryimage"},"thumbnailUrl":"https:\/\/www.mowglis.org\/wp-content\/uploads\/2019\/01\/mowglis-adayinthelife-header.jpg","datePublished":"2010-05-20T18:02:58+00:00","dateModified":"2026-02-04T21:10:24+00:00","description":"Hazte una idea de c\u00f3mo es un d\u00eda t\u00edpico en el Campamento Mowglis para nuestros chicos. Nuestro horario diario ha sido probado con el tiempo para ofrecer un gran equilibrio.","breadcrumb":{"@id":"https:\/\/www.mowglis.org\/future-families\/a-day-in-the-life\/#breadcrumb"},"inLanguage":"es","potentialAction":[{"@type":"ReadAction","target":["https:\/\/www.mowglis.org\/future-families\/a-day-in-the-life\/"]}]},{"@type":"ImageObject","inLanguage":"es","@id":"https:\/\/www.mowglis.org\/future-families\/a-day-in-the-life\/#primaryimage","url":"https:\/\/www.mowglis.org\/wp-content\/uploads\/2019\/01\/mowglis-adayinthelife-header.jpg","contentUrl":"https:\/\/www.mowglis.org\/wp-content\/uploads\/2019\/01\/mowglis-adayinthelife-header.jpg","width":1920,"height":614},{"@type":"BreadcrumbList","@id":"https:\/\/www.mowglis.org\/future-families\/a-day-in-the-life\/#breadcrumb","itemListElement":[{"@type":"ListItem","position":1,"name":"Home","item":"https:\/\/www.mowglis.org\/"},{"@type":"ListItem","position":2,"name":"Future Families","item":"https:\/\/www.mowglis.org\/future-families\/"},{"@type":"ListItem","position":3,"name":"Camp&#8217;s Daily Schedule"}]},{"@type":"WebSite","@id":"https:\/\/www.mowglis.org\/#website","url":"https:\/\/www.mowglis.org\/","name":"Campamento Mowglis","description":"Campamento de verano Mowglis para ni\u00f1os, Nuevo Hampshire, EE. UU.","publisher":{"@id":"https:\/\/www.mowglis.org\/#organization"},"potentialAction":[{"@type":"SearchAction","target":{"@type":"EntryPoint","urlTemplate":"https:\/\/www.mowglis.org\/?s={search_term_string}"},"query-input":{"@type":"PropertyValueSpecification","valueRequired":true,"valueName":"search_term_string"}}],"inLanguage":"es"},{"@type":"Organization","@id":"https:\/\/www.mowglis.org\/#organization","name":"Campamento Mowglis","url":"https:\/\/www.mowglis.org\/","logo":{"@type":"ImageObject","inLanguage":"es","@id":"https:\/\/www.mowglis.org\/#\/schema\/logo\/image\/","url":"https:\/\/www.mowglis.org\/wp-content\/uploads\/2025\/01\/logo-web.svg","contentUrl":"https:\/\/www.mowglis.org\/wp-content\/uploads\/2025\/01\/logo-web.svg","width":156,"height":42,"caption":"Camp Mowglis"},"image":{"@id":"https:\/\/www.mowglis.org\/#\/schema\/logo\/image\/"}}]}},"_links":{"self":[{"href":"https:\/\/www.mowglis.org\/es\/wp-json\/wp\/v2\/pages\/115","targetHints":{"allow":["GET"]}}],"collection":[{"href":"https:\/\/www.mowglis.org\/es\/wp-json\/wp\/v2\/pages"}],"about":[{"href":"https:\/\/www.mowglis.org\/es\/wp-json\/wp\/v2\/types\/page"}],"author":[{"embeddable":true,"href":"https:\/\/www.mowglis.org\/es\/wp-json\/wp\/v2\/users\/10"}],"replies":[{"embeddable":true,"href":"https:\/\/www.mowglis.org\/es\/wp-json\/wp\/v2\/comments?post=115"}],"version-history":[{"count":0,"href":"https:\/\/www.mowglis.org\/es\/wp-json\/wp\/v2\/pages\/115\/revisions"}],"up":[{"embeddable":true,"href":"https:\/\/www.mowglis.org\/es\/wp-json\/wp\/v2\/pages\/92"}],"wp:featuredmedia":[{"embeddable":true,"href":"https:\/\/www.mowglis.org\/es\/wp-json\/wp\/v2\/media\/6174"}],"wp:attachment":[{"href":"https:\/\/www.mowglis.org\/es\/wp-json\/wp\/v2\/media?parent=115"}],"wp:term":[{"taxonomy":"quote-categoria","embeddable":true,"href":"https:\/\/www.mowglis.org\/es\/wp-json\/wp\/v2\/quote-categoria?post=115"}],"curies":[{"name":"wp","href":"https:\/\/api.w.org\/{rel}","templated":true}]}}