{"id":163,"date":"2010-05-24T18:52:56","date_gmt":"2010-05-24T18:52:56","guid":{"rendered":"http:\/\/mowglis.net\/?page_id=163"},"modified":"2025-07-16T13:30:27","modified_gmt":"2025-07-16T17:30:27","slug":"philosophy","status":"publish","type":"page","link":"https:\/\/www.mowglis.org\/es\/about\/philosophy\/","title":{"rendered":"Filosof\u00eda"},"content":{"rendered":"<h1 class=\"wp-block-heading\">La filosof\u00eda del Campamento Mowgli<\/h1>\n\n\n\n<p>En un entorno de bosques, lagos y monta\u00f1as, Mowglis ofrece una experiencia de aprendizaje enriquecedora a trav\u00e9s de la cual los campistas desarrollan confianza, independencia, fortaleza personal, sentido de responsabilidad hacia los dem\u00e1s y el medio ambiente... \u00a1y se divierten much\u00edsimo!<\/p>\n\n\n\n<br>\n\n\n\n<figure class=\"wp-block-embed is-type-video is-provider-youtube wp-block-embed-youtube wp-embed-aspect-16-9 wp-has-aspect-ratio\"><div class=\"wp-block-embed__wrapper\">\n<iframe title=\"Acerca del Campamento Mowglis para Ni\u00f1os en Hebron, NH\" width=\"800\" height=\"450\" src=\"https:\/\/www.youtube.com\/embed\/hbiNghweTcs?feature=oembed\" frameborder=\"0\" allow=\"accelerometer; autoplay; clipboard-write; encrypted-media; gyroscope; picture-in-picture; web-share\" referrerpolicy=\"strict-origin-when-cross-origin\" allowfullscreen><\/iframe>\n<\/div><\/figure>\n\n\n\n<br>\n\n\n\n<p>Cada campista de Mowglis forja fuertes amistades y aprende lecciones que perduran toda la vida. Desde el cachorro m\u00e1s peque\u00f1o hasta los chicos mayores de la manada, cada uno es un miembro valioso de la familia Mowglis. En el campamento nos enfocamos en el crecimiento personal, el desarrollo del car\u00e1cter y la construcci\u00f3n de comunidad.<\/p>\n\n\n\n<br>\n\n\n\n<h2 class=\"wp-block-heading\">Valores fundamentales del Campamento Mowgli<\/h2>\n\n\n\n<br>\n\n\n\n<ul class=\"wp-block-list\">\n<li>Tr\u00e1tate con amabilidad.<\/li>\n\n\n\n<li>Respetemos la vida natural que nos rodea.<\/li>\n\n\n\n<li>Da a los dem\u00e1s con generosidad de coraz\u00f3n.<\/li>\n\n\n\n<li>Liderar cuando se requiera liderar; seguir cuando se requiera seguir<\/li>\n\n\n\n<li>S\u00e9 el primero en ofrecerte voluntario y el \u00faltimo en quejarte.<\/li>\n\n\n\n<li>Encuentra lo mejor en cada momento<\/li>\n\n\n\n<li>Ten la sabidur\u00eda para saber qu\u00e9 es correcto y el coraje para actuar.<\/li>\n\n\n\n<li>Atr\u00e9vete a ser lo mejor que puedas ser.<\/li>\n\n\n\n<li>Act\u00faa con humildad<\/li>\n<\/ul>\n\n\n\n<br>\n\n\n\n<h2 class=\"wp-block-heading\">Crecer como individuo<\/h2>\n\n\n\n<br>\n\n\n\n<p>Mowglis ofrece una experiencia de crecimiento personal para cada individuo de nuestra comunidad. Animamos a los chicos a convertirse en personas \u00edntegras y a superarse f\u00edsica, mental y emocionalmente, a la vez que aprenden competencia, confianza y respeto. La estructura del programa y su enfoque orientado a objetivos mantienen a los campistas motivados para probar cosas nuevas y sobresalir en sus esfuerzos, independientemente de su nivel de habilidad.<\/p>\n\n\n\n<br>\n\n\n\n<p>Adem\u00e1s de las habilidades pr\u00e1cticas que se aprenden a trav\u00e9s del programa, los chicos ganan confianza en s\u00ed mismos. Los campistas participan activamente en lugar de ser meros observadores y experimentan cosas nuevas en un ambiente de apoyo. Tambi\u00e9n experimentan la satisfacci\u00f3n de alcanzar sus metas y ser reconocidos por sus compa\u00f1eros y el personal. Reconocimientos como ganar cintas, ser admitido en el C\u00edrculo Interno, formar parte de los equipos de senderismo de honor y de los equipos de carreras son una parte importante de la experiencia Mowglis.<\/p>\n\n\n\n<br>\n\n\n\n<h2 class=\"wp-block-heading\">Desarrollar un fuerte sentido del car\u00e1cter<\/h2>\n\n\n\n<br>\n\n\n\n<p>La misi\u00f3n de Mowglis se centra en formar j\u00f3venes con un car\u00e1cter s\u00f3lido, basados en los valores atemporales de honestidad, integridad, compasi\u00f3n y respeto por los dem\u00e1s. La b\u00fasqueda de estos valores es la base de todo lo que hacemos. En Mowglis, nos esforzamos al m\u00e1ximo en todo lo que hacemos. Esto significa ser sinceros, considerados y actuar con buen juicio, eligiendo siempre el bien, tanto en palabras como en obras.<\/p>\n\n\n\n<br>\n\n\n\n<h2 class=\"wp-block-heading\">Aprender a vivir como miembro de una comunidad.<\/h2>\n\n\n\n<br>\n\n\n\n<p>En Mowglis, los beneficios de un programa residencial de siete semanas son dif\u00edciles de replicar. Ofrecen a cada campista la oportunidad de aprender la paciencia y la tolerancia que surgen naturalmente cuando una comunidad diversa convive y crece junta. Parte del crecimiento personal de cada campista consiste en aprender a respetar a quienes lo rodean. Los campistas tambi\u00e9n aprenden a respetar la naturaleza al vivir en un entorno natural hermoso.<\/p>\n\n\n\n<br>\n\n\n\n<p>Una experiencia grupal saludable brinda al campista la oportunidad de sentirse parte de algo m\u00e1s grande que \u00e9l mismo y de contribuir a ello. Ense\u00f1a honestidad, respeto por los dem\u00e1s y cooperaci\u00f3n de una manera profunda que perdura toda la vida. El coronel Alcott Farrar Elwell, director de Mowglis durante 50 a\u00f1os, escribi\u00f3 esto en 1943.&nbsp;<em>\u201cMowglis se ha esforzado por avivar, desplegar y desarrollar la bondad inherente al car\u00e1cter de cada ni\u00f1o; y por brindarle la compa\u00f1\u00eda y la amistad de los mejores tipos de ni\u00f1os y hombres, y sentar las bases para una adaptaci\u00f3n exitosa al grupo.\u201d <\/em><\/p>\n\n\n\n<br>\n\n\n\n<p>El coronel Elwell reconoci\u00f3 el valor de la adaptaci\u00f3n grupal, y en Mowglis creemos que los beneficios de nuestra experiencia en grupo son irrepetibles. Consideramos que el valor perdurable de las experiencias y la educaci\u00f3n adquiridas en Mowglis es fundamental para el bienestar de la juventud actual y de los l\u00edderes del ma\u00f1ana. El deseo de transmitir el esp\u00edritu de Mowglis y, por ende, contribuir al bienestar de nuestra sociedad, mantiene conectados y motivados a los miembros del consejo directivo, exalumnos, personal y familias de campistas para que Mowglis prospere.<\/p>\n\n\n\n<br>\n\n\n\t\t<div data-elementor-type=\"section\" data-elementor-id=\"18671\" class=\"elementor elementor-18671\" data-elementor-post-type=\"elementor_library\">\n\t\t\t<div class=\"elementor-element elementor-element-12c3343 e-flex e-con-boxed e-con e-parent\" data-id=\"12c3343\" data-element_type=\"container\" data-e-type=\"container\">\n\t\t\t\t\t<div class=\"e-con-inner\">\n\t\t<div class=\"elementor-element elementor-element-354e10d e-con-full e-flex e-con e-child\" data-id=\"354e10d\" data-element_type=\"container\" data-e-type=\"container\">\n\t\t\t\t<div class=\"elementor-element elementor-element-b5ba0ad elementor-widget elementor-widget-text-editor\" data-id=\"b5ba0ad\" data-element_type=\"widget\" data-e-type=\"widget\" data-widget_type=\"text-editor.default\">\n\t\t\t\t<div class=\"elementor-widget-container\">\n\t\t\t\t\t\t\t\t\t<p>Vive un d\u00eda en la<br \/>La vida de un campista Mowgli<\/p>\t\t\t\t\t\t\t\t<\/div>\n\t\t\t\t<\/div>\n\t\t\t\t<div class=\"elementor-element elementor-element-beebc4c elementor-align-center elementor-widget elementor-widget-button\" data-id=\"beebc4c\" data-element_type=\"widget\" data-e-type=\"widget\" data-widget_type=\"button.default\">\n\t\t\t\t<div class=\"elementor-widget-container\">\n\t\t\t\t\t\t\t\t\t<div class=\"elementor-button-wrapper\">\n\t\t\t\t\t<a class=\"elementor-button elementor-button-link elementor-size-sm\" href=\"https:\/\/www.mowglis.org\/es\/prospective-families\/a-day-in-the-life\/\" target=\"_blank\">\n\t\t\t\t\t\t<span class=\"elementor-button-content-wrapper\">\n\t\t\t\t\t\t\t\t\t<span class=\"elementor-button-text\">V\u00edvelo<\/span>\n\t\t\t\t\t<\/span>\n\t\t\t\t\t<\/a>\n\t\t\t\t<\/div>\n\t\t\t\t\t\t\t\t<\/div>\n\t\t\t\t<\/div>\n\t\t\t\t<\/div>\n\t\t<div class=\"elementor-element elementor-element-efa83e5 e-con-full e-flex e-con e-child\" data-id=\"efa83e5\" data-element_type=\"container\" data-e-type=\"container\">\n\t\t\t\t<div class=\"elementor-element elementor-element-5f258ad elementor-widget elementor-widget-text-editor\" data-id=\"5f258ad\" data-element_type=\"widget\" data-e-type=\"widget\" data-widget_type=\"text-editor.default\">\n\t\t\t\t<div class=\"elementor-widget-container\">\n\t\t\t\t\t\t\t\t\t<p>Escucha lo que dicen los padres.<br \/>Acerca del Campamento Mowglis<\/p>\t\t\t\t\t\t\t\t<\/div>\n\t\t\t\t<\/div>\n\t\t\t\t<div class=\"elementor-element elementor-element-90ad78a elementor-align-center elementor-widget elementor-widget-button\" data-id=\"90ad78a\" data-element_type=\"widget\" data-e-type=\"widget\" data-widget_type=\"button.default\">\n\t\t\t\t<div class=\"elementor-widget-container\">\n\t\t\t\t\t\t\t\t\t<div class=\"elementor-button-wrapper\">\n\t\t\t\t\t<a class=\"elementor-button elementor-button-link elementor-size-sm\" href=\"https:\/\/www.mowglis.org\/es\/prospective-families\/testimonials\/\" target=\"_blank\">\n\t\t\t\t\t\t<span class=\"elementor-button-content-wrapper\">\n\t\t\t\t\t\t\t\t\t<span class=\"elementor-button-text\">Ent\u00e9rate de ello<\/span>\n\t\t\t\t\t<\/span>\n\t\t\t\t\t<\/a>\n\t\t\t\t<\/div>\n\t\t\t\t\t\t\t\t<\/div>\n\t\t\t\t<\/div>\n\t\t\t\t<\/div>\n\t\t<div class=\"elementor-element elementor-element-dd0c19f e-con-full e-flex e-con e-child\" data-id=\"dd0c19f\" data-element_type=\"container\" data-e-type=\"container\">\n\t\t\t\t<div class=\"elementor-element elementor-element-1cd7cd8 elementor-widget elementor-widget-text-editor\" data-id=\"1cd7cd8\" data-element_type=\"widget\" data-e-type=\"widget\" data-widget_type=\"text-editor.default\">\n\t\t\t\t<div class=\"elementor-widget-container\">\n\t\t\t\t\t\t\t\t\t<p>Aprende sobre el<br \/>Actividades de Mowgli<\/p>\t\t\t\t\t\t\t\t<\/div>\n\t\t\t\t<\/div>\n\t\t\t\t<div class=\"elementor-element elementor-element-c8f4e82 elementor-align-center elementor-widget elementor-widget-button\" data-id=\"c8f4e82\" data-element_type=\"widget\" data-e-type=\"widget\" data-widget_type=\"button.default\">\n\t\t\t\t<div class=\"elementor-widget-container\">\n\t\t\t\t\t\t\t\t\t<div class=\"elementor-button-wrapper\">\n\t\t\t\t\t<a class=\"elementor-button elementor-button-link elementor-size-sm\" href=\"https:\/\/www.mowglis.org\/es\/prospective-families\/activitiesindustries\/\" target=\"_blank\">\n\t\t\t\t\t\t<span class=\"elementor-button-content-wrapper\">\n\t\t\t\t\t\t\t\t\t<span class=\"elementor-button-text\">V\u00edvelo<\/span>\n\t\t\t\t\t<\/span>\n\t\t\t\t\t<\/a>\n\t\t\t\t<\/div>\n\t\t\t\t\t\t\t\t<\/div>\n\t\t\t\t<\/div>\n\t\t\t\t<\/div>\n\t\t\t\t\t<\/div>\n\t\t\t\t<\/div>\n\t\t\t\t<\/div>","protected":false},"excerpt":{"rendered":"<p>The Camp Mowglis Philosophy In a setting of forests, lakes, and mountains, Mowglis provides a wholesome learning experience through which campers&nbsp;develop confidence, independence, personal strength, a sense of responsibility towards others and the environment&#8230;and have a TON of FUN! Each Mowglis camper&nbsp;builds strong friendships and learns lessons that last a lifetime.&nbsp;From the youngest Cub to [&hellip;]<\/p>\n","protected":false},"author":10,"featured_media":5861,"parent":50,"menu_order":1,"comment_status":"closed","ping_status":"closed","template":"","meta":{"_acf_changed":false,"inline_featured_image":false,"footnotes":"","_wp_rev_ctl_limit":""},"quote-categoria":[253],"class_list":["post-163","page","type-page","status-publish","has-post-thumbnail","hentry","quote-categoria-general"],"acf":[],"yoast_head":"<!-- This site is optimized with the Yoast SEO plugin v27.5 - https:\/\/yoast.com\/product\/yoast-seo-wordpress\/ -->\n<title>The Camp Mowglis Philosophy | Boys&#039; Summer Camp, Hebron, NH, USA 603-744-8095<\/title>\n<meta name=\"description\" content=\"Mowglis provides a wholesome learning experience through which campers develop confidence, independence, personal strength, a sense of responsibility towards others and the environment\u2026and have a TON of FUN!\" \/>\n<meta name=\"robots\" content=\"index, follow, max-snippet:-1, max-image-preview:large, max-video-preview:-1\" \/>\n<link rel=\"canonical\" href=\"https:\/\/www.mowglis.org\/es\/about\/philosophy\/\" \/>\n<meta property=\"og:locale\" content=\"es_ES\" \/>\n<meta property=\"og:type\" content=\"article\" \/>\n<meta property=\"og:title\" content=\"The Camp Mowglis Philosophy | Boys&#039; Summer Camp, Hebron, NH, USA 603-744-8095\" \/>\n<meta property=\"og:description\" content=\"Mowglis provides a wholesome learning experience through which campers develop confidence, independence, personal strength, a sense of responsibility towards others and the environment\u2026and have a TON of FUN!\" \/>\n<meta property=\"og:url\" content=\"https:\/\/www.mowglis.org\/es\/about\/philosophy\/\" \/>\n<meta property=\"og:site_name\" content=\"Camp Mowglis\" \/>\n<meta property=\"article:modified_time\" content=\"2025-07-16T17:30:27+00:00\" \/>\n<meta property=\"og:image\" content=\"http:\/\/www.mowglis.org\/wp-content\/uploads\/2018\/04\/camp-mowglis-philosophy.jpg\" \/>\n\t<meta property=\"og:image:width\" content=\"1920\" \/>\n\t<meta property=\"og:image:height\" content=\"614\" \/>\n\t<meta property=\"og:image:type\" content=\"image\/jpeg\" \/>\n<meta name=\"twitter:card\" content=\"summary_large_image\" \/>\n<meta name=\"twitter:label1\" content=\"Est. reading time\" \/>\n\t<meta name=\"twitter:data1\" content=\"3 minutos\" \/>\n<script type=\"application\/ld+json\" class=\"yoast-schema-graph\">{\"@context\":\"https:\\\/\\\/schema.org\",\"@graph\":[{\"@type\":\"WebPage\",\"@id\":\"https:\\\/\\\/www.mowglis.org\\\/about\\\/philosophy\\\/\",\"url\":\"https:\\\/\\\/www.mowglis.org\\\/about\\\/philosophy\\\/\",\"name\":\"The Camp Mowglis Philosophy | Boys' Summer Camp, Hebron, NH, USA 603-744-8095\",\"isPartOf\":{\"@id\":\"https:\\\/\\\/www.mowglis.org\\\/#website\"},\"primaryImageOfPage\":{\"@id\":\"https:\\\/\\\/www.mowglis.org\\\/about\\\/philosophy\\\/#primaryimage\"},\"image\":{\"@id\":\"https:\\\/\\\/www.mowglis.org\\\/about\\\/philosophy\\\/#primaryimage\"},\"thumbnailUrl\":\"https:\\\/\\\/www.mowglis.org\\\/wp-content\\\/uploads\\\/2018\\\/04\\\/camp-mowglis-philosophy.jpg\",\"datePublished\":\"2010-05-24T18:52:56+00:00\",\"dateModified\":\"2025-07-16T17:30:27+00:00\",\"description\":\"Mowglis provides a wholesome learning experience through which campers develop confidence, independence, personal strength, a sense of responsibility towards others and the environment\u2026and have a TON of FUN!\",\"breadcrumb\":{\"@id\":\"https:\\\/\\\/www.mowglis.org\\\/about\\\/philosophy\\\/#breadcrumb\"},\"inLanguage\":\"es\",\"potentialAction\":[{\"@type\":\"ReadAction\",\"target\":[\"https:\\\/\\\/www.mowglis.org\\\/about\\\/philosophy\\\/\"]}]},{\"@type\":\"ImageObject\",\"inLanguage\":\"es\",\"@id\":\"https:\\\/\\\/www.mowglis.org\\\/about\\\/philosophy\\\/#primaryimage\",\"url\":\"https:\\\/\\\/www.mowglis.org\\\/wp-content\\\/uploads\\\/2018\\\/04\\\/camp-mowglis-philosophy.jpg\",\"contentUrl\":\"https:\\\/\\\/www.mowglis.org\\\/wp-content\\\/uploads\\\/2018\\\/04\\\/camp-mowglis-philosophy.jpg\",\"width\":1920,\"height\":614,\"caption\":\"Camp Mowglis Philosophy\"},{\"@type\":\"BreadcrumbList\",\"@id\":\"https:\\\/\\\/www.mowglis.org\\\/about\\\/philosophy\\\/#breadcrumb\",\"itemListElement\":[{\"@type\":\"ListItem\",\"position\":1,\"name\":\"Home\",\"item\":\"https:\\\/\\\/www.mowglis.org\\\/\"},{\"@type\":\"ListItem\",\"position\":2,\"name\":\"About\",\"item\":\"https:\\\/\\\/www.mowglis.org\\\/about\\\/\"},{\"@type\":\"ListItem\",\"position\":3,\"name\":\"Philosophy\"}]},{\"@type\":\"WebSite\",\"@id\":\"https:\\\/\\\/www.mowglis.org\\\/#website\",\"url\":\"https:\\\/\\\/www.mowglis.org\\\/\",\"name\":\"Camp Mowglis\",\"description\":\"Camp Mowglis Summer Camp for Boys, New Hampshire, USA\",\"publisher\":{\"@id\":\"https:\\\/\\\/www.mowglis.org\\\/#organization\"},\"potentialAction\":[{\"@type\":\"SearchAction\",\"target\":{\"@type\":\"EntryPoint\",\"urlTemplate\":\"https:\\\/\\\/www.mowglis.org\\\/?s={search_term_string}\"},\"query-input\":{\"@type\":\"PropertyValueSpecification\",\"valueRequired\":true,\"valueName\":\"search_term_string\"}}],\"inLanguage\":\"es\"},{\"@type\":\"Organization\",\"@id\":\"https:\\\/\\\/www.mowglis.org\\\/#organization\",\"name\":\"Camp Mowglis\",\"url\":\"https:\\\/\\\/www.mowglis.org\\\/\",\"logo\":{\"@type\":\"ImageObject\",\"inLanguage\":\"es\",\"@id\":\"https:\\\/\\\/www.mowglis.org\\\/#\\\/schema\\\/logo\\\/image\\\/\",\"url\":\"https:\\\/\\\/www.mowglis.org\\\/wp-content\\\/uploads\\\/2025\\\/01\\\/logo-web.svg\",\"contentUrl\":\"https:\\\/\\\/www.mowglis.org\\\/wp-content\\\/uploads\\\/2025\\\/01\\\/logo-web.svg\",\"width\":156,\"height\":42,\"caption\":\"Camp Mowglis\"},\"image\":{\"@id\":\"https:\\\/\\\/www.mowglis.org\\\/#\\\/schema\\\/logo\\\/image\\\/\"}}]}<\/script>\n<!-- \/ Yoast SEO plugin. -->","yoast_head_json":{"title":"La filosof\u00eda del Campamento Mowglis | Campamento de verano para ni\u00f1os, Hebron, NH, EE. UU. 603-744-8095","description":"Mowglis ofrece una experiencia de aprendizaje enriquecedora a trav\u00e9s de la cual los campistas desarrollan confianza, independencia, fortaleza personal, sentido de responsabilidad hacia los dem\u00e1s y el medio ambiente... \u00a1y se divierten much\u00edsimo!","robots":{"index":"index","follow":"follow","max-snippet":"max-snippet:-1","max-image-preview":"max-image-preview:large","max-video-preview":"max-video-preview:-1"},"canonical":"https:\/\/www.mowglis.org\/es\/about\/philosophy\/","og_locale":"es_ES","og_type":"article","og_title":"The Camp Mowglis Philosophy | Boys' Summer Camp, Hebron, NH, USA 603-744-8095","og_description":"Mowglis provides a wholesome learning experience through which campers develop confidence, independence, personal strength, a sense of responsibility towards others and the environment\u2026and have a TON of FUN!","og_url":"https:\/\/www.mowglis.org\/es\/about\/philosophy\/","og_site_name":"Camp Mowglis","article_modified_time":"2025-07-16T17:30:27+00:00","og_image":[{"width":1920,"height":614,"url":"http:\/\/www.mowglis.org\/wp-content\/uploads\/2018\/04\/camp-mowglis-philosophy.jpg","type":"image\/jpeg"}],"twitter_card":"summary_large_image","twitter_misc":{"Est. reading time":"3 minutos"},"schema":{"@context":"https:\/\/schema.org","@graph":[{"@type":"WebPage","@id":"https:\/\/www.mowglis.org\/about\/philosophy\/","url":"https:\/\/www.mowglis.org\/about\/philosophy\/","name":"La filosof\u00eda del Campamento Mowglis | Campamento de verano para ni\u00f1os, Hebron, NH, EE. UU. 603-744-8095","isPartOf":{"@id":"https:\/\/www.mowglis.org\/#website"},"primaryImageOfPage":{"@id":"https:\/\/www.mowglis.org\/about\/philosophy\/#primaryimage"},"image":{"@id":"https:\/\/www.mowglis.org\/about\/philosophy\/#primaryimage"},"thumbnailUrl":"https:\/\/www.mowglis.org\/wp-content\/uploads\/2018\/04\/camp-mowglis-philosophy.jpg","datePublished":"2010-05-24T18:52:56+00:00","dateModified":"2025-07-16T17:30:27+00:00","description":"Mowglis ofrece una experiencia de aprendizaje enriquecedora a trav\u00e9s de la cual los campistas desarrollan confianza, independencia, fortaleza personal, sentido de responsabilidad hacia los dem\u00e1s y el medio ambiente... \u00a1y se divierten much\u00edsimo!","breadcrumb":{"@id":"https:\/\/www.mowglis.org\/about\/philosophy\/#breadcrumb"},"inLanguage":"es","potentialAction":[{"@type":"ReadAction","target":["https:\/\/www.mowglis.org\/about\/philosophy\/"]}]},{"@type":"ImageObject","inLanguage":"es","@id":"https:\/\/www.mowglis.org\/about\/philosophy\/#primaryimage","url":"https:\/\/www.mowglis.org\/wp-content\/uploads\/2018\/04\/camp-mowglis-philosophy.jpg","contentUrl":"https:\/\/www.mowglis.org\/wp-content\/uploads\/2018\/04\/camp-mowglis-philosophy.jpg","width":1920,"height":614,"caption":"Camp Mowglis Philosophy"},{"@type":"BreadcrumbList","@id":"https:\/\/www.mowglis.org\/about\/philosophy\/#breadcrumb","itemListElement":[{"@type":"ListItem","position":1,"name":"Home","item":"https:\/\/www.mowglis.org\/"},{"@type":"ListItem","position":2,"name":"About","item":"https:\/\/www.mowglis.org\/about\/"},{"@type":"ListItem","position":3,"name":"Philosophy"}]},{"@type":"WebSite","@id":"https:\/\/www.mowglis.org\/#website","url":"https:\/\/www.mowglis.org\/","name":"Campamento Mowglis","description":"Campamento de verano Mowglis para ni\u00f1os, Nuevo Hampshire, EE. UU.","publisher":{"@id":"https:\/\/www.mowglis.org\/#organization"},"potentialAction":[{"@type":"SearchAction","target":{"@type":"EntryPoint","urlTemplate":"https:\/\/www.mowglis.org\/?s={search_term_string}"},"query-input":{"@type":"PropertyValueSpecification","valueRequired":true,"valueName":"search_term_string"}}],"inLanguage":"es"},{"@type":"Organization","@id":"https:\/\/www.mowglis.org\/#organization","name":"Campamento Mowglis","url":"https:\/\/www.mowglis.org\/","logo":{"@type":"ImageObject","inLanguage":"es","@id":"https:\/\/www.mowglis.org\/#\/schema\/logo\/image\/","url":"https:\/\/www.mowglis.org\/wp-content\/uploads\/2025\/01\/logo-web.svg","contentUrl":"https:\/\/www.mowglis.org\/wp-content\/uploads\/2025\/01\/logo-web.svg","width":156,"height":42,"caption":"Camp Mowglis"},"image":{"@id":"https:\/\/www.mowglis.org\/#\/schema\/logo\/image\/"}}]}},"_links":{"self":[{"href":"https:\/\/www.mowglis.org\/es\/wp-json\/wp\/v2\/pages\/163","targetHints":{"allow":["GET"]}}],"collection":[{"href":"https:\/\/www.mowglis.org\/es\/wp-json\/wp\/v2\/pages"}],"about":[{"href":"https:\/\/www.mowglis.org\/es\/wp-json\/wp\/v2\/types\/page"}],"author":[{"embeddable":true,"href":"https:\/\/www.mowglis.org\/es\/wp-json\/wp\/v2\/users\/10"}],"replies":[{"embeddable":true,"href":"https:\/\/www.mowglis.org\/es\/wp-json\/wp\/v2\/comments?post=163"}],"version-history":[{"count":0,"href":"https:\/\/www.mowglis.org\/es\/wp-json\/wp\/v2\/pages\/163\/revisions"}],"up":[{"embeddable":true,"href":"https:\/\/www.mowglis.org\/es\/wp-json\/wp\/v2\/pages\/50"}],"wp:featuredmedia":[{"embeddable":true,"href":"https:\/\/www.mowglis.org\/es\/wp-json\/wp\/v2\/media\/5861"}],"wp:attachment":[{"href":"https:\/\/www.mowglis.org\/es\/wp-json\/wp\/v2\/media?parent=163"}],"wp:term":[{"taxonomy":"quote-categoria","embeddable":true,"href":"https:\/\/www.mowglis.org\/es\/wp-json\/wp\/v2\/quote-categoria?post=163"}],"curies":[{"name":"wp","href":"https:\/\/api.w.org\/{rel}","templated":true}]}}