{"id":16496,"date":"2021-06-26T14:36:33","date_gmt":"2021-06-26T18:36:33","guid":{"rendered":"https:\/\/www.mowglis.org\/?page_id=16496"},"modified":"2026-02-04T14:35:48","modified_gmt":"2026-02-04T19:35:48","slug":"new-england-summer-camp-for-boys","status":"publish","type":"page","link":"https:\/\/www.mowglis.org\/es\/new-england-summer-camp-for-boys\/","title":{"rendered":"Campamento de verano para ni\u00f1os en Nueva Inglaterra"},"content":{"rendered":"<h1>Campamento de verano para ni\u00f1os en Nueva Inglaterra<\/h1>\n<p><img fetchpriority=\"high\" decoding=\"async\" class=\"aligncenter wp-image-6927 size-fusion-600\" src=\"http:\/\/www.mowglis.org\/wp-content\/uploads\/2019\/10\/69304748_2470233586542972_5956949691991064576_o-e1621261850684-600x198.jpg\" alt=\"New England Summer Camp for Boys\" width=\"600\" height=\"198\" srcset=\"https:\/\/www.mowglis.org\/wp-content\/uploads\/2019\/10\/69304748_2470233586542972_5956949691991064576_o-e1621261850684-600x198.jpg 600w, https:\/\/www.mowglis.org\/wp-content\/uploads\/2019\/10\/69304748_2470233586542972_5956949691991064576_o-e1621261850684-500x165.jpg 500w, https:\/\/www.mowglis.org\/wp-content\/uploads\/2019\/10\/69304748_2470233586542972_5956949691991064576_o-e1621261850684-700x231.jpg 700w, https:\/\/www.mowglis.org\/wp-content\/uploads\/2019\/10\/69304748_2470233586542972_5956949691991064576_o-e1621261850684-300x99.jpg 300w, https:\/\/www.mowglis.org\/wp-content\/uploads\/2019\/10\/69304748_2470233586542972_5956949691991064576_o-e1621261850684-768x253.jpg 768w, https:\/\/www.mowglis.org\/wp-content\/uploads\/2019\/10\/69304748_2470233586542972_5956949691991064576_o-e1621261850684-1024x338.jpg 1024w, https:\/\/www.mowglis.org\/wp-content\/uploads\/2019\/10\/69304748_2470233586542972_5956949691991064576_o-e1621261850684-200x66.jpg 200w, https:\/\/www.mowglis.org\/wp-content\/uploads\/2019\/10\/69304748_2470233586542972_5956949691991064576_o-e1621261850684-400x132.jpg 400w, https:\/\/www.mowglis.org\/wp-content\/uploads\/2019\/10\/69304748_2470233586542972_5956949691991064576_o-e1621261850684-800x264.jpg 800w, https:\/\/www.mowglis.org\/wp-content\/uploads\/2019\/10\/69304748_2470233586542972_5956949691991064576_o-e1621261850684-1200x396.jpg 1200w, https:\/\/www.mowglis.org\/wp-content\/uploads\/2019\/10\/69304748_2470233586542972_5956949691991064576_o-e1621261850684-1536x507.jpg 1536w, https:\/\/www.mowglis.org\/wp-content\/uploads\/2019\/10\/69304748_2470233586542972_5956949691991064576_o-e1621261850684.jpg 1920w\" sizes=\"(max-width: 600px) 100vw, 600px\" \/><\/p>\n<p>Campamento Mowglis Nueva Inglaterra <a href=\"https:\/\/www.mowglis.org\/es\/best-boys-summer-camp-in-new-hampshire\/\">campamento de verano para ni\u00f1os<\/a> Es el entorno perfecto para que su hijo vuelva a lo esencial y aprenda las lecciones m\u00e1s importantes de la vida. Ubicado en medio del bosque, junto a las Monta\u00f1as Blancas de New Hampshire, el campus de Mowglis abarca 160 acres en la esquina noreste del lago Newfound. Este hermoso paisaje natural es el lugar ideal para que su hijo se desconecte y conecte con la naturaleza y con quienes lo rodean, fortaleciendo su cuerpo y su car\u00e1cter mientras se divierte participando en nuestro programa anual de campamento para ni\u00f1os.<\/p>\n<h2>Nuestra Escuela Abierta alimenta el cuerpo y el alma.<\/h2>\n<p>En nuestro entorno r\u00fastico de campamento, lejos de las distracciones de la vida diaria y la tecnolog\u00eda, su hijo prosperar\u00e1, creciendo f\u00edsica y emocionalmente a medida que afronta nuevos y desafiantes retos. <a href=\"https:\/\/www.mowglis.org\/es\/prospective-families\/activitiesindustries\/\">actividades diarias<\/a> con sus compa\u00f1eros. Nuestros peque\u00f1os grupos de aproximadamente 100 campistas fomentan una mentalidad de equipo, inspirando a los chicos a apoyarse mutuamente mientras se convierten en j\u00f3venes observadores, seguros de s\u00ed mismos y solidarios.<\/p>\n<h3>Aventuras de campamento divertidas y emocionantes que impulsan el crecimiento.<\/h3>\n<p>Aqu\u00ed, en nuestro campamento de Nueva Inglaterra, a 3 horas de Boston, a 5-6 horas de Nueva York y Pensilvania, en los bosques de Nuevo Hampshire, cerca de Maine y Vermont, su hijo podr\u00e1 explorar nuevas y emocionantes actividades en las que querr\u00e1 participar a\u00f1o tras a\u00f1o:<\/p>\n<ul>\n<li>C\u00e1mping<\/li>\n<li>Senderismo<\/li>\n<li>Nadar<\/li>\n<li>Equipo y remo<\/li>\n<li>Escalada de roca<\/li>\n<li>Tiro al arco<\/li>\n<li>Manejo del hacha<\/li>\n<li>carpinter\u00eda<\/li>\n<li>Y mucho m\u00e1s<\/li>\n<\/ul>\n<p>Las cintas que los chicos ganan al alcanzar sus objetivos de actividad, similares a las insignias de los Boy Scouts, los motivan a superarse. Agrupamos a ni\u00f1os de diferentes edades para reducir la presi\u00f3n del aprendizaje. Los chicos mayores o con m\u00e1s experiencia ayudan a los m\u00e1s peque\u00f1os e inexpertos. Progresan juntos, aprendiendo a cooperar, a tener paciencia, a tolerar y a respetar, y prepar\u00e1ndose para ser futuros l\u00edderes del campamento.<\/p>\n<p>Reg\u00e1lale a tu hijo una experiencia que durar\u00e1 toda la vida en Mowglis. <strong>Campamento de verano para chicos en Nueva Inglaterra.<\/strong> Comun\u00edquese con nosotros al 603-744-8095 para obtener m\u00e1s informaci\u00f3n sobre nuestro programa de campamento de verano para ni\u00f1os o <a href=\"https:\/\/mowglis.campintouch.com\/ui\/forms\/application\/camper\/App\">Haz tu reserva<\/a> hoy.<\/p>","protected":false},"excerpt":{"rendered":"<p>New England Summer Camp for Boys Camp Mowglis New England summer camp for boys is the perfect setting for your child to get back to basics and learn life\u2019s most important lessons. Set amidst the forest by New Hampshire\u2019s White Mountains, Mowglis\u2019 campus covers 160 acres on the northeast corner of Newfound Lake. This beautiful, [&hellip;]<\/p>\n","protected":false},"author":10,"featured_media":0,"parent":0,"menu_order":0,"comment_status":"closed","ping_status":"closed","template":"","meta":{"_acf_changed":false,"inline_featured_image":false,"footnotes":"","_wp_rev_ctl_limit":""},"quote-categoria":[280,254,281,287,277,285,268,264,289,293,294,274,279,283,297,275,267,276,286,296,290],"class_list":["post-16496","page","type-page","status-publish","hentry","quote-categoria-aventure","quote-categoria-archery","quote-categoria-arts-and-crafts","quote-categoria-axemanship","quote-categoria-bugling-and-music","quote-categoria-camping","quote-categoria-canoeing-kayaking","quote-categoria-crew","quote-categoria-fencing","quote-categoria-fishing-and-flycasting","quote-categoria-mountaing-biking","quote-categoria-music","quote-categoria-nature","quote-categoria-photography","quote-categoria-rock-climbing","quote-categoria-rowboating","quote-categoria-sailing","quote-categoria-spirit","quote-categoria-activities-industries","quote-categoria-tennis","quote-categoria-tradition"],"acf":[],"yoast_head":"<!-- This site is optimized with the Yoast SEO plugin v27.4 - https:\/\/yoast.com\/product\/yoast-seo-wordpress\/ -->\n<title>New England Summer Camp for Boys 603-744-8095 | Camp Mowglis | New Hampshire<\/title>\n<meta name=\"description\" content=\"Camp Mowglis New England summer camp for boys offers the ideal environment to fuel your child\u2019s growth. Learn more about our Newfound Lake, New Hampshire boys camp program.\" \/>\n<meta name=\"robots\" content=\"index, follow, max-snippet:-1, max-image-preview:large, max-video-preview:-1\" \/>\n<link rel=\"canonical\" href=\"https:\/\/www.mowglis.org\/es\/new-england-summer-camp-for-boys\/\" \/>\n<meta property=\"og:locale\" content=\"es_ES\" \/>\n<meta property=\"og:type\" content=\"article\" \/>\n<meta property=\"og:title\" content=\"New England Summer Camp for Boys 603-744-8095 | Camp Mowglis | New Hampshire\" \/>\n<meta property=\"og:description\" content=\"Camp Mowglis New England summer camp for boys offers the ideal environment to fuel your child\u2019s growth. Learn more about our Newfound Lake, New Hampshire boys camp program.\" \/>\n<meta property=\"og:url\" content=\"https:\/\/www.mowglis.org\/es\/new-england-summer-camp-for-boys\/\" \/>\n<meta property=\"og:site_name\" content=\"Camp Mowglis\" \/>\n<meta property=\"article:modified_time\" content=\"2026-02-04T19:35:48+00:00\" \/>\n<meta property=\"og:image\" content=\"https:\/\/www.mowglis.org\/wp-content\/uploads\/2019\/10\/69304748_2470233586542972_5956949691991064576_o-e1621261850684.jpg\" \/>\n\t<meta property=\"og:image:width\" content=\"1920\" \/>\n\t<meta property=\"og:image:height\" content=\"633\" \/>\n\t<meta property=\"og:image:type\" content=\"image\/jpeg\" \/>\n<meta name=\"twitter:card\" content=\"summary_large_image\" \/>\n<meta name=\"twitter:label1\" content=\"Est. reading time\" \/>\n\t<meta name=\"twitter:data1\" content=\"2 minutos\" \/>\n<script type=\"application\/ld+json\" class=\"yoast-schema-graph\">{\"@context\":\"https:\\\/\\\/schema.org\",\"@graph\":[{\"@type\":\"WebPage\",\"@id\":\"https:\\\/\\\/www.mowglis.org\\\/new-england-summer-camp-for-boys\\\/\",\"url\":\"https:\\\/\\\/www.mowglis.org\\\/new-england-summer-camp-for-boys\\\/\",\"name\":\"New England Summer Camp for Boys 603-744-8095 | Camp Mowglis | New Hampshire\",\"isPartOf\":{\"@id\":\"https:\\\/\\\/www.mowglis.org\\\/#website\"},\"primaryImageOfPage\":{\"@id\":\"https:\\\/\\\/www.mowglis.org\\\/new-england-summer-camp-for-boys\\\/#primaryimage\"},\"image\":{\"@id\":\"https:\\\/\\\/www.mowglis.org\\\/new-england-summer-camp-for-boys\\\/#primaryimage\"},\"thumbnailUrl\":\"http:\\\/\\\/www.mowglis.org\\\/wp-content\\\/uploads\\\/2019\\\/10\\\/69304748_2470233586542972_5956949691991064576_o-e1621261850684-600x198.jpg\",\"datePublished\":\"2021-06-26T18:36:33+00:00\",\"dateModified\":\"2026-02-04T19:35:48+00:00\",\"description\":\"Camp Mowglis New England summer camp for boys offers the ideal environment to fuel your child\u2019s growth. Learn more about our Newfound Lake, New Hampshire boys camp program.\",\"breadcrumb\":{\"@id\":\"https:\\\/\\\/www.mowglis.org\\\/new-england-summer-camp-for-boys\\\/#breadcrumb\"},\"inLanguage\":\"es\",\"potentialAction\":[{\"@type\":\"ReadAction\",\"target\":[\"https:\\\/\\\/www.mowglis.org\\\/new-england-summer-camp-for-boys\\\/\"]}]},{\"@type\":\"ImageObject\",\"inLanguage\":\"es\",\"@id\":\"https:\\\/\\\/www.mowglis.org\\\/new-england-summer-camp-for-boys\\\/#primaryimage\",\"url\":\"http:\\\/\\\/www.mowglis.org\\\/wp-content\\\/uploads\\\/2019\\\/10\\\/69304748_2470233586542972_5956949691991064576_o-e1621261850684-600x198.jpg\",\"contentUrl\":\"http:\\\/\\\/www.mowglis.org\\\/wp-content\\\/uploads\\\/2019\\\/10\\\/69304748_2470233586542972_5956949691991064576_o-e1621261850684-600x198.jpg\"},{\"@type\":\"BreadcrumbList\",\"@id\":\"https:\\\/\\\/www.mowglis.org\\\/new-england-summer-camp-for-boys\\\/#breadcrumb\",\"itemListElement\":[{\"@type\":\"ListItem\",\"position\":1,\"name\":\"Home\",\"item\":\"https:\\\/\\\/www.mowglis.org\\\/\"},{\"@type\":\"ListItem\",\"position\":2,\"name\":\"New England Summer Camp for Boys\"}]},{\"@type\":\"WebSite\",\"@id\":\"https:\\\/\\\/www.mowglis.org\\\/#website\",\"url\":\"https:\\\/\\\/www.mowglis.org\\\/\",\"name\":\"Camp Mowglis\",\"description\":\"Camp Mowglis Summer Camp for Boys, New Hampshire, USA\",\"publisher\":{\"@id\":\"https:\\\/\\\/www.mowglis.org\\\/#organization\"},\"potentialAction\":[{\"@type\":\"SearchAction\",\"target\":{\"@type\":\"EntryPoint\",\"urlTemplate\":\"https:\\\/\\\/www.mowglis.org\\\/?s={search_term_string}\"},\"query-input\":{\"@type\":\"PropertyValueSpecification\",\"valueRequired\":true,\"valueName\":\"search_term_string\"}}],\"inLanguage\":\"es\"},{\"@type\":\"Organization\",\"@id\":\"https:\\\/\\\/www.mowglis.org\\\/#organization\",\"name\":\"Camp Mowglis\",\"url\":\"https:\\\/\\\/www.mowglis.org\\\/\",\"logo\":{\"@type\":\"ImageObject\",\"inLanguage\":\"es\",\"@id\":\"https:\\\/\\\/www.mowglis.org\\\/#\\\/schema\\\/logo\\\/image\\\/\",\"url\":\"https:\\\/\\\/www.mowglis.org\\\/wp-content\\\/uploads\\\/2025\\\/01\\\/logo-web.svg\",\"contentUrl\":\"https:\\\/\\\/www.mowglis.org\\\/wp-content\\\/uploads\\\/2025\\\/01\\\/logo-web.svg\",\"width\":156,\"height\":42,\"caption\":\"Camp Mowglis\"},\"image\":{\"@id\":\"https:\\\/\\\/www.mowglis.org\\\/#\\\/schema\\\/logo\\\/image\\\/\"}}]}<\/script>\n<!-- \/ Yoast SEO plugin. -->","yoast_head_json":{"title":"New England Summer Camp for Boys 603-744-8095 | Camp Mowglis | New Hampshire","description":"Camp Mowglis New England summer camp for boys offers the ideal environment to fuel your child\u2019s growth. Learn more about our Newfound Lake, New Hampshire boys camp program.","robots":{"index":"index","follow":"follow","max-snippet":"max-snippet:-1","max-image-preview":"max-image-preview:large","max-video-preview":"max-video-preview:-1"},"canonical":"https:\/\/www.mowglis.org\/es\/new-england-summer-camp-for-boys\/","og_locale":"es_ES","og_type":"article","og_title":"New England Summer Camp for Boys 603-744-8095 | Camp Mowglis | New Hampshire","og_description":"Camp Mowglis New England summer camp for boys offers the ideal environment to fuel your child\u2019s growth. Learn more about our Newfound Lake, New Hampshire boys camp program.","og_url":"https:\/\/www.mowglis.org\/es\/new-england-summer-camp-for-boys\/","og_site_name":"Camp Mowglis","article_modified_time":"2026-02-04T19:35:48+00:00","og_image":[{"width":1920,"height":633,"url":"https:\/\/www.mowglis.org\/wp-content\/uploads\/2019\/10\/69304748_2470233586542972_5956949691991064576_o-e1621261850684.jpg","type":"image\/jpeg"}],"twitter_card":"summary_large_image","twitter_misc":{"Est. reading time":"2 minutos"},"schema":{"@context":"https:\/\/schema.org","@graph":[{"@type":"WebPage","@id":"https:\/\/www.mowglis.org\/new-england-summer-camp-for-boys\/","url":"https:\/\/www.mowglis.org\/new-england-summer-camp-for-boys\/","name":"New England Summer Camp for Boys 603-744-8095 | Camp Mowglis | New Hampshire","isPartOf":{"@id":"https:\/\/www.mowglis.org\/#website"},"primaryImageOfPage":{"@id":"https:\/\/www.mowglis.org\/new-england-summer-camp-for-boys\/#primaryimage"},"image":{"@id":"https:\/\/www.mowglis.org\/new-england-summer-camp-for-boys\/#primaryimage"},"thumbnailUrl":"http:\/\/www.mowglis.org\/wp-content\/uploads\/2019\/10\/69304748_2470233586542972_5956949691991064576_o-e1621261850684-600x198.jpg","datePublished":"2021-06-26T18:36:33+00:00","dateModified":"2026-02-04T19:35:48+00:00","description":"Camp Mowglis New England summer camp for boys offers the ideal environment to fuel your child\u2019s growth. Learn more about our Newfound Lake, New Hampshire boys camp program.","breadcrumb":{"@id":"https:\/\/www.mowglis.org\/new-england-summer-camp-for-boys\/#breadcrumb"},"inLanguage":"es","potentialAction":[{"@type":"ReadAction","target":["https:\/\/www.mowglis.org\/new-england-summer-camp-for-boys\/"]}]},{"@type":"ImageObject","inLanguage":"es","@id":"https:\/\/www.mowglis.org\/new-england-summer-camp-for-boys\/#primaryimage","url":"http:\/\/www.mowglis.org\/wp-content\/uploads\/2019\/10\/69304748_2470233586542972_5956949691991064576_o-e1621261850684-600x198.jpg","contentUrl":"http:\/\/www.mowglis.org\/wp-content\/uploads\/2019\/10\/69304748_2470233586542972_5956949691991064576_o-e1621261850684-600x198.jpg"},{"@type":"BreadcrumbList","@id":"https:\/\/www.mowglis.org\/new-england-summer-camp-for-boys\/#breadcrumb","itemListElement":[{"@type":"ListItem","position":1,"name":"Home","item":"https:\/\/www.mowglis.org\/"},{"@type":"ListItem","position":2,"name":"New England Summer Camp for Boys"}]},{"@type":"WebSite","@id":"https:\/\/www.mowglis.org\/#website","url":"https:\/\/www.mowglis.org\/","name":"Campamento Mowglis","description":"Campamento de verano Mowglis para ni\u00f1os, Nuevo Hampshire, EE. UU.","publisher":{"@id":"https:\/\/www.mowglis.org\/#organization"},"potentialAction":[{"@type":"SearchAction","target":{"@type":"EntryPoint","urlTemplate":"https:\/\/www.mowglis.org\/?s={search_term_string}"},"query-input":{"@type":"PropertyValueSpecification","valueRequired":true,"valueName":"search_term_string"}}],"inLanguage":"es"},{"@type":"Organization","@id":"https:\/\/www.mowglis.org\/#organization","name":"Campamento Mowglis","url":"https:\/\/www.mowglis.org\/","logo":{"@type":"ImageObject","inLanguage":"es","@id":"https:\/\/www.mowglis.org\/#\/schema\/logo\/image\/","url":"https:\/\/www.mowglis.org\/wp-content\/uploads\/2025\/01\/logo-web.svg","contentUrl":"https:\/\/www.mowglis.org\/wp-content\/uploads\/2025\/01\/logo-web.svg","width":156,"height":42,"caption":"Camp Mowglis"},"image":{"@id":"https:\/\/www.mowglis.org\/#\/schema\/logo\/image\/"}}]}},"_links":{"self":[{"href":"https:\/\/www.mowglis.org\/es\/wp-json\/wp\/v2\/pages\/16496","targetHints":{"allow":["GET"]}}],"collection":[{"href":"https:\/\/www.mowglis.org\/es\/wp-json\/wp\/v2\/pages"}],"about":[{"href":"https:\/\/www.mowglis.org\/es\/wp-json\/wp\/v2\/types\/page"}],"author":[{"embeddable":true,"href":"https:\/\/www.mowglis.org\/es\/wp-json\/wp\/v2\/users\/10"}],"replies":[{"embeddable":true,"href":"https:\/\/www.mowglis.org\/es\/wp-json\/wp\/v2\/comments?post=16496"}],"version-history":[{"count":0,"href":"https:\/\/www.mowglis.org\/es\/wp-json\/wp\/v2\/pages\/16496\/revisions"}],"wp:attachment":[{"href":"https:\/\/www.mowglis.org\/es\/wp-json\/wp\/v2\/media?parent=16496"}],"wp:term":[{"taxonomy":"quote-categoria","embeddable":true,"href":"https:\/\/www.mowglis.org\/es\/wp-json\/wp\/v2\/quote-categoria?post=16496"}],"curies":[{"name":"wp","href":"https:\/\/api.w.org\/{rel}","templated":true}]}}