{"id":16618,"date":"2021-09-29T15:41:03","date_gmt":"2021-09-29T19:41:03","guid":{"rendered":"https:\/\/www.mowglis.org\/?page_id=16618"},"modified":"2026-02-04T12:51:27","modified_gmt":"2026-02-04T17:51:27","slug":"overnight-camp-nh","status":"publish","type":"page","link":"https:\/\/www.mowglis.org\/es\/overnight-camp-nh\/","title":{"rendered":"Campamento nocturno para chicos en New Hampshire"},"content":{"rendered":"<h1>Campamento nocturno para chicos en New Hampshire<\/h1>\n<p class=\"p1\">Reg\u00e1lale a tu hijo la aventura de su vida en el <a href=\"https:\/\/www.mowglis.org\/es\/best-boys-summer-camp-in-new-hampshire\/\"><span class=\"s1\">El mejor campamento nocturno para chicos<\/span><\/a> En New Hampshire, el campamento de verano Mowglis para ni\u00f1os ofrece una experiencia de campamento tradicional e inmersiva, dise\u00f1ada para satisfacer las necesidades cambiantes de los ni\u00f1os de 7 a 15 a\u00f1os. Aqu\u00ed, en nuestra &quot;escuela al aire libre&quot;, su hijo podr\u00e1 participar en numerosas y emocionantes actividades de campamento, creando recuerdos que durar\u00e1n toda la vida.<span class=\"Apple-converted-space\">\u00a0<\/span><\/p>\n<h2 class=\"p4\">Las nuevas experiencias de los campamentos de verano fomentan el crecimiento.<span class=\"Apple-converted-space\">\u00a0<\/span><\/h2>\n<p class=\"p1\">Tu hijo necesita un cambio de aires para desplegar sus alas. Nuestras instalaciones de campamento ofrecen un aut\u00e9ntico entorno de campamento al aire libre, lejos de las distracciones de la tecnolog\u00eda. Ubicado en las faldas de la monta\u00f1a, a orillas del lago Newfound, nuestro campamento de verano desconectado en New Hampshire fomenta el crecimiento a trav\u00e9s de actividades al aire libre divertidas y desafiantes que fortalecen la confianza, el car\u00e1cter y la moral. Concebido como un programa de desarrollo juvenil, nuestro campamento para ni\u00f1os en New Hampshire ense\u00f1a a los ni\u00f1os las lecciones m\u00e1s importantes de la vida de forma divertida y participativa. <a href=\"https:\/\/www.mowglis.org\/es\/prospective-families\/activitiesindustries\/\"><span class=\"s1\">actividades de acampada<\/span><\/a> que hacen que tu hijo quiera m\u00e1s.<\/p>\n<h3 class=\"p6\">Aventuras inolvidables de campamento para ni\u00f1os<span class=\"Apple-converted-space\">\u00a0<\/span><\/h3>\n<p class=\"p1\">Durante su tiempo en Mowglis <a href=\"https:\/\/www.mowglis.org\/es\/boys-adventure-summer-camp-in-new-hampshire\/\"><span class=\"s1\">campamento de verano de aventuras para chicos<\/span><\/a> En NH, su hijo podr\u00e1 explorar muchas actividades diversas e interesantes junto con sus compa\u00f1eros, tales como:<\/p>\n<ul class=\"ul1\">\n<li class=\"li8\"><span class=\"s2\"><a href=\"https:\/\/www.mowglis.org\/es\/hiking-trips\/\"><span class=\"s3\">Senderismo y excursiones<\/span><\/a><\/span><\/li>\n<li class=\"li9\">Escalada de roca<span class=\"Apple-converted-space\">\u00a0<\/span><\/li>\n<li class=\"li9\">Pesca<\/li>\n<li class=\"li9\">Nadar<\/li>\n<li class=\"li9\"><span class=\"s4\"><a href=\"https:\/\/www.mowglis.org\/es\/crew\/\"><span class=\"s3\">Multitud<\/span><\/a><\/span> y remo<\/li>\n<li class=\"li9\">Vela y remo en tabla<\/li>\n<li class=\"li9\">Tiro al arco<\/li>\n<li class=\"li9\">Manejo del hacha<\/li>\n<li class=\"li9\">Esgrima<\/li>\n<li class=\"li9\">carpinter\u00eda<span class=\"Apple-converted-space\">\u00a0<\/span><\/li>\n<li class=\"li9\">Tenis<\/li>\n<li class=\"li9\">Artes y oficios<\/li>\n<li class=\"li9\">Cocinando<\/li>\n<li class=\"li1\">Y mucho m\u00e1s<\/li>\n<\/ul>\n<p class=\"p1\">A medida que su hijo progrese, se acercar\u00e1 a la meta de ganar cintas (similares a las insignias de m\u00e9rito de los Scouts). Las divertidas actividades formativas de nuestro campamento nocturno para ni\u00f1os en New Hampshire se desarrollan en un ambiente de equipo, lo que permite a los ni\u00f1os mayores o con m\u00e1s experiencia compartir sus conocimientos con los m\u00e1s peque\u00f1os. A medida que avancen en su camino, aprender\u00e1n a confiar en s\u00ed mismos y a cuidarse mutuamente, desarrollando confianza, independencia y fortaleza personal al celebrar sus logros.<\/p>\n<p class=\"p1\">No te conformes con otras vacaciones de verano aburridas. Aseg\u00farate de que tu hijo aproveche al m\u00e1ximo cada momento en el Campamento Mowglis. <b>Campamento de verano nocturno en New Hampshire<\/b>. <a href=\"https:\/\/www.mowglis.org\/es\/contact\/\"><span class=\"s1\">Cont\u00e1ctanos<\/span><\/a> Llame al 603-744-8095 para hacer su reserva o para obtener m\u00e1s informaci\u00f3n sobre nuestro campamento de liderazgo al aire libre para ni\u00f1os hoy mismo.<span class=\"Apple-converted-space\">\u00a0<\/span><\/p>","protected":false},"excerpt":{"rendered":"<p>Boys&#8217; Overnight Camp in NH Give your son the adventure of a lifetime at the best boys\u2019 overnight camp in NH. Mowglis summer camp for boys offers an immersive traditional camping experience designed to meet the changing needs of boys aged 7 to 15. Here, in our \u201cschool of the open,\u201d your child can take [&hellip;]<\/p>\n","protected":false},"author":10,"featured_media":6951,"parent":0,"menu_order":0,"comment_status":"closed","ping_status":"closed","template":"","meta":{"_acf_changed":false,"inline_featured_image":false,"footnotes":"","_wp_rev_ctl_limit":""},"quote-categoria":[280,254,281,287,277,285,268,264,289,293,258,294,274,279,283,297,275,267,276,286,296,290],"class_list":["post-16618","page","type-page","status-publish","has-post-thumbnail","hentry","quote-categoria-aventure","quote-categoria-archery","quote-categoria-arts-and-crafts","quote-categoria-axemanship","quote-categoria-bugling-and-music","quote-categoria-camping","quote-categoria-canoeing-kayaking","quote-categoria-crew","quote-categoria-fencing","quote-categoria-fishing-and-flycasting","quote-categoria-industries","quote-categoria-mountaing-biking","quote-categoria-music","quote-categoria-nature","quote-categoria-photography","quote-categoria-rock-climbing","quote-categoria-rowboating","quote-categoria-sailing","quote-categoria-spirit","quote-categoria-activities-industries","quote-categoria-tennis","quote-categoria-tradition"],"acf":[],"yoast_head":"<!-- This site is optimized with the Yoast SEO plugin v27.3 - https:\/\/yoast.com\/product\/yoast-seo-wordpress\/ -->\n<title>Boys\u2019 Overnight Camp in NH 603-744-8095 | Camp Mowglis | New Hampshire<\/title>\n<meta name=\"description\" content=\"Mowglis boys\u2019 overnight camp in NH on the shores of Newfound Lake offers a variety of exciting traditional camp activities. Learn more about our summer camp program for boys 7 to 15.\" \/>\n<meta name=\"robots\" content=\"index, follow, max-snippet:-1, max-image-preview:large, max-video-preview:-1\" \/>\n<link rel=\"canonical\" href=\"https:\/\/www.mowglis.org\/es\/overnight-camp-nh\/\" \/>\n<meta property=\"og:locale\" content=\"es_ES\" \/>\n<meta property=\"og:type\" content=\"article\" \/>\n<meta property=\"og:title\" content=\"Boys\u2019 Overnight Camp in NH 603-744-8095 | Camp Mowglis | New Hampshire\" \/>\n<meta property=\"og:description\" content=\"Mowglis boys\u2019 overnight camp in NH on the shores of Newfound Lake offers a variety of exciting traditional camp activities. Learn more about our summer camp program for boys 7 to 15.\" \/>\n<meta property=\"og:url\" content=\"https:\/\/www.mowglis.org\/es\/overnight-camp-nh\/\" \/>\n<meta property=\"og:site_name\" content=\"Camp Mowglis\" \/>\n<meta property=\"article:modified_time\" content=\"2026-02-04T17:51:27+00:00\" \/>\n<meta property=\"og:image\" content=\"http:\/\/www.mowglis.org\/wp-content\/uploads\/2019\/10\/P8090066-1-scaled.jpg\" \/>\n\t<meta property=\"og:image:width\" content=\"1920\" \/>\n\t<meta property=\"og:image:height\" content=\"789\" \/>\n\t<meta property=\"og:image:type\" content=\"image\/jpeg\" \/>\n<meta name=\"twitter:card\" content=\"summary_large_image\" \/>\n<meta name=\"twitter:label1\" content=\"Est. reading time\" \/>\n\t<meta name=\"twitter:data1\" content=\"2 minutos\" \/>\n<script type=\"application\/ld+json\" class=\"yoast-schema-graph\">{\"@context\":\"https:\\\/\\\/schema.org\",\"@graph\":[{\"@type\":\"WebPage\",\"@id\":\"https:\\\/\\\/www.mowglis.org\\\/overnight-camp-nh\\\/\",\"url\":\"https:\\\/\\\/www.mowglis.org\\\/overnight-camp-nh\\\/\",\"name\":\"Boys\u2019 Overnight Camp in NH 603-744-8095 | Camp Mowglis | New Hampshire\",\"isPartOf\":{\"@id\":\"https:\\\/\\\/www.mowglis.org\\\/#website\"},\"primaryImageOfPage\":{\"@id\":\"https:\\\/\\\/www.mowglis.org\\\/overnight-camp-nh\\\/#primaryimage\"},\"image\":{\"@id\":\"https:\\\/\\\/www.mowglis.org\\\/overnight-camp-nh\\\/#primaryimage\"},\"thumbnailUrl\":\"https:\\\/\\\/www.mowglis.org\\\/wp-content\\\/uploads\\\/2019\\\/10\\\/P8090066-1-scaled.jpg\",\"datePublished\":\"2021-09-29T19:41:03+00:00\",\"dateModified\":\"2026-02-04T17:51:27+00:00\",\"description\":\"Mowglis boys\u2019 overnight camp in NH on the shores of Newfound Lake offers a variety of exciting traditional camp activities. Learn more about our summer camp program for boys 7 to 15.\",\"breadcrumb\":{\"@id\":\"https:\\\/\\\/www.mowglis.org\\\/overnight-camp-nh\\\/#breadcrumb\"},\"inLanguage\":\"es\",\"potentialAction\":[{\"@type\":\"ReadAction\",\"target\":[\"https:\\\/\\\/www.mowglis.org\\\/overnight-camp-nh\\\/\"]}]},{\"@type\":\"ImageObject\",\"inLanguage\":\"es\",\"@id\":\"https:\\\/\\\/www.mowglis.org\\\/overnight-camp-nh\\\/#primaryimage\",\"url\":\"https:\\\/\\\/www.mowglis.org\\\/wp-content\\\/uploads\\\/2019\\\/10\\\/P8090066-1-scaled.jpg\",\"contentUrl\":\"https:\\\/\\\/www.mowglis.org\\\/wp-content\\\/uploads\\\/2019\\\/10\\\/P8090066-1-scaled.jpg\",\"width\":1920,\"height\":789,\"caption\":\"OLYMPUS DIGITAL CAMERA\"},{\"@type\":\"BreadcrumbList\",\"@id\":\"https:\\\/\\\/www.mowglis.org\\\/overnight-camp-nh\\\/#breadcrumb\",\"itemListElement\":[{\"@type\":\"ListItem\",\"position\":1,\"name\":\"Home\",\"item\":\"https:\\\/\\\/www.mowglis.org\\\/\"},{\"@type\":\"ListItem\",\"position\":2,\"name\":\"Boys&#8217; Overnight Camp in NH\"}]},{\"@type\":\"WebSite\",\"@id\":\"https:\\\/\\\/www.mowglis.org\\\/#website\",\"url\":\"https:\\\/\\\/www.mowglis.org\\\/\",\"name\":\"Camp Mowglis\",\"description\":\"Camp Mowglis Summer Camp for Boys, New Hampshire, USA\",\"publisher\":{\"@id\":\"https:\\\/\\\/www.mowglis.org\\\/#organization\"},\"potentialAction\":[{\"@type\":\"SearchAction\",\"target\":{\"@type\":\"EntryPoint\",\"urlTemplate\":\"https:\\\/\\\/www.mowglis.org\\\/?s={search_term_string}\"},\"query-input\":{\"@type\":\"PropertyValueSpecification\",\"valueRequired\":true,\"valueName\":\"search_term_string\"}}],\"inLanguage\":\"es\"},{\"@type\":\"Organization\",\"@id\":\"https:\\\/\\\/www.mowglis.org\\\/#organization\",\"name\":\"Camp Mowglis\",\"url\":\"https:\\\/\\\/www.mowglis.org\\\/\",\"logo\":{\"@type\":\"ImageObject\",\"inLanguage\":\"es\",\"@id\":\"https:\\\/\\\/www.mowglis.org\\\/#\\\/schema\\\/logo\\\/image\\\/\",\"url\":\"https:\\\/\\\/www.mowglis.org\\\/wp-content\\\/uploads\\\/2025\\\/01\\\/logo-web.svg\",\"contentUrl\":\"https:\\\/\\\/www.mowglis.org\\\/wp-content\\\/uploads\\\/2025\\\/01\\\/logo-web.svg\",\"width\":156,\"height\":42,\"caption\":\"Camp Mowglis\"},\"image\":{\"@id\":\"https:\\\/\\\/www.mowglis.org\\\/#\\\/schema\\\/logo\\\/image\\\/\"}}]}<\/script>\n<!-- \/ Yoast SEO plugin. -->","yoast_head_json":{"title":"Boys\u2019 Overnight Camp in NH 603-744-8095 | Camp Mowglis | New Hampshire","description":"Mowglis boys\u2019 overnight camp in NH on the shores of Newfound Lake offers a variety of exciting traditional camp activities. Learn more about our summer camp program for boys 7 to 15.","robots":{"index":"index","follow":"follow","max-snippet":"max-snippet:-1","max-image-preview":"max-image-preview:large","max-video-preview":"max-video-preview:-1"},"canonical":"https:\/\/www.mowglis.org\/es\/overnight-camp-nh\/","og_locale":"es_ES","og_type":"article","og_title":"Boys\u2019 Overnight Camp in NH 603-744-8095 | Camp Mowglis | New Hampshire","og_description":"Mowglis boys\u2019 overnight camp in NH on the shores of Newfound Lake offers a variety of exciting traditional camp activities. Learn more about our summer camp program for boys 7 to 15.","og_url":"https:\/\/www.mowglis.org\/es\/overnight-camp-nh\/","og_site_name":"Camp Mowglis","article_modified_time":"2026-02-04T17:51:27+00:00","og_image":[{"width":1920,"height":789,"url":"http:\/\/www.mowglis.org\/wp-content\/uploads\/2019\/10\/P8090066-1-scaled.jpg","type":"image\/jpeg"}],"twitter_card":"summary_large_image","twitter_misc":{"Est. reading time":"2 minutos"},"schema":{"@context":"https:\/\/schema.org","@graph":[{"@type":"WebPage","@id":"https:\/\/www.mowglis.org\/overnight-camp-nh\/","url":"https:\/\/www.mowglis.org\/overnight-camp-nh\/","name":"Boys\u2019 Overnight Camp in NH 603-744-8095 | Camp Mowglis | New Hampshire","isPartOf":{"@id":"https:\/\/www.mowglis.org\/#website"},"primaryImageOfPage":{"@id":"https:\/\/www.mowglis.org\/overnight-camp-nh\/#primaryimage"},"image":{"@id":"https:\/\/www.mowglis.org\/overnight-camp-nh\/#primaryimage"},"thumbnailUrl":"https:\/\/www.mowglis.org\/wp-content\/uploads\/2019\/10\/P8090066-1-scaled.jpg","datePublished":"2021-09-29T19:41:03+00:00","dateModified":"2026-02-04T17:51:27+00:00","description":"Mowglis boys\u2019 overnight camp in NH on the shores of Newfound Lake offers a variety of exciting traditional camp activities. Learn more about our summer camp program for boys 7 to 15.","breadcrumb":{"@id":"https:\/\/www.mowglis.org\/overnight-camp-nh\/#breadcrumb"},"inLanguage":"es","potentialAction":[{"@type":"ReadAction","target":["https:\/\/www.mowglis.org\/overnight-camp-nh\/"]}]},{"@type":"ImageObject","inLanguage":"es","@id":"https:\/\/www.mowglis.org\/overnight-camp-nh\/#primaryimage","url":"https:\/\/www.mowglis.org\/wp-content\/uploads\/2019\/10\/P8090066-1-scaled.jpg","contentUrl":"https:\/\/www.mowglis.org\/wp-content\/uploads\/2019\/10\/P8090066-1-scaled.jpg","width":1920,"height":789,"caption":"OLYMPUS DIGITAL CAMERA"},{"@type":"BreadcrumbList","@id":"https:\/\/www.mowglis.org\/overnight-camp-nh\/#breadcrumb","itemListElement":[{"@type":"ListItem","position":1,"name":"Home","item":"https:\/\/www.mowglis.org\/"},{"@type":"ListItem","position":2,"name":"Boys&#8217; Overnight Camp in NH"}]},{"@type":"WebSite","@id":"https:\/\/www.mowglis.org\/#website","url":"https:\/\/www.mowglis.org\/","name":"Campamento Mowglis","description":"Campamento de verano Mowglis para ni\u00f1os, Nuevo Hampshire, EE. UU.","publisher":{"@id":"https:\/\/www.mowglis.org\/#organization"},"potentialAction":[{"@type":"SearchAction","target":{"@type":"EntryPoint","urlTemplate":"https:\/\/www.mowglis.org\/?s={search_term_string}"},"query-input":{"@type":"PropertyValueSpecification","valueRequired":true,"valueName":"search_term_string"}}],"inLanguage":"es"},{"@type":"Organization","@id":"https:\/\/www.mowglis.org\/#organization","name":"Campamento Mowglis","url":"https:\/\/www.mowglis.org\/","logo":{"@type":"ImageObject","inLanguage":"es","@id":"https:\/\/www.mowglis.org\/#\/schema\/logo\/image\/","url":"https:\/\/www.mowglis.org\/wp-content\/uploads\/2025\/01\/logo-web.svg","contentUrl":"https:\/\/www.mowglis.org\/wp-content\/uploads\/2025\/01\/logo-web.svg","width":156,"height":42,"caption":"Camp Mowglis"},"image":{"@id":"https:\/\/www.mowglis.org\/#\/schema\/logo\/image\/"}}]}},"_links":{"self":[{"href":"https:\/\/www.mowglis.org\/es\/wp-json\/wp\/v2\/pages\/16618","targetHints":{"allow":["GET"]}}],"collection":[{"href":"https:\/\/www.mowglis.org\/es\/wp-json\/wp\/v2\/pages"}],"about":[{"href":"https:\/\/www.mowglis.org\/es\/wp-json\/wp\/v2\/types\/page"}],"author":[{"embeddable":true,"href":"https:\/\/www.mowglis.org\/es\/wp-json\/wp\/v2\/users\/10"}],"replies":[{"embeddable":true,"href":"https:\/\/www.mowglis.org\/es\/wp-json\/wp\/v2\/comments?post=16618"}],"version-history":[{"count":0,"href":"https:\/\/www.mowglis.org\/es\/wp-json\/wp\/v2\/pages\/16618\/revisions"}],"wp:featuredmedia":[{"embeddable":true,"href":"https:\/\/www.mowglis.org\/es\/wp-json\/wp\/v2\/media\/6951"}],"wp:attachment":[{"href":"https:\/\/www.mowglis.org\/es\/wp-json\/wp\/v2\/media?parent=16618"}],"wp:term":[{"taxonomy":"quote-categoria","embeddable":true,"href":"https:\/\/www.mowglis.org\/es\/wp-json\/wp\/v2\/quote-categoria?post=16618"}],"curies":[{"name":"wp","href":"https:\/\/api.w.org\/{rel}","templated":true}]}}