{"id":16819,"date":"2022-12-27T05:02:31","date_gmt":"2022-12-27T10:02:31","guid":{"rendered":"https:\/\/www.mowglis.org\/?page_id=16819"},"modified":"2026-02-04T12:48:38","modified_gmt":"2026-02-04T17:48:38","slug":"boys-summer-camp-near-boston","status":"publish","type":"page","link":"https:\/\/www.mowglis.org\/es\/boys-summer-camp-near-boston\/","title":{"rendered":"Campamento de verano para ni\u00f1os cerca de Boston"},"content":{"rendered":"<p>\u00bfBuscas una forma positiva para que tu hijo queme energ\u00eda este verano? El campamento de verano para ni\u00f1os Mowglis, cerca de Boston, ofrece una emocionante experiencia de campamento tradicional con alojamiento a tan solo 2 horas en coche desde casa. <a href=\"https:\/\/www.mowglis.org\/es\/new-england-summer-camp-for-boys\/\">programa de campamento nocturno<\/a>, Dise\u00f1ado para ni\u00f1os de 7 a 15 a\u00f1os, es de primera categor\u00eda. Es el lugar perfecto para que tu hijo disfrute de las aventuras de un campamento de verano en un entorno seguro y supervisado.<\/p>\n<h2>Programa de campamento nocturno sin tecnolog\u00eda<\/h2>\n<p><a href=\"https:\/\/www.mowglis.org\/es\/news\/unplugged-and-authentic-since-1903\/\">Vivir desconectado<\/a>, Al aire libre, en un entorno natural, su hijo podr\u00e1 reconectarse con la naturaleza y recuperar el ritmo de vida. Nuestro hermoso campus se ubica en las faldas de las Monta\u00f1as Blancas, extendi\u00e9ndose a lo largo de 160 acres en las pr\u00edstinas orillas del lago Newfound. Es el lugar ideal para que los ni\u00f1os de Boston se desconecten y escapen del aburrimiento veraniego y el estr\u00e9s diario. Aqu\u00ed podr\u00e1 desplegar sus alas, bajar el ritmo y disfrutar de las cosas sencillas de la vida sin distracciones tecnol\u00f3gicas.<\/p>\n<h3>Actividades emocionantes en el campamento de verano para ni\u00f1os<\/h3>\n<p>Mientras est\u00e9 lejos de su hogar en Boston, su hijo crecer\u00e1 en independencia a medida que aprenda a manejar decisiones y tareas diarias, desde administrar sus responsabilidades y horario en el campamento hasta elegir c\u00f3mo pasar los per\u00edodos no estructurados en el campamento. En nuestro campamento de aventuras para ni\u00f1os, podr\u00e1 explorar actividades divertidas y estimulantes. <a href=\"https:\/\/www.mowglis.org\/es\/prospective-families\/activitiesindustries\/\">nuevas actividades<\/a>, descubriendo fortalezas ocultas. Nuestras actividades desaf\u00edan a los ni\u00f1os f\u00edsica y mentalmente, inspir\u00e1ndolos a ponerse a prueba, superar obst\u00e1culos y apoyarse mutuamente. Aqu\u00ed, el ensayo y error es aceptable y esperado, lo que elimina el estr\u00e9s de las nuevas experiencias. Mientras su hijo explora industrias como la nataci\u00f3n, el remo, <a href=\"https:\/\/www.mowglis.org\/es\/hiking-trips\/\">senderismo<\/a>, y el tiro con arco, su confianza y su deseo de intentar y aprender cosas nuevas crecer\u00e1n.<\/p>\n<h3>Donde se forjan amistades<\/h3>\n<p>Mowglis ofrece a los chicos de Boston la posibilidad de conocer gente nueva y <a href=\"https:\/\/www.mowglis.org\/es\/current-families\/\">construir relaciones<\/a> fuera de las expectativas sociales habituales. Nuestro programa de campamento nocturno para ni\u00f1os incluye ni\u00f1os de un amplio rango de edades, lo que permite que los ni\u00f1os mayores o m\u00e1s experimentados compartan sus conocimientos con los m\u00e1s peque\u00f1os y reduce las presiones de aprendizaje. Limitamos la inscripci\u00f3n a solo 110 ni\u00f1os, fomentando una comunidad muy unida. Los ni\u00f1os aprenden a cuidarse y a confiar los unos en los otros a medida que se conocen mejor. <a href=\"https:\/\/www.mowglis.org\/es\/blog\/great-summer-fun-at-summer-camp\/\">Diversi\u00f3n en el campamento de verano<\/a>, forjando relaciones duraderas mientras afrontan los obst\u00e1culos cotidianos y celebran los logros.<\/p>\n<p>&nbsp;<\/p>\n<p>No dejes que tu hijo se pierda una experiencia inolvidable en un campamento de verano a poca distancia de casa. <a href=\"https:\/\/www.mowglis.org\/es\/contact\/\">Cont\u00e1ctanos<\/a> Para obtener m\u00e1s informaci\u00f3n sobre el Campamento Mowglis, llame al 603-744-8095. <strong>Campamento de verano para ni\u00f1os cerca de Boston<\/strong> o haga su reserva para la pr\u00f3xima temporada de camping hoy mismo.<\/p>\n<p>&nbsp;<\/p>","protected":false},"excerpt":{"rendered":"<p>Are you looking for a positive way for your child to burn off energy this summer? Mowglis boys summer camp near Boston offers an exciting, traditional sleepaway camp experience just a short 2-hour drive from home. Our overnight camp program, designed for children ages 7 to 15, is top-notch. It&#8217;s the perfect place for your [&hellip;]<\/p>\n","protected":false},"author":27,"featured_media":20035,"parent":0,"menu_order":0,"comment_status":"closed","ping_status":"closed","template":"","meta":{"_acf_changed":false,"inline_featured_image":false,"footnotes":"","_wp_rev_ctl_limit":""},"quote-categoria":[280,254,281,287,277,285,268,264,289,293,258,294,274,279,283,297,275,267,276,286,296,290],"class_list":["post-16819","page","type-page","status-publish","has-post-thumbnail","hentry","quote-categoria-aventure","quote-categoria-archery","quote-categoria-arts-and-crafts","quote-categoria-axemanship","quote-categoria-bugling-and-music","quote-categoria-camping","quote-categoria-canoeing-kayaking","quote-categoria-crew","quote-categoria-fencing","quote-categoria-fishing-and-flycasting","quote-categoria-industries","quote-categoria-mountaing-biking","quote-categoria-music","quote-categoria-nature","quote-categoria-photography","quote-categoria-rock-climbing","quote-categoria-rowboating","quote-categoria-sailing","quote-categoria-spirit","quote-categoria-activities-industries","quote-categoria-tennis","quote-categoria-tradition"],"acf":[],"yoast_head":"<!-- This site is optimized with the Yoast SEO plugin v27.5 - https:\/\/yoast.com\/product\/yoast-seo-wordpress\/ -->\n<title>Boys Summer Camp Near Boston 603-744-8095 | Camp Mowglis | New Hampshire, New England, New York, New Jersey, Pennsylvania<\/title>\n<meta name=\"description\" content=\"Find fun just a short drive from home at Mowglis boys&#039; summer camp near Boston. Learn more about our traditional overnight camp program.\" \/>\n<meta name=\"robots\" content=\"index, follow, max-snippet:-1, max-image-preview:large, max-video-preview:-1\" \/>\n<link rel=\"canonical\" href=\"https:\/\/www.mowglis.org\/es\/boys-summer-camp-near-boston\/\" \/>\n<meta property=\"og:locale\" content=\"es_ES\" \/>\n<meta property=\"og:type\" content=\"article\" \/>\n<meta property=\"og:title\" content=\"Boys Summer Camp Near Boston 603-744-8095 | Camp Mowglis | New Hampshire, New England, New York, New Jersey, Pennsylvania\" \/>\n<meta property=\"og:description\" content=\"Find fun just a short drive from home at Mowglis boys&#039; summer camp near Boston. Learn more about our traditional overnight camp program.\" \/>\n<meta property=\"og:url\" content=\"https:\/\/www.mowglis.org\/es\/boys-summer-camp-near-boston\/\" \/>\n<meta property=\"og:site_name\" content=\"Camp Mowglis\" \/>\n<meta property=\"article:modified_time\" content=\"2026-02-04T17:48:38+00:00\" \/>\n<meta property=\"og:image\" content=\"http:\/\/www.mowglis.org\/wp-content\/uploads\/2025\/01\/P7250202.jpg\" \/>\n\t<meta property=\"og:image:width\" content=\"1920\" \/>\n\t<meta property=\"og:image:height\" content=\"1283\" \/>\n\t<meta property=\"og:image:type\" content=\"image\/jpeg\" \/>\n<meta name=\"twitter:card\" content=\"summary_large_image\" \/>\n<meta name=\"twitter:label1\" content=\"Est. reading time\" \/>\n\t<meta name=\"twitter:data1\" content=\"2 minutos\" \/>\n<script type=\"application\/ld+json\" class=\"yoast-schema-graph\">{\"@context\":\"https:\\\/\\\/schema.org\",\"@graph\":[{\"@type\":\"WebPage\",\"@id\":\"https:\\\/\\\/www.mowglis.org\\\/boys-summer-camp-near-boston\\\/\",\"url\":\"https:\\\/\\\/www.mowglis.org\\\/boys-summer-camp-near-boston\\\/\",\"name\":\"Boys Summer Camp Near Boston 603-744-8095 | Camp Mowglis | New Hampshire, New England, New York, New Jersey, Pennsylvania\",\"isPartOf\":{\"@id\":\"https:\\\/\\\/www.mowglis.org\\\/#website\"},\"primaryImageOfPage\":{\"@id\":\"https:\\\/\\\/www.mowglis.org\\\/boys-summer-camp-near-boston\\\/#primaryimage\"},\"image\":{\"@id\":\"https:\\\/\\\/www.mowglis.org\\\/boys-summer-camp-near-boston\\\/#primaryimage\"},\"thumbnailUrl\":\"https:\\\/\\\/www.mowglis.org\\\/wp-content\\\/uploads\\\/2025\\\/01\\\/P7250202.jpg\",\"datePublished\":\"2022-12-27T10:02:31+00:00\",\"dateModified\":\"2026-02-04T17:48:38+00:00\",\"description\":\"Find fun just a short drive from home at Mowglis boys' summer camp near Boston. Learn more about our traditional overnight camp program.\",\"breadcrumb\":{\"@id\":\"https:\\\/\\\/www.mowglis.org\\\/boys-summer-camp-near-boston\\\/#breadcrumb\"},\"inLanguage\":\"es\",\"potentialAction\":[{\"@type\":\"ReadAction\",\"target\":[\"https:\\\/\\\/www.mowglis.org\\\/boys-summer-camp-near-boston\\\/\"]}]},{\"@type\":\"ImageObject\",\"inLanguage\":\"es\",\"@id\":\"https:\\\/\\\/www.mowglis.org\\\/boys-summer-camp-near-boston\\\/#primaryimage\",\"url\":\"https:\\\/\\\/www.mowglis.org\\\/wp-content\\\/uploads\\\/2025\\\/01\\\/P7250202.jpg\",\"contentUrl\":\"https:\\\/\\\/www.mowglis.org\\\/wp-content\\\/uploads\\\/2025\\\/01\\\/P7250202.jpg\",\"width\":1920,\"height\":1283},{\"@type\":\"BreadcrumbList\",\"@id\":\"https:\\\/\\\/www.mowglis.org\\\/boys-summer-camp-near-boston\\\/#breadcrumb\",\"itemListElement\":[{\"@type\":\"ListItem\",\"position\":1,\"name\":\"Home\",\"item\":\"https:\\\/\\\/www.mowglis.org\\\/\"},{\"@type\":\"ListItem\",\"position\":2,\"name\":\"Boys Summer Camp Near Boston\"}]},{\"@type\":\"WebSite\",\"@id\":\"https:\\\/\\\/www.mowglis.org\\\/#website\",\"url\":\"https:\\\/\\\/www.mowglis.org\\\/\",\"name\":\"Camp Mowglis\",\"description\":\"Camp Mowglis Summer Camp for Boys, New Hampshire, USA\",\"publisher\":{\"@id\":\"https:\\\/\\\/www.mowglis.org\\\/#organization\"},\"potentialAction\":[{\"@type\":\"SearchAction\",\"target\":{\"@type\":\"EntryPoint\",\"urlTemplate\":\"https:\\\/\\\/www.mowglis.org\\\/?s={search_term_string}\"},\"query-input\":{\"@type\":\"PropertyValueSpecification\",\"valueRequired\":true,\"valueName\":\"search_term_string\"}}],\"inLanguage\":\"es\"},{\"@type\":\"Organization\",\"@id\":\"https:\\\/\\\/www.mowglis.org\\\/#organization\",\"name\":\"Camp Mowglis\",\"url\":\"https:\\\/\\\/www.mowglis.org\\\/\",\"logo\":{\"@type\":\"ImageObject\",\"inLanguage\":\"es\",\"@id\":\"https:\\\/\\\/www.mowglis.org\\\/#\\\/schema\\\/logo\\\/image\\\/\",\"url\":\"https:\\\/\\\/www.mowglis.org\\\/wp-content\\\/uploads\\\/2025\\\/01\\\/logo-web.svg\",\"contentUrl\":\"https:\\\/\\\/www.mowglis.org\\\/wp-content\\\/uploads\\\/2025\\\/01\\\/logo-web.svg\",\"width\":156,\"height\":42,\"caption\":\"Camp Mowglis\"},\"image\":{\"@id\":\"https:\\\/\\\/www.mowglis.org\\\/#\\\/schema\\\/logo\\\/image\\\/\"}}]}<\/script>\n<!-- \/ Yoast SEO plugin. -->","yoast_head_json":{"title":"Boys Summer Camp Near Boston 603-744-8095 | Camp Mowglis | New Hampshire, New England, New York, New Jersey, Pennsylvania","description":"Find fun just a short drive from home at Mowglis boys' summer camp near Boston. Learn more about our traditional overnight camp program.","robots":{"index":"index","follow":"follow","max-snippet":"max-snippet:-1","max-image-preview":"max-image-preview:large","max-video-preview":"max-video-preview:-1"},"canonical":"https:\/\/www.mowglis.org\/es\/boys-summer-camp-near-boston\/","og_locale":"es_ES","og_type":"article","og_title":"Boys Summer Camp Near Boston 603-744-8095 | Camp Mowglis | New Hampshire, New England, New York, New Jersey, Pennsylvania","og_description":"Find fun just a short drive from home at Mowglis boys' summer camp near Boston. Learn more about our traditional overnight camp program.","og_url":"https:\/\/www.mowglis.org\/es\/boys-summer-camp-near-boston\/","og_site_name":"Camp Mowglis","article_modified_time":"2026-02-04T17:48:38+00:00","og_image":[{"width":1920,"height":1283,"url":"http:\/\/www.mowglis.org\/wp-content\/uploads\/2025\/01\/P7250202.jpg","type":"image\/jpeg"}],"twitter_card":"summary_large_image","twitter_misc":{"Est. reading time":"2 minutos"},"schema":{"@context":"https:\/\/schema.org","@graph":[{"@type":"WebPage","@id":"https:\/\/www.mowglis.org\/boys-summer-camp-near-boston\/","url":"https:\/\/www.mowglis.org\/boys-summer-camp-near-boston\/","name":"Boys Summer Camp Near Boston 603-744-8095 | Camp Mowglis | New Hampshire, New England, New York, New Jersey, Pennsylvania","isPartOf":{"@id":"https:\/\/www.mowglis.org\/#website"},"primaryImageOfPage":{"@id":"https:\/\/www.mowglis.org\/boys-summer-camp-near-boston\/#primaryimage"},"image":{"@id":"https:\/\/www.mowglis.org\/boys-summer-camp-near-boston\/#primaryimage"},"thumbnailUrl":"https:\/\/www.mowglis.org\/wp-content\/uploads\/2025\/01\/P7250202.jpg","datePublished":"2022-12-27T10:02:31+00:00","dateModified":"2026-02-04T17:48:38+00:00","description":"Find fun just a short drive from home at Mowglis boys' summer camp near Boston. Learn more about our traditional overnight camp program.","breadcrumb":{"@id":"https:\/\/www.mowglis.org\/boys-summer-camp-near-boston\/#breadcrumb"},"inLanguage":"es","potentialAction":[{"@type":"ReadAction","target":["https:\/\/www.mowglis.org\/boys-summer-camp-near-boston\/"]}]},{"@type":"ImageObject","inLanguage":"es","@id":"https:\/\/www.mowglis.org\/boys-summer-camp-near-boston\/#primaryimage","url":"https:\/\/www.mowglis.org\/wp-content\/uploads\/2025\/01\/P7250202.jpg","contentUrl":"https:\/\/www.mowglis.org\/wp-content\/uploads\/2025\/01\/P7250202.jpg","width":1920,"height":1283},{"@type":"BreadcrumbList","@id":"https:\/\/www.mowglis.org\/boys-summer-camp-near-boston\/#breadcrumb","itemListElement":[{"@type":"ListItem","position":1,"name":"Home","item":"https:\/\/www.mowglis.org\/"},{"@type":"ListItem","position":2,"name":"Boys Summer Camp Near Boston"}]},{"@type":"WebSite","@id":"https:\/\/www.mowglis.org\/#website","url":"https:\/\/www.mowglis.org\/","name":"Campamento Mowglis","description":"Campamento de verano Mowglis para ni\u00f1os, Nuevo Hampshire, EE. UU.","publisher":{"@id":"https:\/\/www.mowglis.org\/#organization"},"potentialAction":[{"@type":"SearchAction","target":{"@type":"EntryPoint","urlTemplate":"https:\/\/www.mowglis.org\/?s={search_term_string}"},"query-input":{"@type":"PropertyValueSpecification","valueRequired":true,"valueName":"search_term_string"}}],"inLanguage":"es"},{"@type":"Organization","@id":"https:\/\/www.mowglis.org\/#organization","name":"Campamento Mowglis","url":"https:\/\/www.mowglis.org\/","logo":{"@type":"ImageObject","inLanguage":"es","@id":"https:\/\/www.mowglis.org\/#\/schema\/logo\/image\/","url":"https:\/\/www.mowglis.org\/wp-content\/uploads\/2025\/01\/logo-web.svg","contentUrl":"https:\/\/www.mowglis.org\/wp-content\/uploads\/2025\/01\/logo-web.svg","width":156,"height":42,"caption":"Camp Mowglis"},"image":{"@id":"https:\/\/www.mowglis.org\/#\/schema\/logo\/image\/"}}]}},"_links":{"self":[{"href":"https:\/\/www.mowglis.org\/es\/wp-json\/wp\/v2\/pages\/16819","targetHints":{"allow":["GET"]}}],"collection":[{"href":"https:\/\/www.mowglis.org\/es\/wp-json\/wp\/v2\/pages"}],"about":[{"href":"https:\/\/www.mowglis.org\/es\/wp-json\/wp\/v2\/types\/page"}],"author":[{"embeddable":true,"href":"https:\/\/www.mowglis.org\/es\/wp-json\/wp\/v2\/users\/27"}],"replies":[{"embeddable":true,"href":"https:\/\/www.mowglis.org\/es\/wp-json\/wp\/v2\/comments?post=16819"}],"version-history":[{"count":0,"href":"https:\/\/www.mowglis.org\/es\/wp-json\/wp\/v2\/pages\/16819\/revisions"}],"wp:featuredmedia":[{"embeddable":true,"href":"https:\/\/www.mowglis.org\/es\/wp-json\/wp\/v2\/media\/20035"}],"wp:attachment":[{"href":"https:\/\/www.mowglis.org\/es\/wp-json\/wp\/v2\/media?parent=16819"}],"wp:term":[{"taxonomy":"quote-categoria","embeddable":true,"href":"https:\/\/www.mowglis.org\/es\/wp-json\/wp\/v2\/quote-categoria?post=16819"}],"curies":[{"name":"wp","href":"https:\/\/api.w.org\/{rel}","templated":true}]}}