{"id":16892,"date":"2023-05-17T17:58:38","date_gmt":"2023-05-17T21:58:38","guid":{"rendered":"https:\/\/www.mowglis.org\/?page_id=16892"},"modified":"2026-02-04T15:18:20","modified_gmt":"2026-02-04T20:18:20","slug":"summer-camp-for-boys-near-connecticut","status":"publish","type":"page","link":"https:\/\/www.mowglis.org\/es\/summer-camp-for-boys-near-connecticut\/","title":{"rendered":"Campamento de verano para ni\u00f1os cerca de Connecticut"},"content":{"rendered":"<p>Dale a tu hijo la oportunidad de desconectar y disfrutar de nuevas experiencias en el campamento de verano con pernoctaci\u00f3n de Mowglis. Nuestro campamento de verano para ni\u00f1os cerca de Connecticut est\u00e1 a solo tres horas en coche en Hebron, NH. Ofrecemos a ni\u00f1os de todo Estados Unidos una emocionante experiencia de campamento tradicional con pernoctaci\u00f3n. Hemos dise\u00f1ado nuestro <a href=\"https:\/\/www.mowglis.org\/es\/new-england-summer-camp-for-boys\/\">programa de campamento de verano para ni\u00f1os<\/a> Dirigido a ni\u00f1os de 7 a 16 a\u00f1os, ofrece emocionantes aventuras de campamento de verano en un entorno seguro y supervisado.<\/p>\n<h2>Diversi\u00f3n de campamento de verano en la vida real<\/h2>\n<p>Nuestro <a href=\"https:\/\/www.mowglis.org\/es\/news\/unplugged-and-authentic-since-1903\/\">campamento de verano desconectado<\/a> Esta experiencia le permitir\u00e1 a su hijo reconectarse con los ritmos naturales de la vida y la naturaleza, desplegar sus alas y aprender las lecciones m\u00e1s importantes de la vida. Aqu\u00ed, en nuestro hermoso campus a orillas del pr\u00edstino lago Newfound, a la sombra de las Monta\u00f1as Blancas, podr\u00e1 escapar del aburrimiento del verano y del estr\u00e9s diario, relajarse y disfrutar de las cosas sencillas mientras prueba nuevas y emocionantes actividades.<\/p>\n<h3>Estimulantes aventuras en un campamento de verano<\/h3>\n<p>Mientras est\u00e9 lejos de su hogar en Connecticut, su hijo aprender\u00e1 un sentido de independencia, manejando decisiones y tareas diarias, desde elegir c\u00f3mo pasar su tiempo libre en el campamento hasta completar las tareas y responsabilidades diarias. En nuestro campamento de verano con pernoctaci\u00f3n para ni\u00f1os, tendr\u00e1 la oportunidad de probar cosas inexploradas. <a href=\"https:\/\/www.mowglis.org\/es\/prospective-families\/activitiesindustries\/\">actividades<\/a> y vivir aventuras de campamento, descubriendo nuevos intereses emocionantes y talentos ocultos. Cada experiencia, desde <a href=\"https:\/\/www.mowglis.org\/es\/hiking-trips\/\">senderismo<\/a> Desde el remo hasta la nataci\u00f3n y el tiro con arco, todo ello fomentar\u00e1 su deseo de aprender cosas nuevas y crecer. Nuestras actividades, que suponen un reto f\u00edsico y mental, inspiran a los ni\u00f1os a superarse, vencer obst\u00e1culos y apoyarse mutuamente. El m\u00e9todo de ensayo y error forma parte de la vida cotidiana en el campamento, lo que reduce las expectativas.<\/p>\n<h3>El lugar perfecto para forjar nuevas amistades<\/h3>\n<p>Nuestro campamento de verano para ni\u00f1os ofrece la oportunidad perfecta para conocer gente nueva y <a href=\"https:\/\/www.mowglis.org\/es\/current-families\/\">construir relaciones<\/a> fuera del entorno social habitual. Est\u00e1 lleno de ni\u00f1os de diversos or\u00edgenes y edades, lo que permite a los campistas mayores y m\u00e1s experimentados compartir conocimientos con los ni\u00f1os m\u00e1s peque\u00f1os e inexpertos, reduciendo as\u00ed las presiones de aprendizaje. Cada sesi\u00f3n cuenta con una matr\u00edcula limitada de solo 110 ni\u00f1os, lo que fomenta una comunidad muy unida donde los ni\u00f1os aprenden a confiar y cuidarse unos a otros mientras se embarcan en <a href=\"https:\/\/www.mowglis.org\/es\/blog\/great-summer-fun-at-summer-camp\/\">aventuras en el campamento de verano<\/a>, Superando los obst\u00e1culos diarios y celebrando juntos.<\/p>\n<h3>No dejes que tu hijo se pierda la oportunidad de explorar y crecer en el campamento de verano.<\/h3>\n<p>Reg\u00e1lale a tu hijo recuerdos inolvidables de un campamento de verano. <a href=\"https:\/\/www.mowglis.org\/es\/contact\/\">Contacto<\/a> Campamento Mowglis <strong>Campamento de verano para ni\u00f1os cerca de Connecticut <\/strong>Llame al 603-744-8095 para obtener m\u00e1s informaci\u00f3n sobre nuestro programa de campamento nocturno para ni\u00f1os o para reservar su lugar para la pr\u00f3xima temporada de campamento de verano hoy mismo.<\/p>","protected":false},"excerpt":{"rendered":"<p>Give your child the chance to break away and enjoy new experiences at Mowglis overnight summer camp. Our summer camp for boys near Connecticut is just a short, three-hour drive away in Hebron, NH. We offer boys from across the US an exciting, traditional sleepaway camp experience. We\u2019ve designed our boys\u2019 summer camp program for [&hellip;]<\/p>\n","protected":false},"author":27,"featured_media":0,"parent":0,"menu_order":0,"comment_status":"closed","ping_status":"closed","template":"","meta":{"_acf_changed":false,"inline_featured_image":false,"footnotes":"","_wp_rev_ctl_limit":""},"quote-categoria":[280,254,281,287,277,285,268,292,264,289,293,294,274,279,283,297,275,267,276,286,296,290],"class_list":["post-16892","page","type-page","status-publish","hentry","quote-categoria-aventure","quote-categoria-archery","quote-categoria-arts-and-crafts","quote-categoria-axemanship","quote-categoria-bugling-and-music","quote-categoria-camping","quote-categoria-canoeing-kayaking","quote-categoria-confidence","quote-categoria-crew","quote-categoria-fencing","quote-categoria-fishing-and-flycasting","quote-categoria-mountaing-biking","quote-categoria-music","quote-categoria-nature","quote-categoria-photography","quote-categoria-rock-climbing","quote-categoria-rowboating","quote-categoria-sailing","quote-categoria-spirit","quote-categoria-activities-industries","quote-categoria-tennis","quote-categoria-tradition"],"acf":[],"yoast_head":"<!-- This site is optimized with the Yoast SEO plugin v27.4 - https:\/\/yoast.com\/product\/yoast-seo-wordpress\/ -->\n<title>Summer Camp for Boys Near Connecticut 603-744-8095 | Camp Mowglis | New Hampshire, New England, New York, New Jersey, Pennsylvania<\/title>\n<meta name=\"description\" content=\"Mowglis summer camp for boys near Connecticut gives your child a positive way to burn off energy. Learn how our overnight camp program can help your son learn essential life skills.\" \/>\n<meta name=\"robots\" content=\"index, follow, max-snippet:-1, max-image-preview:large, max-video-preview:-1\" \/>\n<link rel=\"canonical\" href=\"https:\/\/www.mowglis.org\/es\/summer-camp-for-boys-near-connecticut\/\" \/>\n<meta property=\"og:locale\" content=\"es_ES\" \/>\n<meta property=\"og:type\" content=\"article\" \/>\n<meta property=\"og:title\" content=\"Summer Camp for Boys Near Connecticut 603-744-8095 | Camp Mowglis | New Hampshire, New England, New York, New Jersey, Pennsylvania\" \/>\n<meta property=\"og:description\" content=\"Mowglis summer camp for boys near Connecticut gives your child a positive way to burn off energy. Learn how our overnight camp program can help your son learn essential life skills.\" \/>\n<meta property=\"og:url\" content=\"https:\/\/www.mowglis.org\/es\/summer-camp-for-boys-near-connecticut\/\" \/>\n<meta property=\"og:site_name\" content=\"Camp Mowglis\" \/>\n<meta property=\"article:modified_time\" content=\"2026-02-04T20:18:20+00:00\" \/>\n<meta name=\"twitter:card\" content=\"summary_large_image\" \/>\n<meta name=\"twitter:label1\" content=\"Est. reading time\" \/>\n\t<meta name=\"twitter:data1\" content=\"2 minutos\" \/>\n<script type=\"application\/ld+json\" class=\"yoast-schema-graph\">{\"@context\":\"https:\\\/\\\/schema.org\",\"@graph\":[{\"@type\":\"WebPage\",\"@id\":\"https:\\\/\\\/www.mowglis.org\\\/summer-camp-for-boys-near-connecticut\\\/\",\"url\":\"https:\\\/\\\/www.mowglis.org\\\/summer-camp-for-boys-near-connecticut\\\/\",\"name\":\"Summer Camp for Boys Near Connecticut 603-744-8095 | Camp Mowglis | New Hampshire, New England, New York, New Jersey, Pennsylvania\",\"isPartOf\":{\"@id\":\"https:\\\/\\\/www.mowglis.org\\\/#website\"},\"datePublished\":\"2023-05-17T21:58:38+00:00\",\"dateModified\":\"2026-02-04T20:18:20+00:00\",\"description\":\"Mowglis summer camp for boys near Connecticut gives your child a positive way to burn off energy. Learn how our overnight camp program can help your son learn essential life skills.\",\"breadcrumb\":{\"@id\":\"https:\\\/\\\/www.mowglis.org\\\/summer-camp-for-boys-near-connecticut\\\/#breadcrumb\"},\"inLanguage\":\"es\",\"potentialAction\":[{\"@type\":\"ReadAction\",\"target\":[\"https:\\\/\\\/www.mowglis.org\\\/summer-camp-for-boys-near-connecticut\\\/\"]}]},{\"@type\":\"BreadcrumbList\",\"@id\":\"https:\\\/\\\/www.mowglis.org\\\/summer-camp-for-boys-near-connecticut\\\/#breadcrumb\",\"itemListElement\":[{\"@type\":\"ListItem\",\"position\":1,\"name\":\"Home\",\"item\":\"https:\\\/\\\/www.mowglis.org\\\/\"},{\"@type\":\"ListItem\",\"position\":2,\"name\":\"Summer Camp for Boys Near Connecticut\"}]},{\"@type\":\"WebSite\",\"@id\":\"https:\\\/\\\/www.mowglis.org\\\/#website\",\"url\":\"https:\\\/\\\/www.mowglis.org\\\/\",\"name\":\"Camp Mowglis\",\"description\":\"Camp Mowglis Summer Camp for Boys, New Hampshire, USA\",\"publisher\":{\"@id\":\"https:\\\/\\\/www.mowglis.org\\\/#organization\"},\"potentialAction\":[{\"@type\":\"SearchAction\",\"target\":{\"@type\":\"EntryPoint\",\"urlTemplate\":\"https:\\\/\\\/www.mowglis.org\\\/?s={search_term_string}\"},\"query-input\":{\"@type\":\"PropertyValueSpecification\",\"valueRequired\":true,\"valueName\":\"search_term_string\"}}],\"inLanguage\":\"es\"},{\"@type\":\"Organization\",\"@id\":\"https:\\\/\\\/www.mowglis.org\\\/#organization\",\"name\":\"Camp Mowglis\",\"url\":\"https:\\\/\\\/www.mowglis.org\\\/\",\"logo\":{\"@type\":\"ImageObject\",\"inLanguage\":\"es\",\"@id\":\"https:\\\/\\\/www.mowglis.org\\\/#\\\/schema\\\/logo\\\/image\\\/\",\"url\":\"https:\\\/\\\/www.mowglis.org\\\/wp-content\\\/uploads\\\/2025\\\/01\\\/logo-web.svg\",\"contentUrl\":\"https:\\\/\\\/www.mowglis.org\\\/wp-content\\\/uploads\\\/2025\\\/01\\\/logo-web.svg\",\"width\":156,\"height\":42,\"caption\":\"Camp Mowglis\"},\"image\":{\"@id\":\"https:\\\/\\\/www.mowglis.org\\\/#\\\/schema\\\/logo\\\/image\\\/\"}}]}<\/script>\n<!-- \/ Yoast SEO plugin. -->","yoast_head_json":{"title":"Summer Camp for Boys Near Connecticut 603-744-8095 | Camp Mowglis | New Hampshire, New England, New York, New Jersey, Pennsylvania","description":"Mowglis summer camp for boys near Connecticut gives your child a positive way to burn off energy. Learn how our overnight camp program can help your son learn essential life skills.","robots":{"index":"index","follow":"follow","max-snippet":"max-snippet:-1","max-image-preview":"max-image-preview:large","max-video-preview":"max-video-preview:-1"},"canonical":"https:\/\/www.mowglis.org\/es\/summer-camp-for-boys-near-connecticut\/","og_locale":"es_ES","og_type":"article","og_title":"Summer Camp for Boys Near Connecticut 603-744-8095 | Camp Mowglis | New Hampshire, New England, New York, New Jersey, Pennsylvania","og_description":"Mowglis summer camp for boys near Connecticut gives your child a positive way to burn off energy. Learn how our overnight camp program can help your son learn essential life skills.","og_url":"https:\/\/www.mowglis.org\/es\/summer-camp-for-boys-near-connecticut\/","og_site_name":"Camp Mowglis","article_modified_time":"2026-02-04T20:18:20+00:00","twitter_card":"summary_large_image","twitter_misc":{"Est. reading time":"2 minutos"},"schema":{"@context":"https:\/\/schema.org","@graph":[{"@type":"WebPage","@id":"https:\/\/www.mowglis.org\/summer-camp-for-boys-near-connecticut\/","url":"https:\/\/www.mowglis.org\/summer-camp-for-boys-near-connecticut\/","name":"Summer Camp for Boys Near Connecticut 603-744-8095 | Camp Mowglis | New Hampshire, New England, New York, New Jersey, Pennsylvania","isPartOf":{"@id":"https:\/\/www.mowglis.org\/#website"},"datePublished":"2023-05-17T21:58:38+00:00","dateModified":"2026-02-04T20:18:20+00:00","description":"Mowglis summer camp for boys near Connecticut gives your child a positive way to burn off energy. Learn how our overnight camp program can help your son learn essential life skills.","breadcrumb":{"@id":"https:\/\/www.mowglis.org\/summer-camp-for-boys-near-connecticut\/#breadcrumb"},"inLanguage":"es","potentialAction":[{"@type":"ReadAction","target":["https:\/\/www.mowglis.org\/summer-camp-for-boys-near-connecticut\/"]}]},{"@type":"BreadcrumbList","@id":"https:\/\/www.mowglis.org\/summer-camp-for-boys-near-connecticut\/#breadcrumb","itemListElement":[{"@type":"ListItem","position":1,"name":"Home","item":"https:\/\/www.mowglis.org\/"},{"@type":"ListItem","position":2,"name":"Summer Camp for Boys Near Connecticut"}]},{"@type":"WebSite","@id":"https:\/\/www.mowglis.org\/#website","url":"https:\/\/www.mowglis.org\/","name":"Campamento Mowglis","description":"Campamento de verano Mowglis para ni\u00f1os, Nuevo Hampshire, EE. UU.","publisher":{"@id":"https:\/\/www.mowglis.org\/#organization"},"potentialAction":[{"@type":"SearchAction","target":{"@type":"EntryPoint","urlTemplate":"https:\/\/www.mowglis.org\/?s={search_term_string}"},"query-input":{"@type":"PropertyValueSpecification","valueRequired":true,"valueName":"search_term_string"}}],"inLanguage":"es"},{"@type":"Organization","@id":"https:\/\/www.mowglis.org\/#organization","name":"Campamento Mowglis","url":"https:\/\/www.mowglis.org\/","logo":{"@type":"ImageObject","inLanguage":"es","@id":"https:\/\/www.mowglis.org\/#\/schema\/logo\/image\/","url":"https:\/\/www.mowglis.org\/wp-content\/uploads\/2025\/01\/logo-web.svg","contentUrl":"https:\/\/www.mowglis.org\/wp-content\/uploads\/2025\/01\/logo-web.svg","width":156,"height":42,"caption":"Camp Mowglis"},"image":{"@id":"https:\/\/www.mowglis.org\/#\/schema\/logo\/image\/"}}]}},"_links":{"self":[{"href":"https:\/\/www.mowglis.org\/es\/wp-json\/wp\/v2\/pages\/16892","targetHints":{"allow":["GET"]}}],"collection":[{"href":"https:\/\/www.mowglis.org\/es\/wp-json\/wp\/v2\/pages"}],"about":[{"href":"https:\/\/www.mowglis.org\/es\/wp-json\/wp\/v2\/types\/page"}],"author":[{"embeddable":true,"href":"https:\/\/www.mowglis.org\/es\/wp-json\/wp\/v2\/users\/27"}],"replies":[{"embeddable":true,"href":"https:\/\/www.mowglis.org\/es\/wp-json\/wp\/v2\/comments?post=16892"}],"version-history":[{"count":0,"href":"https:\/\/www.mowglis.org\/es\/wp-json\/wp\/v2\/pages\/16892\/revisions"}],"wp:attachment":[{"href":"https:\/\/www.mowglis.org\/es\/wp-json\/wp\/v2\/media?parent=16892"}],"wp:term":[{"taxonomy":"quote-categoria","embeddable":true,"href":"https:\/\/www.mowglis.org\/es\/wp-json\/wp\/v2\/quote-categoria?post=16892"}],"curies":[{"name":"wp","href":"https:\/\/api.w.org\/{rel}","templated":true}]}}