{"id":16903,"date":"2023-06-21T10:47:44","date_gmt":"2023-06-21T14:47:44","guid":{"rendered":"https:\/\/www.mowglis.org\/?page_id=16903"},"modified":"2026-02-04T15:20:41","modified_gmt":"2026-02-04T20:20:41","slug":"summer-camp-for-boys-near-pennsylvania","status":"publish","type":"page","link":"https:\/\/www.mowglis.org\/es\/summer-camp-for-boys-near-pennsylvania\/","title":{"rendered":"Campamento de verano para ni\u00f1os cerca de Pensilvania"},"content":{"rendered":"<p>El campamento de verano Mowglis para ni\u00f1os cerca de Pensilvania ofrece a su hijo la oportunidad de escaparse y disfrutar de actividades emocionantes. <a href=\"https:\/\/www.mowglis.org\/es\/new-england-summer-camp-for-boys\/\">programa de campamento al aire libre para chicos<\/a> Para ni\u00f1os de 7 a 15 a\u00f1os, ofrece una experiencia de campamento tradicional con pernoctaci\u00f3n en un entorno seguro y supervisado. Se encuentra a tan solo 6-8 horas en coche o a una hora y media de vuelo desde Pensilvania.<\/p>\n<h2>Diversi\u00f3n de campamento de verano real y sin pantallas<\/h2>\n<p>Las experiencias de la vida real que su hijo tendr\u00e1 en nuestro <a href=\"https:\/\/www.mowglis.org\/es\/news\/unplugged-and-authentic-since-1903\/\">campamento de verano desconectado<\/a> Le brindar\u00e1 la oportunidad de reconectarse con los ritmos naturales de la vida. Aqu\u00ed, rodeado por la belleza de la Madre Naturaleza en las resplandecientes orillas del lago Newfound, a la sombra de las Monta\u00f1as Blancas, podr\u00e1 desplegar sus alas y aprender importantes lecciones de vida junto a nuestra acogedora comunidad de campamento nocturno.<\/p>\n<h3>Emocionantes aventuras en campamentos de verano con pernoctaci\u00f3n.<\/h3>\n<p>Lejos de las distracciones y el estr\u00e9s diarios, su hijo aprender\u00e1 a disfrutar de los placeres sencillos de la vida mientras se sumerge en emocionantes actividades de campamento. Aqu\u00ed aprender\u00e1 un sentido de independencia al gestionar decisiones y tareas diarias, fortaleci\u00e9ndose f\u00edsica y espiritualmente al descubrir nuevos intereses y talentos ocultos. Nuestro campamento residencial para ni\u00f1os ofrece una multitud de <a href=\"https:\/\/www.mowglis.org\/es\/prospective-families\/activitiesindustries\/\">actividades de acampada<\/a> que inspiren exploraci\u00f3n y crecimiento, desde <a href=\"https:\/\/www.mowglis.org\/es\/hiking-trips\/\">senderismo<\/a> Desde el remo hasta la nataci\u00f3n y el tiro con arco. Aqu\u00ed, el ensayo y error es parte de la vida cotidiana, y los ni\u00f1os se apoyan y animan mutuamente a medida que superan cada obst\u00e1culo.<\/p>\n<h3>Amistades de campamento de verano que duran toda la vida<\/h3>\n<p>En el campamento de verano nocturno Mowglis para ni\u00f1os, su hijo tiene la oportunidad de <a href=\"https:\/\/www.mowglis.org\/es\/current-families\/\">conocer nuevos amigos<\/a> m\u00e1s all\u00e1 de sus c\u00edrculos sociales habituales. Nuestro programa de campamento incluye ni\u00f1os de diversos or\u00edgenes y un amplio rango de edades. Esta din\u00e1mica \u00fanica reduce las presiones de aprendizaje y la ansiedad por el desempe\u00f1o, ya que los campistas mayores y m\u00e1s experimentados comparten conocimientos con los ni\u00f1os m\u00e1s peque\u00f1os e inexpertos. Una inscripci\u00f3n limitada de solo 110 ni\u00f1os fomenta una comunidad unida donde los ni\u00f1os aprenden a cuidarse y confiar los unos en los otros., <a href=\"https:\/\/www.mowglis.org\/es\/blog\/great-summer-fun-at-summer-camp\/\">afrontar los retos de los campamentos de verano<\/a> y celebrando juntos los \u00e9xitos.<\/p>\n<h3>Dale a tu hijo la oportunidad de crecer y explorar en un campamento al aire libre para ni\u00f1os.<\/h3>\n<p>No tienes que ir muy lejos para encontrar un gran <strong>Campamento de verano para ni\u00f1os cerca de Pensilvania<\/strong>. <a href=\"https:\/\/www.mowglis.org\/es\/contact\/\">Contacto<\/a> Comun\u00edquese con Camp Mowglis al 603-744-8095 para obtener m\u00e1s informaci\u00f3n sobre nuestro programa tradicional de campamento nocturno para ni\u00f1os o para inscribirse hoy mismo en la pr\u00f3xima temporada.<\/p>","protected":false},"excerpt":{"rendered":"<p>Mowglis summer camp for boys near Pennsylvania offers your son a chance to get away and enjoy exciting activities. Our outdoor boys\u2019 camp program for children ages 7 to 15 offers a traditional sleepaway camp experience in a safe, supervised environment. It&#8217;s just a 6\u20138-hour drive or a short hour-and-a-half flight from Pennsylvania. Real, Unplugged [&hellip;]<\/p>\n","protected":false},"author":33,"featured_media":6236,"parent":0,"menu_order":0,"comment_status":"closed","ping_status":"closed","template":"","meta":{"_acf_changed":false,"inline_featured_image":false,"footnotes":"","_wp_rev_ctl_limit":""},"quote-categoria":[280,254,281,287,277,285,268,292,264,289,293,294,274,279,283,297,275,267,276,286,296,290],"class_list":["post-16903","page","type-page","status-publish","has-post-thumbnail","hentry","quote-categoria-aventure","quote-categoria-archery","quote-categoria-arts-and-crafts","quote-categoria-axemanship","quote-categoria-bugling-and-music","quote-categoria-camping","quote-categoria-canoeing-kayaking","quote-categoria-confidence","quote-categoria-crew","quote-categoria-fencing","quote-categoria-fishing-and-flycasting","quote-categoria-mountaing-biking","quote-categoria-music","quote-categoria-nature","quote-categoria-photography","quote-categoria-rock-climbing","quote-categoria-rowboating","quote-categoria-sailing","quote-categoria-spirit","quote-categoria-activities-industries","quote-categoria-tennis","quote-categoria-tradition"],"acf":[],"yoast_head":"<!-- This site is optimized with the Yoast SEO plugin v27.5 - https:\/\/yoast.com\/product\/yoast-seo-wordpress\/ -->\n<title>Summer Camp for Boys Near Pennsylvania 603-744-8095 | Camp Mowglis | New Hampshire, New England, New York, New Jersey<\/title>\n<meta name=\"description\" content=\"Give your son a fun, positive way to burn off energy and learn something new at Mowglis summer camp for boys near Pennsylvania. Learn more about our outdoor boys\u2019 camp.\" \/>\n<meta name=\"robots\" content=\"index, follow, max-snippet:-1, max-image-preview:large, max-video-preview:-1\" \/>\n<link rel=\"canonical\" href=\"https:\/\/www.mowglis.org\/es\/summer-camp-for-boys-near-pennsylvania\/\" \/>\n<meta property=\"og:locale\" content=\"es_ES\" \/>\n<meta property=\"og:type\" content=\"article\" \/>\n<meta property=\"og:title\" content=\"Summer Camp for Boys Near Pennsylvania 603-744-8095 | Camp Mowglis | New Hampshire, New England, New York, New Jersey\" \/>\n<meta property=\"og:description\" content=\"Give your son a fun, positive way to burn off energy and learn something new at Mowglis summer camp for boys near Pennsylvania. Learn more about our outdoor boys\u2019 camp.\" \/>\n<meta property=\"og:url\" content=\"https:\/\/www.mowglis.org\/es\/summer-camp-for-boys-near-pennsylvania\/\" \/>\n<meta property=\"og:site_name\" content=\"Camp Mowglis\" \/>\n<meta property=\"article:modified_time\" content=\"2026-02-04T20:20:41+00:00\" \/>\n<meta property=\"og:image\" content=\"http:\/\/www.mowglis.org\/wp-content\/uploads\/2019\/02\/mowglis-inclusion-header.jpg\" \/>\n\t<meta property=\"og:image:width\" content=\"1920\" \/>\n\t<meta property=\"og:image:height\" content=\"614\" \/>\n\t<meta property=\"og:image:type\" content=\"image\/jpeg\" \/>\n<meta name=\"twitter:card\" content=\"summary_large_image\" \/>\n<meta name=\"twitter:label1\" content=\"Est. reading time\" \/>\n\t<meta name=\"twitter:data1\" content=\"2 minutos\" \/>\n<script type=\"application\/ld+json\" class=\"yoast-schema-graph\">{\"@context\":\"https:\\\/\\\/schema.org\",\"@graph\":[{\"@type\":\"WebPage\",\"@id\":\"https:\\\/\\\/www.mowglis.org\\\/summer-camp-for-boys-near-pennsylvania\\\/\",\"url\":\"https:\\\/\\\/www.mowglis.org\\\/summer-camp-for-boys-near-pennsylvania\\\/\",\"name\":\"Summer Camp for Boys Near Pennsylvania 603-744-8095 | Camp Mowglis | New Hampshire, New England, New York, New Jersey\",\"isPartOf\":{\"@id\":\"https:\\\/\\\/www.mowglis.org\\\/#website\"},\"primaryImageOfPage\":{\"@id\":\"https:\\\/\\\/www.mowglis.org\\\/summer-camp-for-boys-near-pennsylvania\\\/#primaryimage\"},\"image\":{\"@id\":\"https:\\\/\\\/www.mowglis.org\\\/summer-camp-for-boys-near-pennsylvania\\\/#primaryimage\"},\"thumbnailUrl\":\"https:\\\/\\\/www.mowglis.org\\\/wp-content\\\/uploads\\\/2019\\\/02\\\/mowglis-inclusion-header.jpg\",\"datePublished\":\"2023-06-21T14:47:44+00:00\",\"dateModified\":\"2026-02-04T20:20:41+00:00\",\"description\":\"Give your son a fun, positive way to burn off energy and learn something new at Mowglis summer camp for boys near Pennsylvania. Learn more about our outdoor boys\u2019 camp.\",\"breadcrumb\":{\"@id\":\"https:\\\/\\\/www.mowglis.org\\\/summer-camp-for-boys-near-pennsylvania\\\/#breadcrumb\"},\"inLanguage\":\"es\",\"potentialAction\":[{\"@type\":\"ReadAction\",\"target\":[\"https:\\\/\\\/www.mowglis.org\\\/summer-camp-for-boys-near-pennsylvania\\\/\"]}]},{\"@type\":\"ImageObject\",\"inLanguage\":\"es\",\"@id\":\"https:\\\/\\\/www.mowglis.org\\\/summer-camp-for-boys-near-pennsylvania\\\/#primaryimage\",\"url\":\"https:\\\/\\\/www.mowglis.org\\\/wp-content\\\/uploads\\\/2019\\\/02\\\/mowglis-inclusion-header.jpg\",\"contentUrl\":\"https:\\\/\\\/www.mowglis.org\\\/wp-content\\\/uploads\\\/2019\\\/02\\\/mowglis-inclusion-header.jpg\",\"width\":1920,\"height\":614,\"caption\":\"New Hampshire Summer Camp for Boys\"},{\"@type\":\"BreadcrumbList\",\"@id\":\"https:\\\/\\\/www.mowglis.org\\\/summer-camp-for-boys-near-pennsylvania\\\/#breadcrumb\",\"itemListElement\":[{\"@type\":\"ListItem\",\"position\":1,\"name\":\"Home\",\"item\":\"https:\\\/\\\/www.mowglis.org\\\/\"},{\"@type\":\"ListItem\",\"position\":2,\"name\":\"Summer Camp for Boys Near Pennsylvania\"}]},{\"@type\":\"WebSite\",\"@id\":\"https:\\\/\\\/www.mowglis.org\\\/#website\",\"url\":\"https:\\\/\\\/www.mowglis.org\\\/\",\"name\":\"Camp Mowglis\",\"description\":\"Camp Mowglis Summer Camp for Boys, New Hampshire, USA\",\"publisher\":{\"@id\":\"https:\\\/\\\/www.mowglis.org\\\/#organization\"},\"potentialAction\":[{\"@type\":\"SearchAction\",\"target\":{\"@type\":\"EntryPoint\",\"urlTemplate\":\"https:\\\/\\\/www.mowglis.org\\\/?s={search_term_string}\"},\"query-input\":{\"@type\":\"PropertyValueSpecification\",\"valueRequired\":true,\"valueName\":\"search_term_string\"}}],\"inLanguage\":\"es\"},{\"@type\":\"Organization\",\"@id\":\"https:\\\/\\\/www.mowglis.org\\\/#organization\",\"name\":\"Camp Mowglis\",\"url\":\"https:\\\/\\\/www.mowglis.org\\\/\",\"logo\":{\"@type\":\"ImageObject\",\"inLanguage\":\"es\",\"@id\":\"https:\\\/\\\/www.mowglis.org\\\/#\\\/schema\\\/logo\\\/image\\\/\",\"url\":\"https:\\\/\\\/www.mowglis.org\\\/wp-content\\\/uploads\\\/2025\\\/01\\\/logo-web.svg\",\"contentUrl\":\"https:\\\/\\\/www.mowglis.org\\\/wp-content\\\/uploads\\\/2025\\\/01\\\/logo-web.svg\",\"width\":156,\"height\":42,\"caption\":\"Camp Mowglis\"},\"image\":{\"@id\":\"https:\\\/\\\/www.mowglis.org\\\/#\\\/schema\\\/logo\\\/image\\\/\"}}]}<\/script>\n<!-- \/ Yoast SEO plugin. -->","yoast_head_json":{"title":"Summer Camp for Boys Near Pennsylvania 603-744-8095 | Camp Mowglis | New Hampshire, New England, New York, New Jersey","description":"Give your son a fun, positive way to burn off energy and learn something new at Mowglis summer camp for boys near Pennsylvania. Learn more about our outdoor boys\u2019 camp.","robots":{"index":"index","follow":"follow","max-snippet":"max-snippet:-1","max-image-preview":"max-image-preview:large","max-video-preview":"max-video-preview:-1"},"canonical":"https:\/\/www.mowglis.org\/es\/summer-camp-for-boys-near-pennsylvania\/","og_locale":"es_ES","og_type":"article","og_title":"Summer Camp for Boys Near Pennsylvania 603-744-8095 | Camp Mowglis | New Hampshire, New England, New York, New Jersey","og_description":"Give your son a fun, positive way to burn off energy and learn something new at Mowglis summer camp for boys near Pennsylvania. Learn more about our outdoor boys\u2019 camp.","og_url":"https:\/\/www.mowglis.org\/es\/summer-camp-for-boys-near-pennsylvania\/","og_site_name":"Camp Mowglis","article_modified_time":"2026-02-04T20:20:41+00:00","og_image":[{"width":1920,"height":614,"url":"http:\/\/www.mowglis.org\/wp-content\/uploads\/2019\/02\/mowglis-inclusion-header.jpg","type":"image\/jpeg"}],"twitter_card":"summary_large_image","twitter_misc":{"Est. reading time":"2 minutos"},"schema":{"@context":"https:\/\/schema.org","@graph":[{"@type":"WebPage","@id":"https:\/\/www.mowglis.org\/summer-camp-for-boys-near-pennsylvania\/","url":"https:\/\/www.mowglis.org\/summer-camp-for-boys-near-pennsylvania\/","name":"Summer Camp for Boys Near Pennsylvania 603-744-8095 | Camp Mowglis | New Hampshire, New England, New York, New Jersey","isPartOf":{"@id":"https:\/\/www.mowglis.org\/#website"},"primaryImageOfPage":{"@id":"https:\/\/www.mowglis.org\/summer-camp-for-boys-near-pennsylvania\/#primaryimage"},"image":{"@id":"https:\/\/www.mowglis.org\/summer-camp-for-boys-near-pennsylvania\/#primaryimage"},"thumbnailUrl":"https:\/\/www.mowglis.org\/wp-content\/uploads\/2019\/02\/mowglis-inclusion-header.jpg","datePublished":"2023-06-21T14:47:44+00:00","dateModified":"2026-02-04T20:20:41+00:00","description":"Give your son a fun, positive way to burn off energy and learn something new at Mowglis summer camp for boys near Pennsylvania. Learn more about our outdoor boys\u2019 camp.","breadcrumb":{"@id":"https:\/\/www.mowglis.org\/summer-camp-for-boys-near-pennsylvania\/#breadcrumb"},"inLanguage":"es","potentialAction":[{"@type":"ReadAction","target":["https:\/\/www.mowglis.org\/summer-camp-for-boys-near-pennsylvania\/"]}]},{"@type":"ImageObject","inLanguage":"es","@id":"https:\/\/www.mowglis.org\/summer-camp-for-boys-near-pennsylvania\/#primaryimage","url":"https:\/\/www.mowglis.org\/wp-content\/uploads\/2019\/02\/mowglis-inclusion-header.jpg","contentUrl":"https:\/\/www.mowglis.org\/wp-content\/uploads\/2019\/02\/mowglis-inclusion-header.jpg","width":1920,"height":614,"caption":"New Hampshire Summer Camp for Boys"},{"@type":"BreadcrumbList","@id":"https:\/\/www.mowglis.org\/summer-camp-for-boys-near-pennsylvania\/#breadcrumb","itemListElement":[{"@type":"ListItem","position":1,"name":"Home","item":"https:\/\/www.mowglis.org\/"},{"@type":"ListItem","position":2,"name":"Summer Camp for Boys Near Pennsylvania"}]},{"@type":"WebSite","@id":"https:\/\/www.mowglis.org\/#website","url":"https:\/\/www.mowglis.org\/","name":"Campamento Mowglis","description":"Campamento de verano Mowglis para ni\u00f1os, Nuevo Hampshire, EE. UU.","publisher":{"@id":"https:\/\/www.mowglis.org\/#organization"},"potentialAction":[{"@type":"SearchAction","target":{"@type":"EntryPoint","urlTemplate":"https:\/\/www.mowglis.org\/?s={search_term_string}"},"query-input":{"@type":"PropertyValueSpecification","valueRequired":true,"valueName":"search_term_string"}}],"inLanguage":"es"},{"@type":"Organization","@id":"https:\/\/www.mowglis.org\/#organization","name":"Campamento Mowglis","url":"https:\/\/www.mowglis.org\/","logo":{"@type":"ImageObject","inLanguage":"es","@id":"https:\/\/www.mowglis.org\/#\/schema\/logo\/image\/","url":"https:\/\/www.mowglis.org\/wp-content\/uploads\/2025\/01\/logo-web.svg","contentUrl":"https:\/\/www.mowglis.org\/wp-content\/uploads\/2025\/01\/logo-web.svg","width":156,"height":42,"caption":"Camp Mowglis"},"image":{"@id":"https:\/\/www.mowglis.org\/#\/schema\/logo\/image\/"}}]}},"_links":{"self":[{"href":"https:\/\/www.mowglis.org\/es\/wp-json\/wp\/v2\/pages\/16903","targetHints":{"allow":["GET"]}}],"collection":[{"href":"https:\/\/www.mowglis.org\/es\/wp-json\/wp\/v2\/pages"}],"about":[{"href":"https:\/\/www.mowglis.org\/es\/wp-json\/wp\/v2\/types\/page"}],"author":[{"embeddable":true,"href":"https:\/\/www.mowglis.org\/es\/wp-json\/wp\/v2\/users\/33"}],"replies":[{"embeddable":true,"href":"https:\/\/www.mowglis.org\/es\/wp-json\/wp\/v2\/comments?post=16903"}],"version-history":[{"count":0,"href":"https:\/\/www.mowglis.org\/es\/wp-json\/wp\/v2\/pages\/16903\/revisions"}],"wp:featuredmedia":[{"embeddable":true,"href":"https:\/\/www.mowglis.org\/es\/wp-json\/wp\/v2\/media\/6236"}],"wp:attachment":[{"href":"https:\/\/www.mowglis.org\/es\/wp-json\/wp\/v2\/media?parent=16903"}],"wp:term":[{"taxonomy":"quote-categoria","embeddable":true,"href":"https:\/\/www.mowglis.org\/es\/wp-json\/wp\/v2\/quote-categoria?post=16903"}],"curies":[{"name":"wp","href":"https:\/\/api.w.org\/{rel}","templated":true}]}}