{"id":17091,"date":"2024-04-26T17:02:08","date_gmt":"2024-04-26T21:02:08","guid":{"rendered":"https:\/\/www.mowglis.org\/?page_id=17091"},"modified":"2026-02-04T15:37:01","modified_gmt":"2026-02-04T20:37:01","slug":"what-can-you-expect-from-a-summer-camp-in-new-england","status":"publish","type":"page","link":"https:\/\/www.mowglis.org\/es\/what-can-you-expect-from-a-summer-camp-in-new-england\/","title":{"rendered":"\u00bfQu\u00e9 puedes esperar de un campamento de verano en Nueva Inglaterra?"},"content":{"rendered":"<p>\u00bfEst\u00e1 interesado en inscribir a su hijo en su primera sesi\u00f3n de campamento de verano? Quienes son nuevos en la experiencia de un campamento con pernoctaci\u00f3n suelen tener muchas preguntas. Nuestro personal y los participantes del campamento de verano est\u00e1n aqu\u00ed para ayudar, brindando informaci\u00f3n pr\u00e1ctica sobre lo que puede esperar de un campamento. <a href=\"https:\/\/www.mowglis.org\/es\/boys-summer-camp-in-new-england\/\">campamento de verano en Nueva Inglaterra<\/a> Para ni\u00f1os de 7 a 16 a\u00f1os.<\/p>\n<h3>Diversi\u00f3n al aire libre a la antigua usanza, sin tecnolog\u00eda.<\/h3>\n<p>Dile adi\u00f3s a las redes sociales, los mensajes de texto, los juegos en l\u00ednea y las series en streaming. El campus arbolado de Mowglis, ubicado a la sombra de las estribaciones a orillas del lago Newfound, ofrece el lugar perfecto para obtener una nueva perspectiva y reconectar con las alegr\u00edas de la vida real. Nuestra &quot;escuela al aire libre&quot; fomenta un sentido de conexi\u00f3n m\u00e1s profundo, ofreciendo <a href=\"https:\/\/www.mowglis.org\/es\/blog\/whats-the-value-of-a-sleepaway-camp\/\">una educaci\u00f3n como ninguna otra<\/a>. Al vivir en el bosque, rodeado de las vistas y los sonidos de la naturaleza y completamente inmerso en experiencias aut\u00e9nticas, su hijo descubrir\u00e1 que es posible divertirse much\u00edsimo sin tecnolog\u00eda. Podr\u00e1 desconectarse en nuestro campamento de verano en Nueva Inglaterra, lejos de las constantes distracciones tecnol\u00f3gicas, y as\u00ed desarrollar h\u00e1bitos diarios m\u00e1s saludables.<\/p>\n<h3>Nuevas conexiones sociales<\/h3>\n<p>Las relaciones son una de las mejores cosas que construimos en nuestro campamento de verano para ni\u00f1os. Nuestra sesi\u00f3n de 7 semanas con solo 110 campistas de diferentes or\u00edgenes y culturas facilita una din\u00e1mica \u00fanica. Aqu\u00ed, lejos de sus entornos sociales habituales, <a href=\"https:\/\/www.mowglis.org\/es\/blog\/quantifying-the-positive-impact-of-mowglis-summer-camp\/\">Tu hijo aprender\u00e1<\/a> lo que significa formar parte de una comunidad m\u00e1s amplia, aprender de modelos a seguir positivos e interactuar con ni\u00f1os de todas las edades. Nuestro programa de campamento nocturno fomenta una comunidad solidaria y unida a la que los ni\u00f1os esperan regresar a\u00f1o tras a\u00f1o. Campistas sin experiencia <a href=\"https:\/\/www.mowglis.org\/es\/blog\/fun-boys-summer-camp-activities\/\">Explora actividades y adquiere nuevas habilidades.<\/a> Con la ayuda de los chicos mayores, los participantes m\u00e1s experimentados ayudan a los ni\u00f1os m\u00e1s peque\u00f1os a desenvolverse en las actividades diarias y a afrontar los retos de pasar tiempo lejos de la familia. Superar obst\u00e1culos y alcanzar logros juntos fomenta habilidades sociales esenciales como la empat\u00eda, el autocontrol, la cooperaci\u00f3n y la capacidad de llegar a acuerdos, sentando as\u00ed las bases para amistades s\u00f3lidas y duraderas.<\/p>\n<h2>Experiencias inolvidables en campamentos de verano<\/h2>\n<p>Nuestro programa est\u00e1 dise\u00f1ado para ser divertido y desarrollar las habilidades esenciales para la vida necesarias para convertirse en un adulto seguro y exitoso. En Mowglis, su hijo puede desplegar sus alas, <a href=\"https:\/\/www.mowglis.org\/es\/blog\/try-something-new-at-camp-mowglis\/\">Prueba algo nuevo<\/a>, y descubrir intereses y talentos ocultos, disfrutando de:<\/p>\n<h4>Actividades diarias emocionantes<\/h4>\n<p>Ofrecemos <a href=\"https:\/\/www.mowglis.org\/es\/prospective-families\/activitiesindustries\/\">21 industrias que fomentan la confianza<\/a> que permiten a su hijo tener experiencias que normalmente no est\u00e1n disponibles en casa, como tiro con arco, manejo de hachas, esgrima y tiro con rifle.<\/p>\n<h4>Un paseo por el lado salvaje<\/h4>\n<p>Nuestro campus arbolado y los parques y senderos circundantes ofrecen el entorno perfecto para aprender los aspectos esenciales de <a href=\"https:\/\/www.mowglis.org\/es\/hiking-trips\/\">senderismo<\/a>, escalada en roca, primeros auxilios en entornos naturales y t\u00e9cnicas de supervivencia en un entorno seguro y supervisado.<\/p>\n<h4>Risas a orillas del lago<\/h4>\n<p>Las carreras de nataci\u00f3n y las competiciones de clavados durante el ba\u00f1o, as\u00ed como los divertidos percances en canoa y vela, le dejar\u00e1n a su hijo muchos recuerdos entra\u00f1ables. <a href=\"https:\/\/www.mowglis.org\/es\/blog\/what-are-your-summer-camp-memories\/\">recuerdos del campamento de verano<\/a> para compartir.<\/p>\n<h4>Competencia amistosa<\/h4>\n<p>Los entrenamientos diarios de remo, en preparaci\u00f3n para las pr\u00f3ximas regatas y competiciones, motivan a nuestros chicos a superarse a s\u00ed mismos con la esperanza de ayudar a su equipo a alzarse con la victoria.<\/p>\n<h4>Tardes junto a la fogata<\/h4>\n<p>No hay nada m\u00e1s relajante que terminar el d\u00eda cantando canciones mientras se comparten malvaviscos asados e historias alrededor de la fogata.<\/p>\n<p>Evita la misma rutina aburrida de verano en el campamento nocturno para chicos Mowglis en Nueva Inglaterra.<\/p>\n<p>Si tiene m\u00e1s preguntas sobre <strong>lo que puedes esperar de un campamento de verano en Nueva Inglaterra, <\/strong>Comun\u00edquese con nuestros amables consejeros del campamento de verano para ni\u00f1os o con el director del programa, Nick Robbins, en cualquier momento. Comun\u00edquese con Camp Mowglis al 603-744-8095 para <a href=\"https:\/\/www.mowglis.org\/es\/contact\/\">Aprende m\u00e1s<\/a> y reserva tu plaza hoy mismo.<\/p>\n<p>&nbsp;<\/p>","protected":false},"excerpt":{"rendered":"<p>Are you interested in signing your son up for his first summer camp session? Those new to the sleepaway camp experience often have many questions. Our summer camp staff and attendees are here to help, providing real-life insight on what you can expect from a summer camp in New England for boys aged 7-16. Old [&hellip;]<\/p>\n","protected":false},"author":33,"featured_media":0,"parent":0,"menu_order":0,"comment_status":"closed","ping_status":"closed","template":"","meta":{"_acf_changed":false,"inline_featured_image":false,"footnotes":"","_wp_rev_ctl_limit":""},"quote-categoria":[280,254,281,287,277,285,268,292,264,289,293,294,274,279,283,297,275,267,276,286,296,290],"class_list":["post-17091","page","type-page","status-publish","hentry","quote-categoria-aventure","quote-categoria-archery","quote-categoria-arts-and-crafts","quote-categoria-axemanship","quote-categoria-bugling-and-music","quote-categoria-camping","quote-categoria-canoeing-kayaking","quote-categoria-confidence","quote-categoria-crew","quote-categoria-fencing","quote-categoria-fishing-and-flycasting","quote-categoria-mountaing-biking","quote-categoria-music","quote-categoria-nature","quote-categoria-photography","quote-categoria-rock-climbing","quote-categoria-rowboating","quote-categoria-sailing","quote-categoria-spirit","quote-categoria-activities-industries","quote-categoria-tennis","quote-categoria-tradition"],"acf":[],"yoast_head":"<!-- This site is optimized with the Yoast SEO plugin v27.5 - https:\/\/yoast.com\/product\/yoast-seo-wordpress\/ -->\n<title>What Can You Expect from a Summer Camp in New England? 603-744-8095 | Camp Mowglis | New Hampshire, Massachusetts, Rhode Island, Vermont, Connecticut, Maine<\/title>\n<meta name=\"description\" content=\"Are you new to sleepaway camp? Learn what you can expect from a summer camp in New England from Mowglis American Camp Association-accredited boys\u2019 overnight camp.\" \/>\n<meta name=\"robots\" content=\"index, follow, max-snippet:-1, max-image-preview:large, max-video-preview:-1\" \/>\n<link rel=\"canonical\" href=\"https:\/\/www.mowglis.org\/es\/what-can-you-expect-from-a-summer-camp-in-new-england\/\" \/>\n<meta property=\"og:locale\" content=\"es_ES\" \/>\n<meta property=\"og:type\" content=\"article\" \/>\n<meta property=\"og:title\" content=\"What Can You Expect from a Summer Camp in New England? 603-744-8095 | Camp Mowglis | New Hampshire, Massachusetts, Rhode Island, Vermont, Connecticut, Maine\" \/>\n<meta property=\"og:description\" content=\"Are you new to sleepaway camp? Learn what you can expect from a summer camp in New England from Mowglis American Camp Association-accredited boys\u2019 overnight camp.\" \/>\n<meta property=\"og:url\" content=\"https:\/\/www.mowglis.org\/es\/what-can-you-expect-from-a-summer-camp-in-new-england\/\" \/>\n<meta property=\"og:site_name\" content=\"Camp Mowglis\" \/>\n<meta property=\"article:modified_time\" content=\"2026-02-04T20:37:01+00:00\" \/>\n<meta name=\"twitter:card\" content=\"summary_large_image\" \/>\n<meta name=\"twitter:label1\" content=\"Est. reading time\" \/>\n\t<meta name=\"twitter:data1\" content=\"3 minutos\" \/>\n<script type=\"application\/ld+json\" class=\"yoast-schema-graph\">{\"@context\":\"https:\\\/\\\/schema.org\",\"@graph\":[{\"@type\":\"WebPage\",\"@id\":\"https:\\\/\\\/www.mowglis.org\\\/what-can-you-expect-from-a-summer-camp-in-new-england\\\/\",\"url\":\"https:\\\/\\\/www.mowglis.org\\\/what-can-you-expect-from-a-summer-camp-in-new-england\\\/\",\"name\":\"What Can You Expect from a Summer Camp in New England? 603-744-8095 | Camp Mowglis | New Hampshire, Massachusetts, Rhode Island, Vermont, Connecticut, Maine\",\"isPartOf\":{\"@id\":\"https:\\\/\\\/www.mowglis.org\\\/#website\"},\"datePublished\":\"2024-04-26T21:02:08+00:00\",\"dateModified\":\"2026-02-04T20:37:01+00:00\",\"description\":\"Are you new to sleepaway camp? Learn what you can expect from a summer camp in New England from Mowglis American Camp Association-accredited boys\u2019 overnight camp.\",\"breadcrumb\":{\"@id\":\"https:\\\/\\\/www.mowglis.org\\\/what-can-you-expect-from-a-summer-camp-in-new-england\\\/#breadcrumb\"},\"inLanguage\":\"es\",\"potentialAction\":[{\"@type\":\"ReadAction\",\"target\":[\"https:\\\/\\\/www.mowglis.org\\\/what-can-you-expect-from-a-summer-camp-in-new-england\\\/\"]}]},{\"@type\":\"BreadcrumbList\",\"@id\":\"https:\\\/\\\/www.mowglis.org\\\/what-can-you-expect-from-a-summer-camp-in-new-england\\\/#breadcrumb\",\"itemListElement\":[{\"@type\":\"ListItem\",\"position\":1,\"name\":\"Home\",\"item\":\"https:\\\/\\\/www.mowglis.org\\\/\"},{\"@type\":\"ListItem\",\"position\":2,\"name\":\"What Can You Expect from a Summer Camp in New England?\"}]},{\"@type\":\"WebSite\",\"@id\":\"https:\\\/\\\/www.mowglis.org\\\/#website\",\"url\":\"https:\\\/\\\/www.mowglis.org\\\/\",\"name\":\"Camp Mowglis\",\"description\":\"Camp Mowglis Summer Camp for Boys, New Hampshire, USA\",\"publisher\":{\"@id\":\"https:\\\/\\\/www.mowglis.org\\\/#organization\"},\"potentialAction\":[{\"@type\":\"SearchAction\",\"target\":{\"@type\":\"EntryPoint\",\"urlTemplate\":\"https:\\\/\\\/www.mowglis.org\\\/?s={search_term_string}\"},\"query-input\":{\"@type\":\"PropertyValueSpecification\",\"valueRequired\":true,\"valueName\":\"search_term_string\"}}],\"inLanguage\":\"es\"},{\"@type\":\"Organization\",\"@id\":\"https:\\\/\\\/www.mowglis.org\\\/#organization\",\"name\":\"Camp Mowglis\",\"url\":\"https:\\\/\\\/www.mowglis.org\\\/\",\"logo\":{\"@type\":\"ImageObject\",\"inLanguage\":\"es\",\"@id\":\"https:\\\/\\\/www.mowglis.org\\\/#\\\/schema\\\/logo\\\/image\\\/\",\"url\":\"https:\\\/\\\/www.mowglis.org\\\/wp-content\\\/uploads\\\/2025\\\/01\\\/logo-web.svg\",\"contentUrl\":\"https:\\\/\\\/www.mowglis.org\\\/wp-content\\\/uploads\\\/2025\\\/01\\\/logo-web.svg\",\"width\":156,\"height\":42,\"caption\":\"Camp Mowglis\"},\"image\":{\"@id\":\"https:\\\/\\\/www.mowglis.org\\\/#\\\/schema\\\/logo\\\/image\\\/\"}}]}<\/script>\n<!-- \/ Yoast SEO plugin. -->","yoast_head_json":{"title":"What Can You Expect from a Summer Camp in New England? 603-744-8095 | Camp Mowglis | New Hampshire, Massachusetts, Rhode Island, Vermont, Connecticut, Maine","description":"Are you new to sleepaway camp? Learn what you can expect from a summer camp in New England from Mowglis American Camp Association-accredited boys\u2019 overnight camp.","robots":{"index":"index","follow":"follow","max-snippet":"max-snippet:-1","max-image-preview":"max-image-preview:large","max-video-preview":"max-video-preview:-1"},"canonical":"https:\/\/www.mowglis.org\/es\/what-can-you-expect-from-a-summer-camp-in-new-england\/","og_locale":"es_ES","og_type":"article","og_title":"What Can You Expect from a Summer Camp in New England? 603-744-8095 | Camp Mowglis | New Hampshire, Massachusetts, Rhode Island, Vermont, Connecticut, Maine","og_description":"Are you new to sleepaway camp? Learn what you can expect from a summer camp in New England from Mowglis American Camp Association-accredited boys\u2019 overnight camp.","og_url":"https:\/\/www.mowglis.org\/es\/what-can-you-expect-from-a-summer-camp-in-new-england\/","og_site_name":"Camp Mowglis","article_modified_time":"2026-02-04T20:37:01+00:00","twitter_card":"summary_large_image","twitter_misc":{"Est. reading time":"3 minutos"},"schema":{"@context":"https:\/\/schema.org","@graph":[{"@type":"WebPage","@id":"https:\/\/www.mowglis.org\/what-can-you-expect-from-a-summer-camp-in-new-england\/","url":"https:\/\/www.mowglis.org\/what-can-you-expect-from-a-summer-camp-in-new-england\/","name":"What Can You Expect from a Summer Camp in New England? 603-744-8095 | Camp Mowglis | New Hampshire, Massachusetts, Rhode Island, Vermont, Connecticut, Maine","isPartOf":{"@id":"https:\/\/www.mowglis.org\/#website"},"datePublished":"2024-04-26T21:02:08+00:00","dateModified":"2026-02-04T20:37:01+00:00","description":"Are you new to sleepaway camp? Learn what you can expect from a summer camp in New England from Mowglis American Camp Association-accredited boys\u2019 overnight camp.","breadcrumb":{"@id":"https:\/\/www.mowglis.org\/what-can-you-expect-from-a-summer-camp-in-new-england\/#breadcrumb"},"inLanguage":"es","potentialAction":[{"@type":"ReadAction","target":["https:\/\/www.mowglis.org\/what-can-you-expect-from-a-summer-camp-in-new-england\/"]}]},{"@type":"BreadcrumbList","@id":"https:\/\/www.mowglis.org\/what-can-you-expect-from-a-summer-camp-in-new-england\/#breadcrumb","itemListElement":[{"@type":"ListItem","position":1,"name":"Home","item":"https:\/\/www.mowglis.org\/"},{"@type":"ListItem","position":2,"name":"What Can You Expect from a Summer Camp in New England?"}]},{"@type":"WebSite","@id":"https:\/\/www.mowglis.org\/#website","url":"https:\/\/www.mowglis.org\/","name":"Campamento Mowglis","description":"Campamento de verano Mowglis para ni\u00f1os, Nuevo Hampshire, EE. UU.","publisher":{"@id":"https:\/\/www.mowglis.org\/#organization"},"potentialAction":[{"@type":"SearchAction","target":{"@type":"EntryPoint","urlTemplate":"https:\/\/www.mowglis.org\/?s={search_term_string}"},"query-input":{"@type":"PropertyValueSpecification","valueRequired":true,"valueName":"search_term_string"}}],"inLanguage":"es"},{"@type":"Organization","@id":"https:\/\/www.mowglis.org\/#organization","name":"Campamento Mowglis","url":"https:\/\/www.mowglis.org\/","logo":{"@type":"ImageObject","inLanguage":"es","@id":"https:\/\/www.mowglis.org\/#\/schema\/logo\/image\/","url":"https:\/\/www.mowglis.org\/wp-content\/uploads\/2025\/01\/logo-web.svg","contentUrl":"https:\/\/www.mowglis.org\/wp-content\/uploads\/2025\/01\/logo-web.svg","width":156,"height":42,"caption":"Camp Mowglis"},"image":{"@id":"https:\/\/www.mowglis.org\/#\/schema\/logo\/image\/"}}]}},"_links":{"self":[{"href":"https:\/\/www.mowglis.org\/es\/wp-json\/wp\/v2\/pages\/17091","targetHints":{"allow":["GET"]}}],"collection":[{"href":"https:\/\/www.mowglis.org\/es\/wp-json\/wp\/v2\/pages"}],"about":[{"href":"https:\/\/www.mowglis.org\/es\/wp-json\/wp\/v2\/types\/page"}],"author":[{"embeddable":true,"href":"https:\/\/www.mowglis.org\/es\/wp-json\/wp\/v2\/users\/33"}],"replies":[{"embeddable":true,"href":"https:\/\/www.mowglis.org\/es\/wp-json\/wp\/v2\/comments?post=17091"}],"version-history":[{"count":0,"href":"https:\/\/www.mowglis.org\/es\/wp-json\/wp\/v2\/pages\/17091\/revisions"}],"wp:attachment":[{"href":"https:\/\/www.mowglis.org\/es\/wp-json\/wp\/v2\/media?parent=17091"}],"wp:term":[{"taxonomy":"quote-categoria","embeddable":true,"href":"https:\/\/www.mowglis.org\/es\/wp-json\/wp\/v2\/quote-categoria?post=17091"}],"curies":[{"name":"wp","href":"https:\/\/api.w.org\/{rel}","templated":true}]}}