{"id":17092,"date":"2024-04-26T17:03:58","date_gmt":"2024-04-26T21:03:58","guid":{"rendered":"https:\/\/www.mowglis.org\/?page_id=17092"},"modified":"2026-02-04T15:02:30","modified_gmt":"2026-02-04T20:02:30","slug":"sleepaway-camp-for-boys-near-boston","status":"publish","type":"page","link":"https:\/\/www.mowglis.org\/es\/sleepaway-camp-for-boys-near-boston\/","title":{"rendered":"Campamento residencial para ni\u00f1os cerca de Boston"},"content":{"rendered":"<p>Dale a tu hijo la oportunidad de romper con su rutina habitual y probar algo nuevo en el Campamento Mowglis. <a href=\"https:\/\/www.mowglis.org\/es\/boys-summer-camp-near-boston\/\">campamento residencial para chicos cerca de Boston<\/a> Se encuentra a tan solo dos horas en coche, en Hebron, NH. Ofrecemos un programa de campamento tradicional con alojamiento para ni\u00f1os de 7 a 16 a\u00f1os, con actividades divertidas y estimulantes en un entorno seguro y supervisado.<\/p>\n<h2>Aventuras reales en un campamento de verano<\/h2>\n<p>Mowgli\u2019 <a href=\"https:\/\/www.mowglis.org\/es\/news\/unplugged-and-authentic-since-1903\/\">campamento de verano sin tecnolog\u00eda<\/a> Nuestro entorno ofrece a los chicos de Boston el lugar perfecto para desconectarse y volver a los ritmos naturales de la vida. <a href=\"https:\/\/www.mowglis.org\/es\/camp-mowglis-facilities\/\">instalaciones de campamento con vistas panor\u00e1micas<\/a>, Situados en la resplandeciente orilla del lago Newfound, al pie de las Monta\u00f1as Blancas, ofrecen el entorno ideal para escapar del estr\u00e9s diario y del atractivo constante de las pantallas, y evitar la t\u00edpica rutina veraniega.<\/p>\n<h3>Actividades emocionantes en el campamento de verano para ni\u00f1os<\/h3>\n<p>En nuestro campamento al aire libre para ni\u00f1os cerca de Boston, su hijo disfrutar\u00e1 de la oportunidad de probar cosas nuevas y vivir aventuras inolvidables. <a href=\"https:\/\/www.mowglis.org\/es\/blog\/what-are-your-summer-camp-memories\/\">recordar para siempre<\/a>:<\/p>\n<ul>\n<li>Nadar<\/li>\n<li>Pesca<\/li>\n<li><a href=\"https:\/\/www.mowglis.org\/es\/hiking-trips\/\">excursiones de senderismo<\/a><\/li>\n<li>Pirag\u00fcismo y kayak<\/li>\n<li>Navegaci\u00f3n<\/li>\n<li>Multitud<\/li>\n<li>Escalada de roca<\/li>\n<li>Tiro al arco<\/li>\n<li>Esgrima<\/li>\n<li>Manejo del hacha<\/li>\n<li>Fusiler\u00eda<\/li>\n<li>carpinter\u00eda<\/li>\n<li>Y mucho m\u00e1s<\/li>\n<\/ul>\n<p>Con cada Mowglis <a href=\"https:\/\/www.mowglis.org\/es\/prospective-families\/activitiesindustries\/\">actividad del campamento<\/a>, Tu hijo descubrir\u00e1 intereses desconocidos y talentos ocultos. A medida que \u00e9l y sus compa\u00f1eros superen desaf\u00edos f\u00edsicos y mentales, desarrollar\u00e1 un sentido de responsabilidad y confianza. En el camino, ganar\u00e1 insignias similares a las de los scouts que conmemoran sus logros, lo que lo inspirar\u00e1 a probar cosas nuevas y alcanzar nuevas metas.<\/p>\n<h3>El lugar perfecto para desarrollar habilidades y relaciones.<\/h3>\n<p>Mientras est\u00e9 fuera de Boston en un campamento de verano con pernoctaci\u00f3n, su hijo podr\u00e1 <a href=\"https:\/\/www.mowglis.org\/es\/blog\/why-send-your-son-to-an-overnight-camp-2022\/\">conocer gente nueva<\/a>, tomar\u00e1 sus propias decisiones y gestionar\u00e1 su horario, desde las tareas diarias hasta la elecci\u00f3n de las opciones de comida y las actividades de tiempo libre. Encontrar\u00e1 su lugar en nuestra comunidad de campamento unida de 110 chicos, entablando amistades fuera de sus entornos sociales habituales. Estas nuevas relaciones y responsabilidades le permitir\u00e1n... <a href=\"https:\/\/www.mowglis.org\/es\/blog\/quantifying-the-positive-impact-of-mowglis-summer-camp\/\">Abre tu hijo<\/a> al mundo exterior. A medida que afronta los obst\u00e1culos diarios con la familia del campamento de verano de sus hijos, se convertir\u00e1 en un joven m\u00e1s reflexivo, paciente, servicial y agradecido.<\/p>\n<h3>Explora y crece en nuestro campamento al aire libre para chicos cerca de Boston.<\/h3>\n<p>No dejes que tu hijo se pierda una experiencia inolvidable en un campamento de verano, repleta de importantes lecciones de vida. <a href=\"https:\/\/www.mowglis.org\/es\/contact\/\">Cont\u00e1ctanos<\/a> Llame hoy mismo al 603-744-8095 para asegurar su lugar en el Campamento Mowglis. <strong>campamento residencial para chicos cerca de Boston<\/strong>. Tenemos plazas limitadas, por lo que se agotan r\u00e1pidamente.<\/p>","protected":false},"excerpt":{"rendered":"<p>Give your son the opportunity to break free from his usual routine and try something new at Camp Mowglis. Our sleepaway camp for boys near Boston is just a short, two-hour drive away in Hebron, NH. We offer a traditional overnight camp program for boys ages 7 to 16, providing fun, stimulating activities in a [&hellip;]<\/p>\n","protected":false},"author":33,"featured_media":0,"parent":0,"menu_order":0,"comment_status":"closed","ping_status":"closed","template":"","meta":{"_acf_changed":false,"inline_featured_image":false,"footnotes":"","_wp_rev_ctl_limit":""},"quote-categoria":[280,254,281,287,277,285,268,292,264,289,293,294,274,279,283,297,275,267,276,286,296,290],"class_list":["post-17092","page","type-page","status-publish","hentry","quote-categoria-aventure","quote-categoria-archery","quote-categoria-arts-and-crafts","quote-categoria-axemanship","quote-categoria-bugling-and-music","quote-categoria-camping","quote-categoria-canoeing-kayaking","quote-categoria-confidence","quote-categoria-crew","quote-categoria-fencing","quote-categoria-fishing-and-flycasting","quote-categoria-mountaing-biking","quote-categoria-music","quote-categoria-nature","quote-categoria-photography","quote-categoria-rock-climbing","quote-categoria-rowboating","quote-categoria-sailing","quote-categoria-spirit","quote-categoria-activities-industries","quote-categoria-tennis","quote-categoria-tradition"],"acf":[],"yoast_head":"<!-- This site is optimized with the Yoast SEO plugin v27.5 - https:\/\/yoast.com\/product\/yoast-seo-wordpress\/ -->\n<title>Sleepaway Camp for Boys Near Boston 603-744-8095 | Camp Mowglis | New Hampshire, New England<\/title>\n<meta name=\"description\" content=\"Avoid the summer technology rut. Give your child a positive way to spend time while learning essential life skills at Mowglis sleepaway camp for boys near Boston.\" \/>\n<meta name=\"robots\" content=\"index, follow, max-snippet:-1, max-image-preview:large, max-video-preview:-1\" \/>\n<link rel=\"canonical\" href=\"https:\/\/www.mowglis.org\/es\/sleepaway-camp-for-boys-near-boston\/\" \/>\n<meta property=\"og:locale\" content=\"es_ES\" \/>\n<meta property=\"og:type\" content=\"article\" \/>\n<meta property=\"og:title\" content=\"Sleepaway Camp for Boys Near Boston 603-744-8095 | Camp Mowglis | New Hampshire, New England\" \/>\n<meta property=\"og:description\" content=\"Avoid the summer technology rut. Give your child a positive way to spend time while learning essential life skills at Mowglis sleepaway camp for boys near Boston.\" \/>\n<meta property=\"og:url\" content=\"https:\/\/www.mowglis.org\/es\/sleepaway-camp-for-boys-near-boston\/\" \/>\n<meta property=\"og:site_name\" content=\"Camp Mowglis\" \/>\n<meta property=\"article:modified_time\" content=\"2026-02-04T20:02:30+00:00\" \/>\n<meta name=\"twitter:card\" content=\"summary_large_image\" \/>\n<meta name=\"twitter:label1\" content=\"Est. reading time\" \/>\n\t<meta name=\"twitter:data1\" content=\"2 minutos\" \/>\n<script type=\"application\/ld+json\" class=\"yoast-schema-graph\">{\"@context\":\"https:\\\/\\\/schema.org\",\"@graph\":[{\"@type\":\"WebPage\",\"@id\":\"https:\\\/\\\/www.mowglis.org\\\/sleepaway-camp-for-boys-near-boston\\\/\",\"url\":\"https:\\\/\\\/www.mowglis.org\\\/sleepaway-camp-for-boys-near-boston\\\/\",\"name\":\"Sleepaway Camp for Boys Near Boston 603-744-8095 | Camp Mowglis | New Hampshire, New England\",\"isPartOf\":{\"@id\":\"https:\\\/\\\/www.mowglis.org\\\/#website\"},\"datePublished\":\"2024-04-26T21:03:58+00:00\",\"dateModified\":\"2026-02-04T20:02:30+00:00\",\"description\":\"Avoid the summer technology rut. Give your child a positive way to spend time while learning essential life skills at Mowglis sleepaway camp for boys near Boston.\",\"breadcrumb\":{\"@id\":\"https:\\\/\\\/www.mowglis.org\\\/sleepaway-camp-for-boys-near-boston\\\/#breadcrumb\"},\"inLanguage\":\"es\",\"potentialAction\":[{\"@type\":\"ReadAction\",\"target\":[\"https:\\\/\\\/www.mowglis.org\\\/sleepaway-camp-for-boys-near-boston\\\/\"]}]},{\"@type\":\"BreadcrumbList\",\"@id\":\"https:\\\/\\\/www.mowglis.org\\\/sleepaway-camp-for-boys-near-boston\\\/#breadcrumb\",\"itemListElement\":[{\"@type\":\"ListItem\",\"position\":1,\"name\":\"Home\",\"item\":\"https:\\\/\\\/www.mowglis.org\\\/\"},{\"@type\":\"ListItem\",\"position\":2,\"name\":\"Sleepaway Camp for Boys Near Boston\"}]},{\"@type\":\"WebSite\",\"@id\":\"https:\\\/\\\/www.mowglis.org\\\/#website\",\"url\":\"https:\\\/\\\/www.mowglis.org\\\/\",\"name\":\"Camp Mowglis\",\"description\":\"Camp Mowglis Summer Camp for Boys, New Hampshire, USA\",\"publisher\":{\"@id\":\"https:\\\/\\\/www.mowglis.org\\\/#organization\"},\"potentialAction\":[{\"@type\":\"SearchAction\",\"target\":{\"@type\":\"EntryPoint\",\"urlTemplate\":\"https:\\\/\\\/www.mowglis.org\\\/?s={search_term_string}\"},\"query-input\":{\"@type\":\"PropertyValueSpecification\",\"valueRequired\":true,\"valueName\":\"search_term_string\"}}],\"inLanguage\":\"es\"},{\"@type\":\"Organization\",\"@id\":\"https:\\\/\\\/www.mowglis.org\\\/#organization\",\"name\":\"Camp Mowglis\",\"url\":\"https:\\\/\\\/www.mowglis.org\\\/\",\"logo\":{\"@type\":\"ImageObject\",\"inLanguage\":\"es\",\"@id\":\"https:\\\/\\\/www.mowglis.org\\\/#\\\/schema\\\/logo\\\/image\\\/\",\"url\":\"https:\\\/\\\/www.mowglis.org\\\/wp-content\\\/uploads\\\/2025\\\/01\\\/logo-web.svg\",\"contentUrl\":\"https:\\\/\\\/www.mowglis.org\\\/wp-content\\\/uploads\\\/2025\\\/01\\\/logo-web.svg\",\"width\":156,\"height\":42,\"caption\":\"Camp Mowglis\"},\"image\":{\"@id\":\"https:\\\/\\\/www.mowglis.org\\\/#\\\/schema\\\/logo\\\/image\\\/\"}}]}<\/script>\n<!-- \/ Yoast SEO plugin. -->","yoast_head_json":{"title":"Sleepaway Camp for Boys Near Boston 603-744-8095 | Camp Mowglis | New Hampshire, New England","description":"Avoid the summer technology rut. Give your child a positive way to spend time while learning essential life skills at Mowglis sleepaway camp for boys near Boston.","robots":{"index":"index","follow":"follow","max-snippet":"max-snippet:-1","max-image-preview":"max-image-preview:large","max-video-preview":"max-video-preview:-1"},"canonical":"https:\/\/www.mowglis.org\/es\/sleepaway-camp-for-boys-near-boston\/","og_locale":"es_ES","og_type":"article","og_title":"Sleepaway Camp for Boys Near Boston 603-744-8095 | Camp Mowglis | New Hampshire, New England","og_description":"Avoid the summer technology rut. Give your child a positive way to spend time while learning essential life skills at Mowglis sleepaway camp for boys near Boston.","og_url":"https:\/\/www.mowglis.org\/es\/sleepaway-camp-for-boys-near-boston\/","og_site_name":"Camp Mowglis","article_modified_time":"2026-02-04T20:02:30+00:00","twitter_card":"summary_large_image","twitter_misc":{"Est. reading time":"2 minutos"},"schema":{"@context":"https:\/\/schema.org","@graph":[{"@type":"WebPage","@id":"https:\/\/www.mowglis.org\/sleepaway-camp-for-boys-near-boston\/","url":"https:\/\/www.mowglis.org\/sleepaway-camp-for-boys-near-boston\/","name":"Sleepaway Camp for Boys Near Boston 603-744-8095 | Camp Mowglis | New Hampshire, New England","isPartOf":{"@id":"https:\/\/www.mowglis.org\/#website"},"datePublished":"2024-04-26T21:03:58+00:00","dateModified":"2026-02-04T20:02:30+00:00","description":"Avoid the summer technology rut. Give your child a positive way to spend time while learning essential life skills at Mowglis sleepaway camp for boys near Boston.","breadcrumb":{"@id":"https:\/\/www.mowglis.org\/sleepaway-camp-for-boys-near-boston\/#breadcrumb"},"inLanguage":"es","potentialAction":[{"@type":"ReadAction","target":["https:\/\/www.mowglis.org\/sleepaway-camp-for-boys-near-boston\/"]}]},{"@type":"BreadcrumbList","@id":"https:\/\/www.mowglis.org\/sleepaway-camp-for-boys-near-boston\/#breadcrumb","itemListElement":[{"@type":"ListItem","position":1,"name":"Home","item":"https:\/\/www.mowglis.org\/"},{"@type":"ListItem","position":2,"name":"Sleepaway Camp for Boys Near Boston"}]},{"@type":"WebSite","@id":"https:\/\/www.mowglis.org\/#website","url":"https:\/\/www.mowglis.org\/","name":"Campamento Mowglis","description":"Campamento de verano Mowglis para ni\u00f1os, Nuevo Hampshire, EE. UU.","publisher":{"@id":"https:\/\/www.mowglis.org\/#organization"},"potentialAction":[{"@type":"SearchAction","target":{"@type":"EntryPoint","urlTemplate":"https:\/\/www.mowglis.org\/?s={search_term_string}"},"query-input":{"@type":"PropertyValueSpecification","valueRequired":true,"valueName":"search_term_string"}}],"inLanguage":"es"},{"@type":"Organization","@id":"https:\/\/www.mowglis.org\/#organization","name":"Campamento Mowglis","url":"https:\/\/www.mowglis.org\/","logo":{"@type":"ImageObject","inLanguage":"es","@id":"https:\/\/www.mowglis.org\/#\/schema\/logo\/image\/","url":"https:\/\/www.mowglis.org\/wp-content\/uploads\/2025\/01\/logo-web.svg","contentUrl":"https:\/\/www.mowglis.org\/wp-content\/uploads\/2025\/01\/logo-web.svg","width":156,"height":42,"caption":"Camp Mowglis"},"image":{"@id":"https:\/\/www.mowglis.org\/#\/schema\/logo\/image\/"}}]}},"_links":{"self":[{"href":"https:\/\/www.mowglis.org\/es\/wp-json\/wp\/v2\/pages\/17092","targetHints":{"allow":["GET"]}}],"collection":[{"href":"https:\/\/www.mowglis.org\/es\/wp-json\/wp\/v2\/pages"}],"about":[{"href":"https:\/\/www.mowglis.org\/es\/wp-json\/wp\/v2\/types\/page"}],"author":[{"embeddable":true,"href":"https:\/\/www.mowglis.org\/es\/wp-json\/wp\/v2\/users\/33"}],"replies":[{"embeddable":true,"href":"https:\/\/www.mowglis.org\/es\/wp-json\/wp\/v2\/comments?post=17092"}],"version-history":[{"count":0,"href":"https:\/\/www.mowglis.org\/es\/wp-json\/wp\/v2\/pages\/17092\/revisions"}],"wp:attachment":[{"href":"https:\/\/www.mowglis.org\/es\/wp-json\/wp\/v2\/media?parent=17092"}],"wp:term":[{"taxonomy":"quote-categoria","embeddable":true,"href":"https:\/\/www.mowglis.org\/es\/wp-json\/wp\/v2\/quote-categoria?post=17092"}],"curies":[{"name":"wp","href":"https:\/\/api.w.org\/{rel}","templated":true}]}}