{"id":17120,"date":"2024-06-25T11:28:55","date_gmt":"2024-06-25T15:28:55","guid":{"rendered":"https:\/\/www.mowglis.org\/?page_id=17120"},"modified":"2026-02-04T14:31:58","modified_gmt":"2026-02-04T19:31:58","slug":"mowglis-outdoor-boys-camp-for-teenagers","status":"publish","type":"page","link":"https:\/\/www.mowglis.org\/es\/mowglis-outdoor-boys-camp-for-teenagers\/","title":{"rendered":"Campamento al aire libre Mowglis para adolescentes"},"content":{"rendered":"<p>Mowgli <a href=\"https:\/\/www.mowglis.org\/es\/summer-camp-for-boys-aged-10-15\/\">Campamento al aire libre para chicos adolescentes<\/a> En New Hampshire, nuestro campamento ofrece mucho m\u00e1s que una escapada de verano. Nuestro programa de campamento con alojamiento le brinda a su hijo la oportunidad de desconectarse del mundo digital y conectar con personas reales al aire libre. Es una experiencia transformadora que le permitir\u00e1 a su adolescente embarcarse en emocionantes aventuras y explorar nuevos intereses que fomentan su crecimiento y desarrollo.<\/p>\n<h2>Ayuda a tu adolescente a desconectarse y a desarrollar h\u00e1bitos m\u00e1s saludables.<\/h2>\n<p>Nuestro <a href=\"https:\/\/www.mowglis.org\/es\/camp-mowglis-facilities\/\">campus pintoresco<\/a> A orillas del lago Newfound, en las estribaciones de las Monta\u00f1as Blancas, se encuentra el lugar perfecto para escapar del atractivo de la tecnolog\u00eda y el constante bombardeo de notificaciones. En nuestro campamento de verano sin tecnolog\u00eda para adolescentes, su hijo podr\u00e1 relajarse y reconectarse con el mundo real y consigo mismo. Las interacciones cara a cara fomentan el desarrollo social y mejoran la comunicaci\u00f3n. Las actividades al aire libre fortalecen la resistencia, mejoran el estado de \u00e1nimo, reducen el estr\u00e9s y restablecen los ritmos naturales del cuerpo para mejorar los patrones de sue\u00f1o y promover el bienestar general.<\/p>\n<h3>Actividades al aire libre emocionantes para tu adolescente.<\/h3>\n<p>Nuestro <a href=\"https:\/\/www.mowglis.org\/es\/the-pack\/\">Programa de paquetes<\/a> permite que tu adolescente d\u00e9 rienda suelta a su esp\u00edritu aventurero en un entorno seguro y supervisado. Ofrecemos una amplia gama de <a href=\"https:\/\/www.mowglis.org\/es\/prospective-families\/activitiesindustries\/\">actividades de campamento de verano para ni\u00f1os<\/a> Dirigidos por instructores experimentados que fomentan la exploraci\u00f3n, mejoran la salud mental y f\u00edsica, y ense\u00f1an valiosas lecciones sobre trabajo en equipo, resoluci\u00f3n de problemas y liderazgo, entre las que se incluyen:<\/p>\n<ul>\n<li>Nadar<\/li>\n<li>Pirag\u00fcismo y kayak<\/li>\n<li>Paddleboarding<\/li>\n<li>Navegaci\u00f3n<\/li>\n<li>Multitud<\/li>\n<li><a href=\"https:\/\/www.mowglis.org\/es\/hiking-trips\/\">Senderismo y excursiones<\/a><\/li>\n<li>Pesca<\/li>\n<li>Escalada de roca<\/li>\n<li>Tiro al arco<\/li>\n<li>Manejo del hacha<\/li>\n<li>Esgrima<\/li>\n<li>Fusiler\u00eda<\/li>\n<li>carpinter\u00eda<\/li>\n<li>Y m\u00e1s<\/li>\n<\/ul>\n<h3>Aprende habilidades esenciales para la vida<\/h3>\n<p>Mientras explora nuevas experiencias por su cuenta, lejos de casa, su hijo se embarcar\u00e1 en un viaje de <a href=\"https:\/\/www.mowglis.org\/es\/blog\/why-should-you-send-your-child-to-camp-mowglis-give-them-a-chance-to-unplug\/\">autodescubrimiento y crecimiento<\/a>. Aqu\u00ed descubrir\u00e1 su verdadero potencial y se convertir\u00e1 en un joven seguro de s\u00ed mismo, emp\u00e1tico y resiliente con cada meta alcanzada y obst\u00e1culo superado. A medida que asuma roles <a href=\"https:\/\/www.mowglis.org\/es\/blog\/outdoor-leadership-camp-for-boys-15-16\/\">liderando a otros campistas<\/a>, Su adaptabilidad, capacidad para resolver problemas, habilidades comunicativas y de toma de decisiones florecer\u00e1n, sentando las bases para un \u00e9xito futuro que le ser\u00e1 \u00fatil a lo largo de su vida personal y profesional.<\/p>\n<h3>Cultiva amistades para toda la vida<\/h3>\n<p>El campamento de verano Mowglis para adolescentes le brinda a su hijo la oportunidad de encontrar nuevos modelos a seguir y desarrollar nuevas amistades fuera de su c\u00edrculo social habitual con consejeros y campistas de <a href=\"https:\/\/www.mowglis.org\/es\/blog\/will-my-child-fit-in-at-camp\/\">diversos or\u00edgenes y culturas<\/a>. Vivir en nuestro grupo unido de tan solo 110 campistas y un personal atento proporciona el entorno perfecto para construir relaciones y <a href=\"https:\/\/www.mowglis.org\/es\/blog\/what-are-your-summer-camp-memories\/\">recuerdos<\/a> que lo acompa\u00f1ar\u00e1n toda la vida. Una oportunidad para crear lazos a trav\u00e9s de experiencias compartidas, desde superar desaf\u00edos del sector hasta gestionar las tareas diarias del campamento y asar malvaviscos alrededor de la fogata; actividades que esperar\u00e1 con ilusi\u00f3n cada verano.<\/p>\n<h3>Obt\u00e9n m\u00e1s informaci\u00f3n sobre el campamento de verano Mowglis para chicos adolescentes.<\/h3>\n<p>Mejora la salud f\u00edsica, mental y emocional de tu hijo mientras cultivas un amor por la naturaleza para toda la vida en <strong>Campamento al aire libre Mowglis para adolescentes cerca de <\/strong>Boston, Connecticut, Nueva York, Pensilvania y Vermont, en Nuevo Hampshire. <a href=\"https:\/\/www.mowglis.org\/es\/contact\/\">Cont\u00e1ctanos<\/a> Llame al 603-744-8095 para obtener m\u00e1s informaci\u00f3n o para hacer una reserva para la pr\u00f3xima temporada del campamento de verano para ni\u00f1os hoy mismo.<\/p>","protected":false},"excerpt":{"rendered":"<p>Mowglis outdoor boys\u2019 camp for teenagers in New Hampshire offers more than a summer getaway. Our overnight camp program gives your child the opportunity to unplug from the digital world and connect with real people in the great outdoors. It\u2019s a transformative experience, empowering your teen to embark on thrilling adventures and explore new interests [&hellip;]<\/p>\n","protected":false},"author":33,"featured_media":0,"parent":0,"menu_order":0,"comment_status":"closed","ping_status":"closed","template":"","meta":{"_acf_changed":false,"inline_featured_image":false,"footnotes":"","_wp_rev_ctl_limit":""},"quote-categoria":[280,254,281,287,277,285,268,292,264,289,293,294,274,279,283,297,275,267,276,286,296,290],"class_list":["post-17120","page","type-page","status-publish","hentry","quote-categoria-aventure","quote-categoria-archery","quote-categoria-arts-and-crafts","quote-categoria-axemanship","quote-categoria-bugling-and-music","quote-categoria-camping","quote-categoria-canoeing-kayaking","quote-categoria-confidence","quote-categoria-crew","quote-categoria-fencing","quote-categoria-fishing-and-flycasting","quote-categoria-mountaing-biking","quote-categoria-music","quote-categoria-nature","quote-categoria-photography","quote-categoria-rock-climbing","quote-categoria-rowboating","quote-categoria-sailing","quote-categoria-spirit","quote-categoria-activities-industries","quote-categoria-tennis","quote-categoria-tradition"],"acf":[],"yoast_head":"<!-- This site is optimized with the Yoast SEO plugin v27.5 - https:\/\/yoast.com\/product\/yoast-seo-wordpress\/ -->\n<title>Mowglis Outdoor Boys Camp for Teenagers 603-744-8095 | Camp Mowglis | Boston, Connecticut, New York, Pennsylvania, Vermont, New Hampshire<\/title>\n<meta name=\"description\" content=\"Help your son break away from the screen and foster healthier habits at Mowglis outdoor boys\u2019 camp for teenagers. Learn more about our technology-free summer camp program.\" \/>\n<meta name=\"robots\" content=\"index, follow, max-snippet:-1, max-image-preview:large, max-video-preview:-1\" \/>\n<link rel=\"canonical\" href=\"https:\/\/www.mowglis.org\/es\/mowglis-outdoor-boys-camp-for-teenagers\/\" \/>\n<meta property=\"og:locale\" content=\"es_ES\" \/>\n<meta property=\"og:type\" content=\"article\" \/>\n<meta property=\"og:title\" content=\"Mowglis Outdoor Boys Camp for Teenagers 603-744-8095 | Camp Mowglis | Boston, Connecticut, New York, Pennsylvania, Vermont, New Hampshire\" \/>\n<meta property=\"og:description\" content=\"Help your son break away from the screen and foster healthier habits at Mowglis outdoor boys\u2019 camp for teenagers. Learn more about our technology-free summer camp program.\" \/>\n<meta property=\"og:url\" content=\"https:\/\/www.mowglis.org\/es\/mowglis-outdoor-boys-camp-for-teenagers\/\" \/>\n<meta property=\"og:site_name\" content=\"Camp Mowglis\" \/>\n<meta property=\"article:modified_time\" content=\"2026-02-04T19:31:58+00:00\" \/>\n<meta name=\"twitter:card\" content=\"summary_large_image\" \/>\n<meta name=\"twitter:label1\" content=\"Est. reading time\" \/>\n\t<meta name=\"twitter:data1\" content=\"3 minutos\" \/>\n<script type=\"application\/ld+json\" class=\"yoast-schema-graph\">{\"@context\":\"https:\\\/\\\/schema.org\",\"@graph\":[{\"@type\":\"WebPage\",\"@id\":\"https:\\\/\\\/www.mowglis.org\\\/mowglis-outdoor-boys-camp-for-teenagers\\\/\",\"url\":\"https:\\\/\\\/www.mowglis.org\\\/mowglis-outdoor-boys-camp-for-teenagers\\\/\",\"name\":\"Mowglis Outdoor Boys Camp for Teenagers 603-744-8095 | Camp Mowglis | Boston, Connecticut, New York, Pennsylvania, Vermont, New Hampshire\",\"isPartOf\":{\"@id\":\"https:\\\/\\\/www.mowglis.org\\\/#website\"},\"datePublished\":\"2024-06-25T15:28:55+00:00\",\"dateModified\":\"2026-02-04T19:31:58+00:00\",\"description\":\"Help your son break away from the screen and foster healthier habits at Mowglis outdoor boys\u2019 camp for teenagers. Learn more about our technology-free summer camp program.\",\"breadcrumb\":{\"@id\":\"https:\\\/\\\/www.mowglis.org\\\/mowglis-outdoor-boys-camp-for-teenagers\\\/#breadcrumb\"},\"inLanguage\":\"es\",\"potentialAction\":[{\"@type\":\"ReadAction\",\"target\":[\"https:\\\/\\\/www.mowglis.org\\\/mowglis-outdoor-boys-camp-for-teenagers\\\/\"]}]},{\"@type\":\"BreadcrumbList\",\"@id\":\"https:\\\/\\\/www.mowglis.org\\\/mowglis-outdoor-boys-camp-for-teenagers\\\/#breadcrumb\",\"itemListElement\":[{\"@type\":\"ListItem\",\"position\":1,\"name\":\"Home\",\"item\":\"https:\\\/\\\/www.mowglis.org\\\/\"},{\"@type\":\"ListItem\",\"position\":2,\"name\":\"Mowglis Outdoor Boys Camp for Teenagers\"}]},{\"@type\":\"WebSite\",\"@id\":\"https:\\\/\\\/www.mowglis.org\\\/#website\",\"url\":\"https:\\\/\\\/www.mowglis.org\\\/\",\"name\":\"Camp Mowglis\",\"description\":\"Camp Mowglis Summer Camp for Boys, New Hampshire, USA\",\"publisher\":{\"@id\":\"https:\\\/\\\/www.mowglis.org\\\/#organization\"},\"potentialAction\":[{\"@type\":\"SearchAction\",\"target\":{\"@type\":\"EntryPoint\",\"urlTemplate\":\"https:\\\/\\\/www.mowglis.org\\\/?s={search_term_string}\"},\"query-input\":{\"@type\":\"PropertyValueSpecification\",\"valueRequired\":true,\"valueName\":\"search_term_string\"}}],\"inLanguage\":\"es\"},{\"@type\":\"Organization\",\"@id\":\"https:\\\/\\\/www.mowglis.org\\\/#organization\",\"name\":\"Camp Mowglis\",\"url\":\"https:\\\/\\\/www.mowglis.org\\\/\",\"logo\":{\"@type\":\"ImageObject\",\"inLanguage\":\"es\",\"@id\":\"https:\\\/\\\/www.mowglis.org\\\/#\\\/schema\\\/logo\\\/image\\\/\",\"url\":\"https:\\\/\\\/www.mowglis.org\\\/wp-content\\\/uploads\\\/2025\\\/01\\\/logo-web.svg\",\"contentUrl\":\"https:\\\/\\\/www.mowglis.org\\\/wp-content\\\/uploads\\\/2025\\\/01\\\/logo-web.svg\",\"width\":156,\"height\":42,\"caption\":\"Camp Mowglis\"},\"image\":{\"@id\":\"https:\\\/\\\/www.mowglis.org\\\/#\\\/schema\\\/logo\\\/image\\\/\"}}]}<\/script>\n<!-- \/ Yoast SEO plugin. -->","yoast_head_json":{"title":"Mowglis Outdoor Boys Camp for Teenagers 603-744-8095 | Camp Mowglis | Boston, Connecticut, New York, Pennsylvania, Vermont, New Hampshire","description":"Help your son break away from the screen and foster healthier habits at Mowglis outdoor boys\u2019 camp for teenagers. Learn more about our technology-free summer camp program.","robots":{"index":"index","follow":"follow","max-snippet":"max-snippet:-1","max-image-preview":"max-image-preview:large","max-video-preview":"max-video-preview:-1"},"canonical":"https:\/\/www.mowglis.org\/es\/mowglis-outdoor-boys-camp-for-teenagers\/","og_locale":"es_ES","og_type":"article","og_title":"Mowglis Outdoor Boys Camp for Teenagers 603-744-8095 | Camp Mowglis | Boston, Connecticut, New York, Pennsylvania, Vermont, New Hampshire","og_description":"Help your son break away from the screen and foster healthier habits at Mowglis outdoor boys\u2019 camp for teenagers. Learn more about our technology-free summer camp program.","og_url":"https:\/\/www.mowglis.org\/es\/mowglis-outdoor-boys-camp-for-teenagers\/","og_site_name":"Camp Mowglis","article_modified_time":"2026-02-04T19:31:58+00:00","twitter_card":"summary_large_image","twitter_misc":{"Est. reading time":"3 minutos"},"schema":{"@context":"https:\/\/schema.org","@graph":[{"@type":"WebPage","@id":"https:\/\/www.mowglis.org\/mowglis-outdoor-boys-camp-for-teenagers\/","url":"https:\/\/www.mowglis.org\/mowglis-outdoor-boys-camp-for-teenagers\/","name":"Mowglis Outdoor Boys Camp for Teenagers 603-744-8095 | Camp Mowglis | Boston, Connecticut, New York, Pennsylvania, Vermont, New Hampshire","isPartOf":{"@id":"https:\/\/www.mowglis.org\/#website"},"datePublished":"2024-06-25T15:28:55+00:00","dateModified":"2026-02-04T19:31:58+00:00","description":"Help your son break away from the screen and foster healthier habits at Mowglis outdoor boys\u2019 camp for teenagers. Learn more about our technology-free summer camp program.","breadcrumb":{"@id":"https:\/\/www.mowglis.org\/mowglis-outdoor-boys-camp-for-teenagers\/#breadcrumb"},"inLanguage":"es","potentialAction":[{"@type":"ReadAction","target":["https:\/\/www.mowglis.org\/mowglis-outdoor-boys-camp-for-teenagers\/"]}]},{"@type":"BreadcrumbList","@id":"https:\/\/www.mowglis.org\/mowglis-outdoor-boys-camp-for-teenagers\/#breadcrumb","itemListElement":[{"@type":"ListItem","position":1,"name":"Home","item":"https:\/\/www.mowglis.org\/"},{"@type":"ListItem","position":2,"name":"Mowglis Outdoor Boys Camp for Teenagers"}]},{"@type":"WebSite","@id":"https:\/\/www.mowglis.org\/#website","url":"https:\/\/www.mowglis.org\/","name":"Campamento Mowglis","description":"Campamento de verano Mowglis para ni\u00f1os, Nuevo Hampshire, EE. UU.","publisher":{"@id":"https:\/\/www.mowglis.org\/#organization"},"potentialAction":[{"@type":"SearchAction","target":{"@type":"EntryPoint","urlTemplate":"https:\/\/www.mowglis.org\/?s={search_term_string}"},"query-input":{"@type":"PropertyValueSpecification","valueRequired":true,"valueName":"search_term_string"}}],"inLanguage":"es"},{"@type":"Organization","@id":"https:\/\/www.mowglis.org\/#organization","name":"Campamento Mowglis","url":"https:\/\/www.mowglis.org\/","logo":{"@type":"ImageObject","inLanguage":"es","@id":"https:\/\/www.mowglis.org\/#\/schema\/logo\/image\/","url":"https:\/\/www.mowglis.org\/wp-content\/uploads\/2025\/01\/logo-web.svg","contentUrl":"https:\/\/www.mowglis.org\/wp-content\/uploads\/2025\/01\/logo-web.svg","width":156,"height":42,"caption":"Camp Mowglis"},"image":{"@id":"https:\/\/www.mowglis.org\/#\/schema\/logo\/image\/"}}]}},"_links":{"self":[{"href":"https:\/\/www.mowglis.org\/es\/wp-json\/wp\/v2\/pages\/17120","targetHints":{"allow":["GET"]}}],"collection":[{"href":"https:\/\/www.mowglis.org\/es\/wp-json\/wp\/v2\/pages"}],"about":[{"href":"https:\/\/www.mowglis.org\/es\/wp-json\/wp\/v2\/types\/page"}],"author":[{"embeddable":true,"href":"https:\/\/www.mowglis.org\/es\/wp-json\/wp\/v2\/users\/33"}],"replies":[{"embeddable":true,"href":"https:\/\/www.mowglis.org\/es\/wp-json\/wp\/v2\/comments?post=17120"}],"version-history":[{"count":0,"href":"https:\/\/www.mowglis.org\/es\/wp-json\/wp\/v2\/pages\/17120\/revisions"}],"wp:attachment":[{"href":"https:\/\/www.mowglis.org\/es\/wp-json\/wp\/v2\/media?parent=17120"}],"wp:term":[{"taxonomy":"quote-categoria","embeddable":true,"href":"https:\/\/www.mowglis.org\/es\/wp-json\/wp\/v2\/quote-categoria?post=17120"}],"curies":[{"name":"wp","href":"https:\/\/api.w.org\/{rel}","templated":true}]}}