{"id":17210,"date":"2024-12-24T09:27:15","date_gmt":"2024-12-24T14:27:15","guid":{"rendered":"https:\/\/www.mowglis.org\/?page_id=17210"},"modified":"2026-02-04T14:39:50","modified_gmt":"2026-02-04T19:39:50","slug":"outdoor-boys-camp-near-boston","status":"publish","type":"page","link":"https:\/\/www.mowglis.org\/es\/outdoor-boys-camp-near-boston\/","title":{"rendered":"Campamento al aire libre para chicos cerca de Boston"},"content":{"rendered":"<p>\u00bfBuscas una soluci\u00f3n para la aburrida rutina veraniega de tu hijo, que consiste en estar tumbado frente a la pantalla? Dale nuevas oportunidades para explorar en Mowglis. <a href=\"https:\/\/www.mowglis.org\/es\/sleepaway-camp-for-boys-near-boston\/\">Campamento al aire libre para chicos cerca de Boston<\/a>. Nuestro campamento de verano con pernoctaci\u00f3n se encuentra a tan solo dos horas en coche, en Hebron, NH. Ofrecemos programas para ni\u00f1os de 7 a 16 a\u00f1os en un entorno seguro, supervisado y tradicional, ideal para alejar a su hijo de la tecnolog\u00eda e impulsarlo a participar en actividades de la vida real.<\/p>\n<h2>\u00bfCu\u00e1les son los beneficios de enviar a su hijo a un campamento de verano?<\/h2>\n<p>Asistir a nuestro campamento de verano para ni\u00f1os ofrece beneficios para ni\u00f1os de todas las edades:<\/p>\n<h4>Diversi\u00f3n sin distracciones tecnol\u00f3gicas<\/h4>\n<p>Nuestras hermosas instalaciones de campamento junto al lago en las estribaciones de las Monta\u00f1as Blancas ofrecen el lugar perfecto para <a href=\"https:\/\/www.mowglis.org\/es\/blog\/why-should-you-send-your-child-to-camp-mowglis-give-them-a-chance-to-unplug\/\">Desconectar y escapar<\/a> el diluvio diario de tecnolog\u00eda.<\/p>\n<h4>Mejor salud<\/h4>\n<p>Pasar tiempo al aire libre bajo el sol, explorando, jugando y aprendiendo cosas nuevas, mejora las habilidades motoras y cognitivas, potencia el estado de \u00e1nimo y la funci\u00f3n inmunol\u00f3gica, y favorece ciclos saludables de sue\u00f1o y vigilia.<\/p>\n<h4>Desarrollar habilidades para la vida<\/h4>\n<p>Durante su estancia en el campamento nocturno para chicos, su hijo aprender\u00e1 a resolver problemas mientras se cuida a s\u00ed mismo, elige sus actividades y gestiona su tiempo. <a href=\"https:\/\/www.mowglis.org\/es\/prospective-families\/a-day-in-the-life\/\">horario diario<\/a> y las tareas dom\u00e9sticas, lo que le permiti\u00f3 apreciar mejor su vida en el hogar.<\/p>\n<h4>Hacer nuevos amigos<\/h4>\n<p>Nuestro campamento de verano para ni\u00f1os permite que su hijo haga nuevos amigos fuera de su c\u00edrculo social habitual. La interacci\u00f3n diaria cara a cara mejora sus habilidades comunicativas e imparte lecciones sobre compartir, llegar a acuerdos, cooperar, autocontrol y compasi\u00f3n, lo que fomenta relaciones s\u00f3lidas y duraderas.<\/p>\n<h4>Cu\u00e1ndo pedir y cu\u00e1ndo brindar apoyo<\/h4>\n<p>En un grupo unido de unos 100 chicos, tu hijo aprender\u00e1 lo que significa formar parte de una comunidad. Descubrir\u00e1 cu\u00e1ndo debe guiar a los dem\u00e1s y cu\u00e1ndo liderarlos, comprendiendo que cada persona es diferente \u2014no mejor que otra\u2014 y que desempe\u00f1a un papel valioso.<\/p>\n<h4>Obt\u00e9n una sensaci\u00f3n de logro.<\/h4>\n<p>A medida que los campistas disfrutan de la satisfacci\u00f3n de alcanzar metas inesperadas y ganar premios sin la presi\u00f3n de las expectativas de sus padres, ganan confianza y se entusiasman por probar cosas nuevas sin temor al fracaso.<\/p>\n<h3>Mowglis ofrece muchas actividades divertidas y emocionantes.<\/h3>\n<p>Nuestro programa de campamento nocturno\u00a0<a href=\"https:\/\/www.mowglis.org\/es\/prospective-families\/activitiesindustries\/\">actividades<\/a>\u00a0Ofrece una variedad de opciones que su hijo tal vez no tenga cerca de casa:<\/p>\n<ul>\n<li>Tiro al arco<\/li>\n<li>Artes y oficios<\/li>\n<li>Manejo del hacha<\/li>\n<li>Herrer\u00eda<\/li>\n<li>Trompeta y m\u00fasica<\/li>\n<li>C\u00e1mping<\/li>\n<li>Cocinando<\/li>\n<li>Multitud<\/li>\n<li>Drama<\/li>\n<li>Esgrima<\/li>\n<li>Pesca y lanzamiento con mosca<\/li>\n<li><a href=\"https:\/\/www.mowglis.org\/es\/hiking-trips\/\">Senderismo y excursiones<\/a><\/li>\n<li>ciclismo de monta\u00f1a<\/li>\n<li>Estudios de la naturaleza<\/li>\n<li>Paddleboarding<\/li>\n<li>Fotograf\u00eda<\/li>\n<li>Fusiler\u00eda<\/li>\n<li>Escalada de roca<\/li>\n<li>Cuerdas<\/li>\n<li>Paseos en bote de remos<\/li>\n<li>Navegaci\u00f3n<\/li>\n<li>Nadar<\/li>\n<li>Tenis<\/li>\n<li>carpinter\u00eda<\/li>\n<\/ul>\n<h3>Dale a tu hijo la oportunidad de explorar y crecer.<\/h3>\n<p>T\u00f3mate un respiro de la rutina t\u00edpica del verano y crea recuerdos para toda la vida en <strong>Campamento al aire libre para chicos Mowglis cerca de Boston.<\/strong> <a href=\"https:\/\/www.mowglis.org\/es\/contact\/\">Cont\u00e1ctanos<\/a> Llame al 603-744-8095 para obtener m\u00e1s informaci\u00f3n sobre nuestro programa tradicional de campamento con pernoctaci\u00f3n para ni\u00f1os o haga sus reservaciones para la pr\u00f3xima temporada hoy mismo.<\/p>","protected":false},"excerpt":{"rendered":"<p>Are you looking for a cure for your son\u2019s usual boring summer routine of lying around in front of the screen? Give him new opportunities to explore at Mowglis outdoor boys camp near Boston. Our sleepaway camp is just a two-hour drive away in Hebron, NH. We offer programs for boys aged 7 to 16 [&hellip;]<\/p>\n","protected":false},"author":27,"featured_media":0,"parent":0,"menu_order":0,"comment_status":"closed","ping_status":"closed","template":"","meta":{"_acf_changed":false,"inline_featured_image":false,"footnotes":"","_wp_rev_ctl_limit":""},"quote-categoria":[280,254,281,287,277,285,268,264,289,293,294,274,279,283,297,275,267,276,286,296,290],"class_list":["post-17210","page","type-page","status-publish","hentry","quote-categoria-aventure","quote-categoria-archery","quote-categoria-arts-and-crafts","quote-categoria-axemanship","quote-categoria-bugling-and-music","quote-categoria-camping","quote-categoria-canoeing-kayaking","quote-categoria-crew","quote-categoria-fencing","quote-categoria-fishing-and-flycasting","quote-categoria-mountaing-biking","quote-categoria-music","quote-categoria-nature","quote-categoria-photography","quote-categoria-rock-climbing","quote-categoria-rowboating","quote-categoria-sailing","quote-categoria-spirit","quote-categoria-activities-industries","quote-categoria-tennis","quote-categoria-tradition"],"acf":[],"yoast_head":"<!-- This site is optimized with the Yoast SEO plugin v27.5 - https:\/\/yoast.com\/product\/yoast-seo-wordpress\/ -->\n<title>Outdoor Boys Camp Near Boston 603-744-8095 | Camp Mowglis | New Hampshire, New England<\/title>\n<meta name=\"description\" content=\"Give your son the opportunity to unplug and reconnect with the real world at Mowglis outdoor boys\u2019 camp near Boston.\" \/>\n<meta name=\"robots\" content=\"index, follow, max-snippet:-1, max-image-preview:large, max-video-preview:-1\" \/>\n<link rel=\"canonical\" href=\"https:\/\/www.mowglis.org\/es\/outdoor-boys-camp-near-boston\/\" \/>\n<meta property=\"og:locale\" content=\"es_ES\" \/>\n<meta property=\"og:type\" content=\"article\" \/>\n<meta property=\"og:title\" content=\"Outdoor Boys Camp Near Boston 603-744-8095 | Camp Mowglis | New Hampshire, New England\" \/>\n<meta property=\"og:description\" content=\"Give your son the opportunity to unplug and reconnect with the real world at Mowglis outdoor boys\u2019 camp near Boston.\" \/>\n<meta property=\"og:url\" content=\"https:\/\/www.mowglis.org\/es\/outdoor-boys-camp-near-boston\/\" \/>\n<meta property=\"og:site_name\" content=\"Camp Mowglis\" \/>\n<meta property=\"article:modified_time\" content=\"2026-02-04T19:39:50+00:00\" \/>\n<meta name=\"twitter:card\" content=\"summary_large_image\" \/>\n<meta name=\"twitter:label1\" content=\"Est. reading time\" \/>\n\t<meta name=\"twitter:data1\" content=\"2 minutos\" \/>\n<script type=\"application\/ld+json\" class=\"yoast-schema-graph\">{\"@context\":\"https:\\\/\\\/schema.org\",\"@graph\":[{\"@type\":\"WebPage\",\"@id\":\"https:\\\/\\\/www.mowglis.org\\\/outdoor-boys-camp-near-boston\\\/\",\"url\":\"https:\\\/\\\/www.mowglis.org\\\/outdoor-boys-camp-near-boston\\\/\",\"name\":\"Outdoor Boys Camp Near Boston 603-744-8095 | Camp Mowglis | New Hampshire, New England\",\"isPartOf\":{\"@id\":\"https:\\\/\\\/www.mowglis.org\\\/#website\"},\"datePublished\":\"2024-12-24T14:27:15+00:00\",\"dateModified\":\"2026-02-04T19:39:50+00:00\",\"description\":\"Give your son the opportunity to unplug and reconnect with the real world at Mowglis outdoor boys\u2019 camp near Boston.\",\"breadcrumb\":{\"@id\":\"https:\\\/\\\/www.mowglis.org\\\/outdoor-boys-camp-near-boston\\\/#breadcrumb\"},\"inLanguage\":\"es\",\"potentialAction\":[{\"@type\":\"ReadAction\",\"target\":[\"https:\\\/\\\/www.mowglis.org\\\/outdoor-boys-camp-near-boston\\\/\"]}]},{\"@type\":\"BreadcrumbList\",\"@id\":\"https:\\\/\\\/www.mowglis.org\\\/outdoor-boys-camp-near-boston\\\/#breadcrumb\",\"itemListElement\":[{\"@type\":\"ListItem\",\"position\":1,\"name\":\"Home\",\"item\":\"https:\\\/\\\/www.mowglis.org\\\/\"},{\"@type\":\"ListItem\",\"position\":2,\"name\":\"Outdoor Boys Camp Near Boston\"}]},{\"@type\":\"WebSite\",\"@id\":\"https:\\\/\\\/www.mowglis.org\\\/#website\",\"url\":\"https:\\\/\\\/www.mowglis.org\\\/\",\"name\":\"Camp Mowglis\",\"description\":\"Camp Mowglis Summer Camp for Boys, New Hampshire, USA\",\"publisher\":{\"@id\":\"https:\\\/\\\/www.mowglis.org\\\/#organization\"},\"potentialAction\":[{\"@type\":\"SearchAction\",\"target\":{\"@type\":\"EntryPoint\",\"urlTemplate\":\"https:\\\/\\\/www.mowglis.org\\\/?s={search_term_string}\"},\"query-input\":{\"@type\":\"PropertyValueSpecification\",\"valueRequired\":true,\"valueName\":\"search_term_string\"}}],\"inLanguage\":\"es\"},{\"@type\":\"Organization\",\"@id\":\"https:\\\/\\\/www.mowglis.org\\\/#organization\",\"name\":\"Camp Mowglis\",\"url\":\"https:\\\/\\\/www.mowglis.org\\\/\",\"logo\":{\"@type\":\"ImageObject\",\"inLanguage\":\"es\",\"@id\":\"https:\\\/\\\/www.mowglis.org\\\/#\\\/schema\\\/logo\\\/image\\\/\",\"url\":\"https:\\\/\\\/www.mowglis.org\\\/wp-content\\\/uploads\\\/2025\\\/01\\\/logo-web.svg\",\"contentUrl\":\"https:\\\/\\\/www.mowglis.org\\\/wp-content\\\/uploads\\\/2025\\\/01\\\/logo-web.svg\",\"width\":156,\"height\":42,\"caption\":\"Camp Mowglis\"},\"image\":{\"@id\":\"https:\\\/\\\/www.mowglis.org\\\/#\\\/schema\\\/logo\\\/image\\\/\"}}]}<\/script>\n<!-- \/ Yoast SEO plugin. -->","yoast_head_json":{"title":"Outdoor Boys Camp Near Boston 603-744-8095 | Camp Mowglis | New Hampshire, New England","description":"Give your son the opportunity to unplug and reconnect with the real world at Mowglis outdoor boys\u2019 camp near Boston.","robots":{"index":"index","follow":"follow","max-snippet":"max-snippet:-1","max-image-preview":"max-image-preview:large","max-video-preview":"max-video-preview:-1"},"canonical":"https:\/\/www.mowglis.org\/es\/outdoor-boys-camp-near-boston\/","og_locale":"es_ES","og_type":"article","og_title":"Outdoor Boys Camp Near Boston 603-744-8095 | Camp Mowglis | New Hampshire, New England","og_description":"Give your son the opportunity to unplug and reconnect with the real world at Mowglis outdoor boys\u2019 camp near Boston.","og_url":"https:\/\/www.mowglis.org\/es\/outdoor-boys-camp-near-boston\/","og_site_name":"Camp Mowglis","article_modified_time":"2026-02-04T19:39:50+00:00","twitter_card":"summary_large_image","twitter_misc":{"Est. reading time":"2 minutos"},"schema":{"@context":"https:\/\/schema.org","@graph":[{"@type":"WebPage","@id":"https:\/\/www.mowglis.org\/outdoor-boys-camp-near-boston\/","url":"https:\/\/www.mowglis.org\/outdoor-boys-camp-near-boston\/","name":"Outdoor Boys Camp Near Boston 603-744-8095 | Camp Mowglis | New Hampshire, New England","isPartOf":{"@id":"https:\/\/www.mowglis.org\/#website"},"datePublished":"2024-12-24T14:27:15+00:00","dateModified":"2026-02-04T19:39:50+00:00","description":"Give your son the opportunity to unplug and reconnect with the real world at Mowglis outdoor boys\u2019 camp near Boston.","breadcrumb":{"@id":"https:\/\/www.mowglis.org\/outdoor-boys-camp-near-boston\/#breadcrumb"},"inLanguage":"es","potentialAction":[{"@type":"ReadAction","target":["https:\/\/www.mowglis.org\/outdoor-boys-camp-near-boston\/"]}]},{"@type":"BreadcrumbList","@id":"https:\/\/www.mowglis.org\/outdoor-boys-camp-near-boston\/#breadcrumb","itemListElement":[{"@type":"ListItem","position":1,"name":"Home","item":"https:\/\/www.mowglis.org\/"},{"@type":"ListItem","position":2,"name":"Outdoor Boys Camp Near Boston"}]},{"@type":"WebSite","@id":"https:\/\/www.mowglis.org\/#website","url":"https:\/\/www.mowglis.org\/","name":"Campamento Mowglis","description":"Campamento de verano Mowglis para ni\u00f1os, Nuevo Hampshire, EE. UU.","publisher":{"@id":"https:\/\/www.mowglis.org\/#organization"},"potentialAction":[{"@type":"SearchAction","target":{"@type":"EntryPoint","urlTemplate":"https:\/\/www.mowglis.org\/?s={search_term_string}"},"query-input":{"@type":"PropertyValueSpecification","valueRequired":true,"valueName":"search_term_string"}}],"inLanguage":"es"},{"@type":"Organization","@id":"https:\/\/www.mowglis.org\/#organization","name":"Campamento Mowglis","url":"https:\/\/www.mowglis.org\/","logo":{"@type":"ImageObject","inLanguage":"es","@id":"https:\/\/www.mowglis.org\/#\/schema\/logo\/image\/","url":"https:\/\/www.mowglis.org\/wp-content\/uploads\/2025\/01\/logo-web.svg","contentUrl":"https:\/\/www.mowglis.org\/wp-content\/uploads\/2025\/01\/logo-web.svg","width":156,"height":42,"caption":"Camp Mowglis"},"image":{"@id":"https:\/\/www.mowglis.org\/#\/schema\/logo\/image\/"}}]}},"_links":{"self":[{"href":"https:\/\/www.mowglis.org\/es\/wp-json\/wp\/v2\/pages\/17210","targetHints":{"allow":["GET"]}}],"collection":[{"href":"https:\/\/www.mowglis.org\/es\/wp-json\/wp\/v2\/pages"}],"about":[{"href":"https:\/\/www.mowglis.org\/es\/wp-json\/wp\/v2\/types\/page"}],"author":[{"embeddable":true,"href":"https:\/\/www.mowglis.org\/es\/wp-json\/wp\/v2\/users\/27"}],"replies":[{"embeddable":true,"href":"https:\/\/www.mowglis.org\/es\/wp-json\/wp\/v2\/comments?post=17210"}],"version-history":[{"count":0,"href":"https:\/\/www.mowglis.org\/es\/wp-json\/wp\/v2\/pages\/17210\/revisions"}],"wp:attachment":[{"href":"https:\/\/www.mowglis.org\/es\/wp-json\/wp\/v2\/media?parent=17210"}],"wp:term":[{"taxonomy":"quote-categoria","embeddable":true,"href":"https:\/\/www.mowglis.org\/es\/wp-json\/wp\/v2\/quote-categoria?post=17210"}],"curies":[{"name":"wp","href":"https:\/\/api.w.org\/{rel}","templated":true}]}}