{"id":179,"date":"2010-05-24T18:59:56","date_gmt":"2010-05-24T18:59:56","guid":{"rendered":"http:\/\/mowglis.net\/?page_id=179"},"modified":"2025-01-28T15:21:15","modified_gmt":"2025-01-28T20:21:15","slug":"employment","status":"publish","type":"page","link":"https:\/\/www.mowglis.org\/es\/about\/employment\/","title":{"rendered":"Empleo"},"content":{"rendered":"<h1 class=\"wp-block-heading fusion-responsive-typography-calculated\">Oportunidades de empleo en Camp Mowglis<\/h1>\n\n\n\n<h2 class=\"wp-block-heading fusion-responsive-typography-calculated\">Monitor de campamento de verano<\/h2>\n\n\n\n<br>\n\n\n\n<p>Ser monitor\/a en el campamento Mowglis es uno de los trabajos m\u00e1s divertidos y gratificantes que jam\u00e1s tendr\u00e1s. Es una inversi\u00f3n de tiempo y energ\u00eda que no solo vale la pena, sino que adem\u00e1s luce genial en tu curr\u00edculum. Trabajar en Mowglis desarrollar\u00e1 tus habilidades de liderazgo, comunicaci\u00f3n y trabajo en equipo, y forjar\u00e1s amistades para toda la vida con tus compa\u00f1eros\/as.<\/p>\n\n\n\n<br>\n\n\n\n<p>Adem\u00e1s de todas las incre\u00edbles experiencias que vivir\u00e1s como miembro del equipo de Mowglis, ofrecemos una excelente remuneraci\u00f3n (superior a la media) y cubrimos todos tus gastos de manutenci\u00f3n mientras trabajas en el campamento, para que te quedes con lo que ganas. Tambi\u00e9n contamos con una serie de beneficios que incluyen descuentos en equipo y formaci\u00f3n continua y certificaciones avanzadas para ayudarte a seguir avanzando en tu carrera como profesional de actividades al aire libre o de la educaci\u00f3n.<\/p>\n\n\n\n<br>\n\n\n\n<p><em><strong>Los puestos para los que estamos realizando entrevistas actualmente incluyen:&nbsp;<\/strong><\/em><\/p>\n\n\n\n<ul class=\"wp-block-list\">\n<li>Gu\u00edas de excursiones en la naturaleza<\/li>\n\n\n\n<li>Monitores generales del campamento<\/li>\n\n\n\n<li>Profesores de t\u00e9cnicas de acampada, supervivencia y habilidades primitivas.<\/li>\n\n\n\n<li>Especialistas en redes sociales<\/li>\n\n\n\n<li>Fot\u00f3grafos y vide\u00f3grafos<\/li>\n\n\n\n<li>Asistentes administrativos<\/li>\n\n\n\n<li>Instructores de esqu\u00ed acu\u00e1tico<\/li>\n\n\n\n<li>Ayudantes de carpinter\u00eda<\/li>\n<\/ul>\n\n\n\n<br>\n\n\n\n<p>Si eres una persona divertida y responsable, comprometida con el desarrollo juvenil y la educaci\u00f3n al aire libre, y te interesa tener un impacto positivo en la vida de nuestros campistas, por favor completa nuestro breve formulario. <strong><a href=\"https:\/\/mowglis.campintouch.com\/ui\/forms\/interest\/staff\/App\" target=\"_blank\" rel=\"noopener\">formulario de inter\u00e9s del personal<\/a><a href=\"https:\/\/mowglis.campintouch.com\/ui\/forms\/application\/staff\/App\" target=\"_blank\" rel=\"noopener\">.<\/a><\/strong><\/p>\n\n\n\n<br>\n\n\n\n<p>Mowglis es una empresa que ofrece igualdad de oportunidades de empleo.<\/p>\n\n\n\n<br>\n\n\n\n<h2 class=\"wp-block-heading fusion-responsive-typography-calculated\">Cualificaciones personales<\/h2>\n\n\n\n<br>\n\n\n\n<ol class=\"wp-block-list\">\n<li>Tener al menos 19 a\u00f1os y haber completado un a\u00f1o de universidad.<\/li>\n\n\n\n<li>Deseo de generar un cambio positivo en ni\u00f1os y j\u00f3venes.<\/li>\n\n\n\n<li>Capacidad para trabajar en un ambiente cooperativo y orientado al trabajo en equipo.<\/li>\n\n\n\n<li>Crear un entorno seguro de vida y aprendizaje para los campistas.<\/li>\n\n\n\n<li>Promover la salud y el bienestar de cada persona en la comunidad del campamento.<\/li>\n\n\n\n<li>S\u00e9 una persona de buen car\u00e1cter, integridad, madurez y autocontrol.<\/li>\n\n\n\n<li>Demuestra entusiasmo y sentido del humor.<\/li>\n\n\n\n<li>Sea una persona automotivada, tome la iniciativa para trabajar de forma independiente.<\/li>\n\n\n\n<li>Demuestra adaptabilidad, paciencia y deportividad.<\/li>\n\n\n\n<li>Tener much\u00edsima energ\u00eda y ganas de divertirse.<\/li>\n\n\n\n<li>S\u00e9 un embajador de Mowglis y de la experiencia del campamento.<\/li>\n<\/ol>\n\n\n\n<br>\n\n\n\n<h2 class=\"wp-block-heading fusion-responsive-typography-calculated\">Algunas de las responsabilidades del puesto incluyen:<\/h2>\n\n\n\n<br>\n\n\n\n<ol class=\"wp-block-list\">\n<li>S\u00e9 una persona divertida, responsable, cari\u00f1osa, emp\u00e1tica, confiable y trabajadora que sepa trabajar en equipo.<\/li>\n\n\n\n<li>Impartir clases o dirigir una de las actividades del campamento (generalmente especializ\u00e1ndose en un \u00e1rea).<\/li>\n\n\n\n<li>Gu\u00eda a grupos de chicos que participan en todos los aspectos de la vida en el campamento.<\/li>\n\n\n\n<li>Vivir con grupos de chicos en sus caba\u00f1as\/dormitorios y supervisarlos.<\/li>\n\n\n\n<li>Comer con grupos de ni\u00f1os y supervisarlos durante las comidas.<\/li>\n\n\n\n<li>Supervisar y ayudar durante las tareas de la caba\u00f1a\/dormitorio.<\/li>\n\n\n\n<li>Organizar excursiones de un d\u00eda y viajes de mochilero con pernoctaci\u00f3n.<\/li>\n\n\n\n<li>Participa plenamente en la vida del campamento cuando no est\u00e9s liderando una actividad o sector.<\/li>\n\n\n\n<li>Acepta el papel y la responsabilidad integral e incre\u00edble de ser consejero de campamento durante el verano.<\/li>\n\n\n\n<li>S\u00e9 un modelo a seguir admirable e inspirador, mostr\u00e1ndoles a los campistas lo que significa vivir seg\u00fan la Regla de Oro y actuar con integridad.<\/li>\n<\/ol>\n\n\n\n<br>\n\n\n\n<p><a href=\"https:\/\/www.mowglis.org\/es\/about\/employment\/mowglis-boys-summer-camp-counselor-job-description\/\">Descripci\u00f3n del puesto de monitor\/a del campamento de verano para chicos de Mowglis<\/a><\/p>\n\n\n\n<br>\n\n\n\n<p><strong>Para acceder al<\/strong> <a title=\"Solicitud de empleo\" href=\"https:\/\/mowglis.campintouch.com\/ui\/forms\/application\/staff\/App\" target=\"_blank\" rel=\"noopener noreferrer\">Para solicitar empleo en Mowglis, haga clic aqu\u00ed.<\/a>.<\/p>","protected":false},"excerpt":{"rendered":"<p>Employment Opportunities at Camp Mowglis Summer Camp Counselor Being a camp counselor at Mowglis is one of the most fun and rewarding jobs you will ever hold. It is a commitment of time and energy that is not only worthwhile but also looks great on your resume. Working at Mowglis will develop your leadership, communication, [&hellip;]<\/p>\n","protected":false},"author":10,"featured_media":16666,"parent":50,"menu_order":8,"comment_status":"closed","ping_status":"open","template":"","meta":{"_acf_changed":false,"inline_featured_image":false,"footnotes":"","_wp_rev_ctl_limit":""},"quote-categoria":[],"class_list":["post-179","page","type-page","status-publish","has-post-thumbnail","hentry"],"acf":[],"yoast_head":"<!-- This site is optimized with the Yoast SEO plugin v27.5 - https:\/\/yoast.com\/product\/yoast-seo-wordpress\/ -->\n<title>Summer Camp Counselor Job Opportunities | Camp Mowglis Hebron, NH 603-744-8095<\/title>\n<meta name=\"description\" content=\"Being a camp counselor at Mowglis is one of the most fun, exhausting, and deeply rewarding jobs you will ever hold. It is a commitment of time and energy that is not only worthwhile but also looks great on your resume.If you are interested in helping bring Mowglis to life for the summer and making a positive impact on the lives of our campers, please contact us online.\" \/>\n<meta name=\"robots\" content=\"index, follow, max-snippet:-1, max-image-preview:large, max-video-preview:-1\" \/>\n<link rel=\"canonical\" href=\"https:\/\/www.mowglis.org\/es\/about\/employment\/\" \/>\n<meta property=\"og:locale\" content=\"es_ES\" \/>\n<meta property=\"og:type\" content=\"article\" \/>\n<meta property=\"og:title\" content=\"Summer Camp Counselor Job Opportunities | Camp Mowglis Hebron, NH 603-744-8095\" \/>\n<meta property=\"og:description\" content=\"Being a camp counselor at Mowglis is one of the most fun, exhausting, and deeply rewarding jobs you will ever hold. It is a commitment of time and energy that is not only worthwhile but also looks great on your resume.If you are interested in helping bring Mowglis to life for the summer and making a positive impact on the lives of our campers, please contact us online.\" \/>\n<meta property=\"og:url\" content=\"https:\/\/www.mowglis.org\/es\/about\/employment\/\" \/>\n<meta property=\"og:site_name\" content=\"Camp Mowglis\" \/>\n<meta property=\"article:modified_time\" content=\"2025-01-28T20:21:15+00:00\" \/>\n<meta property=\"og:image\" content=\"https:\/\/www.mowglis.org\/wp-content\/uploads\/2022\/01\/DSC_8429-scaled-e1642179524132.jpg\" \/>\n\t<meta property=\"og:image:width\" content=\"1920\" \/>\n\t<meta property=\"og:image:height\" content=\"867\" \/>\n\t<meta property=\"og:image:type\" content=\"image\/jpeg\" \/>\n<meta name=\"twitter:card\" content=\"summary_large_image\" \/>\n<meta name=\"twitter:label1\" content=\"Est. reading time\" \/>\n\t<meta name=\"twitter:data1\" content=\"3 minutos\" \/>\n<script type=\"application\/ld+json\" class=\"yoast-schema-graph\">{\"@context\":\"https:\\\/\\\/schema.org\",\"@graph\":[{\"@type\":\"WebPage\",\"@id\":\"https:\\\/\\\/www.mowglis.org\\\/about\\\/employment\\\/\",\"url\":\"https:\\\/\\\/www.mowglis.org\\\/about\\\/employment\\\/\",\"name\":\"Summer Camp Counselor Job Opportunities | Camp Mowglis Hebron, NH 603-744-8095\",\"isPartOf\":{\"@id\":\"https:\\\/\\\/www.mowglis.org\\\/#website\"},\"primaryImageOfPage\":{\"@id\":\"https:\\\/\\\/www.mowglis.org\\\/about\\\/employment\\\/#primaryimage\"},\"image\":{\"@id\":\"https:\\\/\\\/www.mowglis.org\\\/about\\\/employment\\\/#primaryimage\"},\"thumbnailUrl\":\"https:\\\/\\\/www.mowglis.org\\\/wp-content\\\/uploads\\\/2022\\\/01\\\/DSC_8429-scaled-e1642179524132.jpg\",\"datePublished\":\"2010-05-24T18:59:56+00:00\",\"dateModified\":\"2025-01-28T20:21:15+00:00\",\"description\":\"Being a camp counselor at Mowglis is one of the most fun, exhausting, and deeply rewarding jobs you will ever hold. It is a commitment of time and energy that is not only worthwhile but also looks great on your resume.If you are interested in helping bring Mowglis to life for the summer and making a positive impact on the lives of our campers, please contact us online.\",\"breadcrumb\":{\"@id\":\"https:\\\/\\\/www.mowglis.org\\\/about\\\/employment\\\/#breadcrumb\"},\"inLanguage\":\"es\",\"potentialAction\":[{\"@type\":\"ReadAction\",\"target\":[\"https:\\\/\\\/www.mowglis.org\\\/about\\\/employment\\\/\"]}]},{\"@type\":\"ImageObject\",\"inLanguage\":\"es\",\"@id\":\"https:\\\/\\\/www.mowglis.org\\\/about\\\/employment\\\/#primaryimage\",\"url\":\"https:\\\/\\\/www.mowglis.org\\\/wp-content\\\/uploads\\\/2022\\\/01\\\/DSC_8429-scaled-e1642179524132.jpg\",\"contentUrl\":\"https:\\\/\\\/www.mowglis.org\\\/wp-content\\\/uploads\\\/2022\\\/01\\\/DSC_8429-scaled-e1642179524132.jpg\",\"width\":1920,\"height\":867},{\"@type\":\"BreadcrumbList\",\"@id\":\"https:\\\/\\\/www.mowglis.org\\\/about\\\/employment\\\/#breadcrumb\",\"itemListElement\":[{\"@type\":\"ListItem\",\"position\":1,\"name\":\"Home\",\"item\":\"https:\\\/\\\/www.mowglis.org\\\/\"},{\"@type\":\"ListItem\",\"position\":2,\"name\":\"About\",\"item\":\"https:\\\/\\\/www.mowglis.org\\\/about\\\/\"},{\"@type\":\"ListItem\",\"position\":3,\"name\":\"Employment\"}]},{\"@type\":\"WebSite\",\"@id\":\"https:\\\/\\\/www.mowglis.org\\\/#website\",\"url\":\"https:\\\/\\\/www.mowglis.org\\\/\",\"name\":\"Camp Mowglis\",\"description\":\"Camp Mowglis Summer Camp for Boys, New Hampshire, USA\",\"publisher\":{\"@id\":\"https:\\\/\\\/www.mowglis.org\\\/#organization\"},\"potentialAction\":[{\"@type\":\"SearchAction\",\"target\":{\"@type\":\"EntryPoint\",\"urlTemplate\":\"https:\\\/\\\/www.mowglis.org\\\/?s={search_term_string}\"},\"query-input\":{\"@type\":\"PropertyValueSpecification\",\"valueRequired\":true,\"valueName\":\"search_term_string\"}}],\"inLanguage\":\"es\"},{\"@type\":\"Organization\",\"@id\":\"https:\\\/\\\/www.mowglis.org\\\/#organization\",\"name\":\"Camp Mowglis\",\"url\":\"https:\\\/\\\/www.mowglis.org\\\/\",\"logo\":{\"@type\":\"ImageObject\",\"inLanguage\":\"es\",\"@id\":\"https:\\\/\\\/www.mowglis.org\\\/#\\\/schema\\\/logo\\\/image\\\/\",\"url\":\"https:\\\/\\\/www.mowglis.org\\\/wp-content\\\/uploads\\\/2025\\\/01\\\/logo-web.svg\",\"contentUrl\":\"https:\\\/\\\/www.mowglis.org\\\/wp-content\\\/uploads\\\/2025\\\/01\\\/logo-web.svg\",\"width\":156,\"height\":42,\"caption\":\"Camp Mowglis\"},\"image\":{\"@id\":\"https:\\\/\\\/www.mowglis.org\\\/#\\\/schema\\\/logo\\\/image\\\/\"}}]}<\/script>\n<!-- \/ Yoast SEO plugin. -->","yoast_head_json":{"title":"Oportunidades de empleo como monitor\/a de campamento de verano | Campamento Mowglis, Hebron, NH 603-744-8095","description":"Ser monitor\/a en el campamento Mowglis es uno de los trabajos m\u00e1s divertidos, exigentes y gratificantes que jam\u00e1s tendr\u00e1s. Es una dedicaci\u00f3n de tiempo y energ\u00eda que no solo merece la pena, sino que adem\u00e1s queda genial en tu curr\u00edculum. Si te interesa contribuir a que Mowglis cobre vida este verano y tener un impacto positivo en la vida de nuestros campistas, cont\u00e1ctanos online.","robots":{"index":"index","follow":"follow","max-snippet":"max-snippet:-1","max-image-preview":"max-image-preview:large","max-video-preview":"max-video-preview:-1"},"canonical":"https:\/\/www.mowglis.org\/es\/about\/employment\/","og_locale":"es_ES","og_type":"article","og_title":"Summer Camp Counselor Job Opportunities | Camp Mowglis Hebron, NH 603-744-8095","og_description":"Being a camp counselor at Mowglis is one of the most fun, exhausting, and deeply rewarding jobs you will ever hold. It is a commitment of time and energy that is not only worthwhile but also looks great on your resume.If you are interested in helping bring Mowglis to life for the summer and making a positive impact on the lives of our campers, please contact us online.","og_url":"https:\/\/www.mowglis.org\/es\/about\/employment\/","og_site_name":"Camp Mowglis","article_modified_time":"2025-01-28T20:21:15+00:00","og_image":[{"width":1920,"height":867,"url":"https:\/\/www.mowglis.org\/wp-content\/uploads\/2022\/01\/DSC_8429-scaled-e1642179524132.jpg","type":"image\/jpeg"}],"twitter_card":"summary_large_image","twitter_misc":{"Est. reading time":"3 minutos"},"schema":{"@context":"https:\/\/schema.org","@graph":[{"@type":"WebPage","@id":"https:\/\/www.mowglis.org\/about\/employment\/","url":"https:\/\/www.mowglis.org\/about\/employment\/","name":"Oportunidades de empleo como monitor\/a de campamento de verano | Campamento Mowglis, Hebron, NH 603-744-8095","isPartOf":{"@id":"https:\/\/www.mowglis.org\/#website"},"primaryImageOfPage":{"@id":"https:\/\/www.mowglis.org\/about\/employment\/#primaryimage"},"image":{"@id":"https:\/\/www.mowglis.org\/about\/employment\/#primaryimage"},"thumbnailUrl":"https:\/\/www.mowglis.org\/wp-content\/uploads\/2022\/01\/DSC_8429-scaled-e1642179524132.jpg","datePublished":"2010-05-24T18:59:56+00:00","dateModified":"2025-01-28T20:21:15+00:00","description":"Ser monitor\/a en el campamento Mowglis es uno de los trabajos m\u00e1s divertidos, exigentes y gratificantes que jam\u00e1s tendr\u00e1s. Es una dedicaci\u00f3n de tiempo y energ\u00eda que no solo merece la pena, sino que adem\u00e1s queda genial en tu curr\u00edculum. Si te interesa contribuir a que Mowglis cobre vida este verano y tener un impacto positivo en la vida de nuestros campistas, cont\u00e1ctanos online.","breadcrumb":{"@id":"https:\/\/www.mowglis.org\/about\/employment\/#breadcrumb"},"inLanguage":"es","potentialAction":[{"@type":"ReadAction","target":["https:\/\/www.mowglis.org\/about\/employment\/"]}]},{"@type":"ImageObject","inLanguage":"es","@id":"https:\/\/www.mowglis.org\/about\/employment\/#primaryimage","url":"https:\/\/www.mowglis.org\/wp-content\/uploads\/2022\/01\/DSC_8429-scaled-e1642179524132.jpg","contentUrl":"https:\/\/www.mowglis.org\/wp-content\/uploads\/2022\/01\/DSC_8429-scaled-e1642179524132.jpg","width":1920,"height":867},{"@type":"BreadcrumbList","@id":"https:\/\/www.mowglis.org\/about\/employment\/#breadcrumb","itemListElement":[{"@type":"ListItem","position":1,"name":"Home","item":"https:\/\/www.mowglis.org\/"},{"@type":"ListItem","position":2,"name":"About","item":"https:\/\/www.mowglis.org\/about\/"},{"@type":"ListItem","position":3,"name":"Employment"}]},{"@type":"WebSite","@id":"https:\/\/www.mowglis.org\/#website","url":"https:\/\/www.mowglis.org\/","name":"Campamento Mowglis","description":"Campamento de verano Mowglis para ni\u00f1os, Nuevo Hampshire, EE. UU.","publisher":{"@id":"https:\/\/www.mowglis.org\/#organization"},"potentialAction":[{"@type":"SearchAction","target":{"@type":"EntryPoint","urlTemplate":"https:\/\/www.mowglis.org\/?s={search_term_string}"},"query-input":{"@type":"PropertyValueSpecification","valueRequired":true,"valueName":"search_term_string"}}],"inLanguage":"es"},{"@type":"Organization","@id":"https:\/\/www.mowglis.org\/#organization","name":"Campamento Mowglis","url":"https:\/\/www.mowglis.org\/","logo":{"@type":"ImageObject","inLanguage":"es","@id":"https:\/\/www.mowglis.org\/#\/schema\/logo\/image\/","url":"https:\/\/www.mowglis.org\/wp-content\/uploads\/2025\/01\/logo-web.svg","contentUrl":"https:\/\/www.mowglis.org\/wp-content\/uploads\/2025\/01\/logo-web.svg","width":156,"height":42,"caption":"Camp Mowglis"},"image":{"@id":"https:\/\/www.mowglis.org\/#\/schema\/logo\/image\/"}}]}},"_links":{"self":[{"href":"https:\/\/www.mowglis.org\/es\/wp-json\/wp\/v2\/pages\/179","targetHints":{"allow":["GET"]}}],"collection":[{"href":"https:\/\/www.mowglis.org\/es\/wp-json\/wp\/v2\/pages"}],"about":[{"href":"https:\/\/www.mowglis.org\/es\/wp-json\/wp\/v2\/types\/page"}],"author":[{"embeddable":true,"href":"https:\/\/www.mowglis.org\/es\/wp-json\/wp\/v2\/users\/10"}],"replies":[{"embeddable":true,"href":"https:\/\/www.mowglis.org\/es\/wp-json\/wp\/v2\/comments?post=179"}],"version-history":[{"count":0,"href":"https:\/\/www.mowglis.org\/es\/wp-json\/wp\/v2\/pages\/179\/revisions"}],"up":[{"embeddable":true,"href":"https:\/\/www.mowglis.org\/es\/wp-json\/wp\/v2\/pages\/50"}],"wp:featuredmedia":[{"embeddable":true,"href":"https:\/\/www.mowglis.org\/es\/wp-json\/wp\/v2\/media\/16666"}],"wp:attachment":[{"href":"https:\/\/www.mowglis.org\/es\/wp-json\/wp\/v2\/media?parent=179"}],"wp:term":[{"taxonomy":"quote-categoria","embeddable":true,"href":"https:\/\/www.mowglis.org\/es\/wp-json\/wp\/v2\/quote-categoria?post=179"}],"curies":[{"name":"wp","href":"https:\/\/api.w.org\/{rel}","templated":true}]}}