{"id":5149,"date":"2017-02-02T11:49:36","date_gmt":"2017-02-02T16:49:36","guid":{"rendered":"https:\/\/www.mowglis.org\/?page_id=5149"},"modified":"2026-02-04T13:58:45","modified_gmt":"2026-02-04T18:58:45","slug":"food-camp-mowglis","status":"publish","type":"page","link":"https:\/\/www.mowglis.org\/es\/food-camp-mowglis\/","title":{"rendered":"Comida en el Campamento Mowglis"},"content":{"rendered":"<p>&nbsp;<\/p>\n\n\n\n<h1 class=\"wp-block-heading\">\u00bfC\u00f3mo es la comida en el Campamento Mowgli?<\/h1>\n\n\n\n<p>Nos enorgullece ofrecer a nuestros campistas comidas caseras reci\u00e9n preparadas con verduras de granjas locales de New Hampshire y Vermont, pan y postres caseros, as\u00ed como carnes de excelente calidad, como carne de res org\u00e1nica alimentada con pasto. Podemos adaptarnos a todas las alergias alimentarias y tambi\u00e9n ofrecemos opciones vegetarianas.<\/p>\n\n\n\n<br>\n\n\n\n<figure class=\"wp-block-embed is-type-video is-provider-youtube wp-block-embed-youtube wp-embed-aspect-16-9 wp-has-aspect-ratio\"><div class=\"wp-block-embed__wrapper\">\n<iframe title=\"Comedor del Campamento Mowglis\" width=\"800\" height=\"450\" src=\"https:\/\/www.youtube.com\/embed\/z1G8SsMD9gs?feature=oembed\" frameborder=\"0\" allow=\"accelerometer; autoplay; clipboard-write; encrypted-media; gyroscope; picture-in-picture; web-share\" referrerpolicy=\"strict-origin-when-cross-origin\" allowfullscreen><\/iframe>\n<\/div><\/figure>\n\n\n\n<br>\n\n\n\n<p>Los platos principales para el desayuno, el almuerzo y la cena var\u00edan seg\u00fan el d\u00eda. Cada uno incluye al menos dos opciones de las siguientes:<\/p>\n\n\n\n<br>\n\n\n\n<h2 class=\"wp-block-heading\">Desayunos<\/h2>\n\n\n\n<br>\n\n\n\n<p>Tortitas (naturales o de ar\u00e1ndanos), tostadas francesas, gofres, bagels, muffins ingleses, muffins (diversas opciones reci\u00e9n hechos), galletas, embutidos para el desayuno (tocino, salchichas, tocino canadiense), patatas fritas caseras, huevos revueltos y ensalada de frutas. Tambi\u00e9n ofrecemos mantequilla de verdad y sirope de arce de New Hampshire.<\/p>\n\n\n\n<br>\n\n\n\n<h2 class=\"wp-block-heading\">Almuerzos<\/h2>\n\n\n\n<br>\n\n\n\n<p>S\u00e1ndwiches o wraps (ensalada de pollo, ensalada de at\u00fan, pollo a la parrilla, salchichas italianas), s\u00e1ndwich de queso a la parrilla, panini de jam\u00f3n o pavo, sopas caseras (tomate asado, crema de ma\u00edz, patata asada con beicon, minestrone), tacos, nachos, burritos, chili, platos de pasta (tortellini, macarrones con queso), tiras de pollo, patatas fritas al horno o chips y siempre ensalada fresca.<\/p>\n\n\n\n<br>\n\n\n\n<h2 class=\"wp-block-heading\">Cenas<\/h2>\n\n\n\n<br>\n\n\n\n<p>Carnes a la parrilla (filete, pollo), asados, estofado de res, platos de pasta (pollo Alfredo, espagueti con alb\u00f3ndigas, ziti al horno, lasa\u00f1a), barbacoas (costillas, pollo, hamburguesas con queso y perritos calientes), cena de Acci\u00f3n de Gracias (incluyendo relleno y salsa de ar\u00e1ndanos), salteado (pollo o res servido con arroz o fideos); todas las carnes son&nbsp;<span style=\"line-height: 1.5;\">Se sirve con pur\u00e9 de patatas casero, patatas asadas o arroz y verduras (mezcla de verduras a la parrilla, o br\u00f3coli, jud\u00edas verdes, guisantes o zanahorias caramelizadas perfectamente cocinadas).<\/span><\/p>\n\n\n\n<br>\n\n\n\n<h2 class=\"wp-block-heading\">Postres<\/h2>\n\n\n\n<br>\n\n\n\n<p>Galletas con chispas de chocolate, brownies, pastel de ricotta, pastel de lim\u00f3n, pastel de crema de frambuesa, tarta de ar\u00e1ndanos o manzana, barritas de arroz inflado y mucho m\u00e1s.<\/p>\n\n\n\n<br>\n\n\n\n<h2 class=\"wp-block-heading\">comidas vegetarianas<\/h2>\n\n\n\n<br>\n\n\n\n<p>Curry vegetariano con arroz, platos de pasta, comidas vegetarianas mexicanas, sustitutos de prote\u00ednas para comidas preparadas en campamentos, sopas y mucho m\u00e1s.<\/p>\n\n\n\n<br>\n\n\n\n<p>Algunas notas adicionales:<\/p>\n\n\n\n<ul class=\"wp-block-list\">\n<li>En Camp Mowglis, el desayuno se sirve con una variedad de cereales.<\/li>\n\n\n\n<li>Los almuerzos y las cenas incluyen una ensalada fresca y una barra de mantequilla de girasol y mermelada; todas las cenas se sirven con una guarnici\u00f3n de verduras cocidas y postres (desde pasteles y galletas caseras hasta s&#039;mores).<\/li>\n\n\n\n<li>El Campamento Mowglis es un centro libre de frutos secos y nos adaptamos a las alergias alimentarias y a la mayor\u00eda de las dietas, incluidas las sin gluten, vegetarianas y veganas.<\/li>\n\n\n\n<li>Siempre hay fruta fresca y aperitivos saludables disponibles.<\/li>\n<\/ul>\n\n\n\n<p>\u00a0<\/p>\n\n\n\n<br>\n\n\n\n<h2 class=\"wp-block-heading\">Oda a la cocina<\/h2>\n\n\n\n<br>\n\n\n\n<p>Por Wil Osselmann-Chai<\/p>\n\n\n\n<br>\n\n\n\n<p><em>\u201cLa comida del campamento es incre\u00edble. Cada a\u00f1o que vengo a Mowglis, parece que subo al menos dos kilos y medio por semana. Cada vez que doy un bocado, me siento como un dios griego bebiendo n\u00e9ctar y ambros\u00eda. Todos los d\u00edas espero con ansias el momento en que mis papilas gustativas ser\u00e1n transportadas al para\u00edso culinario. \u00a1La comida del campamento es incre\u00edble!\u201d<\/em><\/p>","protected":false},"excerpt":{"rendered":"<p>&nbsp; What the Food is Like at Camp Mowglis We are proud to offer our campers fresh homemade meals, made with locally sourced vegetables from farms in New Hampshire and Vermont, homemade bread and desserts as well as great quality meats like organic grass fed beef. We can accommodate all food allergies, as well as [&hellip;]<\/p>\n","protected":false},"author":12,"featured_media":6239,"parent":0,"menu_order":0,"comment_status":"closed","ping_status":"closed","template":"","meta":{"_acf_changed":false,"inline_featured_image":false,"footnotes":"","_wp_rev_ctl_limit":""},"quote-categoria":[253,279,266],"class_list":["post-5149","page","type-page","status-publish","has-post-thumbnail","hentry","quote-categoria-general","quote-categoria-nature","quote-categoria-views"],"acf":[],"yoast_head":"<!-- This site is optimized with the Yoast SEO plugin v27.4 - https:\/\/yoast.com\/product\/yoast-seo-wordpress\/ -->\n<title>What is on the Menu? Camp Mowglis Summer Camp for Boys 7-15 | New Hampshire, New England<\/title>\n<meta name=\"description\" content=\"What is on Camp Mowglis summer camp menu? We are proud to offer our campers fresh homemade meals. Read more about our full menu and how we can accommodate food allergies!\" \/>\n<meta name=\"robots\" content=\"index, follow, max-snippet:-1, max-image-preview:large, max-video-preview:-1\" \/>\n<link rel=\"canonical\" href=\"https:\/\/www.mowglis.org\/es\/food-camp-mowglis\/\" \/>\n<meta property=\"og:locale\" content=\"es_ES\" \/>\n<meta property=\"og:type\" content=\"article\" \/>\n<meta property=\"og:title\" content=\"What is on the Menu? Camp Mowglis Summer Camp for Boys 7-15 | New Hampshire, New England\" \/>\n<meta property=\"og:description\" content=\"What is on Camp Mowglis summer camp menu? We are proud to offer our campers fresh homemade meals. Read more about our full menu and how we can accommodate food allergies!\" \/>\n<meta property=\"og:url\" content=\"https:\/\/www.mowglis.org\/es\/food-camp-mowglis\/\" \/>\n<meta property=\"og:site_name\" content=\"Camp Mowglis\" \/>\n<meta property=\"article:modified_time\" content=\"2026-02-04T18:58:45+00:00\" \/>\n<meta property=\"og:image\" content=\"http:\/\/www.mowglis.org\/wp-content\/uploads\/2019\/02\/mowglis-food-header2.jpg\" \/>\n\t<meta property=\"og:image:width\" content=\"1920\" \/>\n\t<meta property=\"og:image:height\" content=\"614\" \/>\n\t<meta property=\"og:image:type\" content=\"image\/jpeg\" \/>\n<meta name=\"twitter:card\" content=\"summary_large_image\" \/>\n<meta name=\"twitter:label1\" content=\"Est. reading time\" \/>\n\t<meta name=\"twitter:data1\" content=\"3 minutos\" \/>\n<script type=\"application\/ld+json\" class=\"yoast-schema-graph\">{\"@context\":\"https:\\\/\\\/schema.org\",\"@graph\":[{\"@type\":\"WebPage\",\"@id\":\"https:\\\/\\\/www.mowglis.org\\\/food-camp-mowglis\\\/\",\"url\":\"https:\\\/\\\/www.mowglis.org\\\/food-camp-mowglis\\\/\",\"name\":\"What is on the Menu? Camp Mowglis Summer Camp for Boys 7-15 | New Hampshire, New England\",\"isPartOf\":{\"@id\":\"https:\\\/\\\/www.mowglis.org\\\/#website\"},\"primaryImageOfPage\":{\"@id\":\"https:\\\/\\\/www.mowglis.org\\\/food-camp-mowglis\\\/#primaryimage\"},\"image\":{\"@id\":\"https:\\\/\\\/www.mowglis.org\\\/food-camp-mowglis\\\/#primaryimage\"},\"thumbnailUrl\":\"https:\\\/\\\/www.mowglis.org\\\/wp-content\\\/uploads\\\/2019\\\/02\\\/mowglis-food-header2.jpg\",\"datePublished\":\"2017-02-02T16:49:36+00:00\",\"dateModified\":\"2026-02-04T18:58:45+00:00\",\"description\":\"What is on Camp Mowglis summer camp menu? We are proud to offer our campers fresh homemade meals. Read more about our full menu and how we can accommodate food allergies!\",\"breadcrumb\":{\"@id\":\"https:\\\/\\\/www.mowglis.org\\\/food-camp-mowglis\\\/#breadcrumb\"},\"inLanguage\":\"es\",\"potentialAction\":[{\"@type\":\"ReadAction\",\"target\":[\"https:\\\/\\\/www.mowglis.org\\\/food-camp-mowglis\\\/\"]}]},{\"@type\":\"ImageObject\",\"inLanguage\":\"es\",\"@id\":\"https:\\\/\\\/www.mowglis.org\\\/food-camp-mowglis\\\/#primaryimage\",\"url\":\"https:\\\/\\\/www.mowglis.org\\\/wp-content\\\/uploads\\\/2019\\\/02\\\/mowglis-food-header2.jpg\",\"contentUrl\":\"https:\\\/\\\/www.mowglis.org\\\/wp-content\\\/uploads\\\/2019\\\/02\\\/mowglis-food-header2.jpg\",\"width\":1920,\"height\":614,\"caption\":\"Dining at Camp Mowglis\"},{\"@type\":\"BreadcrumbList\",\"@id\":\"https:\\\/\\\/www.mowglis.org\\\/food-camp-mowglis\\\/#breadcrumb\",\"itemListElement\":[{\"@type\":\"ListItem\",\"position\":1,\"name\":\"Home\",\"item\":\"https:\\\/\\\/www.mowglis.org\\\/\"},{\"@type\":\"ListItem\",\"position\":2,\"name\":\"Food at Camp Mowglis\"}]},{\"@type\":\"WebSite\",\"@id\":\"https:\\\/\\\/www.mowglis.org\\\/#website\",\"url\":\"https:\\\/\\\/www.mowglis.org\\\/\",\"name\":\"Camp Mowglis\",\"description\":\"Camp Mowglis Summer Camp for Boys, New Hampshire, USA\",\"publisher\":{\"@id\":\"https:\\\/\\\/www.mowglis.org\\\/#organization\"},\"potentialAction\":[{\"@type\":\"SearchAction\",\"target\":{\"@type\":\"EntryPoint\",\"urlTemplate\":\"https:\\\/\\\/www.mowglis.org\\\/?s={search_term_string}\"},\"query-input\":{\"@type\":\"PropertyValueSpecification\",\"valueRequired\":true,\"valueName\":\"search_term_string\"}}],\"inLanguage\":\"es\"},{\"@type\":\"Organization\",\"@id\":\"https:\\\/\\\/www.mowglis.org\\\/#organization\",\"name\":\"Camp Mowglis\",\"url\":\"https:\\\/\\\/www.mowglis.org\\\/\",\"logo\":{\"@type\":\"ImageObject\",\"inLanguage\":\"es\",\"@id\":\"https:\\\/\\\/www.mowglis.org\\\/#\\\/schema\\\/logo\\\/image\\\/\",\"url\":\"https:\\\/\\\/www.mowglis.org\\\/wp-content\\\/uploads\\\/2025\\\/01\\\/logo-web.svg\",\"contentUrl\":\"https:\\\/\\\/www.mowglis.org\\\/wp-content\\\/uploads\\\/2025\\\/01\\\/logo-web.svg\",\"width\":156,\"height\":42,\"caption\":\"Camp Mowglis\"},\"image\":{\"@id\":\"https:\\\/\\\/www.mowglis.org\\\/#\\\/schema\\\/logo\\\/image\\\/\"}}]}<\/script>\n<!-- \/ Yoast SEO plugin. -->","yoast_head_json":{"title":"What is on the Menu? Camp Mowglis Summer Camp for Boys 7-15 | New Hampshire, New England","description":"What is on Camp Mowglis summer camp menu? We are proud to offer our campers fresh homemade meals. Read more about our full menu and how we can accommodate food allergies!","robots":{"index":"index","follow":"follow","max-snippet":"max-snippet:-1","max-image-preview":"max-image-preview:large","max-video-preview":"max-video-preview:-1"},"canonical":"https:\/\/www.mowglis.org\/es\/food-camp-mowglis\/","og_locale":"es_ES","og_type":"article","og_title":"What is on the Menu? Camp Mowglis Summer Camp for Boys 7-15 | New Hampshire, New England","og_description":"What is on Camp Mowglis summer camp menu? We are proud to offer our campers fresh homemade meals. Read more about our full menu and how we can accommodate food allergies!","og_url":"https:\/\/www.mowglis.org\/es\/food-camp-mowglis\/","og_site_name":"Camp Mowglis","article_modified_time":"2026-02-04T18:58:45+00:00","og_image":[{"width":1920,"height":614,"url":"http:\/\/www.mowglis.org\/wp-content\/uploads\/2019\/02\/mowglis-food-header2.jpg","type":"image\/jpeg"}],"twitter_card":"summary_large_image","twitter_misc":{"Est. reading time":"3 minutos"},"schema":{"@context":"https:\/\/schema.org","@graph":[{"@type":"WebPage","@id":"https:\/\/www.mowglis.org\/food-camp-mowglis\/","url":"https:\/\/www.mowglis.org\/food-camp-mowglis\/","name":"What is on the Menu? Camp Mowglis Summer Camp for Boys 7-15 | New Hampshire, New England","isPartOf":{"@id":"https:\/\/www.mowglis.org\/#website"},"primaryImageOfPage":{"@id":"https:\/\/www.mowglis.org\/food-camp-mowglis\/#primaryimage"},"image":{"@id":"https:\/\/www.mowglis.org\/food-camp-mowglis\/#primaryimage"},"thumbnailUrl":"https:\/\/www.mowglis.org\/wp-content\/uploads\/2019\/02\/mowglis-food-header2.jpg","datePublished":"2017-02-02T16:49:36+00:00","dateModified":"2026-02-04T18:58:45+00:00","description":"What is on Camp Mowglis summer camp menu? We are proud to offer our campers fresh homemade meals. Read more about our full menu and how we can accommodate food allergies!","breadcrumb":{"@id":"https:\/\/www.mowglis.org\/food-camp-mowglis\/#breadcrumb"},"inLanguage":"es","potentialAction":[{"@type":"ReadAction","target":["https:\/\/www.mowglis.org\/food-camp-mowglis\/"]}]},{"@type":"ImageObject","inLanguage":"es","@id":"https:\/\/www.mowglis.org\/food-camp-mowglis\/#primaryimage","url":"https:\/\/www.mowglis.org\/wp-content\/uploads\/2019\/02\/mowglis-food-header2.jpg","contentUrl":"https:\/\/www.mowglis.org\/wp-content\/uploads\/2019\/02\/mowglis-food-header2.jpg","width":1920,"height":614,"caption":"Dining at Camp Mowglis"},{"@type":"BreadcrumbList","@id":"https:\/\/www.mowglis.org\/food-camp-mowglis\/#breadcrumb","itemListElement":[{"@type":"ListItem","position":1,"name":"Home","item":"https:\/\/www.mowglis.org\/"},{"@type":"ListItem","position":2,"name":"Food at Camp Mowglis"}]},{"@type":"WebSite","@id":"https:\/\/www.mowglis.org\/#website","url":"https:\/\/www.mowglis.org\/","name":"Campamento Mowglis","description":"Campamento de verano Mowglis para ni\u00f1os, Nuevo Hampshire, EE. UU.","publisher":{"@id":"https:\/\/www.mowglis.org\/#organization"},"potentialAction":[{"@type":"SearchAction","target":{"@type":"EntryPoint","urlTemplate":"https:\/\/www.mowglis.org\/?s={search_term_string}"},"query-input":{"@type":"PropertyValueSpecification","valueRequired":true,"valueName":"search_term_string"}}],"inLanguage":"es"},{"@type":"Organization","@id":"https:\/\/www.mowglis.org\/#organization","name":"Campamento Mowglis","url":"https:\/\/www.mowglis.org\/","logo":{"@type":"ImageObject","inLanguage":"es","@id":"https:\/\/www.mowglis.org\/#\/schema\/logo\/image\/","url":"https:\/\/www.mowglis.org\/wp-content\/uploads\/2025\/01\/logo-web.svg","contentUrl":"https:\/\/www.mowglis.org\/wp-content\/uploads\/2025\/01\/logo-web.svg","width":156,"height":42,"caption":"Camp Mowglis"},"image":{"@id":"https:\/\/www.mowglis.org\/#\/schema\/logo\/image\/"}}]}},"_links":{"self":[{"href":"https:\/\/www.mowglis.org\/es\/wp-json\/wp\/v2\/pages\/5149","targetHints":{"allow":["GET"]}}],"collection":[{"href":"https:\/\/www.mowglis.org\/es\/wp-json\/wp\/v2\/pages"}],"about":[{"href":"https:\/\/www.mowglis.org\/es\/wp-json\/wp\/v2\/types\/page"}],"author":[{"embeddable":true,"href":"https:\/\/www.mowglis.org\/es\/wp-json\/wp\/v2\/users\/12"}],"replies":[{"embeddable":true,"href":"https:\/\/www.mowglis.org\/es\/wp-json\/wp\/v2\/comments?post=5149"}],"version-history":[{"count":0,"href":"https:\/\/www.mowglis.org\/es\/wp-json\/wp\/v2\/pages\/5149\/revisions"}],"wp:featuredmedia":[{"embeddable":true,"href":"https:\/\/www.mowglis.org\/es\/wp-json\/wp\/v2\/media\/6239"}],"wp:attachment":[{"href":"https:\/\/www.mowglis.org\/es\/wp-json\/wp\/v2\/media?parent=5149"}],"wp:term":[{"taxonomy":"quote-categoria","embeddable":true,"href":"https:\/\/www.mowglis.org\/es\/wp-json\/wp\/v2\/quote-categoria?post=5149"}],"curies":[{"name":"wp","href":"https:\/\/api.w.org\/{rel}","templated":true}]}}