{"id":6284,"date":"2019-02-14T08:55:51","date_gmt":"2019-02-14T13:55:51","guid":{"rendered":"http:\/\/www.mowglis.org\/?page_id=6284"},"modified":"2026-02-04T12:28:31","modified_gmt":"2026-02-04T17:28:31","slug":"bequests","status":"publish","type":"page","link":"https:\/\/www.mowglis.org\/es\/bequests\/","title":{"rendered":"Legados"},"content":{"rendered":"<div data-elementor-type=\"wp-page\" data-elementor-id=\"6284\" class=\"elementor elementor-6284\" data-elementor-post-type=\"page\">\n\t\t\t\t<div class=\"elementor-element elementor-element-31a6a2c7 e-flex e-con-boxed e-con e-parent\" data-id=\"31a6a2c7\" data-element_type=\"container\" data-e-type=\"container\">\n\t\t\t\t\t<div class=\"e-con-inner\">\n\t\t\t\t<div class=\"elementor-element elementor-element-103bdf46 elementor-widget elementor-widget-text-editor\" data-id=\"103bdf46\" data-element_type=\"widget\" data-e-type=\"widget\" data-widget_type=\"text-editor.default\">\n\t\t\t\t<div class=\"elementor-widget-container\">\n\t\t\t\t\t\t\t\t\t\n<p>\u00a0<\/p>\n\n<p>\u00a0<\/p>\n\n<p>Si desea facilitar un legado u otra donaci\u00f3n planificada, p\u00f3ngase en contacto con Jay Gulitti, nuestro Director de Desarrollo.<\/p>\n\n<p>\u00a0<\/p>\n\n<p>Tel\u00e9fono: <strong>(603) 744-8095 ext. 280<\/strong><\/p>\n\n<p>\u00a0<\/p>\n\n<p>Correo electr\u00f3nico:<a href=\"mailto:jgulitti@mowglis.org\"> jgulitti@mowglis.org<\/a><\/p>\n\n<p>\u00a0<\/p>\n\n<p>\u00a0<\/p>\n\t\t\t\t\t\t\t\t<\/div>\n\t\t\t\t<\/div>\n\t\t\t\t\t<\/div>\n\t\t\t\t<\/div>\n\t\t\t\t<\/div>","protected":false},"excerpt":{"rendered":"<p>\u00a0 \u00a0 Si desea facilitar un legado u otra donaci\u00f3n planificada, comun\u00edquese con Jay Gulitti, nuestro Director de Desarrollo. Tel\u00e9fono: (603) 744-8095 ext. 280 Correo electr\u00f3nico: jgulitti@mowglis.org \u00a0 \u00a0<\/p>","protected":false},"author":18,"featured_media":18455,"parent":0,"menu_order":0,"comment_status":"closed","ping_status":"closed","template":"","meta":{"_acf_changed":false,"inline_featured_image":false,"footnotes":"","_wp_rev_ctl_limit":""},"quote-categoria":[276,290,266],"class_list":["post-6284","page","type-page","status-publish","has-post-thumbnail","hentry","quote-categoria-spirit","quote-categoria-tradition","quote-categoria-views"],"acf":[],"yoast_head":"<!-- This site is optimized with the Yoast SEO plugin v27.4 - https:\/\/yoast.com\/product\/yoast-seo-wordpress\/ -->\n<title>How You Can Give: Bequests - Camp Mowglis for Boys | New Hampshire, New England<\/title>\n<meta name=\"description\" content=\"A bequest is a simple and helpful gift you can provide to support our legacy. Learn more about how you can make your bequest to benefit the campers and staff of Camp Mowglis!\" \/>\n<meta name=\"robots\" content=\"index, follow, max-snippet:-1, max-image-preview:large, max-video-preview:-1\" \/>\n<link rel=\"canonical\" href=\"https:\/\/www.mowglis.org\/es\/bequests\/\" \/>\n<meta property=\"og:locale\" content=\"es_ES\" \/>\n<meta property=\"og:type\" content=\"article\" \/>\n<meta property=\"og:title\" content=\"How You Can Give: Bequests - Camp Mowglis for Boys | New Hampshire, New England\" \/>\n<meta property=\"og:description\" content=\"A bequest is a simple and helpful gift you can provide to support our legacy. Learn more about how you can make your bequest to benefit the campers and staff of Camp Mowglis!\" \/>\n<meta property=\"og:url\" content=\"https:\/\/www.mowglis.org\/es\/bequests\/\" \/>\n<meta property=\"og:site_name\" content=\"Camp Mowglis\" \/>\n<meta property=\"article:modified_time\" content=\"2026-02-04T17:28:31+00:00\" \/>\n<meta property=\"og:image\" content=\"http:\/\/www.mowglis.org\/wp-content\/uploads\/2025\/01\/property-gallery-2.jpg\" \/>\n\t<meta property=\"og:image:width\" content=\"1440\" \/>\n\t<meta property=\"og:image:height\" content=\"810\" \/>\n\t<meta property=\"og:image:type\" content=\"image\/jpeg\" \/>\n<meta name=\"twitter:card\" content=\"summary_large_image\" \/>\n<meta name=\"twitter:label1\" content=\"Est. reading time\" \/>\n\t<meta name=\"twitter:data1\" content=\"1 minuto\" \/>\n<script type=\"application\/ld+json\" class=\"yoast-schema-graph\">{\"@context\":\"https:\\\/\\\/schema.org\",\"@graph\":[{\"@type\":\"WebPage\",\"@id\":\"https:\\\/\\\/www.mowglis.org\\\/bequests\\\/\",\"url\":\"https:\\\/\\\/www.mowglis.org\\\/bequests\\\/\",\"name\":\"How You Can Give: Bequests - Camp Mowglis for Boys | New Hampshire, New England\",\"isPartOf\":{\"@id\":\"https:\\\/\\\/www.mowglis.org\\\/#website\"},\"primaryImageOfPage\":{\"@id\":\"https:\\\/\\\/www.mowglis.org\\\/bequests\\\/#primaryimage\"},\"image\":{\"@id\":\"https:\\\/\\\/www.mowglis.org\\\/bequests\\\/#primaryimage\"},\"thumbnailUrl\":\"https:\\\/\\\/www.mowglis.org\\\/wp-content\\\/uploads\\\/2025\\\/01\\\/property-gallery-2.jpg\",\"datePublished\":\"2019-02-14T13:55:51+00:00\",\"dateModified\":\"2026-02-04T17:28:31+00:00\",\"description\":\"A bequest is a simple and helpful gift you can provide to support our legacy. Learn more about how you can make your bequest to benefit the campers and staff of Camp Mowglis!\",\"breadcrumb\":{\"@id\":\"https:\\\/\\\/www.mowglis.org\\\/bequests\\\/#breadcrumb\"},\"inLanguage\":\"es\",\"potentialAction\":[{\"@type\":\"ReadAction\",\"target\":[\"https:\\\/\\\/www.mowglis.org\\\/bequests\\\/\"]}]},{\"@type\":\"ImageObject\",\"inLanguage\":\"es\",\"@id\":\"https:\\\/\\\/www.mowglis.org\\\/bequests\\\/#primaryimage\",\"url\":\"https:\\\/\\\/www.mowglis.org\\\/wp-content\\\/uploads\\\/2025\\\/01\\\/property-gallery-2.jpg\",\"contentUrl\":\"https:\\\/\\\/www.mowglis.org\\\/wp-content\\\/uploads\\\/2025\\\/01\\\/property-gallery-2.jpg\",\"width\":1440,\"height\":810},{\"@type\":\"BreadcrumbList\",\"@id\":\"https:\\\/\\\/www.mowglis.org\\\/bequests\\\/#breadcrumb\",\"itemListElement\":[{\"@type\":\"ListItem\",\"position\":1,\"name\":\"Home\",\"item\":\"https:\\\/\\\/www.mowglis.org\\\/\"},{\"@type\":\"ListItem\",\"position\":2,\"name\":\"Bequests\"}]},{\"@type\":\"WebSite\",\"@id\":\"https:\\\/\\\/www.mowglis.org\\\/#website\",\"url\":\"https:\\\/\\\/www.mowglis.org\\\/\",\"name\":\"Camp Mowglis\",\"description\":\"Camp Mowglis Summer Camp for Boys, New Hampshire, USA\",\"publisher\":{\"@id\":\"https:\\\/\\\/www.mowglis.org\\\/#organization\"},\"potentialAction\":[{\"@type\":\"SearchAction\",\"target\":{\"@type\":\"EntryPoint\",\"urlTemplate\":\"https:\\\/\\\/www.mowglis.org\\\/?s={search_term_string}\"},\"query-input\":{\"@type\":\"PropertyValueSpecification\",\"valueRequired\":true,\"valueName\":\"search_term_string\"}}],\"inLanguage\":\"es\"},{\"@type\":\"Organization\",\"@id\":\"https:\\\/\\\/www.mowglis.org\\\/#organization\",\"name\":\"Camp Mowglis\",\"url\":\"https:\\\/\\\/www.mowglis.org\\\/\",\"logo\":{\"@type\":\"ImageObject\",\"inLanguage\":\"es\",\"@id\":\"https:\\\/\\\/www.mowglis.org\\\/#\\\/schema\\\/logo\\\/image\\\/\",\"url\":\"https:\\\/\\\/www.mowglis.org\\\/wp-content\\\/uploads\\\/2025\\\/01\\\/logo-web.svg\",\"contentUrl\":\"https:\\\/\\\/www.mowglis.org\\\/wp-content\\\/uploads\\\/2025\\\/01\\\/logo-web.svg\",\"width\":156,\"height\":42,\"caption\":\"Camp Mowglis\"},\"image\":{\"@id\":\"https:\\\/\\\/www.mowglis.org\\\/#\\\/schema\\\/logo\\\/image\\\/\"}}]}<\/script>\n<!-- \/ Yoast SEO plugin. -->","yoast_head_json":{"title":"C\u00f3mo puedes donar: Legados - Campamento Mowglis para Ni\u00f1os | Nuevo Hampshire, Nueva Inglaterra","description":"Un legado es un regalo sencillo y valioso que puedes hacer para apoyar nuestro legado. \u00a1Descubre c\u00f3mo puedes hacer tu legado para beneficiar a los campistas y al personal del Campamento Mowglis!","robots":{"index":"index","follow":"follow","max-snippet":"max-snippet:-1","max-image-preview":"max-image-preview:large","max-video-preview":"max-video-preview:-1"},"canonical":"https:\/\/www.mowglis.org\/es\/bequests\/","og_locale":"es_ES","og_type":"article","og_title":"How You Can Give: Bequests - Camp Mowglis for Boys | New Hampshire, New England","og_description":"A bequest is a simple and helpful gift you can provide to support our legacy. Learn more about how you can make your bequest to benefit the campers and staff of Camp Mowglis!","og_url":"https:\/\/www.mowglis.org\/es\/bequests\/","og_site_name":"Camp Mowglis","article_modified_time":"2026-02-04T17:28:31+00:00","og_image":[{"width":1440,"height":810,"url":"http:\/\/www.mowglis.org\/wp-content\/uploads\/2025\/01\/property-gallery-2.jpg","type":"image\/jpeg"}],"twitter_card":"summary_large_image","twitter_misc":{"Est. reading time":"1 minuto"},"schema":{"@context":"https:\/\/schema.org","@graph":[{"@type":"WebPage","@id":"https:\/\/www.mowglis.org\/bequests\/","url":"https:\/\/www.mowglis.org\/bequests\/","name":"C\u00f3mo puedes donar: Legados - Campamento Mowglis para Ni\u00f1os | Nuevo Hampshire, Nueva Inglaterra","isPartOf":{"@id":"https:\/\/www.mowglis.org\/#website"},"primaryImageOfPage":{"@id":"https:\/\/www.mowglis.org\/bequests\/#primaryimage"},"image":{"@id":"https:\/\/www.mowglis.org\/bequests\/#primaryimage"},"thumbnailUrl":"https:\/\/www.mowglis.org\/wp-content\/uploads\/2025\/01\/property-gallery-2.jpg","datePublished":"2019-02-14T13:55:51+00:00","dateModified":"2026-02-04T17:28:31+00:00","description":"Un legado es un regalo sencillo y valioso que puedes hacer para apoyar nuestro legado. \u00a1Descubre c\u00f3mo puedes hacer tu legado para beneficiar a los campistas y al personal del Campamento Mowglis!","breadcrumb":{"@id":"https:\/\/www.mowglis.org\/bequests\/#breadcrumb"},"inLanguage":"es","potentialAction":[{"@type":"ReadAction","target":["https:\/\/www.mowglis.org\/bequests\/"]}]},{"@type":"ImageObject","inLanguage":"es","@id":"https:\/\/www.mowglis.org\/bequests\/#primaryimage","url":"https:\/\/www.mowglis.org\/wp-content\/uploads\/2025\/01\/property-gallery-2.jpg","contentUrl":"https:\/\/www.mowglis.org\/wp-content\/uploads\/2025\/01\/property-gallery-2.jpg","width":1440,"height":810},{"@type":"BreadcrumbList","@id":"https:\/\/www.mowglis.org\/bequests\/#breadcrumb","itemListElement":[{"@type":"ListItem","position":1,"name":"Home","item":"https:\/\/www.mowglis.org\/"},{"@type":"ListItem","position":2,"name":"Bequests"}]},{"@type":"WebSite","@id":"https:\/\/www.mowglis.org\/#website","url":"https:\/\/www.mowglis.org\/","name":"Campamento Mowglis","description":"Campamento de verano Mowglis para ni\u00f1os, Nuevo Hampshire, EE. UU.","publisher":{"@id":"https:\/\/www.mowglis.org\/#organization"},"potentialAction":[{"@type":"SearchAction","target":{"@type":"EntryPoint","urlTemplate":"https:\/\/www.mowglis.org\/?s={search_term_string}"},"query-input":{"@type":"PropertyValueSpecification","valueRequired":true,"valueName":"search_term_string"}}],"inLanguage":"es"},{"@type":"Organization","@id":"https:\/\/www.mowglis.org\/#organization","name":"Campamento Mowglis","url":"https:\/\/www.mowglis.org\/","logo":{"@type":"ImageObject","inLanguage":"es","@id":"https:\/\/www.mowglis.org\/#\/schema\/logo\/image\/","url":"https:\/\/www.mowglis.org\/wp-content\/uploads\/2025\/01\/logo-web.svg","contentUrl":"https:\/\/www.mowglis.org\/wp-content\/uploads\/2025\/01\/logo-web.svg","width":156,"height":42,"caption":"Camp Mowglis"},"image":{"@id":"https:\/\/www.mowglis.org\/#\/schema\/logo\/image\/"}}]}},"_links":{"self":[{"href":"https:\/\/www.mowglis.org\/es\/wp-json\/wp\/v2\/pages\/6284","targetHints":{"allow":["GET"]}}],"collection":[{"href":"https:\/\/www.mowglis.org\/es\/wp-json\/wp\/v2\/pages"}],"about":[{"href":"https:\/\/www.mowglis.org\/es\/wp-json\/wp\/v2\/types\/page"}],"author":[{"embeddable":true,"href":"https:\/\/www.mowglis.org\/es\/wp-json\/wp\/v2\/users\/18"}],"replies":[{"embeddable":true,"href":"https:\/\/www.mowglis.org\/es\/wp-json\/wp\/v2\/comments?post=6284"}],"version-history":[{"count":0,"href":"https:\/\/www.mowglis.org\/es\/wp-json\/wp\/v2\/pages\/6284\/revisions"}],"wp:featuredmedia":[{"embeddable":true,"href":"https:\/\/www.mowglis.org\/es\/wp-json\/wp\/v2\/media\/18455"}],"wp:attachment":[{"href":"https:\/\/www.mowglis.org\/es\/wp-json\/wp\/v2\/media?parent=6284"}],"wp:term":[{"taxonomy":"quote-categoria","embeddable":true,"href":"https:\/\/www.mowglis.org\/es\/wp-json\/wp\/v2\/quote-categoria?post=6284"}],"curies":[{"name":"wp","href":"https:\/\/api.w.org\/{rel}","templated":true}]}}