{"id":651,"date":"2010-12-30T17:06:09","date_gmt":"2010-12-30T22:06:09","guid":{"rendered":"http:\/\/mowglis.net\/"},"modified":"2026-02-04T13:43:31","modified_gmt":"2026-02-04T18:43:31","slug":"what-to-pack","status":"publish","type":"page","link":"https:\/\/www.mowglis.org\/es\/current-families\/what-to-pack\/","title":{"rendered":"Qu\u00e9 empacar"},"content":{"rendered":"<p>&nbsp;<\/p>\n\n\n\n<h1 class=\"wp-block-heading\">Qu\u00e9 llevar al campamento Mowglis<\/h1>\n\n\n\n<p>(Despl\u00e1cese hacia abajo para ver la lista de art\u00edculos para empacar para potros de un a\u00f1o)<\/p>\n\n\n\n<br>\n\n\n\n<h2 class=\"wp-block-heading\">Uniforme<\/h2>\n\n\n\n<br>\n\n\n\n<p>Todos los art\u00edculos del uniforme estar\u00e1n disponibles para su compra directa a trav\u00e9s de nuestro proveedor, Everything Summer Camp. Tenga en cuenta que puede adquirir art\u00edculos adicionales del uniforme si lo desea.<\/p>\n\n\n\n<br>\n\n\n\n<p>Por favor, prep\u00e1rense para marcar este uniforme con un rotulador permanente cuando lo reciban. Los campistas deben llegar al campamento con su uniforme (diario).<\/p>\n\n\n\n<br>\n\n\n\n<ul class=\"wp-block-list\">\n<li>1 Polo gris de Mowgli<\/li>\n\n\n\n<li>2 camisetas con el logo de Mowgli<\/li>\n\n\n\n<li>1 Camiseta de senderismo de manga corta Mowglis \u2013 Tejido sint\u00e9tico<\/li>\n\n\n\n<li>1 Camiseta de senderismo de manga larga Mowglis \u2013 Tejido sint\u00e9tico<\/li>\n\n\n\n<li>1 par de pantalones cortos de vestir grises<\/li>\n\n\n\n<li>3 pares de pantalones cortos azules para uso diario.<\/li>\n\n\n\n<li>1 par de pantalones deportivos de Mowgli<\/li>\n\n\n\n<li>1 Forro polar gris<\/li>\n\n\n\n<li>1 Cintur\u00f3n gris con anilla en D<\/li>\n\n\n\n<li>1 Gorro de forro polar gris<\/li>\n\n\n\n<li>1 par de calcetines de vestir azules<\/li>\n<\/ul>\n\n\n\n<br>\n\n\n\n<a href=\"http:\/\/www.everythingsummercamp.com\/camp-mowglis?camp_code=trail851MG\" \n   target=\"_blank\" \n   class=\"elementor-button\" \n   style=\"background-color: #4d7252; fill: #d2dcd3; color: #d2dcd3; border-style: solid; border-width: 1px; border-color: #37613c; border-radius: 8px;\" \n   data-hide-on-mobile=\"small-visibility,medium-visibility,large-visibility\">\n   Solicita tu uniforme aqu\u00ed \u00bb\n<\/a>\n\n\n\n<br>\n\n\n\n<br>\n\n\n\n<h2 class=\"wp-block-heading\">Lista de equipaje para la caravana:<\/h2>\n\n\n\n<br>\n\n\n\n<h3 class=\"wp-block-heading\">Ropa<\/h3>\n\n\n\n<br>\n\n\n\n<ul class=\"wp-block-list\">\n<li>10 camisetas de color gris, sin logotipos ni dise\u00f1os*.<\/li>\n\n\n\n<li>10 pares de ropa interior*<\/li>\n\n\n\n<li>10 pares de calcetines deportivos grises o blancos*<\/li>\n\n\n\n<li>Se recomiendan 4 pares de calcetines de senderismo, de lana o sint\u00e9ticos.<\/li>\n\n\n\n<li>1 par de ropa interior larga sint\u00e9tica (no de algod\u00f3n), pantalones y camisa<\/li>\n\n\n\n<li>2 pares de pijamas<\/li>\n\n\n\n<li>1 bata de ba\u00f1o<\/li>\n\n\n\n<li>2 trajes de ba\u00f1o**<\/li>\n\n\n\n<li>1 chaqueta impermeable con capucha y pantalones impermeables<\/li>\n\n\n\n<li>1 poncho para la lluvia (opcional)<\/li>\n\n\n\n<li>2 pares de zapatillas<\/li>\n\n\n\n<li>1 par de botas de monta\u00f1a<\/li>\n\n\n\n<li>1 par de chanclas o sandalias<\/li>\n<\/ul>\n\n\n\n<br>\n\n\n\n<p>*Tenga en cuenta que los Cubs que participen en sesiones m\u00e1s cortas deber\u00e1n traer 7 de estos art\u00edculos.<\/p>\n\n\n\n<br>\n\n\n\n<p>**Por favor, env\u00ede a su hijo\/a al campamento con un traje de ba\u00f1o de colores brillantes, y nada de azul. Los estudios han demostrado que los trajes de ba\u00f1o azules son pr\u00e1cticamente invisibles bajo el agua. En cambio, el amarillo o el naranja fluorescente son muy visibles. Esto suena desagradable, pero si alguna vez busc\u00e1ramos a un nadador sumergido, \u00a1querr\u00edamos ver su traje de ba\u00f1o! As\u00ed que, por favor, env\u00edelo\/a con un traje de ba\u00f1o de colores brillantes. \u00a1Gracias!<\/p>\n\n\n\n<br>\n\n\n\n<h3 class=\"wp-block-heading\">Ropa de cama<\/h3>\n\n\n\n<br>\n\n\n\n<ul class=\"wp-block-list\">\n<li>Se recomienda llevar 3 mantas, de lana o polar, de colores lisos \u00fanicamente (para quienes viajen largas distancias y deseen ahorrar espacio en el equipaje, se ofrecen s\u00e1banas y mantas).<\/li>\n\n\n\n<li>4 s\u00e1banas planas individuales, no ajustables o no el\u00e1sticas<\/li>\n\n\n\n<li>2 fundas de almohada<\/li>\n\n\n\n<li>1 almohada<\/li>\n\n\n\n<li>3 toallas de ba\u00f1o<\/li>\n\n\n\n<li>1 toalla de playa<\/li>\n\n\n\n<li>Mowglis proporcionar\u00e1 las bolsas de lavander\u00eda de su hijo, ya que cada grupo de edad tiene una bolsa de color espec\u00edfico.<\/li>\n\n\n\n<li>1 bolsa de lona para empacar para viajes de una noche (ni\u00f1os de 12 a\u00f1os o menos)<\/li>\n<\/ul>\n\n\n\n<br>\n\n\n\n<p>Esta bolsa est\u00e1 dise\u00f1ada para ser llevada al campamento base para su uso nocturno en viajes de tres d\u00edas.<\/p>\n\n\n\n<br>\n\n\n\n<h3 class=\"wp-block-heading\">Engranaje<\/h3>\n\n\n\n<br>\n\n\n\n<ul class=\"wp-block-list\">\n<li>1 saco de dormir sint\u00e9tico con bolsa de compresi\u00f3n<\/li>\n\n\n\n<li>1 colchoneta de espuma para dormir, como la colchoneta Therm-a-Rest, haga clic aqu\u00ed. <a href=\"https:\/\/www.amazon.com\/Therm-Rest-RidgeRest-Classic-Sleeping\/dp\/B00HANOY9I\/ref=sr_1_2?s=outdoor-recreation&amp;ie=UTF8&amp;qid=1530122676&amp;sr=1-2&amp;keywords=ridgerest+sleeping+pad\" target=\"_blank\" rel=\"noopener noreferrer\">aqu\u00ed<\/a><\/li>\n\n\n\n<li>2 botellas de agua de un litro (MUY IMPORTANTE: aseg\u00farese de identificar claramente las botellas de agua de su hijo\/a. Se cobrar\u00e1 un cargo de $5 cada vez que el campamento tenga que proporcionarle una botella de agua a su hijo\/a si pierde la suya).<\/li>\n\n\n\n<li>1 taz\u00f3n y cuchara o tenedor-cuchara para viajes de una noche.<\/li>\n\n\n\n<li>1 linterna, con pilas de repuesto; las linternas frontales son estupendas.<\/li>\n\n\n\n<li>Una mochila para excursiones de varios d\u00edas para chicos de 12 a\u00f1os o m\u00e1s. Debe ser una mochila resistente, dise\u00f1ada para usarse durante varios d\u00edas seguidos. LL Bean y REI son dos opciones. Si necesita ayuda para encontrar una, p\u00f3ngase en contacto con el campamento. Algunas marcas son Kelty, Mountainsmith, Jansport, Lowe, Gregory, DanaDesigns y Eureka. Un buen tama\u00f1o oscila entre 4000 y 5000 pulgadas c\u00fabicas.<\/li>\n\n\n\n<li>Una mochila peque\u00f1a para llevar el almuerzo y las botellas de agua para excursiones de un d\u00eda. Es una mochila t\u00edpica de tama\u00f1o escolar.<\/li>\n<\/ul>\n\n\n\n<br>\n\n\n\n<h3 class=\"wp-block-heading\">Art\u00edculos personales<\/h3>\n\n\n\n<br>\n\n\n\n<ul class=\"wp-block-list\">\n<li>Art\u00edculos de aseo personal, incluyendo cepillo de dientes, jab\u00f3n y champ\u00fa.<\/li>\n\n\n\n<li>Art\u00edculos de papeler\u00eda, bol\u00edgrafos, l\u00e1pices<\/li>\n\n\n\n<li>Repelente de insectos<\/li>\n\n\n\n<li>protector solar<\/li>\n\n\n\n<li>Cualquier medicamento personal (deber\u00e1 entregarse a la enfermera a su llegada).<\/li>\n\n\n\n<li>Naipes<\/li>\n\n\n\n<li>Guardi\u00e1n de gafas (Croakies)<\/li>\n<\/ul>\n\n\n\n<br>\n\n\n\n<h3 class=\"wp-block-heading\">Solo para Denites (campistas en su \u00faltimo a\u00f1o)<\/h3>\n\n\n\n<br>\n\n\n\n<ul class=\"wp-block-list\">\n<li>1 chaqueta de vestir, camisa de vestir, corbata y pantal\u00f3n para la cena de graduaci\u00f3n.<\/li>\n<\/ul>\n\n\n\n<br>\n\n\n\n<h3 class=\"wp-block-heading\">Art\u00edculos opcionales<\/h3>\n\n\n\n<br>\n\n\n\n<ul class=\"wp-block-list\">\n<li>Guante de b\u00e9isbol<\/li>\n\n\n\n<li>Raqueta de tenis<\/li>\n\n\n\n<li>Paleta de ping pong<\/li>\n\n\n\n<li>Material de lectura<\/li>\n\n\n\n<li>Palo de lacrosse<\/li>\n<\/ul>\n\n\n\n<br>\n\n\n\n<p><strong>NOTA: Los siguientes art\u00edculos no est\u00e1n permitidos en el campamento: navajas personales (a menos que el campista haya aprobado su prueba de manejo de cuchillos), consolas de videojuegos port\u00e1tiles, reproductores de MP3, tel\u00e9fonos celulares, radios y otros aparatos electr\u00f3nicos.<\/strong><\/p>\n\n\n\n<br>\n\n\n\n<h3 class=\"wp-block-heading\">Lista de art\u00edculos para empacar para potros de un a\u00f1o:<\/h3>\n\n\n\n<br>\n\n\n\n<ul class=\"wp-block-list\">\n<li>1 vell\u00f3n de Mowgli<\/li>\n\n\n\n<li>1 Camiseta de senderismo de Mowgli<\/li>\n\n\n\n<li>&nbsp;2 camisetas de algod\u00f3n de Mowgli<\/li>\n\n\n\n<li>3 pares de pantalones cortos azules - 1 par de pantalones cortos grises *Se le proporcionar\u00e1 una camisa de vestir para personal juvenil. CALZADO<\/li>\n\n\n\n<li>Botas de senderismo (no se permiten zapatillas de trail running para hacer senderismo)<\/li>\n\n\n\n<li>Zapatillas deportivas (se recomiendan 2 pares) - Sandalias (punta cerrada) ROPA<\/li>\n\n\n\n<li>4 pares de calcetines de lana\/sint\u00e9ticos<\/li>\n\n\n\n<li>10 pares de calcetines de algod\u00f3n<\/li>\n\n\n\n<li>10 pares de ropa interior<\/li>\n\n\n\n<li>6 camisetas grises - Capa de polipropileno - Pantalones largos y mangas largas (muy importante)<\/li>\n\n\n\n<li>Camiseta de poli\u00e9ster (color liso, se puede comprar m\u00e1s de una).<\/li>\n\n\n\n<li>Chaqueta y pantal\u00f3n impermeables<\/li>\n\n\n\n<li>Gorro de lana\/polar - Traje de ba\u00f1o y pijama<\/li>\n\n\n\n<li>Chaleco polar (opcional, pero recomendable)<\/li>\n<\/ul>\n\n\n\n<br>\n\n\n\n<p><strong>EQUIPO DE VIAJE <\/strong><\/p>\n\n\n\n<br>\n\n\n\n<ul class=\"wp-block-list\">\n<li>Mochila de d\u00eda (mochila escolar)<\/li>\n\n\n\n<li>Mochila de senderismo (m\u00e1s de 4000 pulgadas c\u00fabicas)<\/li>\n\n\n\n<li>Saco de dormir sint\u00e9tico de 20 a 35 grados Fahrenheit.<\/li>\n\n\n\n<li>Juego de utensilios de cocina \/ Taz\u00f3n y cubiertos<\/li>\n\n\n\n<li>Capacidad de agua de 3 litros (bolsa de hidrataci\u00f3n\/botellas de agua)<\/li>\n\n\n\n<li>Navaja<\/li>\n<\/ul>\n\n\n\n<br>\n\n\n\n<p><strong>OTRAS NECESIDADES <\/strong><\/p>\n\n\n\n<br>\n\n\n\n<ul class=\"wp-block-list\">\n<li>2 toallas de ba\u00f1o<\/li>\n\n\n\n<li>2 almohadas y fundas<\/li>\n\n\n\n<li>2 juegos de s\u00e1banas planas<\/li>\n\n\n\n<li>3 mantas (de colores lisos, de forro polar o lana)<\/li>\n\n\n\n<li>Bolsa de lona grande con cremallera<\/li>\n\n\n\n<li>1 Linterna<\/li>\n\n\n\n<li>1 Faro delantero - Pilas adicionales para las luces<\/li>\n\n\n\n<li>Papel de escribir, bol\u00edgrafo\/l\u00e1piz, sobres para env\u00edos postales<\/li>\n\n\n\n<li>Material de lectura<\/li>\n\n\n\n<li>Art\u00edculos de aseo personal: cepillo de dientes, jab\u00f3n, champ\u00fa, etc.<\/li>\n\n\n\n<li>Repelente de insectos - Protector solar<\/li>\n\n\n\n<li>Cualquier medicamento personal (entr\u00e9guelo a la enfermera a su llegada).<\/li>\n\n\n\n<li>Tenga en cuenta que los alumnos de primer a\u00f1o no tienen permitido usar tel\u00e9fonos ni dispositivos electr\u00f3nicos durante su per\u00edodo de formaci\u00f3n. Una vez que pasen a formar parte del personal subalterno, podr\u00e1n usar sus dispositivos con las mismas restricciones que el personal s\u00e9nior.<\/li>\n<\/ul>\n\n\n\n<p>&nbsp;<\/p>","protected":false},"excerpt":{"rendered":"<p>&nbsp; What to Pack for Camp Mowglis (Please scroll down to view the Yearling Packing list) Uniform All of our uniform items will be available for direct purchase from our vendor, Everything Summer Camp. Please note that you are welcome to purchase extra uniform items. Please be prepared to label this uniform with a permanent [&hellip;]<\/p>\n","protected":false},"author":10,"featured_media":5773,"parent":21563,"menu_order":3,"comment_status":"closed","ping_status":"closed","template":"","meta":{"_acf_changed":false,"inline_featured_image":false,"footnotes":"","_wp_rev_ctl_limit":""},"quote-categoria":[280,278,263,260,265],"class_list":["post-651","page","type-page","status-publish","has-post-thumbnail","hentry","quote-categoria-aventure","quote-categoria-clubs","quote-categoria-hiking","quote-categoria-ropes-course","quote-categoria-trip"],"acf":[],"yoast_head":"<!-- This site is optimized with the Yoast SEO plugin v27.4 - https:\/\/yoast.com\/product\/yoast-seo-wordpress\/ -->\n<title>What to Pack for Boy&#039;s Summer Camp | Camp Mowglis - #1 New England Camp for Boys<\/title>\n<meta name=\"description\" content=\"Make sure your son has the correct equipment and supplies for their sleepaway at Camp Mowglis. Look at our list to see what your child needs to bring and order their uniforms here!\" \/>\n<meta name=\"robots\" content=\"index, follow, max-snippet:-1, max-image-preview:large, max-video-preview:-1\" \/>\n<link rel=\"canonical\" href=\"https:\/\/www.mowglis.org\/es\/current-families\/what-to-pack\/\" \/>\n<meta property=\"og:locale\" content=\"es_ES\" \/>\n<meta property=\"og:type\" content=\"article\" \/>\n<meta property=\"og:title\" content=\"What to Pack for Boy&#039;s Summer Camp | Camp Mowglis - #1 New England Camp for Boys\" \/>\n<meta property=\"og:description\" content=\"Make sure your son has the correct equipment and supplies for their sleepaway at Camp Mowglis. Look at our list to see what your child needs to bring and order their uniforms here!\" \/>\n<meta property=\"og:url\" content=\"https:\/\/www.mowglis.org\/es\/current-families\/what-to-pack\/\" \/>\n<meta property=\"og:site_name\" content=\"Camp Mowglis\" \/>\n<meta property=\"article:modified_time\" content=\"2026-02-04T18:43:31+00:00\" \/>\n<meta property=\"og:image\" content=\"http:\/\/www.mowglis.org\/wp-content\/uploads\/2018\/01\/camp-mowglis-what-to-pack-header.jpg\" \/>\n\t<meta property=\"og:image:width\" content=\"1920\" \/>\n\t<meta property=\"og:image:height\" content=\"614\" \/>\n\t<meta property=\"og:image:type\" content=\"image\/jpeg\" \/>\n<meta name=\"twitter:card\" content=\"summary_large_image\" \/>\n<meta name=\"twitter:label1\" content=\"Est. reading time\" \/>\n\t<meta name=\"twitter:data1\" content=\"4 minutos\" \/>\n<script type=\"application\/ld+json\" class=\"yoast-schema-graph\">{\"@context\":\"https:\\\/\\\/schema.org\",\"@graph\":[{\"@type\":\"WebPage\",\"@id\":\"https:\\\/\\\/www.mowglis.org\\\/current-families\\\/what-to-pack\\\/\",\"url\":\"https:\\\/\\\/www.mowglis.org\\\/current-families\\\/what-to-pack\\\/\",\"name\":\"What to Pack for Boy's Summer Camp | Camp Mowglis - #1 New England Camp for Boys\",\"isPartOf\":{\"@id\":\"https:\\\/\\\/www.mowglis.org\\\/#website\"},\"primaryImageOfPage\":{\"@id\":\"https:\\\/\\\/www.mowglis.org\\\/current-families\\\/what-to-pack\\\/#primaryimage\"},\"image\":{\"@id\":\"https:\\\/\\\/www.mowglis.org\\\/current-families\\\/what-to-pack\\\/#primaryimage\"},\"thumbnailUrl\":\"https:\\\/\\\/www.mowglis.org\\\/wp-content\\\/uploads\\\/2018\\\/01\\\/camp-mowglis-what-to-pack-header.jpg\",\"datePublished\":\"2010-12-30T22:06:09+00:00\",\"dateModified\":\"2026-02-04T18:43:31+00:00\",\"description\":\"Make sure your son has the correct equipment and supplies for their sleepaway at Camp Mowglis. Look at our list to see what your child needs to bring and order their uniforms here!\",\"breadcrumb\":{\"@id\":\"https:\\\/\\\/www.mowglis.org\\\/current-families\\\/what-to-pack\\\/#breadcrumb\"},\"inLanguage\":\"es\",\"potentialAction\":[{\"@type\":\"ReadAction\",\"target\":[\"https:\\\/\\\/www.mowglis.org\\\/current-families\\\/what-to-pack\\\/\"]}]},{\"@type\":\"ImageObject\",\"inLanguage\":\"es\",\"@id\":\"https:\\\/\\\/www.mowglis.org\\\/current-families\\\/what-to-pack\\\/#primaryimage\",\"url\":\"https:\\\/\\\/www.mowglis.org\\\/wp-content\\\/uploads\\\/2018\\\/01\\\/camp-mowglis-what-to-pack-header.jpg\",\"contentUrl\":\"https:\\\/\\\/www.mowglis.org\\\/wp-content\\\/uploads\\\/2018\\\/01\\\/camp-mowglis-what-to-pack-header.jpg\",\"width\":1920,\"height\":614,\"caption\":\"What to Pack for Camp Mowglis\"},{\"@type\":\"BreadcrumbList\",\"@id\":\"https:\\\/\\\/www.mowglis.org\\\/current-families\\\/what-to-pack\\\/#breadcrumb\",\"itemListElement\":[{\"@type\":\"ListItem\",\"position\":1,\"name\":\"Home\",\"item\":\"https:\\\/\\\/www.mowglis.org\\\/\"},{\"@type\":\"ListItem\",\"position\":2,\"name\":\"Current Families\",\"item\":\"https:\\\/\\\/www.mowglis.org\\\/current-families\\\/\"},{\"@type\":\"ListItem\",\"position\":3,\"name\":\"What to Pack\"}]},{\"@type\":\"WebSite\",\"@id\":\"https:\\\/\\\/www.mowglis.org\\\/#website\",\"url\":\"https:\\\/\\\/www.mowglis.org\\\/\",\"name\":\"Camp Mowglis\",\"description\":\"Camp Mowglis Summer Camp for Boys, New Hampshire, USA\",\"publisher\":{\"@id\":\"https:\\\/\\\/www.mowglis.org\\\/#organization\"},\"potentialAction\":[{\"@type\":\"SearchAction\",\"target\":{\"@type\":\"EntryPoint\",\"urlTemplate\":\"https:\\\/\\\/www.mowglis.org\\\/?s={search_term_string}\"},\"query-input\":{\"@type\":\"PropertyValueSpecification\",\"valueRequired\":true,\"valueName\":\"search_term_string\"}}],\"inLanguage\":\"es\"},{\"@type\":\"Organization\",\"@id\":\"https:\\\/\\\/www.mowglis.org\\\/#organization\",\"name\":\"Camp Mowglis\",\"url\":\"https:\\\/\\\/www.mowglis.org\\\/\",\"logo\":{\"@type\":\"ImageObject\",\"inLanguage\":\"es\",\"@id\":\"https:\\\/\\\/www.mowglis.org\\\/#\\\/schema\\\/logo\\\/image\\\/\",\"url\":\"https:\\\/\\\/www.mowglis.org\\\/wp-content\\\/uploads\\\/2025\\\/01\\\/logo-web.svg\",\"contentUrl\":\"https:\\\/\\\/www.mowglis.org\\\/wp-content\\\/uploads\\\/2025\\\/01\\\/logo-web.svg\",\"width\":156,\"height\":42,\"caption\":\"Camp Mowglis\"},\"image\":{\"@id\":\"https:\\\/\\\/www.mowglis.org\\\/#\\\/schema\\\/logo\\\/image\\\/\"}}]}<\/script>\n<!-- \/ Yoast SEO plugin. -->","yoast_head_json":{"title":"What to Pack for Boy's Summer Camp | Camp Mowglis - #1 New England Camp for Boys","description":"Make sure your son has the correct equipment and supplies for their sleepaway at Camp Mowglis. Look at our list to see what your child needs to bring and order their uniforms here!","robots":{"index":"index","follow":"follow","max-snippet":"max-snippet:-1","max-image-preview":"max-image-preview:large","max-video-preview":"max-video-preview:-1"},"canonical":"https:\/\/www.mowglis.org\/es\/current-families\/what-to-pack\/","og_locale":"es_ES","og_type":"article","og_title":"What to Pack for Boy's Summer Camp | Camp Mowglis - #1 New England Camp for Boys","og_description":"Make sure your son has the correct equipment and supplies for their sleepaway at Camp Mowglis. Look at our list to see what your child needs to bring and order their uniforms here!","og_url":"https:\/\/www.mowglis.org\/es\/current-families\/what-to-pack\/","og_site_name":"Camp Mowglis","article_modified_time":"2026-02-04T18:43:31+00:00","og_image":[{"width":1920,"height":614,"url":"http:\/\/www.mowglis.org\/wp-content\/uploads\/2018\/01\/camp-mowglis-what-to-pack-header.jpg","type":"image\/jpeg"}],"twitter_card":"summary_large_image","twitter_misc":{"Est. reading time":"4 minutos"},"schema":{"@context":"https:\/\/schema.org","@graph":[{"@type":"WebPage","@id":"https:\/\/www.mowglis.org\/current-families\/what-to-pack\/","url":"https:\/\/www.mowglis.org\/current-families\/what-to-pack\/","name":"What to Pack for Boy's Summer Camp | Camp Mowglis - #1 New England Camp for Boys","isPartOf":{"@id":"https:\/\/www.mowglis.org\/#website"},"primaryImageOfPage":{"@id":"https:\/\/www.mowglis.org\/current-families\/what-to-pack\/#primaryimage"},"image":{"@id":"https:\/\/www.mowglis.org\/current-families\/what-to-pack\/#primaryimage"},"thumbnailUrl":"https:\/\/www.mowglis.org\/wp-content\/uploads\/2018\/01\/camp-mowglis-what-to-pack-header.jpg","datePublished":"2010-12-30T22:06:09+00:00","dateModified":"2026-02-04T18:43:31+00:00","description":"Make sure your son has the correct equipment and supplies for their sleepaway at Camp Mowglis. Look at our list to see what your child needs to bring and order their uniforms here!","breadcrumb":{"@id":"https:\/\/www.mowglis.org\/current-families\/what-to-pack\/#breadcrumb"},"inLanguage":"es","potentialAction":[{"@type":"ReadAction","target":["https:\/\/www.mowglis.org\/current-families\/what-to-pack\/"]}]},{"@type":"ImageObject","inLanguage":"es","@id":"https:\/\/www.mowglis.org\/current-families\/what-to-pack\/#primaryimage","url":"https:\/\/www.mowglis.org\/wp-content\/uploads\/2018\/01\/camp-mowglis-what-to-pack-header.jpg","contentUrl":"https:\/\/www.mowglis.org\/wp-content\/uploads\/2018\/01\/camp-mowglis-what-to-pack-header.jpg","width":1920,"height":614,"caption":"What to Pack for Camp Mowglis"},{"@type":"BreadcrumbList","@id":"https:\/\/www.mowglis.org\/current-families\/what-to-pack\/#breadcrumb","itemListElement":[{"@type":"ListItem","position":1,"name":"Home","item":"https:\/\/www.mowglis.org\/"},{"@type":"ListItem","position":2,"name":"Current Families","item":"https:\/\/www.mowglis.org\/current-families\/"},{"@type":"ListItem","position":3,"name":"What to Pack"}]},{"@type":"WebSite","@id":"https:\/\/www.mowglis.org\/#website","url":"https:\/\/www.mowglis.org\/","name":"Campamento Mowglis","description":"Campamento de verano Mowglis para ni\u00f1os, Nuevo Hampshire, EE. UU.","publisher":{"@id":"https:\/\/www.mowglis.org\/#organization"},"potentialAction":[{"@type":"SearchAction","target":{"@type":"EntryPoint","urlTemplate":"https:\/\/www.mowglis.org\/?s={search_term_string}"},"query-input":{"@type":"PropertyValueSpecification","valueRequired":true,"valueName":"search_term_string"}}],"inLanguage":"es"},{"@type":"Organization","@id":"https:\/\/www.mowglis.org\/#organization","name":"Campamento Mowglis","url":"https:\/\/www.mowglis.org\/","logo":{"@type":"ImageObject","inLanguage":"es","@id":"https:\/\/www.mowglis.org\/#\/schema\/logo\/image\/","url":"https:\/\/www.mowglis.org\/wp-content\/uploads\/2025\/01\/logo-web.svg","contentUrl":"https:\/\/www.mowglis.org\/wp-content\/uploads\/2025\/01\/logo-web.svg","width":156,"height":42,"caption":"Camp Mowglis"},"image":{"@id":"https:\/\/www.mowglis.org\/#\/schema\/logo\/image\/"}}]}},"_links":{"self":[{"href":"https:\/\/www.mowglis.org\/es\/wp-json\/wp\/v2\/pages\/651","targetHints":{"allow":["GET"]}}],"collection":[{"href":"https:\/\/www.mowglis.org\/es\/wp-json\/wp\/v2\/pages"}],"about":[{"href":"https:\/\/www.mowglis.org\/es\/wp-json\/wp\/v2\/types\/page"}],"author":[{"embeddable":true,"href":"https:\/\/www.mowglis.org\/es\/wp-json\/wp\/v2\/users\/10"}],"replies":[{"embeddable":true,"href":"https:\/\/www.mowglis.org\/es\/wp-json\/wp\/v2\/comments?post=651"}],"version-history":[{"count":0,"href":"https:\/\/www.mowglis.org\/es\/wp-json\/wp\/v2\/pages\/651\/revisions"}],"up":[{"embeddable":true,"href":"https:\/\/www.mowglis.org\/es\/wp-json\/wp\/v2\/pages\/21563"}],"wp:featuredmedia":[{"embeddable":true,"href":"https:\/\/www.mowglis.org\/es\/wp-json\/wp\/v2\/media\/5773"}],"wp:attachment":[{"href":"https:\/\/www.mowglis.org\/es\/wp-json\/wp\/v2\/media?parent=651"}],"wp:term":[{"taxonomy":"quote-categoria","embeddable":true,"href":"https:\/\/www.mowglis.org\/es\/wp-json\/wp\/v2\/quote-categoria?post=651"}],"curies":[{"name":"wp","href":"https:\/\/api.w.org\/{rel}","templated":true}]}}