{"id":903,"date":"2011-01-12T18:28:29","date_gmt":"2011-01-12T23:28:29","guid":{"rendered":"http:\/\/mowglis.net\/"},"modified":"2025-12-10T12:24:54","modified_gmt":"2025-12-10T17:24:54","slug":"holt-elwell-memorial-foundation","status":"publish","type":"page","link":"https:\/\/www.mowglis.org\/es\/about\/holt-elwell-memorial-foundation\/","title":{"rendered":"Fundaci\u00f3n Conmemorativa Holt-Elwell"},"content":{"rendered":"<h1 class=\"wp-block-heading\">Fundaci\u00f3n Conmemorativa Holt-Elwell<\/h1>\n\n\n\n<br>\n\n\n\n<p>La Fundaci\u00f3n Holt-Elwell Memorial tiene como objetivo ser propietaria, mantener y operar el Campamento Mowglis para promover la educaci\u00f3n, la formaci\u00f3n, los valores morales y las cualidades de liderazgo en ni\u00f1os y j\u00f3venes, de acuerdo con los ideales y est\u00e1ndares establecidos y mantenidos por Elizabeth Ford Holt, fundadora de Mowglis, y por Alcott Farrar Elwell, su sucesor y propietario y director de Mowglis durante muchos a\u00f1os. Adem\u00e1s, la Fundaci\u00f3n se encarga de brindar asistencia financiera a j\u00f3venes meritorios mediante becas o reducciones en la matr\u00edcula, para que puedan disfrutar de la experiencia del campamento de verano.<\/p>\n\n\n\n<br>\n\n\n\n<p>La Fundaci\u00f3n Holt-Elwell Memorial (HEMF) es una organizaci\u00f3n sin fines de lucro 501(c)(3) establecida en 1962 espec\u00edficamente para brindar apoyo financiero y de gesti\u00f3n. El consejo directivo de HEMF est\u00e1 compuesto por exalumnos de Mowglis, as\u00ed como por padres de alumnos, tanto actuales como antiguos, del campamento. La gesti\u00f3n del consejo incluye la aplicaci\u00f3n de una pol\u00edtica de conflicto de intereses y la adopci\u00f3n de un c\u00f3digo de conducta entre sus miembros.<\/p>\n\n\n\n<br>\n\n\n\n<p>Los fideicomisarios contratan al director del campamento y supervisan el programa en general. Si bien la matr\u00edcula cubre la mayor parte de los gastos, la HEMF recibe cientos de generosas contribuciones cada a\u00f1o de exalumnos, padres y amigos. Estas donaciones son fundamentales para cubrir la diferencia entre la matr\u00edcula y los gastos. La HEMF se esfuerza por mantener las tradiciones de Mowglis y brindar a cada ni\u00f1o una experiencia de verano excepcional.<\/p>\n\n\n\n<br>\n\n\n\n<h2 class=\"wp-block-heading\">Administradores del HEMF<\/h2>\n\n\n\n<br>\n\n\n\n<p><strong>Joe Bouboulis \u2013 Secretario<\/strong><\/p>\n\n\n\n<p><strong>Nandi Jones Clement<\/strong><\/p>\n\n\n\n<p><strong>Jenn Devine<\/strong><\/p>\n\n\n\n<p><strong>Greg Goss<\/strong><\/p>\n\n\n\n<p><strong>Jan Greven<\/strong><\/p>\n\n\n\n<p><strong>Jessica Hayden<\/strong><\/p>\n\n\n\n<p><strong>Kit Jenkins<\/strong><\/p>\n\n\n\n<p><strong>Alejandro Medina-Mora<\/strong><\/p>\n\n\n\n<p><strong>Chris Mixter<\/strong><\/p>\n\n\n\n<p><strong>Roshni Mohan<\/strong><\/p>\n\n\n\n<p><strong>Anabela Perozek \u2013 Vicepresidenta<\/strong><\/p>\n\n\n\n<p><strong>Ed Redling \u2013 Tesorero<\/strong><\/p>\n\n\n\n<p><strong>Al Reiff \u2013 Presidente<\/strong><\/p>\n\n\n\n<p><strong>Linda Robinson<\/strong><\/p>\n\n\n\n<p><strong>Reinhard Rother<\/strong><\/p>\n\n\n\n<p><strong>Kristian Sanchez<\/strong><\/p>\n\n\n\n<p><strong>Kimberly Soukup<\/strong><\/p>\n\n\n\n<p><strong>Bill Tweedy<\/strong><\/p>\n\n\n\n<p><strong>Caleb White<\/strong><\/p>\n\n\n\n<p><strong>Frank Williams<\/strong><\/p>\n\n\n\n<div style=\"height:100px\" aria-hidden=\"true\" class=\"wp-block-spacer\"><\/div>\n\n\n\n<div class=\"wp-block-buttons is-layout-flex wp-block-buttons-is-layout-flex\">\n<div class=\"wp-block-button is-style-fill\"><a class=\"wp-block-button__link has-white-color has-text-color has-background has-link-color has-custom-font-size wp-element-button\" href=\"https:\/\/www.mowglis.org\/es\/about\/holt-elwell-memorial-foundation\/mowglis-2026-vision-progress-and-the-path-ahead\/\" style=\"border-style:none;border-width:0px;border-radius:8px;background-color:#4d7252;font-size:16px;font-style:normal;font-weight:400\">Iniciativa de Planificaci\u00f3n Estrat\u00e9gica Mowglis 2026: Visi\u00f3n, Progreso y Camino a Seguir<\/a><\/div>\n<\/div>\n\n\n\n<p><\/p>","protected":false},"excerpt":{"rendered":"<p>Holt-Elwell Memorial Foundation The purpose of the Holt-Elwell Memorial Foundation is to own, maintain and operate Camp Mowglis in order to promote education, training, traits of good character and qualities of leadership in boys and young men in accordance with the ideals and standards established and maintained by Elizabeth Ford Holt, the founder of Mowglis, [&hellip;]<\/p>\n","protected":false},"author":10,"featured_media":24931,"parent":50,"menu_order":5,"comment_status":"closed","ping_status":"closed","template":"","meta":{"_acf_changed":false,"inline_featured_image":false,"footnotes":"","_wp_rev_ctl_limit":""},"quote-categoria":[],"class_list":["post-903","page","type-page","status-publish","has-post-thumbnail","hentry"],"acf":[],"yoast_head":"<!-- This site is optimized with the Yoast SEO plugin v27.5 - https:\/\/yoast.com\/product\/yoast-seo-wordpress\/ -->\n<title>Holt-Elwell Memorial Foundation at Camp Mowglis | New Hampshire, New England<\/title>\n<meta name=\"description\" content=\"The HEMF a key contributor in keeping Camp Mowglis going! Find more about the foundation and it\u2019s trustees who have impacted the camp since established in 1962.\" \/>\n<meta name=\"robots\" content=\"index, follow, max-snippet:-1, max-image-preview:large, max-video-preview:-1\" \/>\n<link rel=\"canonical\" href=\"https:\/\/www.mowglis.org\/es\/about\/holt-elwell-memorial-foundation\/\" \/>\n<meta property=\"og:locale\" content=\"es_ES\" \/>\n<meta property=\"og:type\" content=\"article\" \/>\n<meta property=\"og:title\" content=\"Holt-Elwell Memorial Foundation at Camp Mowglis | New Hampshire, New England\" \/>\n<meta property=\"og:description\" content=\"The HEMF a key contributor in keeping Camp Mowglis going! Find more about the foundation and it\u2019s trustees who have impacted the camp since established in 1962.\" \/>\n<meta property=\"og:url\" content=\"https:\/\/www.mowglis.org\/es\/about\/holt-elwell-memorial-foundation\/\" \/>\n<meta property=\"og:site_name\" content=\"Camp Mowglis\" \/>\n<meta property=\"article:modified_time\" content=\"2025-12-10T17:24:54+00:00\" \/>\n<meta property=\"og:image\" content=\"http:\/\/www.mowglis.org\/wp-content\/uploads\/2025\/12\/cover-hemf-1024x768.jpg\" \/>\n\t<meta property=\"og:image:width\" content=\"1024\" \/>\n\t<meta property=\"og:image:height\" content=\"768\" \/>\n\t<meta property=\"og:image:type\" content=\"image\/jpeg\" \/>\n<meta name=\"twitter:card\" content=\"summary_large_image\" \/>\n<meta name=\"twitter:label1\" content=\"Est. reading time\" \/>\n\t<meta name=\"twitter:data1\" content=\"2 minutos\" \/>\n<script type=\"application\/ld+json\" class=\"yoast-schema-graph\">{\"@context\":\"https:\\\/\\\/schema.org\",\"@graph\":[{\"@type\":\"WebPage\",\"@id\":\"https:\\\/\\\/www.mowglis.org\\\/about\\\/holt-elwell-memorial-foundation\\\/\",\"url\":\"https:\\\/\\\/www.mowglis.org\\\/about\\\/holt-elwell-memorial-foundation\\\/\",\"name\":\"Holt-Elwell Memorial Foundation at Camp Mowglis | New Hampshire, New England\",\"isPartOf\":{\"@id\":\"https:\\\/\\\/www.mowglis.org\\\/#website\"},\"primaryImageOfPage\":{\"@id\":\"https:\\\/\\\/www.mowglis.org\\\/about\\\/holt-elwell-memorial-foundation\\\/#primaryimage\"},\"image\":{\"@id\":\"https:\\\/\\\/www.mowglis.org\\\/about\\\/holt-elwell-memorial-foundation\\\/#primaryimage\"},\"thumbnailUrl\":\"https:\\\/\\\/www.mowglis.org\\\/wp-content\\\/uploads\\\/2025\\\/12\\\/cover-hemf.jpg\",\"datePublished\":\"2011-01-12T23:28:29+00:00\",\"dateModified\":\"2025-12-10T17:24:54+00:00\",\"description\":\"The HEMF a key contributor in keeping Camp Mowglis going! Find more about the foundation and it\u2019s trustees who have impacted the camp since established in 1962.\",\"breadcrumb\":{\"@id\":\"https:\\\/\\\/www.mowglis.org\\\/about\\\/holt-elwell-memorial-foundation\\\/#breadcrumb\"},\"inLanguage\":\"es\",\"potentialAction\":[{\"@type\":\"ReadAction\",\"target\":[\"https:\\\/\\\/www.mowglis.org\\\/about\\\/holt-elwell-memorial-foundation\\\/\"]}]},{\"@type\":\"ImageObject\",\"inLanguage\":\"es\",\"@id\":\"https:\\\/\\\/www.mowglis.org\\\/about\\\/holt-elwell-memorial-foundation\\\/#primaryimage\",\"url\":\"https:\\\/\\\/www.mowglis.org\\\/wp-content\\\/uploads\\\/2025\\\/12\\\/cover-hemf.jpg\",\"contentUrl\":\"https:\\\/\\\/www.mowglis.org\\\/wp-content\\\/uploads\\\/2025\\\/12\\\/cover-hemf.jpg\",\"width\":1920,\"height\":1440},{\"@type\":\"BreadcrumbList\",\"@id\":\"https:\\\/\\\/www.mowglis.org\\\/about\\\/holt-elwell-memorial-foundation\\\/#breadcrumb\",\"itemListElement\":[{\"@type\":\"ListItem\",\"position\":1,\"name\":\"Home\",\"item\":\"https:\\\/\\\/www.mowglis.org\\\/\"},{\"@type\":\"ListItem\",\"position\":2,\"name\":\"About\",\"item\":\"https:\\\/\\\/www.mowglis.org\\\/about\\\/\"},{\"@type\":\"ListItem\",\"position\":3,\"name\":\"Holt-Elwell Memorial Foundation\"}]},{\"@type\":\"WebSite\",\"@id\":\"https:\\\/\\\/www.mowglis.org\\\/#website\",\"url\":\"https:\\\/\\\/www.mowglis.org\\\/\",\"name\":\"Camp Mowglis\",\"description\":\"Camp Mowglis Summer Camp for Boys, New Hampshire, USA\",\"publisher\":{\"@id\":\"https:\\\/\\\/www.mowglis.org\\\/#organization\"},\"potentialAction\":[{\"@type\":\"SearchAction\",\"target\":{\"@type\":\"EntryPoint\",\"urlTemplate\":\"https:\\\/\\\/www.mowglis.org\\\/?s={search_term_string}\"},\"query-input\":{\"@type\":\"PropertyValueSpecification\",\"valueRequired\":true,\"valueName\":\"search_term_string\"}}],\"inLanguage\":\"es\"},{\"@type\":\"Organization\",\"@id\":\"https:\\\/\\\/www.mowglis.org\\\/#organization\",\"name\":\"Camp Mowglis\",\"url\":\"https:\\\/\\\/www.mowglis.org\\\/\",\"logo\":{\"@type\":\"ImageObject\",\"inLanguage\":\"es\",\"@id\":\"https:\\\/\\\/www.mowglis.org\\\/#\\\/schema\\\/logo\\\/image\\\/\",\"url\":\"https:\\\/\\\/www.mowglis.org\\\/wp-content\\\/uploads\\\/2025\\\/01\\\/logo-web.svg\",\"contentUrl\":\"https:\\\/\\\/www.mowglis.org\\\/wp-content\\\/uploads\\\/2025\\\/01\\\/logo-web.svg\",\"width\":156,\"height\":42,\"caption\":\"Camp Mowglis\"},\"image\":{\"@id\":\"https:\\\/\\\/www.mowglis.org\\\/#\\\/schema\\\/logo\\\/image\\\/\"}}]}<\/script>\n<!-- \/ Yoast SEO plugin. -->","yoast_head_json":{"title":"Fundaci\u00f3n Holt-Elwell Memorial en Camp Mowglis | Nuevo Hampshire, Nueva Inglaterra","description":"\u00a1La HEMF es un pilar fundamental para el funcionamiento del Campamento Mowglis! Descubre m\u00e1s sobre la fundaci\u00f3n y sus miembros, quienes han dejado huella en el campamento desde su creaci\u00f3n en 1962.","robots":{"index":"index","follow":"follow","max-snippet":"max-snippet:-1","max-image-preview":"max-image-preview:large","max-video-preview":"max-video-preview:-1"},"canonical":"https:\/\/www.mowglis.org\/es\/about\/holt-elwell-memorial-foundation\/","og_locale":"es_ES","og_type":"article","og_title":"Holt-Elwell Memorial Foundation at Camp Mowglis | New Hampshire, New England","og_description":"The HEMF a key contributor in keeping Camp Mowglis going! Find more about the foundation and it\u2019s trustees who have impacted the camp since established in 1962.","og_url":"https:\/\/www.mowglis.org\/es\/about\/holt-elwell-memorial-foundation\/","og_site_name":"Camp Mowglis","article_modified_time":"2025-12-10T17:24:54+00:00","og_image":[{"width":1024,"height":768,"url":"http:\/\/www.mowglis.org\/wp-content\/uploads\/2025\/12\/cover-hemf-1024x768.jpg","type":"image\/jpeg"}],"twitter_card":"summary_large_image","twitter_misc":{"Est. reading time":"2 minutos"},"schema":{"@context":"https:\/\/schema.org","@graph":[{"@type":"WebPage","@id":"https:\/\/www.mowglis.org\/about\/holt-elwell-memorial-foundation\/","url":"https:\/\/www.mowglis.org\/about\/holt-elwell-memorial-foundation\/","name":"Fundaci\u00f3n Holt-Elwell Memorial en Camp Mowglis | Nuevo Hampshire, Nueva Inglaterra","isPartOf":{"@id":"https:\/\/www.mowglis.org\/#website"},"primaryImageOfPage":{"@id":"https:\/\/www.mowglis.org\/about\/holt-elwell-memorial-foundation\/#primaryimage"},"image":{"@id":"https:\/\/www.mowglis.org\/about\/holt-elwell-memorial-foundation\/#primaryimage"},"thumbnailUrl":"https:\/\/www.mowglis.org\/wp-content\/uploads\/2025\/12\/cover-hemf.jpg","datePublished":"2011-01-12T23:28:29+00:00","dateModified":"2025-12-10T17:24:54+00:00","description":"\u00a1La HEMF es un pilar fundamental para el funcionamiento del Campamento Mowglis! Descubre m\u00e1s sobre la fundaci\u00f3n y sus miembros, quienes han dejado huella en el campamento desde su creaci\u00f3n en 1962.","breadcrumb":{"@id":"https:\/\/www.mowglis.org\/about\/holt-elwell-memorial-foundation\/#breadcrumb"},"inLanguage":"es","potentialAction":[{"@type":"ReadAction","target":["https:\/\/www.mowglis.org\/about\/holt-elwell-memorial-foundation\/"]}]},{"@type":"ImageObject","inLanguage":"es","@id":"https:\/\/www.mowglis.org\/about\/holt-elwell-memorial-foundation\/#primaryimage","url":"https:\/\/www.mowglis.org\/wp-content\/uploads\/2025\/12\/cover-hemf.jpg","contentUrl":"https:\/\/www.mowglis.org\/wp-content\/uploads\/2025\/12\/cover-hemf.jpg","width":1920,"height":1440},{"@type":"BreadcrumbList","@id":"https:\/\/www.mowglis.org\/about\/holt-elwell-memorial-foundation\/#breadcrumb","itemListElement":[{"@type":"ListItem","position":1,"name":"Home","item":"https:\/\/www.mowglis.org\/"},{"@type":"ListItem","position":2,"name":"About","item":"https:\/\/www.mowglis.org\/about\/"},{"@type":"ListItem","position":3,"name":"Holt-Elwell Memorial Foundation"}]},{"@type":"WebSite","@id":"https:\/\/www.mowglis.org\/#website","url":"https:\/\/www.mowglis.org\/","name":"Campamento Mowglis","description":"Campamento de verano Mowglis para ni\u00f1os, Nuevo Hampshire, EE. UU.","publisher":{"@id":"https:\/\/www.mowglis.org\/#organization"},"potentialAction":[{"@type":"SearchAction","target":{"@type":"EntryPoint","urlTemplate":"https:\/\/www.mowglis.org\/?s={search_term_string}"},"query-input":{"@type":"PropertyValueSpecification","valueRequired":true,"valueName":"search_term_string"}}],"inLanguage":"es"},{"@type":"Organization","@id":"https:\/\/www.mowglis.org\/#organization","name":"Campamento Mowglis","url":"https:\/\/www.mowglis.org\/","logo":{"@type":"ImageObject","inLanguage":"es","@id":"https:\/\/www.mowglis.org\/#\/schema\/logo\/image\/","url":"https:\/\/www.mowglis.org\/wp-content\/uploads\/2025\/01\/logo-web.svg","contentUrl":"https:\/\/www.mowglis.org\/wp-content\/uploads\/2025\/01\/logo-web.svg","width":156,"height":42,"caption":"Camp Mowglis"},"image":{"@id":"https:\/\/www.mowglis.org\/#\/schema\/logo\/image\/"}}]}},"_links":{"self":[{"href":"https:\/\/www.mowglis.org\/es\/wp-json\/wp\/v2\/pages\/903","targetHints":{"allow":["GET"]}}],"collection":[{"href":"https:\/\/www.mowglis.org\/es\/wp-json\/wp\/v2\/pages"}],"about":[{"href":"https:\/\/www.mowglis.org\/es\/wp-json\/wp\/v2\/types\/page"}],"author":[{"embeddable":true,"href":"https:\/\/www.mowglis.org\/es\/wp-json\/wp\/v2\/users\/10"}],"replies":[{"embeddable":true,"href":"https:\/\/www.mowglis.org\/es\/wp-json\/wp\/v2\/comments?post=903"}],"version-history":[{"count":0,"href":"https:\/\/www.mowglis.org\/es\/wp-json\/wp\/v2\/pages\/903\/revisions"}],"up":[{"embeddable":true,"href":"https:\/\/www.mowglis.org\/es\/wp-json\/wp\/v2\/pages\/50"}],"wp:featuredmedia":[{"embeddable":true,"href":"https:\/\/www.mowglis.org\/es\/wp-json\/wp\/v2\/media\/24931"}],"wp:attachment":[{"href":"https:\/\/www.mowglis.org\/es\/wp-json\/wp\/v2\/media?parent=903"}],"wp:term":[{"taxonomy":"quote-categoria","embeddable":true,"href":"https:\/\/www.mowglis.org\/es\/wp-json\/wp\/v2\/quote-categoria?post=903"}],"curies":[{"name":"wp","href":"https:\/\/api.w.org\/{rel}","templated":true}]}}