{"id":92,"date":"2010-05-11T05:37:29","date_gmt":"2010-05-11T05:37:29","guid":{"rendered":"http:\/\/mowglis.net\/?page_id=92"},"modified":"2025-03-29T10:30:56","modified_gmt":"2025-03-29T14:30:56","slug":"future-families","status":"publish","type":"page","link":"https:\/\/www.mowglis.org\/es\/future-families\/","title":{"rendered":"Futuras familias"},"content":{"rendered":"<h1 class=\"wp-block-heading\">Informaci\u00f3n para familias interesadas<\/h1>\n\n\n\n<h2 class=\"wp-block-heading\">\u00bfQu\u00e9 tipo de campamento es el de Mowgli?<\/h2>\n\n\n\n<br>\n\n\n\n<p>Mowglis es un campamento de verano divertido, al aire libre y tradicional para ni\u00f1os, fundado en 1903 a orillas del lago Newfound en Hebron, New Hampshire.<\/p>\n\n\n\n<br>\n\n\n\n<p>Inspirado por <em>El libro de la selva<\/em> Basada en los cuentos de Rudyard Kipling, Mowgli fue creada para brindar a los ni\u00f1os el tiempo y el espacio para conectar con la naturaleza y aprender lo que significa ser miembros \u00e9ticos e \u00edntegros de una comunidad.<\/p>\n\n\n\n<br>\n\n\n\n<p>Si bien la sesi\u00f3n de siete semanas es fundamental para nuestro programa, tambi\u00e9n ofrecemos una sesi\u00f3n de tres semanas para los campistas m\u00e1s peque\u00f1os (de 7 a 9 a\u00f1os). Los campistas mayores que participan por primera vez pueden asistir a las primeras cuatro semanas de nuestro campamento de verano, con la opci\u00f3n de extender su participaci\u00f3n a las siete semanas completas. La inscripci\u00f3n en Mowglis est\u00e1 limitada a 110 ni\u00f1os.<\/p>\n\n\n\n<br>\n\n\n\n<p>En Mowglis, los chicos participan en diversas actividades al aire libre en un entorno seguro y estructurado. Practican deportes por diversi\u00f3n, pero no somos un campamento deportivo. Animamos a los campistas a encontrar una actividad que disfruten, en la que puedan destacar y donde ganen confianza gracias a la experiencia. El programa Mowglis fomenta el desarrollo de habilidades, y los campistas trabajan para cumplir con los requisitos de cada actividad que elijan.<\/p>\n\n\n\n<br>\n\n\n\n<p>Mediante excursiones semanales de senderismo y acampada, tareas diarias, m\u00fasica, canto y la fogata, nuestros campistas desarrollan un fuerte sentido de comunidad. El programa Mowglis sienta las bases para el crecimiento personal, fomenta amistades para toda la vida y \u00a1es divertid\u00edsimo!<\/p>\n\n\n\n<br>\n\n\n\n<h2 class=\"wp-block-heading\"><a href=\"https:\/\/www.mowglis.org\/es\/blog\/quantifying-the-positive-impact-of-mowglis-summer-camp\/\">\u00bfQu\u00e9 hace especial a Mowgli?<\/a><\/h2>\n\n\n\n<br>\n\n\n\n<h3 class=\"wp-block-heading\">Comunidad<\/h3>\n\n\n\n<br>\n\n\n\n<p>Una de las mejores razones para asistir a un campamento de siete semanas es el sentido de comunidad. Los campamentos de una o dos semanas simplemente no pueden replicar los fuertes lazos que los chicos desarrollan a lo largo de un verano completo y durante varias temporadas.<\/p>\n\n\n\n<br>\n\n\n\n<h3 class=\"wp-block-heading\">Multitud<\/h3>\n\n\n\n<br>\n\n\n\n<p>Desde 1911, uno de los aspectos que definen el programa Mowglis ha sido el remo. El remo es un deporte cooperativo \u00fanico donde la sinergia del grupo es m\u00e1s importante que la fuerza individual. Todos los ni\u00f1os de 10 a\u00f1os en adelante aprenden a remar en nuestros exclusivos botes de remo Mowglis. Estos botes est\u00e1n hechos a medida y se diferencian de las embarcaciones tradicionales en que son m\u00e1s estables y m\u00e1s adecuados para el aprendizaje. La sexta semana del campamento culmina con un d\u00eda de carreras donde los ni\u00f1os m\u00e1s peque\u00f1os compiten por t\u00e9cnica y los mayores por velocidad. A cada ni\u00f1o se le asigna un equipo de remo, rojo o azul, y los ni\u00f1os que tienen una afiliaci\u00f3n previa con Mowglis (padre, t\u00edo, abuelo, hermano o primo) se asignan al mismo equipo.<\/p>\n\n\n\n<br>\n\n\n\n<h3 class=\"wp-block-heading\">Diversidad<\/h3>\n\n\n\n<br>\n\n\n\n<p>Tenemos campistas y personal de todo Estados Unidos y del resto del mundo.<\/p>\n\n\n\n<br>\n\n\n\n<h3 class=\"wp-block-heading\">Industrias<\/h3>\n\n\n\n<br>\n\n\n\n<p>\u201c\u00bfQu\u00e9 son las Industrias Mowglis? Imagina nuestras 21 industrias como una educaci\u00f3n al aire libre, \u00fanica en el campamento. Est\u00e1n dise\u00f1adas para ense\u00f1ar a los ni\u00f1os diversas habilidades, progresando a lo largo del verano y adquiriendo confianza y destreza en cada actividad. El dominio de estas habilidades se premia con cintas.<\/p>\n\n\n\n<br>\n\n\n\n<h3 class=\"wp-block-heading\">Tama\u00f1o<\/h3>\n\n\n\n<br>\n\n\n\n<p>Mowglis es peque\u00f1o y la inscripci\u00f3n est\u00e1 limitada a 110 campistas. Nadie se pierde. Nuestro campamento es una comunidad muy unida donde todos se conocen.<\/p>\n\n\n\n<br>\n\n\n\n<h3 class=\"wp-block-heading\">Personal<\/h3>\n\n\n\n<br>\n\n\n\n<p>El personal de Mowglis est\u00e1 compuesto principalmente por antiguos campistas de Mowglis en edad universitaria. El personal es profesional en la impartici\u00f3n de experiencias educativas al aire libre.<\/p>\n\n\n\n<br>\n\n\n\n<h3 class=\"wp-block-heading\">Tradici\u00f3n<\/h3>\n\n\n\n<br>\n\n\n\n<p>Mowglis ha mantenido el mismo programa, con peque\u00f1os ajustes, durante m\u00e1s de 100 a\u00f1os. Las tradiciones y la rutina diaria de Mowglis ayudan a los ni\u00f1os a aprender y crecer como personas, prepar\u00e1ndolos para convertirse en j\u00f3venes responsables. \u00a1Funciona!<\/p>\n\n\n\n<br>\n\n\n\n<h3 class=\"wp-block-heading\">Viajes<\/h3>\n\n\n\n<br>\n\n\n\n<p>Excursiones nocturnas al campamento base, viajes con mochila, paseos en canoa y excursiones de un d\u00eda. Cada ni\u00f1o pasar\u00e1 al menos cuatro noches acampando fuera del campamento y realizar\u00e1 una excursi\u00f3n de un d\u00eda cada semana.<\/p>\n\n\n\n<br>\n\n\n\n<h3 class=\"wp-block-heading\">Tecnolog\u00eda cero<\/h3>\n\n\n\n<br>\n\n\n\n<p>Los chicos y el personal deben desconectarse de la tecnolog\u00eda durante su estancia en el campamento. As\u00ed, durante siete semanas, Mowglis se convierte en un refugio de las exigencias de nuestro mundo cada vez m\u00e1s electr\u00f3nico.<\/p>\n\n\n\n<br>\n\n\n\t\t<div data-elementor-type=\"section\" data-elementor-id=\"18671\" class=\"elementor elementor-18671\" data-elementor-post-type=\"elementor_library\">\n\t\t\t<div class=\"elementor-element elementor-element-12c3343 e-flex e-con-boxed e-con e-parent\" data-id=\"12c3343\" data-element_type=\"container\" data-e-type=\"container\">\n\t\t\t\t\t<div class=\"e-con-inner\">\n\t\t<div class=\"elementor-element elementor-element-354e10d e-con-full e-flex e-con e-child\" data-id=\"354e10d\" data-element_type=\"container\" data-e-type=\"container\">\n\t\t\t\t<div class=\"elementor-element elementor-element-b5ba0ad elementor-widget elementor-widget-text-editor\" data-id=\"b5ba0ad\" data-element_type=\"widget\" data-e-type=\"widget\" data-widget_type=\"text-editor.default\">\n\t\t\t\t<div class=\"elementor-widget-container\">\n\t\t\t\t\t\t\t\t\t<p>Vive un d\u00eda en la<br \/>La vida de un campista Mowgli<\/p>\t\t\t\t\t\t\t\t<\/div>\n\t\t\t\t<\/div>\n\t\t\t\t<div class=\"elementor-element elementor-element-beebc4c elementor-align-center elementor-widget elementor-widget-button\" data-id=\"beebc4c\" data-element_type=\"widget\" data-e-type=\"widget\" data-widget_type=\"button.default\">\n\t\t\t\t<div class=\"elementor-widget-container\">\n\t\t\t\t\t\t\t\t\t<div class=\"elementor-button-wrapper\">\n\t\t\t\t\t<a class=\"elementor-button elementor-button-link elementor-size-sm\" href=\"https:\/\/www.mowglis.org\/es\/prospective-families\/a-day-in-the-life\/\" target=\"_blank\">\n\t\t\t\t\t\t<span class=\"elementor-button-content-wrapper\">\n\t\t\t\t\t\t\t\t\t<span class=\"elementor-button-text\">V\u00edvelo<\/span>\n\t\t\t\t\t<\/span>\n\t\t\t\t\t<\/a>\n\t\t\t\t<\/div>\n\t\t\t\t\t\t\t\t<\/div>\n\t\t\t\t<\/div>\n\t\t\t\t<\/div>\n\t\t<div class=\"elementor-element elementor-element-efa83e5 e-con-full e-flex e-con e-child\" data-id=\"efa83e5\" data-element_type=\"container\" data-e-type=\"container\">\n\t\t\t\t<div class=\"elementor-element elementor-element-5f258ad elementor-widget elementor-widget-text-editor\" data-id=\"5f258ad\" data-element_type=\"widget\" data-e-type=\"widget\" data-widget_type=\"text-editor.default\">\n\t\t\t\t<div class=\"elementor-widget-container\">\n\t\t\t\t\t\t\t\t\t<p>Escucha lo que dicen los padres.<br \/>Acerca del Campamento Mowglis<\/p>\t\t\t\t\t\t\t\t<\/div>\n\t\t\t\t<\/div>\n\t\t\t\t<div class=\"elementor-element elementor-element-90ad78a elementor-align-center elementor-widget elementor-widget-button\" data-id=\"90ad78a\" data-element_type=\"widget\" data-e-type=\"widget\" data-widget_type=\"button.default\">\n\t\t\t\t<div class=\"elementor-widget-container\">\n\t\t\t\t\t\t\t\t\t<div class=\"elementor-button-wrapper\">\n\t\t\t\t\t<a class=\"elementor-button elementor-button-link elementor-size-sm\" href=\"https:\/\/www.mowglis.org\/es\/prospective-families\/testimonials\/\" target=\"_blank\">\n\t\t\t\t\t\t<span class=\"elementor-button-content-wrapper\">\n\t\t\t\t\t\t\t\t\t<span class=\"elementor-button-text\">Ent\u00e9rate de ello<\/span>\n\t\t\t\t\t<\/span>\n\t\t\t\t\t<\/a>\n\t\t\t\t<\/div>\n\t\t\t\t\t\t\t\t<\/div>\n\t\t\t\t<\/div>\n\t\t\t\t<\/div>\n\t\t<div class=\"elementor-element elementor-element-dd0c19f e-con-full e-flex e-con e-child\" data-id=\"dd0c19f\" data-element_type=\"container\" data-e-type=\"container\">\n\t\t\t\t<div class=\"elementor-element elementor-element-1cd7cd8 elementor-widget elementor-widget-text-editor\" data-id=\"1cd7cd8\" data-element_type=\"widget\" data-e-type=\"widget\" data-widget_type=\"text-editor.default\">\n\t\t\t\t<div class=\"elementor-widget-container\">\n\t\t\t\t\t\t\t\t\t<p>Aprende sobre el<br \/>Actividades de Mowgli<\/p>\t\t\t\t\t\t\t\t<\/div>\n\t\t\t\t<\/div>\n\t\t\t\t<div class=\"elementor-element elementor-element-c8f4e82 elementor-align-center elementor-widget elementor-widget-button\" data-id=\"c8f4e82\" data-element_type=\"widget\" data-e-type=\"widget\" data-widget_type=\"button.default\">\n\t\t\t\t<div class=\"elementor-widget-container\">\n\t\t\t\t\t\t\t\t\t<div class=\"elementor-button-wrapper\">\n\t\t\t\t\t<a class=\"elementor-button elementor-button-link elementor-size-sm\" href=\"https:\/\/www.mowglis.org\/es\/prospective-families\/activitiesindustries\/\" target=\"_blank\">\n\t\t\t\t\t\t<span class=\"elementor-button-content-wrapper\">\n\t\t\t\t\t\t\t\t\t<span class=\"elementor-button-text\">V\u00edvelo<\/span>\n\t\t\t\t\t<\/span>\n\t\t\t\t\t<\/a>\n\t\t\t\t<\/div>\n\t\t\t\t\t\t\t\t<\/div>\n\t\t\t\t<\/div>\n\t\t\t\t<\/div>\n\t\t\t\t\t<\/div>\n\t\t\t\t<\/div>\n\t\t\t\t<\/div>","protected":false},"excerpt":{"rendered":"<p>Information for Prospective Families What kind of camp is Mowglis? Mowglis is a fun, outdoorsy, traditional summer camp for boys established in 1903 on the shores of Newfound Lake in Hebron, New Hampshire. Inspired by The Jungle Book stories by Rudyard Kipling, Mowglis was created to give boys the time and space to connect with [&hellip;]<\/p>\n","protected":false},"author":10,"featured_media":5729,"parent":0,"menu_order":15,"comment_status":"open","ping_status":"closed","template":"","meta":{"_acf_changed":false,"inline_featured_image":false,"footnotes":"","_wp_rev_ctl_limit":""},"quote-categoria":[],"class_list":["post-92","page","type-page","status-publish","has-post-thumbnail","hentry"],"acf":[],"yoast_head":"<!-- This site is optimized with the Yoast SEO plugin v27.4 - https:\/\/yoast.com\/product\/yoast-seo-wordpress\/ -->\n<title>Learn More About Our Traditional Summer Camp for Boys on Newfound Lake in Hebron | New Hampshire<\/title>\n<meta name=\"description\" content=\"Are you new to Camp Mowglis? Are you interested in an overnight summer camp for males ages 7-15? Read about our camp&#039;s goals, traditions, and excitement that we offer to all of our campers!\" \/>\n<meta name=\"robots\" content=\"index, follow, max-snippet:-1, max-image-preview:large, max-video-preview:-1\" \/>\n<link rel=\"canonical\" href=\"https:\/\/www.mowglis.org\/es\/future-families\/\" \/>\n<meta property=\"og:locale\" content=\"es_ES\" \/>\n<meta property=\"og:type\" content=\"article\" \/>\n<meta property=\"og:title\" content=\"Learn More About Our Traditional Summer Camp for Boys on Newfound Lake in Hebron | New Hampshire\" \/>\n<meta property=\"og:description\" content=\"Are you new to Camp Mowglis? Are you interested in an overnight summer camp for males ages 7-15? Read about our camp&#039;s goals, traditions, and excitement that we offer to all of our campers!\" \/>\n<meta property=\"og:url\" content=\"https:\/\/www.mowglis.org\/es\/future-families\/\" \/>\n<meta property=\"og:site_name\" content=\"Camp Mowglis\" \/>\n<meta property=\"article:modified_time\" content=\"2025-03-29T14:30:56+00:00\" \/>\n<meta property=\"og:image\" content=\"http:\/\/www.mowglis.org\/wp-content\/uploads\/2018\/01\/Toomai-hiking-camp-mowglis-header.jpg\" \/>\n\t<meta property=\"og:image:width\" content=\"1920\" \/>\n\t<meta property=\"og:image:height\" content=\"614\" \/>\n\t<meta property=\"og:image:type\" content=\"image\/jpeg\" \/>\n<meta name=\"twitter:card\" content=\"summary_large_image\" \/>\n<meta name=\"twitter:label1\" content=\"Est. reading time\" \/>\n\t<meta name=\"twitter:data1\" content=\"3 minutos\" \/>\n<script type=\"application\/ld+json\" class=\"yoast-schema-graph\">{\"@context\":\"https:\\\/\\\/schema.org\",\"@graph\":[{\"@type\":\"WebPage\",\"@id\":\"https:\\\/\\\/www.mowglis.org\\\/future-families\\\/\",\"url\":\"https:\\\/\\\/www.mowglis.org\\\/future-families\\\/\",\"name\":\"Learn More About Our Traditional Summer Camp for Boys on Newfound Lake in Hebron | New Hampshire\",\"isPartOf\":{\"@id\":\"https:\\\/\\\/www.mowglis.org\\\/#website\"},\"primaryImageOfPage\":{\"@id\":\"https:\\\/\\\/www.mowglis.org\\\/future-families\\\/#primaryimage\"},\"image\":{\"@id\":\"https:\\\/\\\/www.mowglis.org\\\/future-families\\\/#primaryimage\"},\"thumbnailUrl\":\"https:\\\/\\\/www.mowglis.org\\\/wp-content\\\/uploads\\\/2018\\\/01\\\/Toomai-hiking-camp-mowglis-header.jpg\",\"datePublished\":\"2010-05-11T05:37:29+00:00\",\"dateModified\":\"2025-03-29T14:30:56+00:00\",\"description\":\"Are you new to Camp Mowglis? Are you interested in an overnight summer camp for males ages 7-15? Read about our camp's goals, traditions, and excitement that we offer to all of our campers!\",\"breadcrumb\":{\"@id\":\"https:\\\/\\\/www.mowglis.org\\\/future-families\\\/#breadcrumb\"},\"inLanguage\":\"es\",\"potentialAction\":[{\"@type\":\"ReadAction\",\"target\":[\"https:\\\/\\\/www.mowglis.org\\\/future-families\\\/\"]}]},{\"@type\":\"ImageObject\",\"inLanguage\":\"es\",\"@id\":\"https:\\\/\\\/www.mowglis.org\\\/future-families\\\/#primaryimage\",\"url\":\"https:\\\/\\\/www.mowglis.org\\\/wp-content\\\/uploads\\\/2018\\\/01\\\/Toomai-hiking-camp-mowglis-header.jpg\",\"contentUrl\":\"https:\\\/\\\/www.mowglis.org\\\/wp-content\\\/uploads\\\/2018\\\/01\\\/Toomai-hiking-camp-mowglis-header.jpg\",\"width\":1920,\"height\":614,\"caption\":\"Information for Prospective Families\"},{\"@type\":\"BreadcrumbList\",\"@id\":\"https:\\\/\\\/www.mowglis.org\\\/future-families\\\/#breadcrumb\",\"itemListElement\":[{\"@type\":\"ListItem\",\"position\":1,\"name\":\"Home\",\"item\":\"https:\\\/\\\/www.mowglis.org\\\/\"},{\"@type\":\"ListItem\",\"position\":2,\"name\":\"Future Families\"}]},{\"@type\":\"WebSite\",\"@id\":\"https:\\\/\\\/www.mowglis.org\\\/#website\",\"url\":\"https:\\\/\\\/www.mowglis.org\\\/\",\"name\":\"Camp Mowglis\",\"description\":\"Camp Mowglis Summer Camp for Boys, New Hampshire, USA\",\"publisher\":{\"@id\":\"https:\\\/\\\/www.mowglis.org\\\/#organization\"},\"potentialAction\":[{\"@type\":\"SearchAction\",\"target\":{\"@type\":\"EntryPoint\",\"urlTemplate\":\"https:\\\/\\\/www.mowglis.org\\\/?s={search_term_string}\"},\"query-input\":{\"@type\":\"PropertyValueSpecification\",\"valueRequired\":true,\"valueName\":\"search_term_string\"}}],\"inLanguage\":\"es\"},{\"@type\":\"Organization\",\"@id\":\"https:\\\/\\\/www.mowglis.org\\\/#organization\",\"name\":\"Camp Mowglis\",\"url\":\"https:\\\/\\\/www.mowglis.org\\\/\",\"logo\":{\"@type\":\"ImageObject\",\"inLanguage\":\"es\",\"@id\":\"https:\\\/\\\/www.mowglis.org\\\/#\\\/schema\\\/logo\\\/image\\\/\",\"url\":\"https:\\\/\\\/www.mowglis.org\\\/wp-content\\\/uploads\\\/2025\\\/01\\\/logo-web.svg\",\"contentUrl\":\"https:\\\/\\\/www.mowglis.org\\\/wp-content\\\/uploads\\\/2025\\\/01\\\/logo-web.svg\",\"width\":156,\"height\":42,\"caption\":\"Camp Mowglis\"},\"image\":{\"@id\":\"https:\\\/\\\/www.mowglis.org\\\/#\\\/schema\\\/logo\\\/image\\\/\"}}]}<\/script>\n<!-- \/ Yoast SEO plugin. -->","yoast_head_json":{"title":"Learn More About Our Traditional Summer Camp for Boys on Newfound Lake in Hebron | New Hampshire","description":"Are you new to Camp Mowglis? Are you interested in an overnight summer camp for males ages 7-15? Read about our camp's goals, traditions, and excitement that we offer to all of our campers!","robots":{"index":"index","follow":"follow","max-snippet":"max-snippet:-1","max-image-preview":"max-image-preview:large","max-video-preview":"max-video-preview:-1"},"canonical":"https:\/\/www.mowglis.org\/es\/future-families\/","og_locale":"es_ES","og_type":"article","og_title":"Learn More About Our Traditional Summer Camp for Boys on Newfound Lake in Hebron | New Hampshire","og_description":"Are you new to Camp Mowglis? Are you interested in an overnight summer camp for males ages 7-15? Read about our camp's goals, traditions, and excitement that we offer to all of our campers!","og_url":"https:\/\/www.mowglis.org\/es\/future-families\/","og_site_name":"Camp Mowglis","article_modified_time":"2025-03-29T14:30:56+00:00","og_image":[{"width":1920,"height":614,"url":"http:\/\/www.mowglis.org\/wp-content\/uploads\/2018\/01\/Toomai-hiking-camp-mowglis-header.jpg","type":"image\/jpeg"}],"twitter_card":"summary_large_image","twitter_misc":{"Est. reading time":"3 minutos"},"schema":{"@context":"https:\/\/schema.org","@graph":[{"@type":"WebPage","@id":"https:\/\/www.mowglis.org\/future-families\/","url":"https:\/\/www.mowglis.org\/future-families\/","name":"Learn More About Our Traditional Summer Camp for Boys on Newfound Lake in Hebron | New Hampshire","isPartOf":{"@id":"https:\/\/www.mowglis.org\/#website"},"primaryImageOfPage":{"@id":"https:\/\/www.mowglis.org\/future-families\/#primaryimage"},"image":{"@id":"https:\/\/www.mowglis.org\/future-families\/#primaryimage"},"thumbnailUrl":"https:\/\/www.mowglis.org\/wp-content\/uploads\/2018\/01\/Toomai-hiking-camp-mowglis-header.jpg","datePublished":"2010-05-11T05:37:29+00:00","dateModified":"2025-03-29T14:30:56+00:00","description":"Are you new to Camp Mowglis? Are you interested in an overnight summer camp for males ages 7-15? Read about our camp's goals, traditions, and excitement that we offer to all of our campers!","breadcrumb":{"@id":"https:\/\/www.mowglis.org\/future-families\/#breadcrumb"},"inLanguage":"es","potentialAction":[{"@type":"ReadAction","target":["https:\/\/www.mowglis.org\/future-families\/"]}]},{"@type":"ImageObject","inLanguage":"es","@id":"https:\/\/www.mowglis.org\/future-families\/#primaryimage","url":"https:\/\/www.mowglis.org\/wp-content\/uploads\/2018\/01\/Toomai-hiking-camp-mowglis-header.jpg","contentUrl":"https:\/\/www.mowglis.org\/wp-content\/uploads\/2018\/01\/Toomai-hiking-camp-mowglis-header.jpg","width":1920,"height":614,"caption":"Information for Prospective Families"},{"@type":"BreadcrumbList","@id":"https:\/\/www.mowglis.org\/future-families\/#breadcrumb","itemListElement":[{"@type":"ListItem","position":1,"name":"Home","item":"https:\/\/www.mowglis.org\/"},{"@type":"ListItem","position":2,"name":"Future Families"}]},{"@type":"WebSite","@id":"https:\/\/www.mowglis.org\/#website","url":"https:\/\/www.mowglis.org\/","name":"Campamento Mowglis","description":"Campamento de verano Mowglis para ni\u00f1os, Nuevo Hampshire, EE. UU.","publisher":{"@id":"https:\/\/www.mowglis.org\/#organization"},"potentialAction":[{"@type":"SearchAction","target":{"@type":"EntryPoint","urlTemplate":"https:\/\/www.mowglis.org\/?s={search_term_string}"},"query-input":{"@type":"PropertyValueSpecification","valueRequired":true,"valueName":"search_term_string"}}],"inLanguage":"es"},{"@type":"Organization","@id":"https:\/\/www.mowglis.org\/#organization","name":"Campamento Mowglis","url":"https:\/\/www.mowglis.org\/","logo":{"@type":"ImageObject","inLanguage":"es","@id":"https:\/\/www.mowglis.org\/#\/schema\/logo\/image\/","url":"https:\/\/www.mowglis.org\/wp-content\/uploads\/2025\/01\/logo-web.svg","contentUrl":"https:\/\/www.mowglis.org\/wp-content\/uploads\/2025\/01\/logo-web.svg","width":156,"height":42,"caption":"Camp Mowglis"},"image":{"@id":"https:\/\/www.mowglis.org\/#\/schema\/logo\/image\/"}}]}},"_links":{"self":[{"href":"https:\/\/www.mowglis.org\/es\/wp-json\/wp\/v2\/pages\/92","targetHints":{"allow":["GET"]}}],"collection":[{"href":"https:\/\/www.mowglis.org\/es\/wp-json\/wp\/v2\/pages"}],"about":[{"href":"https:\/\/www.mowglis.org\/es\/wp-json\/wp\/v2\/types\/page"}],"author":[{"embeddable":true,"href":"https:\/\/www.mowglis.org\/es\/wp-json\/wp\/v2\/users\/10"}],"replies":[{"embeddable":true,"href":"https:\/\/www.mowglis.org\/es\/wp-json\/wp\/v2\/comments?post=92"}],"version-history":[{"count":0,"href":"https:\/\/www.mowglis.org\/es\/wp-json\/wp\/v2\/pages\/92\/revisions"}],"wp:featuredmedia":[{"embeddable":true,"href":"https:\/\/www.mowglis.org\/es\/wp-json\/wp\/v2\/media\/5729"}],"wp:attachment":[{"href":"https:\/\/www.mowglis.org\/es\/wp-json\/wp\/v2\/media?parent=92"}],"wp:term":[{"taxonomy":"quote-categoria","embeddable":true,"href":"https:\/\/www.mowglis.org\/es\/wp-json\/wp\/v2\/quote-categoria?post=92"}],"curies":[{"name":"wp","href":"https:\/\/api.w.org\/{rel}","templated":true}]}}