{"id":1185,"date":"2011-11-15T19:47:56","date_gmt":"2011-11-15T19:47:56","guid":{"rendered":"https:\/\/www.mowglis.org\/"},"modified":"2022-10-31T15:11:10","modified_gmt":"2022-10-31T19:11:10","slug":"mowglis-gear","status":"publish","type":"page","link":"https:\/\/www.mowglis.org\/fr\/alumni-old\/mowglis-gear\/","title":{"rendered":"\u00c9quipement Mowglis"},"content":{"rendered":"<p><strong><span style=\"color: #000000; line-height: 1.5;\">Casquette de baseball Mowglis rouge ou bleue \u2013 $15.00<\/span><\/strong><\/p>\n<p><span style=\"color: #000000;\"><img fetchpriority=\"high\" decoding=\"async\" class=\"alignnone wp-image-1297 size-full\" title=\"bonnet rouge\" src=\"https:\/\/www.mowglis.org\/wp-content\/uploads\/2011\/11\/red-cap.jpg\" alt=\"\" width=\"384\" height=\"256\" srcset=\"https:\/\/www.mowglis.org\/wp-content\/uploads\/2011\/11\/red-cap.jpg 384w, https:\/\/www.mowglis.org\/wp-content\/uploads\/2011\/11\/red-cap-300x200.jpg 300w\" sizes=\"(max-width: 384px) 100vw, 384px\" \/> <img decoding=\"async\" class=\"alignnone wp-image-1296 size-full\" title=\"bonnet bleu\" src=\"https:\/\/www.mowglis.org\/wp-content\/uploads\/2011\/11\/blue-cap.jpg\" alt=\"\" width=\"384\" height=\"256\" srcset=\"https:\/\/www.mowglis.org\/wp-content\/uploads\/2011\/11\/blue-cap.jpg 384w, https:\/\/www.mowglis.org\/wp-content\/uploads\/2011\/11\/blue-cap-300x200.jpg 300w\" sizes=\"(max-width: 384px) 100vw, 384px\" \/><\/span><\/p>\n<p><strong>Bouteille Nalgene Mowglis \u00e0 goulot \u00e9troit de 946 ml (32 oz) \u2013 $10.00<\/strong><\/p>\n<figure id=\"attachment_5459\" aria-describedby=\"caption-attachment-5459\" style=\"width: 1265px\" class=\"wp-caption alignnone\"><img decoding=\"async\" class=\"size-full wp-image-5459\" src=\"https:\/\/www.mowglis.org\/wp-content\/uploads\/2011\/11\/Water-Bottle.jpg\" alt=\"\" width=\"1265\" height=\"930\" srcset=\"https:\/\/www.mowglis.org\/wp-content\/uploads\/2011\/11\/Water-Bottle.jpg 1265w, https:\/\/www.mowglis.org\/wp-content\/uploads\/2011\/11\/Water-Bottle-500x368.jpg 500w, https:\/\/www.mowglis.org\/wp-content\/uploads\/2011\/11\/Water-Bottle-700x515.jpg 700w, https:\/\/www.mowglis.org\/wp-content\/uploads\/2011\/11\/Water-Bottle-300x221.jpg 300w, https:\/\/www.mowglis.org\/wp-content\/uploads\/2011\/11\/Water-Bottle-768x565.jpg 768w, https:\/\/www.mowglis.org\/wp-content\/uploads\/2011\/11\/Water-Bottle-1024x753.jpg 1024w\" sizes=\"(max-width: 1265px) 100vw, 1265px\" \/><figcaption id=\"caption-attachment-5459\" class=\"wp-caption-text\"><span style=\"font-size: 12pt;\"><strong>Sac cabas LLBean \u201c\u00a0Bateau et sac fourre-tout\u00a0\u201d avec logo Mowgli<\/strong><\/span><\/figcaption><\/figure>\n<p>Moyen (environ 40 cm de largeur x 30 cm de hauteur) \u2013 <strong>$39.95<\/strong><\/p>\n<p><img loading=\"lazy\" decoding=\"async\" class=\"size-full wp-image-5457\" src=\"https:\/\/www.mowglis.org\/wp-content\/uploads\/2011\/11\/Tote-MED.jpg\" alt=\"\" width=\"1217\" height=\"945\" srcset=\"https:\/\/www.mowglis.org\/wp-content\/uploads\/2011\/11\/Tote-MED.jpg 1217w, https:\/\/www.mowglis.org\/wp-content\/uploads\/2011\/11\/Tote-MED-500x388.jpg 500w, https:\/\/www.mowglis.org\/wp-content\/uploads\/2011\/11\/Tote-MED-700x544.jpg 700w, https:\/\/www.mowglis.org\/wp-content\/uploads\/2011\/11\/Tote-MED-300x233.jpg 300w, https:\/\/www.mowglis.org\/wp-content\/uploads\/2011\/11\/Tote-MED-768x596.jpg 768w, https:\/\/www.mowglis.org\/wp-content\/uploads\/2011\/11\/Tote-MED-1024x795.jpg 1024w\" sizes=\"(max-width: 1217px) 100vw, 1217px\" \/><\/p>\n<p>Grand (environ 51 cm de largeur x 36 cm de hauteur) \u2013 <strong>$49.95<\/strong><\/p>\n<p><img loading=\"lazy\" decoding=\"async\" class=\"alignnone size-full wp-image-5456\" src=\"https:\/\/www.mowglis.org\/wp-content\/uploads\/2011\/11\/Tote-LG.jpg\" alt=\"\" width=\"1157\" height=\"936\" srcset=\"https:\/\/www.mowglis.org\/wp-content\/uploads\/2011\/11\/Tote-LG.jpg 1157w, https:\/\/www.mowglis.org\/wp-content\/uploads\/2011\/11\/Tote-LG-500x404.jpg 500w, https:\/\/www.mowglis.org\/wp-content\/uploads\/2011\/11\/Tote-LG-700x566.jpg 700w, https:\/\/www.mowglis.org\/wp-content\/uploads\/2011\/11\/Tote-LG-300x243.jpg 300w, https:\/\/www.mowglis.org\/wp-content\/uploads\/2011\/11\/Tote-LG-768x621.jpg 768w, https:\/\/www.mowglis.org\/wp-content\/uploads\/2011\/11\/Tote-LG-1024x828.jpg 1024w\" sizes=\"(max-width: 1157px) 100vw, 1157px\" \/><\/p>\n<p><strong>Gilet polaire extensible LLBean ProStretch \u2013 $79.99<\/strong><\/p>\n<p><img loading=\"lazy\" decoding=\"async\" class=\"alignnone size-full wp-image-5458\" src=\"https:\/\/www.mowglis.org\/wp-content\/uploads\/2011\/11\/Vest.jpg\" alt=\"\" width=\"948\" height=\"1058\" srcset=\"https:\/\/www.mowglis.org\/wp-content\/uploads\/2011\/11\/Vest.jpg 948w, https:\/\/www.mowglis.org\/wp-content\/uploads\/2011\/11\/Vest-500x558.jpg 500w, https:\/\/www.mowglis.org\/wp-content\/uploads\/2011\/11\/Vest-700x781.jpg 700w, https:\/\/www.mowglis.org\/wp-content\/uploads\/2011\/11\/Vest-269x300.jpg 269w, https:\/\/www.mowglis.org\/wp-content\/uploads\/2011\/11\/Vest-768x857.jpg 768w, https:\/\/www.mowglis.org\/wp-content\/uploads\/2011\/11\/Vest-918x1024.jpg 918w\" sizes=\"(max-width: 948px) 100vw, 948px\" \/><\/p>\n<ul>\n<li><em>Trait\u00e9 avec une finition durable pour r\u00e9sister \u00e0 l&#039;eau.<\/em><\/li>\n<li><em>R\u00e9siste au vent quatre fois mieux qu&#039;une polaire ordinaire.<\/em><\/li>\n<li><em>Le tissu ProStretch \u00e0 quatre directions vous permet de bouger sans entrave.<\/em><\/li>\n<li><em>L&#039;int\u00e9rieur en polaire bross\u00e9e confortable \u00e9vacue l&#039;humidit\u00e9.<\/em><\/li>\n<li><em>Coutures plates pour une superposition facile.<\/em><\/li>\n<li><em>Deux poches zipp\u00e9es pour les mains.<\/em><\/li>\n<li><em>Cordon de serrage ajustable \u00e0 l&#039;ourlet.<\/em><\/li>\n<\/ul>\n<p>Disponible en tailles homme : S, M, L, XL, XXL et en tailles femme : XS, S, M, L, XL<\/p>\n<hr \/>\n<p><span style=\"font-size: 24pt;\"><strong>Autocollants et aimants<\/strong><\/span><\/p>\n<p>Autocollant \u00ab\u00a0M\u00e9daille de dipl\u00f4m\u00e9\u00a0\u00bb (6,35\u00a0cm x 7,62\u00a0cm) \u2013 GRATUIT<\/p>\n<p><img loading=\"lazy\" decoding=\"async\" class=\"alignnone size-full wp-image-5460\" src=\"https:\/\/www.mowglis.org\/wp-content\/uploads\/2011\/11\/Alumni.png\" alt=\"\" width=\"253\" height=\"298\" \/><\/p>\n<p>Autocollant pour m\u00e9daille de dipl\u00f4m\u00e9 (7,6 cm x 7,6 cm) \u2013 GRATUIT<\/p>\n<p><img loading=\"lazy\" decoding=\"async\" class=\"alignnone size-full wp-image-5463\" src=\"https:\/\/www.mowglis.org\/wp-content\/uploads\/2011\/11\/Seal.png\" alt=\"\" width=\"298\" height=\"298\" srcset=\"https:\/\/www.mowglis.org\/wp-content\/uploads\/2011\/11\/Seal.png 298w, https:\/\/www.mowglis.org\/wp-content\/uploads\/2011\/11\/Seal-100x100.png 100w, https:\/\/www.mowglis.org\/wp-content\/uploads\/2011\/11\/Seal-150x150.png 150w\" sizes=\"(max-width: 298px) 100vw, 298px\" \/><\/p>\n<p>Autocollant ou aimant ovale Mowgli (15,2 cm x 11,4 cm) \u2013 GRATUIT<\/p>\n<p><img loading=\"lazy\" decoding=\"async\" class=\"alignnone size-full wp-image-5462\" src=\"https:\/\/www.mowglis.org\/wp-content\/uploads\/2011\/11\/Oval.png\" alt=\"\" width=\"582\" height=\"439\" srcset=\"https:\/\/www.mowglis.org\/wp-content\/uploads\/2011\/11\/Oval.png 582w, https:\/\/www.mowglis.org\/wp-content\/uploads\/2011\/11\/Oval-500x377.png 500w, https:\/\/www.mowglis.org\/wp-content\/uploads\/2011\/11\/Oval-300x226.png 300w\" sizes=\"(max-width: 582px) 100vw, 582px\" \/><\/p>\n<p>Autocollant Mowgli vert pour pare-chocs (29,2 cm x 7,6 cm) \u2013 GRATUIT<\/p>\n<p><img loading=\"lazy\" decoding=\"async\" class=\"alignnone size-full wp-image-5461\" src=\"https:\/\/www.mowglis.org\/wp-content\/uploads\/2011\/11\/Green-Sticker.png\" alt=\"\" width=\"767\" height=\"207\" srcset=\"https:\/\/www.mowglis.org\/wp-content\/uploads\/2011\/11\/Green-Sticker.png 767w, https:\/\/www.mowglis.org\/wp-content\/uploads\/2011\/11\/Green-Sticker-500x135.png 500w, https:\/\/www.mowglis.org\/wp-content\/uploads\/2011\/11\/Green-Sticker-700x189.png 700w, https:\/\/www.mowglis.org\/wp-content\/uploads\/2011\/11\/Green-Sticker-300x81.png 300w\" sizes=\"(max-width: 767px) 100vw, 767px\" \/><\/p>\n<hr \/>\n<p><span style=\"font-size: 24pt;\"><strong>Estampes et souvenirs de remplacement<\/strong><\/span><\/p>\n<p>Commandez des impressions encadr\u00e9es, sur toile ou des tirages d&#039;art de vos images pr\u00e9f\u00e9r\u00e9es de Mowgli sur Redbubble.\u00a0<\/p>\n<p>Cliquez <a href=\"http:\/\/www.redbubble.com\/people\/mowglis\" target=\"_blank\" rel=\"noopener\">ICI<\/a> pour visiter notre portfolio d&#039;estampes Wah-Pah-Nah-Yah et d&#039;autres images embl\u00e9matiques de Mowgli.<\/p>\n<p><em>*Avez-vous des suggestions pour notre portefeuille\u00a0? Contactez James Hart \u00e0 james@mowglis.org ou au 603-744-8095 poste 280.\u00a0<\/em><\/p>\n<p>&nbsp;<\/p>\n<p><span style=\"font-size: 18pt;\"><strong>M\u00e9dailles de remplacement pour dipl\u00f4m\u00e9s disponibles\u2026 COMMANDEZ D\u00c8S MAINTENANT !<\/strong><\/span><\/p>\n<p>Suite \u00e0 plusieurs demandes de remplacement de m\u00e9dailles de fin d&#039;\u00e9tudes, nous acceptons d\u00e9sormais les commandes pour les dipl\u00f4m\u00e9s dont les m\u00e9dailles ont \u00e9t\u00e9 perdues au fil des ans. Les m\u00e9dailles en argent massif sont toujours fabriqu\u00e9es par le m\u00eame atelier mon\u00e9taire\u00a0; par cons\u00e9quent, quelle que soit votre ann\u00e9e de remise de dipl\u00f4me, les m\u00e9dailles sont identiques pour tous les dipl\u00f4m\u00e9s de Mowglis, d&#039;hier et de demain, et r\u00e9alis\u00e9es selon vos sp\u00e9cifications.<\/p>\n<p><strong>Informations dont nous aurons besoin de votre part\u00a0:<\/strong><\/p>\n<p><strong><em>Comment votre nom doit-il \u00eatre grav\u00e9 ?<\/em><\/strong><br \/>\n <em><strong>Vos ann\u00e9es de camping<\/strong>?<\/em><em> En cas de doute, nous pouvons v\u00e9rifier dans nos archives Howl.<\/em><\/p>\n<p>Nous commandons des m\u00e9dailles de remplacement une fois par an. Le co\u00fbt d&#039;une m\u00e9daille de remplacement est de\u00a0: <strong>$150 USD<\/strong>. Pour commander ou demander des informations suppl\u00e9mentaires, contactez James Hart \u00e0 james@mowglis.org ou au 603-744-8095 ext 280.<\/p>\n<p>&nbsp;<\/p>\n<p>&nbsp;<\/p>\n<p>&nbsp;<\/p>\n<p>&nbsp;<\/p>\n<p>&nbsp;<\/p>\n<p>&nbsp;<\/p>\n<p>&nbsp;<\/p>\n<p>&nbsp;<\/p>","protected":false},"excerpt":{"rendered":"<p>Red or Blue Mowglis Baseball Cap &#8211; $15.00 32 oz. Narrow-Mouth Mowglis Nalgene Bottle &#8211; $10.00 Medium (Approx 16&#8243;W x 12&#8243;H) &#8211; $39.95 Large (Approx 20&#8243;W x 14&#8243;H) &#8211; $49.95 L.L.Bean ProStretch Fleece Vest &#8211; $79.99 Treated with a durable finish to resist water. Resists wind four times better than ordinary fleece. Four-way ProStretch fabric [&hellip;]<\/p>\n","protected":false},"author":10,"featured_media":0,"parent":662,"menu_order":3,"comment_status":"closed","ping_status":"open","template":"","meta":{"_acf_changed":false,"inline_featured_image":false,"footnotes":"","_wp_rev_ctl_limit":""},"quote-categoria":[],"class_list":["post-1185","page","type-page","status-publish","hentry"],"acf":[],"yoast_head":"<!-- This site is optimized with the Yoast SEO plugin v27.6 - https:\/\/yoast.com\/product\/yoast-seo-wordpress\/ -->\n<title>Mowglis Gear - Camp Mowglis<\/title>\n<meta name=\"robots\" content=\"index, follow, max-snippet:-1, max-image-preview:large, max-video-preview:-1\" \/>\n<link rel=\"canonical\" href=\"https:\/\/www.mowglis.org\/fr\/alumni-old\/mowglis-gear\/\" \/>\n<meta property=\"og:locale\" content=\"fr_FR\" \/>\n<meta property=\"og:type\" content=\"article\" \/>\n<meta property=\"og:title\" content=\"Mowglis Gear - Camp Mowglis\" \/>\n<meta property=\"og:description\" content=\"Red or Blue Mowglis Baseball Cap &#8211; $15.00 32 oz. Narrow-Mouth Mowglis Nalgene Bottle &#8211; $10.00 Medium (Approx 16&#8243;W x 12&#8243;H) &#8211; $39.95 Large (Approx 20&#8243;W x 14&#8243;H) &#8211; $49.95 L.L.Bean ProStretch Fleece Vest &#8211; $79.99 Treated with a durable finish to resist water. Resists wind four times better than ordinary fleece. Four-way ProStretch fabric [&hellip;]\" \/>\n<meta property=\"og:url\" content=\"https:\/\/www.mowglis.org\/fr\/alumni-old\/mowglis-gear\/\" \/>\n<meta property=\"og:site_name\" content=\"Camp Mowglis\" \/>\n<meta property=\"article:modified_time\" content=\"2022-10-31T19:11:10+00:00\" \/>\n<meta property=\"og:image\" content=\"https:\/\/www.mowglis.org\/wp-content\/uploads\/2011\/11\/red-cap.jpg\" \/>\n<meta name=\"twitter:card\" content=\"summary_large_image\" \/>\n<meta name=\"twitter:label1\" content=\"Est. reading time\" \/>\n\t<meta name=\"twitter:data1\" content=\"2 minutes\" \/>\n<script type=\"application\/ld+json\" class=\"yoast-schema-graph\">{\"@context\":\"https:\\\/\\\/schema.org\",\"@graph\":[{\"@type\":\"WebPage\",\"@id\":\"https:\\\/\\\/www.mowglis.org\\\/alumni-old\\\/mowglis-gear\\\/\",\"url\":\"https:\\\/\\\/www.mowglis.org\\\/alumni-old\\\/mowglis-gear\\\/\",\"name\":\"Mowglis Gear - Camp Mowglis\",\"isPartOf\":{\"@id\":\"https:\\\/\\\/www.mowglis.org\\\/#website\"},\"primaryImageOfPage\":{\"@id\":\"https:\\\/\\\/www.mowglis.org\\\/alumni-old\\\/mowglis-gear\\\/#primaryimage\"},\"image\":{\"@id\":\"https:\\\/\\\/www.mowglis.org\\\/alumni-old\\\/mowglis-gear\\\/#primaryimage\"},\"thumbnailUrl\":\"https:\\\/\\\/www.mowglis.org\\\/wp-content\\\/uploads\\\/2011\\\/11\\\/red-cap.jpg\",\"datePublished\":\"2011-11-15T19:47:56+00:00\",\"dateModified\":\"2022-10-31T19:11:10+00:00\",\"breadcrumb\":{\"@id\":\"https:\\\/\\\/www.mowglis.org\\\/alumni-old\\\/mowglis-gear\\\/#breadcrumb\"},\"inLanguage\":\"fr-FR\",\"potentialAction\":[{\"@type\":\"ReadAction\",\"target\":[\"https:\\\/\\\/www.mowglis.org\\\/alumni-old\\\/mowglis-gear\\\/\"]}]},{\"@type\":\"ImageObject\",\"inLanguage\":\"fr-FR\",\"@id\":\"https:\\\/\\\/www.mowglis.org\\\/alumni-old\\\/mowglis-gear\\\/#primaryimage\",\"url\":\"https:\\\/\\\/www.mowglis.org\\\/wp-content\\\/uploads\\\/2011\\\/11\\\/red-cap.jpg\",\"contentUrl\":\"https:\\\/\\\/www.mowglis.org\\\/wp-content\\\/uploads\\\/2011\\\/11\\\/red-cap.jpg\"},{\"@type\":\"BreadcrumbList\",\"@id\":\"https:\\\/\\\/www.mowglis.org\\\/alumni-old\\\/mowglis-gear\\\/#breadcrumb\",\"itemListElement\":[{\"@type\":\"ListItem\",\"position\":1,\"name\":\"Home\",\"item\":\"https:\\\/\\\/www.mowglis.org\\\/\"},{\"@type\":\"ListItem\",\"position\":2,\"name\":\"Alumni\",\"item\":\"https:\\\/\\\/www.mowglis.org\\\/?page_id=662\"},{\"@type\":\"ListItem\",\"position\":3,\"name\":\"Mowglis Gear\"}]},{\"@type\":\"WebSite\",\"@id\":\"https:\\\/\\\/www.mowglis.org\\\/#website\",\"url\":\"https:\\\/\\\/www.mowglis.org\\\/\",\"name\":\"Camp Mowglis\",\"description\":\"Camp Mowglis Summer Camp for Boys, New Hampshire, USA\",\"publisher\":{\"@id\":\"https:\\\/\\\/www.mowglis.org\\\/#organization\"},\"potentialAction\":[{\"@type\":\"SearchAction\",\"target\":{\"@type\":\"EntryPoint\",\"urlTemplate\":\"https:\\\/\\\/www.mowglis.org\\\/?s={search_term_string}\"},\"query-input\":{\"@type\":\"PropertyValueSpecification\",\"valueRequired\":true,\"valueName\":\"search_term_string\"}}],\"inLanguage\":\"fr-FR\"},{\"@type\":\"Organization\",\"@id\":\"https:\\\/\\\/www.mowglis.org\\\/#organization\",\"name\":\"Camp Mowglis\",\"url\":\"https:\\\/\\\/www.mowglis.org\\\/\",\"logo\":{\"@type\":\"ImageObject\",\"inLanguage\":\"fr-FR\",\"@id\":\"https:\\\/\\\/www.mowglis.org\\\/#\\\/schema\\\/logo\\\/image\\\/\",\"url\":\"https:\\\/\\\/www.mowglis.org\\\/wp-content\\\/uploads\\\/2025\\\/01\\\/logo-web.svg\",\"contentUrl\":\"https:\\\/\\\/www.mowglis.org\\\/wp-content\\\/uploads\\\/2025\\\/01\\\/logo-web.svg\",\"width\":156,\"height\":42,\"caption\":\"Camp Mowglis\"},\"image\":{\"@id\":\"https:\\\/\\\/www.mowglis.org\\\/#\\\/schema\\\/logo\\\/image\\\/\"}}]}<\/script>\n<!-- \/ Yoast SEO plugin. -->","yoast_head_json":{"title":"Mowglis Gear - Camp Mowglis","robots":{"index":"index","follow":"follow","max-snippet":"max-snippet:-1","max-image-preview":"max-image-preview:large","max-video-preview":"max-video-preview:-1"},"canonical":"https:\/\/www.mowglis.org\/fr\/alumni-old\/mowglis-gear\/","og_locale":"fr_FR","og_type":"article","og_title":"Mowglis Gear - Camp Mowglis","og_description":"Red or Blue Mowglis Baseball Cap &#8211; $15.00 32 oz. Narrow-Mouth Mowglis Nalgene Bottle &#8211; $10.00 Medium (Approx 16&#8243;W x 12&#8243;H) &#8211; $39.95 Large (Approx 20&#8243;W x 14&#8243;H) &#8211; $49.95 L.L.Bean ProStretch Fleece Vest &#8211; $79.99 Treated with a durable finish to resist water. Resists wind four times better than ordinary fleece. Four-way ProStretch fabric [&hellip;]","og_url":"https:\/\/www.mowglis.org\/fr\/alumni-old\/mowglis-gear\/","og_site_name":"Camp Mowglis","article_modified_time":"2022-10-31T19:11:10+00:00","og_image":[{"url":"https:\/\/www.mowglis.org\/wp-content\/uploads\/2011\/11\/red-cap.jpg","type":"","width":"","height":""}],"twitter_card":"summary_large_image","twitter_misc":{"Est. reading time":"2 minutes"},"schema":{"@context":"https:\/\/schema.org","@graph":[{"@type":"WebPage","@id":"https:\/\/www.mowglis.org\/alumni-old\/mowglis-gear\/","url":"https:\/\/www.mowglis.org\/alumni-old\/mowglis-gear\/","name":"Mowglis Gear - Camp Mowglis","isPartOf":{"@id":"https:\/\/www.mowglis.org\/#website"},"primaryImageOfPage":{"@id":"https:\/\/www.mowglis.org\/alumni-old\/mowglis-gear\/#primaryimage"},"image":{"@id":"https:\/\/www.mowglis.org\/alumni-old\/mowglis-gear\/#primaryimage"},"thumbnailUrl":"https:\/\/www.mowglis.org\/wp-content\/uploads\/2011\/11\/red-cap.jpg","datePublished":"2011-11-15T19:47:56+00:00","dateModified":"2022-10-31T19:11:10+00:00","breadcrumb":{"@id":"https:\/\/www.mowglis.org\/alumni-old\/mowglis-gear\/#breadcrumb"},"inLanguage":"fr-FR","potentialAction":[{"@type":"ReadAction","target":["https:\/\/www.mowglis.org\/alumni-old\/mowglis-gear\/"]}]},{"@type":"ImageObject","inLanguage":"fr-FR","@id":"https:\/\/www.mowglis.org\/alumni-old\/mowglis-gear\/#primaryimage","url":"https:\/\/www.mowglis.org\/wp-content\/uploads\/2011\/11\/red-cap.jpg","contentUrl":"https:\/\/www.mowglis.org\/wp-content\/uploads\/2011\/11\/red-cap.jpg"},{"@type":"BreadcrumbList","@id":"https:\/\/www.mowglis.org\/alumni-old\/mowglis-gear\/#breadcrumb","itemListElement":[{"@type":"ListItem","position":1,"name":"Home","item":"https:\/\/www.mowglis.org\/"},{"@type":"ListItem","position":2,"name":"Alumni","item":"https:\/\/www.mowglis.org\/?page_id=662"},{"@type":"ListItem","position":3,"name":"Mowglis Gear"}]},{"@type":"WebSite","@id":"https:\/\/www.mowglis.org\/#website","url":"https:\/\/www.mowglis.org\/","name":"Camp Mowglis","description":"Camp Mowglis, camp d&#039;\u00e9t\u00e9 pour gar\u00e7ons, New Hampshire, \u00c9tats-Unis","publisher":{"@id":"https:\/\/www.mowglis.org\/#organization"},"potentialAction":[{"@type":"SearchAction","target":{"@type":"EntryPoint","urlTemplate":"https:\/\/www.mowglis.org\/?s={search_term_string}"},"query-input":{"@type":"PropertyValueSpecification","valueRequired":true,"valueName":"search_term_string"}}],"inLanguage":"fr-FR"},{"@type":"Organization","@id":"https:\/\/www.mowglis.org\/#organization","name":"Camp Mowglis","url":"https:\/\/www.mowglis.org\/","logo":{"@type":"ImageObject","inLanguage":"fr-FR","@id":"https:\/\/www.mowglis.org\/#\/schema\/logo\/image\/","url":"https:\/\/www.mowglis.org\/wp-content\/uploads\/2025\/01\/logo-web.svg","contentUrl":"https:\/\/www.mowglis.org\/wp-content\/uploads\/2025\/01\/logo-web.svg","width":156,"height":42,"caption":"Camp Mowglis"},"image":{"@id":"https:\/\/www.mowglis.org\/#\/schema\/logo\/image\/"}}]}},"_links":{"self":[{"href":"https:\/\/www.mowglis.org\/fr\/wp-json\/wp\/v2\/pages\/1185","targetHints":{"allow":["GET"]}}],"collection":[{"href":"https:\/\/www.mowglis.org\/fr\/wp-json\/wp\/v2\/pages"}],"about":[{"href":"https:\/\/www.mowglis.org\/fr\/wp-json\/wp\/v2\/types\/page"}],"author":[{"embeddable":true,"href":"https:\/\/www.mowglis.org\/fr\/wp-json\/wp\/v2\/users\/10"}],"replies":[{"embeddable":true,"href":"https:\/\/www.mowglis.org\/fr\/wp-json\/wp\/v2\/comments?post=1185"}],"version-history":[{"count":0,"href":"https:\/\/www.mowglis.org\/fr\/wp-json\/wp\/v2\/pages\/1185\/revisions"}],"up":[{"embeddable":true,"href":"https:\/\/www.mowglis.org\/fr\/wp-json\/wp\/v2\/pages\/662"}],"wp:attachment":[{"href":"https:\/\/www.mowglis.org\/fr\/wp-json\/wp\/v2\/media?parent=1185"}],"wp:term":[{"taxonomy":"quote-categoria","embeddable":true,"href":"https:\/\/www.mowglis.org\/fr\/wp-json\/wp\/v2\/quote-categoria?post=1185"}],"curies":[{"name":"wp","href":"https:\/\/api.w.org\/{rel}","templated":true}]}}