{"id":134,"date":"2010-05-21T15:26:21","date_gmt":"2010-05-21T15:26:21","guid":{"rendered":"http:\/\/mowglis.net\/?page_id=134"},"modified":"2026-02-04T13:48:46","modified_gmt":"2026-02-04T18:48:46","slug":"international-families","status":"publish","type":"page","link":"https:\/\/www.mowglis.org\/fr\/current-families\/international-families\/","title":{"rendered":"Familles internationales"},"content":{"rendered":"<h1 class=\"wp-block-heading\">Campeurs internationaux au Camp Mowglis<\/h1>\n\n\n\n<p>Nous sommes ravis d&#039;accueillir un nombre limit\u00e9 de campeurs internationaux \u00e0 Mowglis. Leur pr\u00e9sence enrichit la communaut\u00e9 de Mowglis et offre \u00e0 nos campeurs am\u00e9ricains l&#039;opportunit\u00e9 de d\u00e9couvrir diff\u00e9rentes cultures et de nouer des amiti\u00e9s avec des personnes du monde entier. L&#039;une des principales raisons d&#039;envoyer un campeur \u00e9tranger \u00e0 Mowglis est de lui permettre de pratiquer l&#039;anglais et de s&#039;immerger dans la culture des camps d&#039;\u00e9t\u00e9 am\u00e9ricains. Nous demandons \u00e0 tous les campeurs de parler anglais pendant leur s\u00e9jour. Nous veillons \u00e0 ce que le nombre de campeurs internationaux ne soit pas trop \u00e9lev\u00e9 afin de pr\u00e9server l&#039;immersion linguistique et culturelle.<\/p>\n\n\n\n<br>\n\n\n\n<h2 class=\"wp-block-heading\">Forfait vol pour camp<\/h2>\n\n\n\n<br>\n\n\n\n<p>Si votre fils se rend \u00e0 Mowglis en avion, vous ach\u00e8terez le \u201c forfait vol vers le camp \u00bb qui lui fournira tout l&#039;\u00e9quipement de randonn\u00e9e\/camping (sac \u00e0 dos, sac de couchage, \u00e9quipement technique, ustensiles de cuisine), la literie (oreillers, draps et couvertures) et le transport dont il aura besoin pour se rendre au camp, passer un excellent s\u00e9jour et rentrer chez lui en toute s\u00e9curit\u00e9.<\/p>\n\n\n\n<br>\n\n\n\n<h2 class=\"wp-block-heading\">D\u00e9tails des transports a\u00e9roportuaires<\/h2>\n\n\n\n<br>\n\n\n\n<p>Les deux a\u00e9roports les plus proches de Mowglis sont l&#039;a\u00e9roport international Logan de Boston (BOS), dans le Massachusetts (\u00e0 deux heures de route de Mowglis), et l&#039;a\u00e9roport international de Manchester (MHT), dans le New Hampshire (\u00e0 une heure de route de Mowglis). Un repr\u00e9sentant de Mowglis accueillera votre fils \u00e0 la porte d&#039;embarquement apr\u00e8s son passage en douane. Au moment du retour, un repr\u00e9sentant de Mowglis l&#039;accompagnera jusqu&#039;\u00e0 la compagnie a\u00e9rienne.<\/p>\n\n\n\n<br>\n\n\n\n<h2 class=\"wp-block-heading\">Correspondance<\/h2>\n\n\n\n<br>\n\n\n\n<p>Bien que nous encouragions g\u00e9n\u00e9ralement les parents \u00e0 \u00e9crire \u00e0 leurs fils et d\u00e9conseillions les appels t\u00e9l\u00e9phoniques, des exceptions sont faites pour les campeurs internationaux. Les parents peuvent soit envoyer un courriel \u00e0 leurs fils et recevoir une r\u00e9ponse, soit convenir d&#039;un moment opportun pour appeler le camp (g\u00e9n\u00e9ralement pendant le d\u00eener).<\/p>","protected":false},"excerpt":{"rendered":"<p>International Campers at Camp Mowglis We are pleased to welcome a limited number of&nbsp;international campers to Mowglis. Campers from abroad add diversity to the Mowglis community&nbsp;and give&nbsp;our American campers&nbsp;an opportunity to appreciate&nbsp;different cultures and make friends from around the world. A&nbsp;primary reason for sending a camper to Mowglis from abroad is to practice&nbsp;English language skills [&hellip;]<\/p>\n","protected":false},"author":10,"featured_media":5997,"parent":21563,"menu_order":6,"comment_status":"closed","ping_status":"open","template":"","meta":{"_acf_changed":false,"inline_featured_image":false,"footnotes":"","_wp_rev_ctl_limit":""},"quote-categoria":[272,254,281,287,277,285,268,264,288,289,293,263,258,262,294,274,279,283,297,275,267,276,270,286,296],"class_list":["post-134","page","type-page","status-publish","has-post-thumbnail","hentry","quote-categoria-4-of-july","quote-categoria-archery","quote-categoria-arts-and-crafts","quote-categoria-axemanship","quote-categoria-bugling-and-music","quote-categoria-camping","quote-categoria-canoeing-kayaking","quote-categoria-crew","quote-categoria-crew-day","quote-categoria-fencing","quote-categoria-fishing-and-flycasting","quote-categoria-hiking","quote-categoria-industries","quote-categoria-lands-sports-day","quote-categoria-mountaing-biking","quote-categoria-music","quote-categoria-nature","quote-categoria-photography","quote-categoria-rock-climbing","quote-categoria-rowboating","quote-categoria-sailing","quote-categoria-spirit","quote-categoria-staff","quote-categoria-activities-industries","quote-categoria-tennis"],"acf":[],"yoast_head":"<!-- This site is optimized with the Yoast SEO plugin v27.3 - https:\/\/yoast.com\/product\/yoast-seo-wordpress\/ -->\n<title>International Families - Camp Mowglis<\/title>\n<meta name=\"robots\" content=\"index, follow, max-snippet:-1, max-image-preview:large, max-video-preview:-1\" \/>\n<link rel=\"canonical\" href=\"https:\/\/www.mowglis.org\/fr\/current-families\/international-families\/\" \/>\n<meta property=\"og:locale\" content=\"fr_FR\" \/>\n<meta property=\"og:type\" content=\"article\" \/>\n<meta property=\"og:title\" content=\"International Families - Camp Mowglis\" \/>\n<meta property=\"og:description\" content=\"International Campers at Camp Mowglis We are pleased to welcome a limited number of&nbsp;international campers to Mowglis. Campers from abroad add diversity to the Mowglis community&nbsp;and give&nbsp;our American campers&nbsp;an opportunity to appreciate&nbsp;different cultures and make friends from around the world. A&nbsp;primary reason for sending a camper to Mowglis from abroad is to practice&nbsp;English language skills [&hellip;]\" \/>\n<meta property=\"og:url\" content=\"https:\/\/www.mowglis.org\/fr\/current-families\/international-families\/\" \/>\n<meta property=\"og:site_name\" content=\"Camp Mowglis\" \/>\n<meta property=\"article:modified_time\" content=\"2026-02-04T18:48:46+00:00\" \/>\n<meta property=\"og:image\" content=\"http:\/\/www.mowglis.org\/wp-content\/uploads\/2019\/01\/mowglis-international-header.jpg\" \/>\n\t<meta property=\"og:image:width\" content=\"1920\" \/>\n\t<meta property=\"og:image:height\" content=\"614\" \/>\n\t<meta property=\"og:image:type\" content=\"image\/jpeg\" \/>\n<meta name=\"twitter:card\" content=\"summary_large_image\" \/>\n<meta name=\"twitter:label1\" content=\"Est. reading time\" \/>\n\t<meta name=\"twitter:data1\" content=\"2 minutes\" \/>\n<script type=\"application\/ld+json\" class=\"yoast-schema-graph\">{\"@context\":\"https:\\\/\\\/schema.org\",\"@graph\":[{\"@type\":\"WebPage\",\"@id\":\"https:\\\/\\\/www.mowglis.org\\\/current-families\\\/international-families\\\/\",\"url\":\"https:\\\/\\\/www.mowglis.org\\\/current-families\\\/international-families\\\/\",\"name\":\"International Families - Camp Mowglis\",\"isPartOf\":{\"@id\":\"https:\\\/\\\/www.mowglis.org\\\/#website\"},\"primaryImageOfPage\":{\"@id\":\"https:\\\/\\\/www.mowglis.org\\\/current-families\\\/international-families\\\/#primaryimage\"},\"image\":{\"@id\":\"https:\\\/\\\/www.mowglis.org\\\/current-families\\\/international-families\\\/#primaryimage\"},\"thumbnailUrl\":\"https:\\\/\\\/www.mowglis.org\\\/wp-content\\\/uploads\\\/2019\\\/01\\\/mowglis-international-header.jpg\",\"datePublished\":\"2010-05-21T15:26:21+00:00\",\"dateModified\":\"2026-02-04T18:48:46+00:00\",\"breadcrumb\":{\"@id\":\"https:\\\/\\\/www.mowglis.org\\\/current-families\\\/international-families\\\/#breadcrumb\"},\"inLanguage\":\"fr-FR\",\"potentialAction\":[{\"@type\":\"ReadAction\",\"target\":[\"https:\\\/\\\/www.mowglis.org\\\/current-families\\\/international-families\\\/\"]}]},{\"@type\":\"ImageObject\",\"inLanguage\":\"fr-FR\",\"@id\":\"https:\\\/\\\/www.mowglis.org\\\/current-families\\\/international-families\\\/#primaryimage\",\"url\":\"https:\\\/\\\/www.mowglis.org\\\/wp-content\\\/uploads\\\/2019\\\/01\\\/mowglis-international-header.jpg\",\"contentUrl\":\"https:\\\/\\\/www.mowglis.org\\\/wp-content\\\/uploads\\\/2019\\\/01\\\/mowglis-international-header.jpg\",\"width\":1920,\"height\":614,\"caption\":\"International Campers at Camp Mowglis\"},{\"@type\":\"BreadcrumbList\",\"@id\":\"https:\\\/\\\/www.mowglis.org\\\/current-families\\\/international-families\\\/#breadcrumb\",\"itemListElement\":[{\"@type\":\"ListItem\",\"position\":1,\"name\":\"Home\",\"item\":\"https:\\\/\\\/www.mowglis.org\\\/\"},{\"@type\":\"ListItem\",\"position\":2,\"name\":\"Current Families\",\"item\":\"https:\\\/\\\/www.mowglis.org\\\/current-families\\\/\"},{\"@type\":\"ListItem\",\"position\":3,\"name\":\"International Families\"}]},{\"@type\":\"WebSite\",\"@id\":\"https:\\\/\\\/www.mowglis.org\\\/#website\",\"url\":\"https:\\\/\\\/www.mowglis.org\\\/\",\"name\":\"Camp Mowglis\",\"description\":\"Camp Mowglis Summer Camp for Boys, New Hampshire, USA\",\"publisher\":{\"@id\":\"https:\\\/\\\/www.mowglis.org\\\/#organization\"},\"potentialAction\":[{\"@type\":\"SearchAction\",\"target\":{\"@type\":\"EntryPoint\",\"urlTemplate\":\"https:\\\/\\\/www.mowglis.org\\\/?s={search_term_string}\"},\"query-input\":{\"@type\":\"PropertyValueSpecification\",\"valueRequired\":true,\"valueName\":\"search_term_string\"}}],\"inLanguage\":\"fr-FR\"},{\"@type\":\"Organization\",\"@id\":\"https:\\\/\\\/www.mowglis.org\\\/#organization\",\"name\":\"Camp Mowglis\",\"url\":\"https:\\\/\\\/www.mowglis.org\\\/\",\"logo\":{\"@type\":\"ImageObject\",\"inLanguage\":\"fr-FR\",\"@id\":\"https:\\\/\\\/www.mowglis.org\\\/#\\\/schema\\\/logo\\\/image\\\/\",\"url\":\"https:\\\/\\\/www.mowglis.org\\\/wp-content\\\/uploads\\\/2025\\\/01\\\/logo-web.svg\",\"contentUrl\":\"https:\\\/\\\/www.mowglis.org\\\/wp-content\\\/uploads\\\/2025\\\/01\\\/logo-web.svg\",\"width\":156,\"height\":42,\"caption\":\"Camp Mowglis\"},\"image\":{\"@id\":\"https:\\\/\\\/www.mowglis.org\\\/#\\\/schema\\\/logo\\\/image\\\/\"}}]}<\/script>\n<!-- \/ Yoast SEO plugin. -->","yoast_head_json":{"title":"International Families - Camp Mowglis","robots":{"index":"index","follow":"follow","max-snippet":"max-snippet:-1","max-image-preview":"max-image-preview:large","max-video-preview":"max-video-preview:-1"},"canonical":"https:\/\/www.mowglis.org\/fr\/current-families\/international-families\/","og_locale":"fr_FR","og_type":"article","og_title":"International Families - Camp Mowglis","og_description":"International Campers at Camp Mowglis We are pleased to welcome a limited number of&nbsp;international campers to Mowglis. Campers from abroad add diversity to the Mowglis community&nbsp;and give&nbsp;our American campers&nbsp;an opportunity to appreciate&nbsp;different cultures and make friends from around the world. A&nbsp;primary reason for sending a camper to Mowglis from abroad is to practice&nbsp;English language skills [&hellip;]","og_url":"https:\/\/www.mowglis.org\/fr\/current-families\/international-families\/","og_site_name":"Camp Mowglis","article_modified_time":"2026-02-04T18:48:46+00:00","og_image":[{"width":1920,"height":614,"url":"http:\/\/www.mowglis.org\/wp-content\/uploads\/2019\/01\/mowglis-international-header.jpg","type":"image\/jpeg"}],"twitter_card":"summary_large_image","twitter_misc":{"Est. reading time":"2 minutes"},"schema":{"@context":"https:\/\/schema.org","@graph":[{"@type":"WebPage","@id":"https:\/\/www.mowglis.org\/current-families\/international-families\/","url":"https:\/\/www.mowglis.org\/current-families\/international-families\/","name":"International Families - Camp Mowglis","isPartOf":{"@id":"https:\/\/www.mowglis.org\/#website"},"primaryImageOfPage":{"@id":"https:\/\/www.mowglis.org\/current-families\/international-families\/#primaryimage"},"image":{"@id":"https:\/\/www.mowglis.org\/current-families\/international-families\/#primaryimage"},"thumbnailUrl":"https:\/\/www.mowglis.org\/wp-content\/uploads\/2019\/01\/mowglis-international-header.jpg","datePublished":"2010-05-21T15:26:21+00:00","dateModified":"2026-02-04T18:48:46+00:00","breadcrumb":{"@id":"https:\/\/www.mowglis.org\/current-families\/international-families\/#breadcrumb"},"inLanguage":"fr-FR","potentialAction":[{"@type":"ReadAction","target":["https:\/\/www.mowglis.org\/current-families\/international-families\/"]}]},{"@type":"ImageObject","inLanguage":"fr-FR","@id":"https:\/\/www.mowglis.org\/current-families\/international-families\/#primaryimage","url":"https:\/\/www.mowglis.org\/wp-content\/uploads\/2019\/01\/mowglis-international-header.jpg","contentUrl":"https:\/\/www.mowglis.org\/wp-content\/uploads\/2019\/01\/mowglis-international-header.jpg","width":1920,"height":614,"caption":"International Campers at Camp Mowglis"},{"@type":"BreadcrumbList","@id":"https:\/\/www.mowglis.org\/current-families\/international-families\/#breadcrumb","itemListElement":[{"@type":"ListItem","position":1,"name":"Home","item":"https:\/\/www.mowglis.org\/"},{"@type":"ListItem","position":2,"name":"Current Families","item":"https:\/\/www.mowglis.org\/current-families\/"},{"@type":"ListItem","position":3,"name":"International Families"}]},{"@type":"WebSite","@id":"https:\/\/www.mowglis.org\/#website","url":"https:\/\/www.mowglis.org\/","name":"Camp Mowglis","description":"Camp Mowglis, camp d&#039;\u00e9t\u00e9 pour gar\u00e7ons, New Hampshire, \u00c9tats-Unis","publisher":{"@id":"https:\/\/www.mowglis.org\/#organization"},"potentialAction":[{"@type":"SearchAction","target":{"@type":"EntryPoint","urlTemplate":"https:\/\/www.mowglis.org\/?s={search_term_string}"},"query-input":{"@type":"PropertyValueSpecification","valueRequired":true,"valueName":"search_term_string"}}],"inLanguage":"fr-FR"},{"@type":"Organization","@id":"https:\/\/www.mowglis.org\/#organization","name":"Camp Mowglis","url":"https:\/\/www.mowglis.org\/","logo":{"@type":"ImageObject","inLanguage":"fr-FR","@id":"https:\/\/www.mowglis.org\/#\/schema\/logo\/image\/","url":"https:\/\/www.mowglis.org\/wp-content\/uploads\/2025\/01\/logo-web.svg","contentUrl":"https:\/\/www.mowglis.org\/wp-content\/uploads\/2025\/01\/logo-web.svg","width":156,"height":42,"caption":"Camp Mowglis"},"image":{"@id":"https:\/\/www.mowglis.org\/#\/schema\/logo\/image\/"}}]}},"_links":{"self":[{"href":"https:\/\/www.mowglis.org\/fr\/wp-json\/wp\/v2\/pages\/134","targetHints":{"allow":["GET"]}}],"collection":[{"href":"https:\/\/www.mowglis.org\/fr\/wp-json\/wp\/v2\/pages"}],"about":[{"href":"https:\/\/www.mowglis.org\/fr\/wp-json\/wp\/v2\/types\/page"}],"author":[{"embeddable":true,"href":"https:\/\/www.mowglis.org\/fr\/wp-json\/wp\/v2\/users\/10"}],"replies":[{"embeddable":true,"href":"https:\/\/www.mowglis.org\/fr\/wp-json\/wp\/v2\/comments?post=134"}],"version-history":[{"count":0,"href":"https:\/\/www.mowglis.org\/fr\/wp-json\/wp\/v2\/pages\/134\/revisions"}],"up":[{"embeddable":true,"href":"https:\/\/www.mowglis.org\/fr\/wp-json\/wp\/v2\/pages\/21563"}],"wp:featuredmedia":[{"embeddable":true,"href":"https:\/\/www.mowglis.org\/fr\/wp-json\/wp\/v2\/media\/5997"}],"wp:attachment":[{"href":"https:\/\/www.mowglis.org\/fr\/wp-json\/wp\/v2\/media?parent=134"}],"wp:term":[{"taxonomy":"quote-categoria","embeddable":true,"href":"https:\/\/www.mowglis.org\/fr\/wp-json\/wp\/v2\/quote-categoria?post=134"}],"curies":[{"name":"wp","href":"https:\/\/api.w.org\/{rel}","templated":true}]}}