{"id":15073,"date":"2020-04-29T19:46:46","date_gmt":"2020-04-29T23:46:46","guid":{"rendered":"http:\/\/www.mowglis.org\/?page_id=15073"},"modified":"2021-12-10T13:22:30","modified_gmt":"2021-12-10T18:22:30","slug":"summer-camp-for-boys-aged-10-15","status":"publish","type":"page","link":"https:\/\/www.mowglis.org\/fr\/summer-camp-for-boys-aged-10-15\/","title":{"rendered":"Camp d&#039;\u00e9t\u00e9 pour gar\u00e7ons de 10 \u00e0 15 ans"},"content":{"rendered":"<p>[fusion_builder_container hundred_percent=&#8221;no&#8221; hundred_percent_height=&#8221;no&#8221; hundred_percent_height_scroll=&#8221;no&#8221; hundred_percent_height_center_content=&#8221;yes&#8221; equal_height_columns=&#8221;no&#8221; menu_anchor=&#8221;&#8221; hide_on_mobile=&#8221;small-visibility,medium-visibility,large-visibility&#8221; status=&#8221;published&#8221; publish_date=&#8221;&#8221; class=&#8221;&#8221; id=&#8221;&#8221; link_color=&#8221;&#8221; link_hover_color=&#8221;&#8221; border_color=&#8221;&#8221; border_style=&#8221;solid&#8221; margin_top=&#8221;&#8221; margin_bottom=&#8221;&#8221; padding_top=&#8221;&#8221; padding_right=&#8221;&#8221; padding_bottom=&#8221;&#8221; padding_left=&#8221;&#8221; gradient_start_color=&#8221;&#8221; gradient_end_color=&#8221;&#8221; gradient_start_position=&#8221;0&#8243; gradient_end_position=&#8221;100&#8243; gradient_type=&#8221;linear&#8221; radial_direction=&#8221;center center&#8221; linear_angle=&#8221;180&#8243; background_color=&#8221;&#8221; background_image=&#8221;&#8221; background_position=&#8221;center center&#8221; background_repeat=&#8221;no-repeat&#8221; fade=&#8221;no&#8221; background_parallax=&#8221;none&#8221; enable_mobile=&#8221;no&#8221; parallax_speed=&#8221;0.3&#8243; background_blend_mode=&#8221;none&#8221; video_mp4=&#8221;&#8221; video_webm=&#8221;&#8221; video_ogv=&#8221;&#8221; video_url=&#8221;&#8221; video_aspect_ratio=&#8221;16:9&#8243; video_loop=&#8221;yes&#8221; video_mute=&#8221;yes&#8221; video_preview_image=&#8221;&#8221; filter_hue=&#8221;0&#8243; filter_saturation=&#8221;100&#8243; filter_brightness=&#8221;100&#8243; filter_contrast=&#8221;100&#8243; filter_invert=&#8221;0&#8243; filter_sepia=&#8221;0&#8243; filter_opacity=&#8221;100&#8243; filter_blur=&#8221;0&#8243; filter_hue_hover=&#8221;0&#8243; filter_saturation_hover=&#8221;100&#8243; filter_brightness_hover=&#8221;100&#8243; filter_contrast_hover=&#8221;100&#8243; filter_invert_hover=&#8221;0&#8243; filter_sepia_hover=&#8221;0&#8243; filter_opacity_hover=&#8221;100&#8243; filter_blur_hover=&#8221;0&#8243; admin_toggled=&#8221;no&#8221; type=&#8221;legacy&#8221;][fusion_builder_row][fusion_builder_column type=&#8221;1_1&#8243; layout=&#8221;1_1&#8243; spacing=&#8221;&#8221; center_content=&#8221;no&#8221; link=&#8221;&#8221; target=&#8221;_self&#8221; min_height=&#8221;&#8221; hide_on_mobile=&#8221;small-visibility,medium-visibility,large-visibility&#8221; class=&#8221;&#8221; id=&#8221;&#8221; hover_type=&#8221;none&#8221; border_color=&#8221;&#8221; border_style=&#8221;solid&#8221; border_position=&#8221;all&#8221; border_radius=&#8221;&#8221; box_shadow=&#8221;no&#8221; dimension_box_shadow=&#8221;&#8221; box_shadow_blur=&#8221;0&#8243; box_shadow_spread=&#8221;0&#8243; box_shadow_color=&#8221;&#8221; box_shadow_style=&#8221;&#8221; padding_top=&#8221;&#8221; padding_right=&#8221;&#8221; padding_bottom=&#8221;&#8221; padding_left=&#8221;&#8221; margin_top=&#8221;&#8221; margin_bottom=&#8221;&#8221; background_type=&#8221;single&#8221; gradient_start_color=&#8221;&#8221; gradient_end_color=&#8221;&#8221; gradient_start_position=&#8221;0&#8243; gradient_end_position=&#8221;100&#8243; gradient_type=&#8221;linear&#8221; radial_direction=&#8221;center center&#8221; linear_angle=&#8221;180&#8243; background_color=&#8221;&#8221; background_image=&#8221;&#8221; background_image_id=&#8221;&#8221; background_position=&#8221;left top&#8221; background_repeat=&#8221;no-repeat&#8221; background_blend_mode=&#8221;none&#8221; animation_type=&#8221;&#8221; animation_direction=&#8221;left&#8221; animation_speed=&#8221;0.3&#8243; animation_offset=&#8221;&#8221; filter_type=&#8221;regular&#8221; filter_hue=&#8221;0&#8243; filter_saturation=&#8221;100&#8243; filter_brightness=&#8221;100&#8243; filter_contrast=&#8221;100&#8243; filter_invert=&#8221;0&#8243; filter_sepia=&#8221;0&#8243; filter_opacity=&#8221;100&#8243; filter_blur=&#8221;0&#8243; filter_hue_hover=&#8221;0&#8243; filter_saturation_hover=&#8221;100&#8243; filter_brightness_hover=&#8221;100&#8243; filter_contrast_hover=&#8221;100&#8243; filter_invert_hover=&#8221;0&#8243; filter_sepia_hover=&#8221;0&#8243; filter_opacity_hover=&#8221;100&#8243; filter_blur_hover=&#8221;0&#8243; last=&#8221;true&#8221; border_sizes_top=&#8221;0&#8243; border_sizes_bottom=&#8221;0&#8243; border_sizes_left=&#8221;0&#8243; border_sizes_right=&#8221;0&#8243; first=&#8221;true&#8221;][fusion_text columns=&#8221;&#8221; column_min_width=&#8221;&#8221; column_spacing=&#8221;&#8221; rule_style=&#8221;default&#8221; rule_size=&#8221;&#8221; rule_color=&#8221;&#8221; hide_on_mobile=&#8221;small-visibility,medium-visibility,large-visibility&#8221; class=&#8221;&#8221; id=&#8221;&#8221; animation_type=&#8221;&#8221; animation_direction=&#8221;left&#8221; animation_speed=&#8221;0.3&#8243; animation_offset=&#8221;&#8221;]<\/p>\n<h1>Summer Camp for 10 to 15 Year Old Boys<\/h1>\n<p>Are you looking for somewhere for your 10 to 15 year-old son to grow physically as well as emotionally? Camp Mowglis <a href=\"https:\/\/www.mowglis.org\/the-pack\/\">summer camp for boys<\/a> is the ideal environment for your child to get back to basics and learn life&#8217;s more important lessons. In our &#8220;school of the open,&#8221; your son will flourish, learning how to connect with nature and those around him. As he grows with his peers, progressing with our program year after year, he will develop personal strength, independence, and a strong individual foundation.<\/p>\n<h2><strong>A Fun, Wholesome Environment<\/strong><\/h2>\n<p>Located in the woods of New Hampshire near Maine and Vermont, just 3 hours from Boston, and 5-6 hours from New York and Pennsylvania, Camp Mowglis sits amidst forests, lakes, and mountains. This beautiful, natural setting is <a href=\"https:\/\/www.mowglis.org\/camp-mowglis-facilities\/\">the ideal summer camp environment<\/a> for a maturing boy. Here, on our welcoming grounds, your 10 to 15 year-old son can strengthen his body and character, having tons of fun and excelling at new activities while building relationships.<\/p>\n<h3><strong>Engaging Group Activities that Fuel Your Son\u2019s Body and Soul<\/strong><\/h3>\n<p>We&#8217;ve designed our unique summer camping programs to help your son learn how to grow as part of a team. Our small groups provide an intimate, engaging camping experience. Though each boy bunks nightly with other children his own age, each <a href=\"https:\/\/www.mowglis.org\/prospective-families\/a-day-in-the-life\/\">day at Camp Mowglis<\/a> he will take part in <a href=\"https:\/\/www.mowglis.org\/prospective-families\/activitiesindustries\/\">daily activities<\/a> with boys of all ages. They grow and learn together as a team. As each child progresses through each program, they learn from other boys.\u00a0 Programs and activities are focused on their 10-15 year old age group.\u00a0 As they participate year after year, the older boys naturally become mentors to younger children as they develop into confident, aware, supportive, helpful young men.<\/p>\n<h3><strong>Building Friendships and Growing into a Leadership Role<\/strong><\/h3>\n<p>The structure of our seven-week early teen program is hard to replicate, offering campers the opportunity to learn patience, tolerance, cooperation, and respect in a diverse community of their peers, maturing mentally and physically alongside one another. As your son grows within the Mowglis community, our goal-oriented approach will motivate him to reach new levels, no matter his age or level of ability.<\/p>\n<p><a href=\"https:\/\/www.mowglis.org\/yearling-program\/\">Personal development and leadership<\/a> are at the heart of the Mowglis experience. In particular, the boys are \u201cunwired\u201d, and seeing life in nature vs. through an electronic device.<\/p>\n<p>At Camp Mowglis, the boys can always find a mentor to connect with, which is vital at this stage in their lives. As campers progress alongside their peers, summer after summer, they will learn new skills and earn awards while making lifelong friends. Our goal is to work with the younger boys to gain confidence and social skills, provide our 10 to 15 year old boys with interpersonal skills to fill the role of camp leaders when they reach their final year at the Den at age 14-15, guiding future children through the Camp Mowglis experience, and becoming part of the Junior Staff.<\/p>\n<p>Encourage your child&#8217;s personal growth. Give your son an experience that will last a lifetime at Camp Mowglis <strong>summer camp for boys aged 10-15. <\/strong>Contact us at 603-744-8095 to learn more about our program, tuition assistance, or to <a href=\"https:\/\/mowglis.campintouch.com\/ui\/forms\/application\/camper\/App\">reserve a spot for your camper<\/a> today.<\/p>\n<p>[\/fusion_text][\/fusion_builder_column][\/fusion_builder_row][\/fusion_builder_container]<\/p>\n","protected":false},"excerpt":{"rendered":"<p>[fusion_builder_container hundred_percent=&#8221;no&#8221; hundred_percent_height=&#8221;no&#8221; hundred_percent_height_scroll=&#8221;no&#8221; hundred_percent_height_center_content=&#8221;yes&#8221; equal_height_columns=&#8221;no&#8221; menu_anchor=&#8221;&#8221; hide_on_mobile=&#8221;small-visibility,medium-visibility,large-visibility&#8221; status=&#8221;published&#8221; publish_date=&#8221;&#8221; class=&#8221;&#8221; id=&#8221;&#8221; link_color=&#8221;&#8221; link_hover_color=&#8221;&#8221; border_color=&#8221;&#8221; border_style=&#8221;solid&#8221; margin_top=&#8221;&#8221; margin_bottom=&#8221;&#8221; padding_top=&#8221;&#8221; padding_right=&#8221;&#8221; padding_bottom=&#8221;&#8221; padding_left=&#8221;&#8221; gradient_start_color=&#8221;&#8221; gradient_end_color=&#8221;&#8221; gradient_start_position=&#8221;0&#8243; gradient_end_position=&#8221;100&#8243; gradient_type=&#8221;linear&#8221; radial_direction=&#8221;center center&#8221; linear_angle=&#8221;180&#8243; background_color=&#8221;&#8221; background_image=&#8221;&#8221; background_position=&#8221;center center&#8221; background_repeat=&#8221;no-repeat&#8221; fade=&#8221;no&#8221; background_parallax=&#8221;none&#8221; enable_mobile=&#8221;no&#8221; parallax_speed=&#8221;0.3&#8243; background_blend_mode=&#8221;none&#8221; video_mp4=&#8221;&#8221; video_webm=&#8221;&#8221; video_ogv=&#8221;&#8221; video_url=&#8221;&#8221; video_aspect_ratio=&#8221;16:9&#8243; video_loop=&#8221;yes&#8221; video_mute=&#8221;yes&#8221; video_preview_image=&#8221;&#8221; filter_hue=&#8221;0&#8243; filter_saturation=&#8221;100&#8243; filter_brightness=&#8221;100&#8243; filter_contrast=&#8221;100&#8243; filter_invert=&#8221;0&#8243; filter_sepia=&#8221;0&#8243; filter_opacity=&#8221;100&#8243; [&hellip;]<\/p>\n","protected":false},"author":10,"featured_media":6235,"parent":0,"menu_order":0,"comment_status":"closed","ping_status":"closed","template":"","meta":{"_acf_changed":false,"inline_featured_image":false,"footnotes":"","_wp_rev_ctl_limit":""},"quote-categoria":[],"class_list":["post-15073","page","type-page","status-publish","has-post-thumbnail","hentry"],"acf":[],"yoast_head":"<!-- This site is optimized with the Yoast SEO plugin v27.3 - https:\/\/yoast.com\/product\/yoast-seo-wordpress\/ -->\n<title>Summer Camp for Boys Aged 10-15 | 603-744-8095 | Camp Mowglis, New Hampshire<\/title>\n<meta name=\"description\" content=\"Help your son grow into a future leader at Camp Mowglis summer camp. Learn how our unique program and beautiful, natural setting can fuel your child\u2019s growth.\" \/>\n<meta name=\"robots\" content=\"index, follow, max-snippet:-1, max-image-preview:large, max-video-preview:-1\" \/>\n<link rel=\"canonical\" href=\"https:\/\/www.mowglis.org\/fr\/summer-camp-for-boys-aged-10-15\/\" \/>\n<meta property=\"og:locale\" content=\"fr_FR\" \/>\n<meta property=\"og:type\" content=\"article\" \/>\n<meta property=\"og:title\" content=\"Summer Camp for Boys Aged 10-15 | 603-744-8095 | Camp Mowglis, New Hampshire\" \/>\n<meta property=\"og:description\" content=\"Help your son grow into a future leader at Camp Mowglis summer camp. Learn how our unique program and beautiful, natural setting can fuel your child\u2019s growth.\" \/>\n<meta property=\"og:url\" content=\"https:\/\/www.mowglis.org\/fr\/summer-camp-for-boys-aged-10-15\/\" \/>\n<meta property=\"og:site_name\" content=\"Camp Mowglis\" \/>\n<meta property=\"article:modified_time\" content=\"2021-12-10T18:22:30+00:00\" \/>\n<meta property=\"og:image\" content=\"https:\/\/www.mowglis.org\/wp-content\/uploads\/2019\/02\/mowglis-counselor-header.jpg\" \/>\n\t<meta property=\"og:image:width\" content=\"1920\" \/>\n\t<meta property=\"og:image:height\" content=\"614\" \/>\n\t<meta property=\"og:image:type\" content=\"image\/jpeg\" \/>\n<meta name=\"twitter:card\" content=\"summary_large_image\" \/>\n<meta name=\"twitter:label1\" content=\"Est. reading time\" \/>\n\t<meta name=\"twitter:data1\" content=\"4 minutes\" \/>\n<script type=\"application\/ld+json\" class=\"yoast-schema-graph\">{\"@context\":\"https:\\\/\\\/schema.org\",\"@graph\":[{\"@type\":\"WebPage\",\"@id\":\"https:\\\/\\\/www.mowglis.org\\\/summer-camp-for-boys-aged-10-15\\\/\",\"url\":\"https:\\\/\\\/www.mowglis.org\\\/summer-camp-for-boys-aged-10-15\\\/\",\"name\":\"Summer Camp for Boys Aged 10-15 | 603-744-8095 | Camp Mowglis, New Hampshire\",\"isPartOf\":{\"@id\":\"https:\\\/\\\/www.mowglis.org\\\/#website\"},\"primaryImageOfPage\":{\"@id\":\"https:\\\/\\\/www.mowglis.org\\\/summer-camp-for-boys-aged-10-15\\\/#primaryimage\"},\"image\":{\"@id\":\"https:\\\/\\\/www.mowglis.org\\\/summer-camp-for-boys-aged-10-15\\\/#primaryimage\"},\"thumbnailUrl\":\"https:\\\/\\\/www.mowglis.org\\\/wp-content\\\/uploads\\\/2019\\\/02\\\/mowglis-counselor-header.jpg\",\"datePublished\":\"2020-04-29T23:46:46+00:00\",\"dateModified\":\"2021-12-10T18:22:30+00:00\",\"description\":\"Help your son grow into a future leader at Camp Mowglis summer camp. Learn how our unique program and beautiful, natural setting can fuel your child\u2019s growth.\",\"breadcrumb\":{\"@id\":\"https:\\\/\\\/www.mowglis.org\\\/summer-camp-for-boys-aged-10-15\\\/#breadcrumb\"},\"inLanguage\":\"fr-FR\",\"potentialAction\":[{\"@type\":\"ReadAction\",\"target\":[\"https:\\\/\\\/www.mowglis.org\\\/summer-camp-for-boys-aged-10-15\\\/\"]}]},{\"@type\":\"ImageObject\",\"inLanguage\":\"fr-FR\",\"@id\":\"https:\\\/\\\/www.mowglis.org\\\/summer-camp-for-boys-aged-10-15\\\/#primaryimage\",\"url\":\"https:\\\/\\\/www.mowglis.org\\\/wp-content\\\/uploads\\\/2019\\\/02\\\/mowglis-counselor-header.jpg\",\"contentUrl\":\"https:\\\/\\\/www.mowglis.org\\\/wp-content\\\/uploads\\\/2019\\\/02\\\/mowglis-counselor-header.jpg\",\"width\":1920,\"height\":614,\"caption\":\"summer camp for boys NH\"},{\"@type\":\"BreadcrumbList\",\"@id\":\"https:\\\/\\\/www.mowglis.org\\\/summer-camp-for-boys-aged-10-15\\\/#breadcrumb\",\"itemListElement\":[{\"@type\":\"ListItem\",\"position\":1,\"name\":\"Home\",\"item\":\"https:\\\/\\\/www.mowglis.org\\\/\"},{\"@type\":\"ListItem\",\"position\":2,\"name\":\"Summer Camp for Boys Aged 10-15\"}]},{\"@type\":\"WebSite\",\"@id\":\"https:\\\/\\\/www.mowglis.org\\\/#website\",\"url\":\"https:\\\/\\\/www.mowglis.org\\\/\",\"name\":\"Camp Mowglis\",\"description\":\"Camp Mowglis Summer Camp for Boys, New Hampshire, USA\",\"publisher\":{\"@id\":\"https:\\\/\\\/www.mowglis.org\\\/#organization\"},\"potentialAction\":[{\"@type\":\"SearchAction\",\"target\":{\"@type\":\"EntryPoint\",\"urlTemplate\":\"https:\\\/\\\/www.mowglis.org\\\/?s={search_term_string}\"},\"query-input\":{\"@type\":\"PropertyValueSpecification\",\"valueRequired\":true,\"valueName\":\"search_term_string\"}}],\"inLanguage\":\"fr-FR\"},{\"@type\":\"Organization\",\"@id\":\"https:\\\/\\\/www.mowglis.org\\\/#organization\",\"name\":\"Camp Mowglis\",\"url\":\"https:\\\/\\\/www.mowglis.org\\\/\",\"logo\":{\"@type\":\"ImageObject\",\"inLanguage\":\"fr-FR\",\"@id\":\"https:\\\/\\\/www.mowglis.org\\\/#\\\/schema\\\/logo\\\/image\\\/\",\"url\":\"https:\\\/\\\/www.mowglis.org\\\/wp-content\\\/uploads\\\/2025\\\/01\\\/logo-web.svg\",\"contentUrl\":\"https:\\\/\\\/www.mowglis.org\\\/wp-content\\\/uploads\\\/2025\\\/01\\\/logo-web.svg\",\"width\":156,\"height\":42,\"caption\":\"Camp Mowglis\"},\"image\":{\"@id\":\"https:\\\/\\\/www.mowglis.org\\\/#\\\/schema\\\/logo\\\/image\\\/\"}}]}<\/script>\n<!-- \/ Yoast SEO plugin. -->","yoast_head_json":{"title":"Summer Camp for Boys Aged 10-15 | 603-744-8095 | Camp Mowglis, New Hampshire","description":"Help your son grow into a future leader at Camp Mowglis summer camp. Learn how our unique program and beautiful, natural setting can fuel your child\u2019s growth.","robots":{"index":"index","follow":"follow","max-snippet":"max-snippet:-1","max-image-preview":"max-image-preview:large","max-video-preview":"max-video-preview:-1"},"canonical":"https:\/\/www.mowglis.org\/fr\/summer-camp-for-boys-aged-10-15\/","og_locale":"fr_FR","og_type":"article","og_title":"Summer Camp for Boys Aged 10-15 | 603-744-8095 | Camp Mowglis, New Hampshire","og_description":"Help your son grow into a future leader at Camp Mowglis summer camp. Learn how our unique program and beautiful, natural setting can fuel your child\u2019s growth.","og_url":"https:\/\/www.mowglis.org\/fr\/summer-camp-for-boys-aged-10-15\/","og_site_name":"Camp Mowglis","article_modified_time":"2021-12-10T18:22:30+00:00","og_image":[{"width":1920,"height":614,"url":"https:\/\/www.mowglis.org\/wp-content\/uploads\/2019\/02\/mowglis-counselor-header.jpg","type":"image\/jpeg"}],"twitter_card":"summary_large_image","twitter_misc":{"Est. reading time":"4 minutes"},"schema":{"@context":"https:\/\/schema.org","@graph":[{"@type":"WebPage","@id":"https:\/\/www.mowglis.org\/summer-camp-for-boys-aged-10-15\/","url":"https:\/\/www.mowglis.org\/summer-camp-for-boys-aged-10-15\/","name":"Summer Camp for Boys Aged 10-15 | 603-744-8095 | Camp Mowglis, New Hampshire","isPartOf":{"@id":"https:\/\/www.mowglis.org\/#website"},"primaryImageOfPage":{"@id":"https:\/\/www.mowglis.org\/summer-camp-for-boys-aged-10-15\/#primaryimage"},"image":{"@id":"https:\/\/www.mowglis.org\/summer-camp-for-boys-aged-10-15\/#primaryimage"},"thumbnailUrl":"https:\/\/www.mowglis.org\/wp-content\/uploads\/2019\/02\/mowglis-counselor-header.jpg","datePublished":"2020-04-29T23:46:46+00:00","dateModified":"2021-12-10T18:22:30+00:00","description":"Help your son grow into a future leader at Camp Mowglis summer camp. Learn how our unique program and beautiful, natural setting can fuel your child\u2019s growth.","breadcrumb":{"@id":"https:\/\/www.mowglis.org\/summer-camp-for-boys-aged-10-15\/#breadcrumb"},"inLanguage":"fr-FR","potentialAction":[{"@type":"ReadAction","target":["https:\/\/www.mowglis.org\/summer-camp-for-boys-aged-10-15\/"]}]},{"@type":"ImageObject","inLanguage":"fr-FR","@id":"https:\/\/www.mowglis.org\/summer-camp-for-boys-aged-10-15\/#primaryimage","url":"https:\/\/www.mowglis.org\/wp-content\/uploads\/2019\/02\/mowglis-counselor-header.jpg","contentUrl":"https:\/\/www.mowglis.org\/wp-content\/uploads\/2019\/02\/mowglis-counselor-header.jpg","width":1920,"height":614,"caption":"summer camp for boys NH"},{"@type":"BreadcrumbList","@id":"https:\/\/www.mowglis.org\/summer-camp-for-boys-aged-10-15\/#breadcrumb","itemListElement":[{"@type":"ListItem","position":1,"name":"Home","item":"https:\/\/www.mowglis.org\/"},{"@type":"ListItem","position":2,"name":"Summer Camp for Boys Aged 10-15"}]},{"@type":"WebSite","@id":"https:\/\/www.mowglis.org\/#website","url":"https:\/\/www.mowglis.org\/","name":"Camp Mowglis","description":"Camp Mowglis, camp d&#039;\u00e9t\u00e9 pour gar\u00e7ons, New Hampshire, \u00c9tats-Unis","publisher":{"@id":"https:\/\/www.mowglis.org\/#organization"},"potentialAction":[{"@type":"SearchAction","target":{"@type":"EntryPoint","urlTemplate":"https:\/\/www.mowglis.org\/?s={search_term_string}"},"query-input":{"@type":"PropertyValueSpecification","valueRequired":true,"valueName":"search_term_string"}}],"inLanguage":"fr-FR"},{"@type":"Organization","@id":"https:\/\/www.mowglis.org\/#organization","name":"Camp Mowglis","url":"https:\/\/www.mowglis.org\/","logo":{"@type":"ImageObject","inLanguage":"fr-FR","@id":"https:\/\/www.mowglis.org\/#\/schema\/logo\/image\/","url":"https:\/\/www.mowglis.org\/wp-content\/uploads\/2025\/01\/logo-web.svg","contentUrl":"https:\/\/www.mowglis.org\/wp-content\/uploads\/2025\/01\/logo-web.svg","width":156,"height":42,"caption":"Camp Mowglis"},"image":{"@id":"https:\/\/www.mowglis.org\/#\/schema\/logo\/image\/"}}]}},"_links":{"self":[{"href":"https:\/\/www.mowglis.org\/fr\/wp-json\/wp\/v2\/pages\/15073","targetHints":{"allow":["GET"]}}],"collection":[{"href":"https:\/\/www.mowglis.org\/fr\/wp-json\/wp\/v2\/pages"}],"about":[{"href":"https:\/\/www.mowglis.org\/fr\/wp-json\/wp\/v2\/types\/page"}],"author":[{"embeddable":true,"href":"https:\/\/www.mowglis.org\/fr\/wp-json\/wp\/v2\/users\/10"}],"replies":[{"embeddable":true,"href":"https:\/\/www.mowglis.org\/fr\/wp-json\/wp\/v2\/comments?post=15073"}],"version-history":[{"count":0,"href":"https:\/\/www.mowglis.org\/fr\/wp-json\/wp\/v2\/pages\/15073\/revisions"}],"wp:featuredmedia":[{"embeddable":true,"href":"https:\/\/www.mowglis.org\/fr\/wp-json\/wp\/v2\/media\/6235"}],"wp:attachment":[{"href":"https:\/\/www.mowglis.org\/fr\/wp-json\/wp\/v2\/media?parent=15073"}],"wp:term":[{"taxonomy":"quote-categoria","embeddable":true,"href":"https:\/\/www.mowglis.org\/fr\/wp-json\/wp\/v2\/quote-categoria?post=15073"}],"curies":[{"name":"wp","href":"https:\/\/api.w.org\/{rel}","templated":true}]}}