{"id":16741,"date":"2022-08-01T07:56:02","date_gmt":"2022-08-01T11:56:02","guid":{"rendered":"https:\/\/www.mowglis.org\/?page_id=16741"},"modified":"2026-02-04T12:34:37","modified_gmt":"2026-02-04T17:34:37","slug":"boys-overnight-summer-camp-in-new-england","status":"publish","type":"page","link":"https:\/\/www.mowglis.org\/fr\/boys-overnight-summer-camp-in-new-england\/","title":{"rendered":"Camp d&#039;\u00e9t\u00e9 pour gar\u00e7ons avec h\u00e9bergement en Nouvelle-Angleterre"},"content":{"rendered":"<p>[fusion_builder_container type=&#8221;flex&#8221; hundred_percent=&#8221;no&#8221; hundred_percent_height=&#8221;no&#8221; min_height=&#8221;&#8221; hundred_percent_height_scroll=&#8221;no&#8221; align_content=&#8221;stretch&#8221; flex_align_items=&#8221;flex-start&#8221; flex_justify_content=&#8221;flex-start&#8221; flex_column_spacing=&#8221;&#8221; hundred_percent_height_center_content=&#8221;yes&#8221; equal_height_columns=&#8221;no&#8221; container_tag=&#8221;div&#8221; menu_anchor=&#8221;&#8221; hide_on_mobile=&#8221;small-visibility,medium-visibility,large-visibility&#8221; status=&#8221;published&#8221; publish_date=&#8221;&#8221; class=&#8221;&#8221; id=&#8221;&#8221; spacing_medium=&#8221;&#8221; margin_top_medium=&#8221;&#8221; margin_bottom_medium=&#8221;&#8221; spacing_small=&#8221;&#8221; margin_top_small=&#8221;&#8221; margin_bottom_small=&#8221;&#8221; margin_top=&#8221;&#8221; margin_bottom=&#8221;&#8221; padding_dimensions_medium=&#8221;&#8221; padding_top_medium=&#8221;&#8221; padding_right_medium=&#8221;&#8221; padding_bottom_medium=&#8221;&#8221; padding_left_medium=&#8221;&#8221; padding_dimensions_small=&#8221;&#8221; padding_top_small=&#8221;&#8221; padding_right_small=&#8221;&#8221; padding_bottom_small=&#8221;&#8221; padding_left_small=&#8221;&#8221; padding_top=&#8221;&#8221; padding_right=&#8221;&#8221; padding_bottom=&#8221;&#8221; padding_left=&#8221;&#8221; link_color=&#8221;&#8221; link_hover_color=&#8221;&#8221; border_sizes=&#8221;&#8221; border_sizes_top=&#8221;&#8221; border_sizes_right=&#8221;&#8221; border_sizes_bottom=&#8221;&#8221; border_sizes_left=&#8221;&#8221; border_color=&#8221;&#8221; border_style=&#8221;solid&#8221; box_shadow=&#8221;no&#8221; box_shadow_vertical=&#8221;&#8221; box_shadow_horizontal=&#8221;&#8221; box_shadow_blur=&#8221;0&#8243; box_shadow_spread=&#8221;0&#8243; box_shadow_color=&#8221;&#8221; box_shadow_style=&#8221;&#8221; z_index=&#8221;&#8221; overflow=&#8221;&#8221; gradient_start_color=&#8221;&#8221; gradient_end_color=&#8221;&#8221; gradient_start_position=&#8221;0&#8243; gradient_end_position=&#8221;100&#8243; gradient_type=&#8221;linear&#8221; radial_direction=&#8221;center center&#8221; linear_angle=&#8221;180&#8243; background_color=&#8221;&#8221; background_image=&#8221;&#8221; background_position=&#8221;center center&#8221; background_repeat=&#8221;no-repeat&#8221; fade=&#8221;no&#8221; background_parallax=&#8221;none&#8221; enable_mobile=&#8221;no&#8221; parallax_speed=&#8221;0.3&#8243; background_blend_mode=&#8221;none&#8221; video_mp4=&#8221;&#8221; video_webm=&#8221;&#8221; video_ogv=&#8221;&#8221; video_url=&#8221;&#8221; video_aspect_ratio=&#8221;16:9&#8243; video_loop=&#8221;yes&#8221; video_mute=&#8221;yes&#8221; video_preview_image=&#8221;&#8221; render_logics=&#8221;&#8221; absolute=&#8221;off&#8221; absolute_devices=&#8221;small,medium,large&#8221; sticky=&#8221;off&#8221; sticky_devices=&#8221;small-visibility,medium-visibility,large-visibility&#8221; sticky_background_color=&#8221;&#8221; sticky_height=&#8221;&#8221; sticky_offset=&#8221;&#8221; sticky_transition_offset=&#8221;0&#8243; scroll_offset=&#8221;0&#8243; animation_type=&#8221;&#8221; animation_direction=&#8221;left&#8221; animation_speed=&#8221;0.3&#8243; animation_offset=&#8221;&#8221; filter_hue=&#8221;0&#8243; filter_saturation=&#8221;100&#8243; filter_brightness=&#8221;100&#8243; filter_contrast=&#8221;100&#8243; filter_invert=&#8221;0&#8243; filter_sepia=&#8221;0&#8243; filter_opacity=&#8221;100&#8243; filter_blur=&#8221;0&#8243; filter_hue_hover=&#8221;0&#8243; filter_saturation_hover=&#8221;100&#8243; filter_brightness_hover=&#8221;100&#8243; filter_contrast_hover=&#8221;100&#8243; filter_invert_hover=&#8221;0&#8243; filter_sepia_hover=&#8221;0&#8243; filter_opacity_hover=&#8221;100&#8243; filter_blur_hover=&#8221;0&#8243;][fusion_builder_row][fusion_builder_column type=&#8221;1_1&#8243; layout=&#8221;1_1&#8243; align_self=&#8221;auto&#8221; content_layout=&#8221;column&#8221; align_content=&#8221;flex-start&#8221; valign_content=&#8221;flex-start&#8221; content_wrap=&#8221;wrap&#8221; spacing=&#8221;&#8221; center_content=&#8221;no&#8221; link=&#8221;&#8221; target=&#8221;_self&#8221; min_height=&#8221;&#8221; hide_on_mobile=&#8221;small-visibility,medium-visibility,large-visibility&#8221; sticky_display=&#8221;normal,sticky&#8221; class=&#8221;&#8221; id=&#8221;&#8221; type_medium=&#8221;&#8221; type_small=&#8221;&#8221; order_medium=&#8221;0&#8243; order_small=&#8221;0&#8243; dimension_spacing_medium=&#8221;&#8221; dimension_spacing_small=&#8221;&#8221; dimension_spacing=&#8221;&#8221; dimension_margin_medium=&#8221;&#8221; dimension_margin_small=&#8221;&#8221; margin_top=&#8221;&#8221; margin_bottom=&#8221;&#8221; padding_medium=&#8221;&#8221; padding_small=&#8221;&#8221; padding_top=&#8221;&#8221; padding_right=&#8221;&#8221; padding_bottom=&#8221;&#8221; padding_left=&#8221;&#8221; hover_type=&#8221;none&#8221; border_sizes=&#8221;&#8221; border_color=&#8221;&#8221; border_style=&#8221;solid&#8221; border_radius=&#8221;&#8221; box_shadow=&#8221;no&#8221; dimension_box_shadow=&#8221;&#8221; box_shadow_blur=&#8221;0&#8243; box_shadow_spread=&#8221;0&#8243; box_shadow_color=&#8221;&#8221; box_shadow_style=&#8221;&#8221; background_type=&#8221;single&#8221; gradient_start_color=&#8221;&#8221; gradient_end_color=&#8221;&#8221; gradient_start_position=&#8221;0&#8243; gradient_end_position=&#8221;100&#8243; gradient_type=&#8221;linear&#8221; radial_direction=&#8221;center center&#8221; linear_angle=&#8221;180&#8243; background_color=&#8221;&#8221; background_image=&#8221;&#8221; background_image_id=&#8221;&#8221; background_position=&#8221;left top&#8221; background_repeat=&#8221;no-repeat&#8221; background_blend_mode=&#8221;none&#8221; render_logics=&#8221;&#8221; filter_type=&#8221;regular&#8221; filter_hue=&#8221;0&#8243; filter_saturation=&#8221;100&#8243; filter_brightness=&#8221;100&#8243; filter_contrast=&#8221;100&#8243; filter_invert=&#8221;0&#8243; filter_sepia=&#8221;0&#8243; filter_opacity=&#8221;100&#8243; filter_blur=&#8221;0&#8243; filter_hue_hover=&#8221;0&#8243; filter_saturation_hover=&#8221;100&#8243; filter_brightness_hover=&#8221;100&#8243; filter_contrast_hover=&#8221;100&#8243; filter_invert_hover=&#8221;0&#8243; filter_sepia_hover=&#8221;0&#8243; filter_opacity_hover=&#8221;100&#8243; filter_blur_hover=&#8221;0&#8243; animation_type=&#8221;&#8221; animation_direction=&#8221;left&#8221; animation_speed=&#8221;0.3&#8243; animation_offset=&#8221;&#8221; last=&#8221;true&#8221; border_position=&#8221;all&#8221; first=&#8221;true&#8221;][fusion_text columns=&#8221;&#8221; column_min_width=&#8221;&#8221; column_spacing=&#8221;&#8221; rule_style=&#8221;default&#8221; rule_size=&#8221;&#8221; rule_color=&#8221;&#8221; content_alignment_medium=&#8221;&#8221; content_alignment_small=&#8221;&#8221; content_alignment=&#8221;&#8221; hide_on_mobile=&#8221;small-visibility,medium-visibility,large-visibility&#8221; sticky_display=&#8221;normal,sticky&#8221; class=&#8221;&#8221; id=&#8221;&#8221; margin_top=&#8221;&#8221; margin_right=&#8221;&#8221; margin_bottom=&#8221;&#8221; margin_left=&#8221;&#8221; font_size=&#8221;&#8221; fusion_font_family_text_font=&#8221;&#8221; fusion_font_variant_text_font=&#8221;&#8221; line_height=&#8221;&#8221; letter_spacing=&#8221;&#8221; text_color=&#8221;&#8221; animation_type=&#8221;&#8221; animation_direction=&#8221;left&#8221; animation_speed=&#8221;0.3&#8243; animation_offset=&#8221;&#8221;]<\/p>\n<p>Mowglis boys\u2019 overnight <a href=\"https:\/\/www.mowglis.org\/boys-summer-camp-in-new-england\/\">summer camp in New England<\/a> offers an immersive, traditional camping experience. Our overnight camp program for boys is conveniently accessible from many neighboring states, offering many exciting camping activities away from the distractions of technology. In our &#8220;school of the open,&#8221; your son will make a lifetime of memories while learning essential life skills, developing physically, mentally, and emotionally while having tons of fun with fellow campers.<\/p>\n<h3>Travel to Our New England Summer Camp with Ease by Car or Plane<\/h3>\n<p>Boys across New England can enjoy our overnight summer camp for boys with minimal travel. Located in the foothills on the sparkling shoreline of Newfound Lake in New Hampshire, our 55-acre camp is just a short or plane from Maine, Vermont, Massachusetts, Connecticut, and Rhode Island. We\u2019re only about an hour from Manchester-Boston Regional Airport and two hours from Logan International Airport for those that prefer flying, offering regular shuttles during summer camp season.<\/p>\n<h2>Overnight Camping Programs for Boys 7 to 15<\/h2>\n<p>We&#8217;ve designed our summer camp program to meet the needs of all ages, including:<\/p>\n<h4>Camping programs for boys 7 to 9<\/h4>\n<ul>\n<li>Our shorter, three-week <a href=\"https:\/\/www.mowglis.org\/cub-program\/\">Cub program<\/a> is specifically designed for younger boys adjusting to the sleepaway camp experience, with a 3:1 counselor-to-camper ratio and a \u201cCub Mother\u201d for security.<\/li>\n<\/ul>\n<h4>Summer camp for boys 10 to 15<\/h4>\n<ul>\n<li>Boys who join the <a href=\"https:\/\/www.mowglis.org\/the-pack\/\">Pack program<\/a> at age ten and up enjoy our full 7-week overnight camp program, following our regular schedule of daily summer camp activities and daily duty responsibilities.<\/li>\n<\/ul>\n<h4>Outdoor leadership program for boys 15 to 16<\/h4>\n<ul>\n<li>Mowglis\u2019 three-week <a href=\"https:\/\/www.mowglis.org\/yearling-program\/\">Yearling program<\/a> is our most challenging, designed to foster leadership skills. The best and brightest receive invitations to return as Junior Staff.<\/li>\n<\/ul>\n<h3>Exciting Summer Camp Activities<\/h3>\n<p>Our boys&#8217; summer camp in New Hampshire offers your child opportunities he might not otherwise enjoy. <a href=\"https:\/\/www.mowglis.org\/blog\/why-camps-in-new-england-are-the-best\/\">New England summer camps are the best<\/a>, offering ideal weather, fresh mountain air, pristine lakes, and abundant outdoor summer camp adventure opportunities, including:<\/p>\n<ul>\n<li>Hiking and trips<\/li>\n<li>Rock climbing<\/li>\n<li>Canoeing<\/li>\n<li>Fishing<\/li>\n<li>Swimming<\/li>\n<li><a href=\"https:\/\/www.mowglis.org\/crew\/\">Crew <\/a>and rowing<\/li>\n<li>Sailing and paddle boarding<\/li>\n<li>Archery<\/li>\n<li>Axemanship<\/li>\n<li>Fencing<\/li>\n<li>Woodworking<\/li>\n<li>Tennis<\/li>\n<li>Arts and crafts<\/li>\n<li>Cooking<\/li>\n<li>Nature studies<\/li>\n<li>And much more<\/li>\n<\/ul>\n<p>As your son progresses, he will earn ribbons, which are like Scout merit badges. As he masters each skill alongside his peers, he will grow in confidence, sharing his newfound knowledge with younger and less experienced children. Our team environment builds lasting bonds, each victory shared and celebrated.<\/p>\n<p>Don&#8217;t let your son miss out on amazing camping adventures close to home. Contact Mowglis at 603-744-8095 to learn more about our <strong>boys\u2019 overnight summer camp in New England<\/strong>, just a short trip from New Hampshire, Maine, Vermont, Massachusetts, Connecticut, and Rhode Island. We keep our groups small, so our camp fills up fast &#8211;\u00a0 <a href=\"https:\/\/mowglis.campintouch.com\/ui\/forms\/application\/camper\/App\">sign up<\/a> for the upcoming camping season today.<\/p>\n<p>[\/fusion_text][\/fusion_builder_column][\/fusion_builder_row][\/fusion_builder_container]<\/p>\n","protected":false},"excerpt":{"rendered":"<p>[fusion_builder_container type=&#8221;flex&#8221; hundred_percent=&#8221;no&#8221; hundred_percent_height=&#8221;no&#8221; min_height=&#8221;&#8221; hundred_percent_height_scroll=&#8221;no&#8221; align_content=&#8221;stretch&#8221; flex_align_items=&#8221;flex-start&#8221; flex_justify_content=&#8221;flex-start&#8221; flex_column_spacing=&#8221;&#8221; hundred_percent_height_center_content=&#8221;yes&#8221; equal_height_columns=&#8221;no&#8221; container_tag=&#8221;div&#8221; menu_anchor=&#8221;&#8221; hide_on_mobile=&#8221;small-visibility,medium-visibility,large-visibility&#8221; status=&#8221;published&#8221; publish_date=&#8221;&#8221; class=&#8221;&#8221; id=&#8221;&#8221; spacing_medium=&#8221;&#8221; margin_top_medium=&#8221;&#8221; margin_bottom_medium=&#8221;&#8221; spacing_small=&#8221;&#8221; margin_top_small=&#8221;&#8221; margin_bottom_small=&#8221;&#8221; margin_top=&#8221;&#8221; margin_bottom=&#8221;&#8221; padding_dimensions_medium=&#8221;&#8221; padding_top_medium=&#8221;&#8221; padding_right_medium=&#8221;&#8221; padding_bottom_medium=&#8221;&#8221; padding_left_medium=&#8221;&#8221; padding_dimensions_small=&#8221;&#8221; padding_top_small=&#8221;&#8221; padding_right_small=&#8221;&#8221; padding_bottom_small=&#8221;&#8221; padding_left_small=&#8221;&#8221; padding_top=&#8221;&#8221; padding_right=&#8221;&#8221; padding_bottom=&#8221;&#8221; padding_left=&#8221;&#8221; link_color=&#8221;&#8221; link_hover_color=&#8221;&#8221; border_sizes=&#8221;&#8221; border_sizes_top=&#8221;&#8221; border_sizes_right=&#8221;&#8221; border_sizes_bottom=&#8221;&#8221; border_sizes_left=&#8221;&#8221; border_color=&#8221;&#8221; border_style=&#8221;solid&#8221; box_shadow=&#8221;no&#8221; box_shadow_vertical=&#8221;&#8221; box_shadow_horizontal=&#8221;&#8221; box_shadow_blur=&#8221;0&#8243; box_shadow_spread=&#8221;0&#8243; [&hellip;]<\/p>\n","protected":false},"author":10,"featured_media":0,"parent":0,"menu_order":0,"comment_status":"closed","ping_status":"closed","template":"","meta":{"_acf_changed":false,"inline_featured_image":false,"footnotes":"","_wp_rev_ctl_limit":""},"quote-categoria":[280,254,281,287,277,285,268,264,289,293,294,274,279,283,297,275,267,276,286,296,290],"class_list":["post-16741","page","type-page","status-publish","hentry","quote-categoria-aventure","quote-categoria-archery","quote-categoria-arts-and-crafts","quote-categoria-axemanship","quote-categoria-bugling-and-music","quote-categoria-camping","quote-categoria-canoeing-kayaking","quote-categoria-crew","quote-categoria-fencing","quote-categoria-fishing-and-flycasting","quote-categoria-mountaing-biking","quote-categoria-music","quote-categoria-nature","quote-categoria-photography","quote-categoria-rock-climbing","quote-categoria-rowboating","quote-categoria-sailing","quote-categoria-spirit","quote-categoria-activities-industries","quote-categoria-tennis","quote-categoria-tradition"],"acf":[],"yoast_head":"<!-- This site is optimized with the Yoast SEO plugin v27.4 - https:\/\/yoast.com\/product\/yoast-seo-wordpress\/ -->\n<title>Boys Overnight Summer Camp in New England 603-744-8095 | New Hampshire, Maine, Vermont, Massachusetts, Connecticut, Rhode Island<\/title>\n<meta name=\"description\" content=\"Take advantage of a traditional summer camp close to home. Give your son a lifetime of memories at Mowglis boys&#039; summer camp in New England.\" \/>\n<meta name=\"robots\" content=\"index, follow, max-snippet:-1, max-image-preview:large, max-video-preview:-1\" \/>\n<link rel=\"canonical\" href=\"https:\/\/www.mowglis.org\/fr\/boys-overnight-summer-camp-in-new-england\/\" \/>\n<meta property=\"og:locale\" content=\"fr_FR\" \/>\n<meta property=\"og:type\" content=\"article\" \/>\n<meta property=\"og:title\" content=\"Boys Overnight Summer Camp in New England 603-744-8095 | New Hampshire, Maine, Vermont, Massachusetts, Connecticut, Rhode Island\" \/>\n<meta property=\"og:description\" content=\"Take advantage of a traditional summer camp close to home. Give your son a lifetime of memories at Mowglis boys&#039; summer camp in New England.\" \/>\n<meta property=\"og:url\" content=\"https:\/\/www.mowglis.org\/fr\/boys-overnight-summer-camp-in-new-england\/\" \/>\n<meta property=\"og:site_name\" content=\"Camp Mowglis\" \/>\n<meta property=\"article:modified_time\" content=\"2026-02-04T17:34:37+00:00\" \/>\n<meta name=\"twitter:card\" content=\"summary_large_image\" \/>\n<meta name=\"twitter:label1\" content=\"Est. reading time\" \/>\n\t<meta name=\"twitter:data1\" content=\"4 minutes\" \/>\n<script type=\"application\/ld+json\" class=\"yoast-schema-graph\">{\"@context\":\"https:\\\/\\\/schema.org\",\"@graph\":[{\"@type\":\"WebPage\",\"@id\":\"https:\\\/\\\/www.mowglis.org\\\/boys-overnight-summer-camp-in-new-england\\\/\",\"url\":\"https:\\\/\\\/www.mowglis.org\\\/boys-overnight-summer-camp-in-new-england\\\/\",\"name\":\"Boys Overnight Summer Camp in New England 603-744-8095 | New Hampshire, Maine, Vermont, Massachusetts, Connecticut, Rhode Island\",\"isPartOf\":{\"@id\":\"https:\\\/\\\/www.mowglis.org\\\/#website\"},\"datePublished\":\"2022-08-01T11:56:02+00:00\",\"dateModified\":\"2026-02-04T17:34:37+00:00\",\"description\":\"Take advantage of a traditional summer camp close to home. Give your son a lifetime of memories at Mowglis boys' summer camp in New England.\",\"breadcrumb\":{\"@id\":\"https:\\\/\\\/www.mowglis.org\\\/boys-overnight-summer-camp-in-new-england\\\/#breadcrumb\"},\"inLanguage\":\"fr-FR\",\"potentialAction\":[{\"@type\":\"ReadAction\",\"target\":[\"https:\\\/\\\/www.mowglis.org\\\/boys-overnight-summer-camp-in-new-england\\\/\"]}]},{\"@type\":\"BreadcrumbList\",\"@id\":\"https:\\\/\\\/www.mowglis.org\\\/boys-overnight-summer-camp-in-new-england\\\/#breadcrumb\",\"itemListElement\":[{\"@type\":\"ListItem\",\"position\":1,\"name\":\"Home\",\"item\":\"https:\\\/\\\/www.mowglis.org\\\/\"},{\"@type\":\"ListItem\",\"position\":2,\"name\":\"Boys Overnight Summer Camp in New England\"}]},{\"@type\":\"WebSite\",\"@id\":\"https:\\\/\\\/www.mowglis.org\\\/#website\",\"url\":\"https:\\\/\\\/www.mowglis.org\\\/\",\"name\":\"Camp Mowglis\",\"description\":\"Camp Mowglis Summer Camp for Boys, New Hampshire, USA\",\"publisher\":{\"@id\":\"https:\\\/\\\/www.mowglis.org\\\/#organization\"},\"potentialAction\":[{\"@type\":\"SearchAction\",\"target\":{\"@type\":\"EntryPoint\",\"urlTemplate\":\"https:\\\/\\\/www.mowglis.org\\\/?s={search_term_string}\"},\"query-input\":{\"@type\":\"PropertyValueSpecification\",\"valueRequired\":true,\"valueName\":\"search_term_string\"}}],\"inLanguage\":\"fr-FR\"},{\"@type\":\"Organization\",\"@id\":\"https:\\\/\\\/www.mowglis.org\\\/#organization\",\"name\":\"Camp Mowglis\",\"url\":\"https:\\\/\\\/www.mowglis.org\\\/\",\"logo\":{\"@type\":\"ImageObject\",\"inLanguage\":\"fr-FR\",\"@id\":\"https:\\\/\\\/www.mowglis.org\\\/#\\\/schema\\\/logo\\\/image\\\/\",\"url\":\"https:\\\/\\\/www.mowglis.org\\\/wp-content\\\/uploads\\\/2025\\\/01\\\/logo-web.svg\",\"contentUrl\":\"https:\\\/\\\/www.mowglis.org\\\/wp-content\\\/uploads\\\/2025\\\/01\\\/logo-web.svg\",\"width\":156,\"height\":42,\"caption\":\"Camp Mowglis\"},\"image\":{\"@id\":\"https:\\\/\\\/www.mowglis.org\\\/#\\\/schema\\\/logo\\\/image\\\/\"}}]}<\/script>\n<!-- \/ Yoast SEO plugin. -->","yoast_head_json":{"title":"Boys Overnight Summer Camp in New England 603-744-8095 | New Hampshire, Maine, Vermont, Massachusetts, Connecticut, Rhode Island","description":"Take advantage of a traditional summer camp close to home. Give your son a lifetime of memories at Mowglis boys' summer camp in New England.","robots":{"index":"index","follow":"follow","max-snippet":"max-snippet:-1","max-image-preview":"max-image-preview:large","max-video-preview":"max-video-preview:-1"},"canonical":"https:\/\/www.mowglis.org\/fr\/boys-overnight-summer-camp-in-new-england\/","og_locale":"fr_FR","og_type":"article","og_title":"Boys Overnight Summer Camp in New England 603-744-8095 | New Hampshire, Maine, Vermont, Massachusetts, Connecticut, Rhode Island","og_description":"Take advantage of a traditional summer camp close to home. Give your son a lifetime of memories at Mowglis boys' summer camp in New England.","og_url":"https:\/\/www.mowglis.org\/fr\/boys-overnight-summer-camp-in-new-england\/","og_site_name":"Camp Mowglis","article_modified_time":"2026-02-04T17:34:37+00:00","twitter_card":"summary_large_image","twitter_misc":{"Est. reading time":"4 minutes"},"schema":{"@context":"https:\/\/schema.org","@graph":[{"@type":"WebPage","@id":"https:\/\/www.mowglis.org\/boys-overnight-summer-camp-in-new-england\/","url":"https:\/\/www.mowglis.org\/boys-overnight-summer-camp-in-new-england\/","name":"Boys Overnight Summer Camp in New England 603-744-8095 | New Hampshire, Maine, Vermont, Massachusetts, Connecticut, Rhode Island","isPartOf":{"@id":"https:\/\/www.mowglis.org\/#website"},"datePublished":"2022-08-01T11:56:02+00:00","dateModified":"2026-02-04T17:34:37+00:00","description":"Take advantage of a traditional summer camp close to home. Give your son a lifetime of memories at Mowglis boys' summer camp in New England.","breadcrumb":{"@id":"https:\/\/www.mowglis.org\/boys-overnight-summer-camp-in-new-england\/#breadcrumb"},"inLanguage":"fr-FR","potentialAction":[{"@type":"ReadAction","target":["https:\/\/www.mowglis.org\/boys-overnight-summer-camp-in-new-england\/"]}]},{"@type":"BreadcrumbList","@id":"https:\/\/www.mowglis.org\/boys-overnight-summer-camp-in-new-england\/#breadcrumb","itemListElement":[{"@type":"ListItem","position":1,"name":"Home","item":"https:\/\/www.mowglis.org\/"},{"@type":"ListItem","position":2,"name":"Boys Overnight Summer Camp in New England"}]},{"@type":"WebSite","@id":"https:\/\/www.mowglis.org\/#website","url":"https:\/\/www.mowglis.org\/","name":"Camp Mowglis","description":"Camp Mowglis, camp d&#039;\u00e9t\u00e9 pour gar\u00e7ons, New Hampshire, \u00c9tats-Unis","publisher":{"@id":"https:\/\/www.mowglis.org\/#organization"},"potentialAction":[{"@type":"SearchAction","target":{"@type":"EntryPoint","urlTemplate":"https:\/\/www.mowglis.org\/?s={search_term_string}"},"query-input":{"@type":"PropertyValueSpecification","valueRequired":true,"valueName":"search_term_string"}}],"inLanguage":"fr-FR"},{"@type":"Organization","@id":"https:\/\/www.mowglis.org\/#organization","name":"Camp Mowglis","url":"https:\/\/www.mowglis.org\/","logo":{"@type":"ImageObject","inLanguage":"fr-FR","@id":"https:\/\/www.mowglis.org\/#\/schema\/logo\/image\/","url":"https:\/\/www.mowglis.org\/wp-content\/uploads\/2025\/01\/logo-web.svg","contentUrl":"https:\/\/www.mowglis.org\/wp-content\/uploads\/2025\/01\/logo-web.svg","width":156,"height":42,"caption":"Camp Mowglis"},"image":{"@id":"https:\/\/www.mowglis.org\/#\/schema\/logo\/image\/"}}]}},"_links":{"self":[{"href":"https:\/\/www.mowglis.org\/fr\/wp-json\/wp\/v2\/pages\/16741","targetHints":{"allow":["GET"]}}],"collection":[{"href":"https:\/\/www.mowglis.org\/fr\/wp-json\/wp\/v2\/pages"}],"about":[{"href":"https:\/\/www.mowglis.org\/fr\/wp-json\/wp\/v2\/types\/page"}],"author":[{"embeddable":true,"href":"https:\/\/www.mowglis.org\/fr\/wp-json\/wp\/v2\/users\/10"}],"replies":[{"embeddable":true,"href":"https:\/\/www.mowglis.org\/fr\/wp-json\/wp\/v2\/comments?post=16741"}],"version-history":[{"count":0,"href":"https:\/\/www.mowglis.org\/fr\/wp-json\/wp\/v2\/pages\/16741\/revisions"}],"wp:attachment":[{"href":"https:\/\/www.mowglis.org\/fr\/wp-json\/wp\/v2\/media?parent=16741"}],"wp:term":[{"taxonomy":"quote-categoria","embeddable":true,"href":"https:\/\/www.mowglis.org\/fr\/wp-json\/wp\/v2\/quote-categoria?post=16741"}],"curies":[{"name":"wp","href":"https:\/\/api.w.org\/{rel}","templated":true}]}}