{"id":16754,"date":"2022-08-18T03:35:49","date_gmt":"2022-08-18T07:35:49","guid":{"rendered":"https:\/\/www.mowglis.org\/?page_id=16754"},"modified":"2026-02-04T15:13:24","modified_gmt":"2026-02-04T20:13:24","slug":"sleepaway-camp-in-new-england","status":"publish","type":"page","link":"https:\/\/www.mowglis.org\/fr\/sleepaway-camp-in-new-england\/","title":{"rendered":"Camp de vacances en Nouvelle-Angleterre"},"content":{"rendered":"<p>Les gar\u00e7ons de Mowgli\u2019 <a href=\"https:\/\/www.mowglis.org\/fr\/boys-summer-camp-in-new-england\/\">camp de vacances en Nouvelle-Angleterre<\/a> Notre camp d&#039;\u00e9t\u00e9 r\u00e9sidentiel pour gar\u00e7ons, situ\u00e9 dans le New Hampshire, offre une exp\u00e9rience ludique et enrichissante. Facilement accessible depuis de nombreux \u00c9tats voisins, il propose aux gar\u00e7ons du nord-est des \u00c9tats-Unis un \u00e9t\u00e9 passionnant, loin des \u00e9crans, plac\u00e9 sous le signe de l&#039;aventure. Dans notre \u201c\u00a0\u00e9cole en plein air\u00a0\u201d, votre enfant se cr\u00e9era des souvenirs inoubliables tout en s&#039;\u00e9panouissant physiquement, mentalement et \u00e9motionnellement, et en acqu\u00e9rant des comp\u00e9tences essentielles pour la vie aux c\u00f4t\u00e9s d&#039;autres campeurs.<\/p>\n<h2><\/h2>\n<h2>Le camp d&#039;\u00e9t\u00e9 pour gar\u00e7ons de Mowglis n&#039;est qu&#039;\u00e0 quelques encablures de l\u00e0.<\/h2>\n<p>Les gar\u00e7ons de toute la Nouvelle-Angleterre peuvent rejoindre notre camp du New Hampshire en quelques minutes. Notre domaine de 22 hectares, situ\u00e9 sur les rives scintillantes du lac Newfound, est facilement accessible depuis le Maine, le Vermont, le Massachusetts, le Connecticut et le Rhode Island. Nous sommes \u00e0 deux pas. <a href=\"https:\/\/www.mowglis.org\/fr\/distance-from-area-states\/\">distance des \u00e9tats de la r\u00e9gion<\/a> En voiture. Pour ceux qui pr\u00e9f\u00e8rent l&#039;avion, nous sommes \u00e0 environ une heure de l&#039;a\u00e9roport r\u00e9gional de Manchester-Boston et \u00e0 deux heures de l&#039;a\u00e9roport international Logan. Des navettes r\u00e9guli\u00e8res sont mises \u00e0 votre disposition pendant la saison des camps d&#039;\u00e9t\u00e9.<\/p>\n<p>&nbsp;<\/p>\n<h3>Programme de camp de vacances avec h\u00e9bergement pour gar\u00e7ons de 7 \u00e0 15 ans<\/h3>\n<p>Le camp d&#039;\u00e9t\u00e9 Mowglis pour gar\u00e7ons propose des programmes adapt\u00e9s \u00e0 un large \u00e9ventail d&#039;\u00e2ges, notamment\u00a0:<\/p>\n<h4>Programmes de camps pour gar\u00e7ons de 7 \u00e0 9 ans<\/h4>\n<ul>\n<li>Notre <a href=\"https:\/\/www.mowglis.org\/fr\/cub-program\/\">Programme Cub<\/a> Nous proposons une session plus courte de trois semaines pour les plus jeunes. Con\u00e7ue pour aider les gar\u00e7ons \u00e0 s&#039;acclimater \u00e0 la vie en colonie de vacances, elle offre un encadrement rassurant et familier gr\u00e2ce \u00e0 une \u201c\u00a0M\u00e8re Louveteaux\u00a0\u201d et un ratio de trois moniteurs pour un campeur.<\/li>\n<\/ul>\n<h4>Programmes de camps de vacances avec h\u00e9bergement pour gar\u00e7ons de 10 \u00e0 15 ans<\/h4>\n<ul>\n<li>Mowglis <a href=\"https:\/\/www.mowglis.org\/fr\/the-pack\/\">Programme Pack<\/a> Ce camp est con\u00e7u pour les gar\u00e7ons de dix ans et plus et propose une exp\u00e9rience compl\u00e8te de camp de vacances de sept semaines avec h\u00e9bergement. Les participants suivent notre programme de camp habituel, comprenant des activit\u00e9s estivales programm\u00e9es et des t\u00e2ches quotidiennes.<\/li>\n<\/ul>\n<h4>Programmes de camps de leadership en plein air pour gar\u00e7ons de 15 \u00e0 16 ans<\/h4>\n<ul>\n<li>Notre d\u00e9fi de trois semaines <a href=\"https:\/\/www.mowglis.org\/fr\/yearling-program\/\">Programme pour jeunes d&#039;un an<\/a> Ce programme vise \u00e0 d\u00e9velopper les comp\u00e9tences de leadership des gar\u00e7ons. Nous offrons aux participants les plus performants la possibilit\u00e9 de revenir en tant que jeunes animateurs.<\/li>\n<\/ul>\n<p>&nbsp;<\/p>\n<h3>Activit\u00e9s amusantes et exaltantes dans un camp d&#039;\u00e9t\u00e9 pour gar\u00e7ons<\/h3>\n<p>Le camp de vacances Mowglis offre \u00e0 votre fils des exp\u00e9riences uniques. Notre site du New Hampshire b\u00e9n\u00e9ficie d&#039;un climat id\u00e9al pour le camping. <a href=\"https:\/\/www.mowglis.org\/fr\/blog\/why-camps-in-new-england-are-the-best\/\">Les camps d&#039;\u00e9t\u00e9 de Nouvelle-Angleterre sont les meilleurs<\/a>, offrant un climat agr\u00e9able, l&#039;air pur de la montagne, des lacs scintillants et une multitude d&#039;activit\u00e9s de plein air, notamment\u00a0:<\/p>\n<ul>\n<li>Natation<\/li>\n<li><a href=\"https:\/\/www.mowglis.org\/fr\/crew\/\">\u00c9quipage<\/a> et l&#039;aviron<\/li>\n<li>Voile et paddle<\/li>\n<li>P\u00eache<\/li>\n<li>cano\u00eb<\/li>\n<li>Randonn\u00e9es et excursions<\/li>\n<li>Escalade<\/li>\n<li>\u00c9tudes de la nature<\/li>\n<li>Tir \u00e0 l&#039;arc<\/li>\n<li>Escrime<\/li>\n<li>Maniement de la hache<\/li>\n<li>Tennis<\/li>\n<li>travail du bois<\/li>\n<li>Cuisson<\/li>\n<li>Arts et artisanat<\/li>\n<li>Et bien plus encore<\/li>\n<\/ul>\n<p>Notre programme de camp d&#039;\u00e9t\u00e9 favorise l&#039;esprit d&#039;\u00e9quipe, permettant aux enfants de tisser des liens solides et de c\u00e9l\u00e9brer ensemble leurs r\u00e9ussites. Votre fils recevra des rubans \u00e0 chaque succ\u00e8s, \u00e0 l&#039;instar des badges scouts. Au fil de ses accomplissements, il gagnera en confiance aux c\u00f4t\u00e9s des autres campeurs, partageant son exp\u00e9rience avec les nouveaux venus et les plus jeunes pour devenir un leader de confiance.<\/p>\n<p>&nbsp;<\/p>\n<p>Ne privez pas votre enfant de l&#039;excitation des aventures de camping pr\u00e8s de chez vous ! <strong>Le camp de vacances de Mowgli en Nouvelle-Angleterre. <\/strong>Notre camp du New Hampshire est facilement accessible depuis le Maine, le Vermont, le Massachusetts, le Connecticut et le Rhode Island. Contactez-nous au 603-744-8095 pour en savoir plus sur notre programme de camp de vacances pour gar\u00e7ons. <a href=\"https:\/\/mowglis.campintouch.com\/ui\/forms\/application\/camper\/App\">S&#039;inscrire<\/a> R\u00e9servez d\u00e8s aujourd&#039;hui votre place pour notre prochain camp d&#039;\u00e9t\u00e9 !.<\/p>","protected":false},"excerpt":{"rendered":"<p>Mowglis boys\u2019 sleepaway camp in New England offers a fun and engaging traditional camp experience. Our overnight summer camp for boys in New Hampshire is easy to travel to from many nearby states, offering boys in the northeast an exciting, technology-free summer filled with camping adventures. In our \u201cschool of the open,\u201d your child will [&hellip;]<\/p>\n","protected":false},"author":10,"featured_media":0,"parent":0,"menu_order":0,"comment_status":"closed","ping_status":"closed","template":"","meta":{"_acf_changed":false,"inline_featured_image":false,"footnotes":"","_wp_rev_ctl_limit":""},"quote-categoria":[280,254,281,287,277,285,268,292,264,289,293,294,274,279,283,297,275,267,276,286,296,290],"class_list":["post-16754","page","type-page","status-publish","hentry","quote-categoria-aventure","quote-categoria-archery","quote-categoria-arts-and-crafts","quote-categoria-axemanship","quote-categoria-bugling-and-music","quote-categoria-camping","quote-categoria-canoeing-kayaking","quote-categoria-confidence","quote-categoria-crew","quote-categoria-fencing","quote-categoria-fishing-and-flycasting","quote-categoria-mountaing-biking","quote-categoria-music","quote-categoria-nature","quote-categoria-photography","quote-categoria-rock-climbing","quote-categoria-rowboating","quote-categoria-sailing","quote-categoria-spirit","quote-categoria-activities-industries","quote-categoria-tennis","quote-categoria-tradition"],"acf":[],"yoast_head":"<!-- This site is optimized with the Yoast SEO plugin v27.5 - https:\/\/yoast.com\/product\/yoast-seo-wordpress\/ -->\n<title>Sleepaway Camp in New England 603-744-8095 | Camp Mowglis | New Hampshire<\/title>\n<meta name=\"description\" content=\"You don\u2019t have to go far to find a traditional summer camp. Mowglis sleepaway camp in New England offers a classic outdoor camp experience close to home. Learn more.\" \/>\n<meta name=\"robots\" content=\"index, follow, max-snippet:-1, max-image-preview:large, max-video-preview:-1\" \/>\n<link rel=\"canonical\" href=\"https:\/\/www.mowglis.org\/fr\/sleepaway-camp-in-new-england\/\" \/>\n<meta property=\"og:locale\" content=\"fr_FR\" \/>\n<meta property=\"og:type\" content=\"article\" \/>\n<meta property=\"og:title\" content=\"Sleepaway Camp in New England 603-744-8095 | Camp Mowglis | New Hampshire\" \/>\n<meta property=\"og:description\" content=\"You don\u2019t have to go far to find a traditional summer camp. Mowglis sleepaway camp in New England offers a classic outdoor camp experience close to home. Learn more.\" \/>\n<meta property=\"og:url\" content=\"https:\/\/www.mowglis.org\/fr\/sleepaway-camp-in-new-england\/\" \/>\n<meta property=\"og:site_name\" content=\"Camp Mowglis\" \/>\n<meta property=\"article:modified_time\" content=\"2026-02-04T20:13:24+00:00\" \/>\n<meta name=\"twitter:card\" content=\"summary_large_image\" \/>\n<meta name=\"twitter:label1\" content=\"Est. reading time\" \/>\n\t<meta name=\"twitter:data1\" content=\"3 minutes\" \/>\n<script type=\"application\/ld+json\" class=\"yoast-schema-graph\">{\"@context\":\"https:\\\/\\\/schema.org\",\"@graph\":[{\"@type\":\"WebPage\",\"@id\":\"https:\\\/\\\/www.mowglis.org\\\/sleepaway-camp-in-new-england\\\/\",\"url\":\"https:\\\/\\\/www.mowglis.org\\\/sleepaway-camp-in-new-england\\\/\",\"name\":\"Sleepaway Camp in New England 603-744-8095 | Camp Mowglis | New Hampshire\",\"isPartOf\":{\"@id\":\"https:\\\/\\\/www.mowglis.org\\\/#website\"},\"datePublished\":\"2022-08-18T07:35:49+00:00\",\"dateModified\":\"2026-02-04T20:13:24+00:00\",\"description\":\"You don\u2019t have to go far to find a traditional summer camp. Mowglis sleepaway camp in New England offers a classic outdoor camp experience close to home. Learn more.\",\"breadcrumb\":{\"@id\":\"https:\\\/\\\/www.mowglis.org\\\/sleepaway-camp-in-new-england\\\/#breadcrumb\"},\"inLanguage\":\"fr-FR\",\"potentialAction\":[{\"@type\":\"ReadAction\",\"target\":[\"https:\\\/\\\/www.mowglis.org\\\/sleepaway-camp-in-new-england\\\/\"]}]},{\"@type\":\"BreadcrumbList\",\"@id\":\"https:\\\/\\\/www.mowglis.org\\\/sleepaway-camp-in-new-england\\\/#breadcrumb\",\"itemListElement\":[{\"@type\":\"ListItem\",\"position\":1,\"name\":\"Home\",\"item\":\"https:\\\/\\\/www.mowglis.org\\\/\"},{\"@type\":\"ListItem\",\"position\":2,\"name\":\"Sleepaway Camp in New England\"}]},{\"@type\":\"WebSite\",\"@id\":\"https:\\\/\\\/www.mowglis.org\\\/#website\",\"url\":\"https:\\\/\\\/www.mowglis.org\\\/\",\"name\":\"Camp Mowglis\",\"description\":\"Camp Mowglis Summer Camp for Boys, New Hampshire, USA\",\"publisher\":{\"@id\":\"https:\\\/\\\/www.mowglis.org\\\/#organization\"},\"potentialAction\":[{\"@type\":\"SearchAction\",\"target\":{\"@type\":\"EntryPoint\",\"urlTemplate\":\"https:\\\/\\\/www.mowglis.org\\\/?s={search_term_string}\"},\"query-input\":{\"@type\":\"PropertyValueSpecification\",\"valueRequired\":true,\"valueName\":\"search_term_string\"}}],\"inLanguage\":\"fr-FR\"},{\"@type\":\"Organization\",\"@id\":\"https:\\\/\\\/www.mowglis.org\\\/#organization\",\"name\":\"Camp Mowglis\",\"url\":\"https:\\\/\\\/www.mowglis.org\\\/\",\"logo\":{\"@type\":\"ImageObject\",\"inLanguage\":\"fr-FR\",\"@id\":\"https:\\\/\\\/www.mowglis.org\\\/#\\\/schema\\\/logo\\\/image\\\/\",\"url\":\"https:\\\/\\\/www.mowglis.org\\\/wp-content\\\/uploads\\\/2025\\\/01\\\/logo-web.svg\",\"contentUrl\":\"https:\\\/\\\/www.mowglis.org\\\/wp-content\\\/uploads\\\/2025\\\/01\\\/logo-web.svg\",\"width\":156,\"height\":42,\"caption\":\"Camp Mowglis\"},\"image\":{\"@id\":\"https:\\\/\\\/www.mowglis.org\\\/#\\\/schema\\\/logo\\\/image\\\/\"}}]}<\/script>\n<!-- \/ Yoast SEO plugin. -->","yoast_head_json":{"title":"Sleepaway Camp in New England 603-744-8095 | Camp Mowglis | New Hampshire","description":"You don\u2019t have to go far to find a traditional summer camp. Mowglis sleepaway camp in New England offers a classic outdoor camp experience close to home. Learn more.","robots":{"index":"index","follow":"follow","max-snippet":"max-snippet:-1","max-image-preview":"max-image-preview:large","max-video-preview":"max-video-preview:-1"},"canonical":"https:\/\/www.mowglis.org\/fr\/sleepaway-camp-in-new-england\/","og_locale":"fr_FR","og_type":"article","og_title":"Sleepaway Camp in New England 603-744-8095 | Camp Mowglis | New Hampshire","og_description":"You don\u2019t have to go far to find a traditional summer camp. Mowglis sleepaway camp in New England offers a classic outdoor camp experience close to home. Learn more.","og_url":"https:\/\/www.mowglis.org\/fr\/sleepaway-camp-in-new-england\/","og_site_name":"Camp Mowglis","article_modified_time":"2026-02-04T20:13:24+00:00","twitter_card":"summary_large_image","twitter_misc":{"Est. reading time":"3 minutes"},"schema":{"@context":"https:\/\/schema.org","@graph":[{"@type":"WebPage","@id":"https:\/\/www.mowglis.org\/sleepaway-camp-in-new-england\/","url":"https:\/\/www.mowglis.org\/sleepaway-camp-in-new-england\/","name":"Sleepaway Camp in New England 603-744-8095 | Camp Mowglis | New Hampshire","isPartOf":{"@id":"https:\/\/www.mowglis.org\/#website"},"datePublished":"2022-08-18T07:35:49+00:00","dateModified":"2026-02-04T20:13:24+00:00","description":"You don\u2019t have to go far to find a traditional summer camp. Mowglis sleepaway camp in New England offers a classic outdoor camp experience close to home. Learn more.","breadcrumb":{"@id":"https:\/\/www.mowglis.org\/sleepaway-camp-in-new-england\/#breadcrumb"},"inLanguage":"fr-FR","potentialAction":[{"@type":"ReadAction","target":["https:\/\/www.mowglis.org\/sleepaway-camp-in-new-england\/"]}]},{"@type":"BreadcrumbList","@id":"https:\/\/www.mowglis.org\/sleepaway-camp-in-new-england\/#breadcrumb","itemListElement":[{"@type":"ListItem","position":1,"name":"Home","item":"https:\/\/www.mowglis.org\/"},{"@type":"ListItem","position":2,"name":"Sleepaway Camp in New England"}]},{"@type":"WebSite","@id":"https:\/\/www.mowglis.org\/#website","url":"https:\/\/www.mowglis.org\/","name":"Camp Mowglis","description":"Camp Mowglis, camp d&#039;\u00e9t\u00e9 pour gar\u00e7ons, New Hampshire, \u00c9tats-Unis","publisher":{"@id":"https:\/\/www.mowglis.org\/#organization"},"potentialAction":[{"@type":"SearchAction","target":{"@type":"EntryPoint","urlTemplate":"https:\/\/www.mowglis.org\/?s={search_term_string}"},"query-input":{"@type":"PropertyValueSpecification","valueRequired":true,"valueName":"search_term_string"}}],"inLanguage":"fr-FR"},{"@type":"Organization","@id":"https:\/\/www.mowglis.org\/#organization","name":"Camp Mowglis","url":"https:\/\/www.mowglis.org\/","logo":{"@type":"ImageObject","inLanguage":"fr-FR","@id":"https:\/\/www.mowglis.org\/#\/schema\/logo\/image\/","url":"https:\/\/www.mowglis.org\/wp-content\/uploads\/2025\/01\/logo-web.svg","contentUrl":"https:\/\/www.mowglis.org\/wp-content\/uploads\/2025\/01\/logo-web.svg","width":156,"height":42,"caption":"Camp Mowglis"},"image":{"@id":"https:\/\/www.mowglis.org\/#\/schema\/logo\/image\/"}}]}},"_links":{"self":[{"href":"https:\/\/www.mowglis.org\/fr\/wp-json\/wp\/v2\/pages\/16754","targetHints":{"allow":["GET"]}}],"collection":[{"href":"https:\/\/www.mowglis.org\/fr\/wp-json\/wp\/v2\/pages"}],"about":[{"href":"https:\/\/www.mowglis.org\/fr\/wp-json\/wp\/v2\/types\/page"}],"author":[{"embeddable":true,"href":"https:\/\/www.mowglis.org\/fr\/wp-json\/wp\/v2\/users\/10"}],"replies":[{"embeddable":true,"href":"https:\/\/www.mowglis.org\/fr\/wp-json\/wp\/v2\/comments?post=16754"}],"version-history":[{"count":0,"href":"https:\/\/www.mowglis.org\/fr\/wp-json\/wp\/v2\/pages\/16754\/revisions"}],"wp:attachment":[{"href":"https:\/\/www.mowglis.org\/fr\/wp-json\/wp\/v2\/media?parent=16754"}],"wp:term":[{"taxonomy":"quote-categoria","embeddable":true,"href":"https:\/\/www.mowglis.org\/fr\/wp-json\/wp\/v2\/quote-categoria?post=16754"}],"curies":[{"name":"wp","href":"https:\/\/api.w.org\/{rel}","templated":true}]}}