{"id":16882,"date":"2023-04-29T13:41:37","date_gmt":"2023-04-29T17:41:37","guid":{"rendered":"https:\/\/www.mowglis.org\/?page_id=16882"},"modified":"2026-02-04T15:24:06","modified_gmt":"2026-02-04T20:24:06","slug":"summer-camp-for-boys-near-vermont","status":"publish","type":"page","link":"https:\/\/www.mowglis.org\/fr\/summer-camp-for-boys-near-vermont\/","title":{"rendered":"Summer Camp for Boys Near Vermont"},"content":{"rendered":"<p>Mowglis summer camp for boys near Vermont, just a short 2-3 hour drive away in Hebron, New Hampshire, offers <a href=\"https:\/\/www.mowglis.org\/fr\/new-england-summer-camp-for-boys\/\">boys ages 7 to 16<\/a> the perfect escape from summer boredom and monotony. Here, in our traditional summer camp environment, your son can spread his wings, growing in independence under the watchful eye of our caring camp staff while embarking on <a href=\"https:\/\/www.mowglis.org\/fr\/boys-adventure-summer-camp-in-new-hampshire\/\">camp adventures<\/a> he\u2019ll remember for a lifetime.<\/p>\n<h2>Technology Free Summer Camp Fun<\/h2>\n<p>Our large and <a href=\"https:\/\/www.mowglis.org\/fr\/camp-mowglis-facilities\/\">magnifique terrain de camping<\/a> on the shores of Newfound Lake, in the foothills of the White Mountains, is the perfect place for your child to unplug and reconnect with the real world. Here he can start fresh, avoiding the usual technological and life distractions, slowing down to enjoy nature and forge new friendships while participating in fun and exciting new camp activities.<\/p>\n<h3>A Welcoming Overnight Summer Camp Community<\/h3>\n<p>When you <a href=\"https:\/\/www.mowglis.org\/fr\/blog\/why-send-your-son-to-an-overnight-camp-2022\/\">send your son to summer camp<\/a>, he will have the opportunity to meet new people outside his usual social setting. Our campers, who come from places across the US and globally, form a tight-knit group over the summer camp season. We limit enrollment to just 110 boys, ensuring an intimate experience. Our program&#8217;s wide age range reduces performance and social pressures, as older and more experienced boys share knowledge with younger and less experienced children. As they face daily obstacles together, boys learn to care for and trust in each other, growing not just physically but socially and emotionally.<\/p>\n<h3>Growing in Independence at Boys Summer Camp<\/h3>\n<p>While away from home at our overnight camp program, your child will learn to make his own decisions, from managing daily chores to choosing how to spend his free time and arriving on time for meals and scheduled events. As he learns his newfound freedom accompanies responsibilities, he will grow to appreciate his home life and see how his choices impact the world outside himself, transforming into a more helpful, patient, grateful young man.<\/p>\n<h3>Sleepaway Camp Adventures They\u2019ll Remember for a Lifetime<\/h3>\n<p>Our overnight camp program schedule is filled with fun <a href=\"https:\/\/www.mowglis.org\/fr\/prospective-families\/activitiesindustries\/\">activit\u00e9s de camp<\/a>:<\/p>\n<ul>\n<li>Camping<\/li>\n<li><a href=\"https:\/\/www.mowglis.org\/fr\/hiking-trips\/\">Randonn\u00e9e<\/a><\/li>\n<li>Escalade<\/li>\n<li>P\u00eache et lancer \u00e0 la mouche<\/li>\n<li>Natation<\/li>\n<li>\u00e9quipage et aviron<\/li>\n<li>l&#039;aviron, le cano\u00eb et le kayak<\/li>\n<li>Voile<\/li>\n<li>Tir \u00e0 l&#039;arc<\/li>\n<li>Maniement de la hache<\/li>\n<li>Fusilerie<\/li>\n<li>Escrime<\/li>\n<li>travail du bois<\/li>\n<li>Et bien plus encore<\/li>\n<\/ul>\n<p>We designed these activities, which we call industries, to <a href=\"https:\/\/www.mowglis.org\/fr\/blog\/quantifying-the-positive-impact-of-mowglis-summer-camp\/\">help your son grow<\/a> into a responsible, confident young man. As your child meets each physical and mental challenge, earning ribbons and building memories along the way, his thirst for trying new things and achieving new goals will grow.<\/p>\n<h3>Make Reservations for Mowglis Overnight Camp Program Today<\/h3>\n<p>Give your son the gift of an unforgettable sleepaway camp experience. Contact Camp Mowglis <strong>summer camp for boys near Vermont<\/strong> at 603-744-8095 to <a href=\"https:\/\/mowglis.campintouch.com\/ui\/forms\/application\/camper\/App\">R\u00e9servez votre place<\/a> for the upcoming camping season. Don\u2019t delay. Due to limited enrollment, spaces fill fast.<\/p>","protected":false},"excerpt":{"rendered":"<p>Mowglis summer camp for boys near Vermont, just a short 2-3 hour drive away in Hebron, New Hampshire, offers boys ages 7 to 16 the perfect escape from summer boredom and monotony. Here, in our traditional summer camp environment, your son can spread his wings, growing in independence under the watchful eye of our caring [&hellip;]<\/p>\n","protected":false},"author":27,"featured_media":0,"parent":0,"menu_order":0,"comment_status":"closed","ping_status":"closed","template":"","meta":{"_acf_changed":false,"inline_featured_image":false,"footnotes":"","_wp_rev_ctl_limit":""},"quote-categoria":[280,254,281,287,277,285,268,292,264,289,293,294,274,279,283,297,275,267,276,286,296,290],"class_list":["post-16882","page","type-page","status-publish","hentry","quote-categoria-aventure","quote-categoria-archery","quote-categoria-arts-and-crafts","quote-categoria-axemanship","quote-categoria-bugling-and-music","quote-categoria-camping","quote-categoria-canoeing-kayaking","quote-categoria-confidence","quote-categoria-crew","quote-categoria-fencing","quote-categoria-fishing-and-flycasting","quote-categoria-mountaing-biking","quote-categoria-music","quote-categoria-nature","quote-categoria-photography","quote-categoria-rock-climbing","quote-categoria-rowboating","quote-categoria-sailing","quote-categoria-spirit","quote-categoria-activities-industries","quote-categoria-tennis","quote-categoria-tradition"],"acf":[],"yoast_head":"<!-- This site is optimized with the Yoast SEO plugin v27.3 - https:\/\/yoast.com\/product\/yoast-seo-wordpress\/ -->\n<title>Summer Camp for Boys Near Vermont 603-744-8095 | Camp Mowglis | New Hampshire, New England, New York, New Jersey, Pennsylvania<\/title>\n<meta name=\"description\" content=\"Mowglis summer camp for boys near Vermont offers your child a safe, supervised place to learn and grow while enjoying fun and exciting traditional summer camp activities.\" \/>\n<meta name=\"robots\" content=\"index, follow, max-snippet:-1, max-image-preview:large, max-video-preview:-1\" \/>\n<link rel=\"canonical\" href=\"https:\/\/www.mowglis.org\/fr\/summer-camp-for-boys-near-vermont\/\" \/>\n<meta property=\"og:locale\" content=\"fr_FR\" \/>\n<meta property=\"og:type\" content=\"article\" \/>\n<meta property=\"og:title\" content=\"Summer Camp for Boys Near Vermont 603-744-8095 | Camp Mowglis | New Hampshire, New England, New York, New Jersey, Pennsylvania\" \/>\n<meta property=\"og:description\" content=\"Mowglis summer camp for boys near Vermont offers your child a safe, supervised place to learn and grow while enjoying fun and exciting traditional summer camp activities.\" \/>\n<meta property=\"og:url\" content=\"https:\/\/www.mowglis.org\/fr\/summer-camp-for-boys-near-vermont\/\" \/>\n<meta property=\"og:site_name\" content=\"Camp Mowglis\" \/>\n<meta property=\"article:modified_time\" content=\"2026-02-04T20:24:06+00:00\" \/>\n<meta name=\"twitter:card\" content=\"summary_large_image\" \/>\n<meta name=\"twitter:label1\" content=\"Est. reading time\" \/>\n\t<meta name=\"twitter:data1\" content=\"3 minutes\" \/>\n<script type=\"application\/ld+json\" class=\"yoast-schema-graph\">{\"@context\":\"https:\\\/\\\/schema.org\",\"@graph\":[{\"@type\":\"WebPage\",\"@id\":\"https:\\\/\\\/www.mowglis.org\\\/summer-camp-for-boys-near-vermont\\\/\",\"url\":\"https:\\\/\\\/www.mowglis.org\\\/summer-camp-for-boys-near-vermont\\\/\",\"name\":\"Summer Camp for Boys Near Vermont 603-744-8095 | Camp Mowglis | New Hampshire, New England, New York, New Jersey, Pennsylvania\",\"isPartOf\":{\"@id\":\"https:\\\/\\\/www.mowglis.org\\\/#website\"},\"datePublished\":\"2023-04-29T17:41:37+00:00\",\"dateModified\":\"2026-02-04T20:24:06+00:00\",\"description\":\"Mowglis summer camp for boys near Vermont offers your child a safe, supervised place to learn and grow while enjoying fun and exciting traditional summer camp activities.\",\"breadcrumb\":{\"@id\":\"https:\\\/\\\/www.mowglis.org\\\/summer-camp-for-boys-near-vermont\\\/#breadcrumb\"},\"inLanguage\":\"fr-FR\",\"potentialAction\":[{\"@type\":\"ReadAction\",\"target\":[\"https:\\\/\\\/www.mowglis.org\\\/summer-camp-for-boys-near-vermont\\\/\"]}]},{\"@type\":\"BreadcrumbList\",\"@id\":\"https:\\\/\\\/www.mowglis.org\\\/summer-camp-for-boys-near-vermont\\\/#breadcrumb\",\"itemListElement\":[{\"@type\":\"ListItem\",\"position\":1,\"name\":\"Home\",\"item\":\"https:\\\/\\\/www.mowglis.org\\\/\"},{\"@type\":\"ListItem\",\"position\":2,\"name\":\"Summer Camp for Boys Near Vermont\"}]},{\"@type\":\"WebSite\",\"@id\":\"https:\\\/\\\/www.mowglis.org\\\/#website\",\"url\":\"https:\\\/\\\/www.mowglis.org\\\/\",\"name\":\"Camp Mowglis\",\"description\":\"Camp Mowglis Summer Camp for Boys, New Hampshire, USA\",\"publisher\":{\"@id\":\"https:\\\/\\\/www.mowglis.org\\\/#organization\"},\"potentialAction\":[{\"@type\":\"SearchAction\",\"target\":{\"@type\":\"EntryPoint\",\"urlTemplate\":\"https:\\\/\\\/www.mowglis.org\\\/?s={search_term_string}\"},\"query-input\":{\"@type\":\"PropertyValueSpecification\",\"valueRequired\":true,\"valueName\":\"search_term_string\"}}],\"inLanguage\":\"fr-FR\"},{\"@type\":\"Organization\",\"@id\":\"https:\\\/\\\/www.mowglis.org\\\/#organization\",\"name\":\"Camp Mowglis\",\"url\":\"https:\\\/\\\/www.mowglis.org\\\/\",\"logo\":{\"@type\":\"ImageObject\",\"inLanguage\":\"fr-FR\",\"@id\":\"https:\\\/\\\/www.mowglis.org\\\/#\\\/schema\\\/logo\\\/image\\\/\",\"url\":\"https:\\\/\\\/www.mowglis.org\\\/wp-content\\\/uploads\\\/2025\\\/01\\\/logo-web.svg\",\"contentUrl\":\"https:\\\/\\\/www.mowglis.org\\\/wp-content\\\/uploads\\\/2025\\\/01\\\/logo-web.svg\",\"width\":156,\"height\":42,\"caption\":\"Camp Mowglis\"},\"image\":{\"@id\":\"https:\\\/\\\/www.mowglis.org\\\/#\\\/schema\\\/logo\\\/image\\\/\"}}]}<\/script>\n<!-- \/ Yoast SEO plugin. -->","yoast_head_json":{"title":"Summer Camp for Boys Near Vermont 603-744-8095 | Camp Mowglis | New Hampshire, New England, New York, New Jersey, Pennsylvania","description":"Mowglis summer camp for boys near Vermont offers your child a safe, supervised place to learn and grow while enjoying fun and exciting traditional summer camp activities.","robots":{"index":"index","follow":"follow","max-snippet":"max-snippet:-1","max-image-preview":"max-image-preview:large","max-video-preview":"max-video-preview:-1"},"canonical":"https:\/\/www.mowglis.org\/fr\/summer-camp-for-boys-near-vermont\/","og_locale":"fr_FR","og_type":"article","og_title":"Summer Camp for Boys Near Vermont 603-744-8095 | Camp Mowglis | New Hampshire, New England, New York, New Jersey, Pennsylvania","og_description":"Mowglis summer camp for boys near Vermont offers your child a safe, supervised place to learn and grow while enjoying fun and exciting traditional summer camp activities.","og_url":"https:\/\/www.mowglis.org\/fr\/summer-camp-for-boys-near-vermont\/","og_site_name":"Camp Mowglis","article_modified_time":"2026-02-04T20:24:06+00:00","twitter_card":"summary_large_image","twitter_misc":{"Est. reading time":"3 minutes"},"schema":{"@context":"https:\/\/schema.org","@graph":[{"@type":"WebPage","@id":"https:\/\/www.mowglis.org\/summer-camp-for-boys-near-vermont\/","url":"https:\/\/www.mowglis.org\/summer-camp-for-boys-near-vermont\/","name":"Summer Camp for Boys Near Vermont 603-744-8095 | Camp Mowglis | New Hampshire, New England, New York, New Jersey, Pennsylvania","isPartOf":{"@id":"https:\/\/www.mowglis.org\/#website"},"datePublished":"2023-04-29T17:41:37+00:00","dateModified":"2026-02-04T20:24:06+00:00","description":"Mowglis summer camp for boys near Vermont offers your child a safe, supervised place to learn and grow while enjoying fun and exciting traditional summer camp activities.","breadcrumb":{"@id":"https:\/\/www.mowglis.org\/summer-camp-for-boys-near-vermont\/#breadcrumb"},"inLanguage":"fr-FR","potentialAction":[{"@type":"ReadAction","target":["https:\/\/www.mowglis.org\/summer-camp-for-boys-near-vermont\/"]}]},{"@type":"BreadcrumbList","@id":"https:\/\/www.mowglis.org\/summer-camp-for-boys-near-vermont\/#breadcrumb","itemListElement":[{"@type":"ListItem","position":1,"name":"Home","item":"https:\/\/www.mowglis.org\/"},{"@type":"ListItem","position":2,"name":"Summer Camp for Boys Near Vermont"}]},{"@type":"WebSite","@id":"https:\/\/www.mowglis.org\/#website","url":"https:\/\/www.mowglis.org\/","name":"Camp Mowglis","description":"Camp Mowglis, camp d&#039;\u00e9t\u00e9 pour gar\u00e7ons, New Hampshire, \u00c9tats-Unis","publisher":{"@id":"https:\/\/www.mowglis.org\/#organization"},"potentialAction":[{"@type":"SearchAction","target":{"@type":"EntryPoint","urlTemplate":"https:\/\/www.mowglis.org\/?s={search_term_string}"},"query-input":{"@type":"PropertyValueSpecification","valueRequired":true,"valueName":"search_term_string"}}],"inLanguage":"fr-FR"},{"@type":"Organization","@id":"https:\/\/www.mowglis.org\/#organization","name":"Camp Mowglis","url":"https:\/\/www.mowglis.org\/","logo":{"@type":"ImageObject","inLanguage":"fr-FR","@id":"https:\/\/www.mowglis.org\/#\/schema\/logo\/image\/","url":"https:\/\/www.mowglis.org\/wp-content\/uploads\/2025\/01\/logo-web.svg","contentUrl":"https:\/\/www.mowglis.org\/wp-content\/uploads\/2025\/01\/logo-web.svg","width":156,"height":42,"caption":"Camp Mowglis"},"image":{"@id":"https:\/\/www.mowglis.org\/#\/schema\/logo\/image\/"}}]}},"_links":{"self":[{"href":"https:\/\/www.mowglis.org\/fr\/wp-json\/wp\/v2\/pages\/16882","targetHints":{"allow":["GET"]}}],"collection":[{"href":"https:\/\/www.mowglis.org\/fr\/wp-json\/wp\/v2\/pages"}],"about":[{"href":"https:\/\/www.mowglis.org\/fr\/wp-json\/wp\/v2\/types\/page"}],"author":[{"embeddable":true,"href":"https:\/\/www.mowglis.org\/fr\/wp-json\/wp\/v2\/users\/27"}],"replies":[{"embeddable":true,"href":"https:\/\/www.mowglis.org\/fr\/wp-json\/wp\/v2\/comments?post=16882"}],"version-history":[{"count":0,"href":"https:\/\/www.mowglis.org\/fr\/wp-json\/wp\/v2\/pages\/16882\/revisions"}],"wp:attachment":[{"href":"https:\/\/www.mowglis.org\/fr\/wp-json\/wp\/v2\/media?parent=16882"}],"wp:term":[{"taxonomy":"quote-categoria","embeddable":true,"href":"https:\/\/www.mowglis.org\/fr\/wp-json\/wp\/v2\/quote-categoria?post=16882"}],"curies":[{"name":"wp","href":"https:\/\/api.w.org\/{rel}","templated":true}]}}