{"id":17120,"date":"2024-06-25T11:28:55","date_gmt":"2024-06-25T15:28:55","guid":{"rendered":"https:\/\/www.mowglis.org\/?page_id=17120"},"modified":"2026-02-04T14:31:58","modified_gmt":"2026-02-04T19:31:58","slug":"mowglis-outdoor-boys-camp-for-teenagers","status":"publish","type":"page","link":"https:\/\/www.mowglis.org\/fr\/mowglis-outdoor-boys-camp-for-teenagers\/","title":{"rendered":"Camp de vacances Mowglis Outdoor pour adolescents"},"content":{"rendered":"<p>Mowglis <a href=\"https:\/\/www.mowglis.org\/fr\/summer-camp-for-boys-aged-10-15\/\">camp de vacances en plein air pour adolescents<\/a> Un s\u00e9jour dans le New Hampshire offre bien plus qu&#039;une simple escapade estivale. Notre camp de vacances avec h\u00e9bergement permet \u00e0 votre enfant de se d\u00e9connecter du monde num\u00e9rique et de tisser des liens authentiques en pleine nature. Une exp\u00e9rience transformatrice qui encourage votre adolescent \u00e0 vivre des aventures palpitantes et \u00e0 explorer de nouveaux centres d&#039;int\u00e9r\u00eat, favorisant ainsi son \u00e9panouissement.<\/p>\n<h2>Aidez votre adolescent \u00e0 se d\u00e9connecter et \u00e0 adopter des habitudes plus saines.<\/h2>\n<p>Notre <a href=\"https:\/\/www.mowglis.org\/fr\/camp-mowglis-facilities\/\">campus pittoresque<\/a> Sur les rives du lac Newfound, au pied des Montagnes Blanches, se trouve l&#039;endroit id\u00e9al pour \u00e9chapper \u00e0 l&#039;attrait de la technologie et au flot incessant de notifications. Dans notre camp d&#039;\u00e9t\u00e9 d\u00e9connect\u00e9 pour adolescents, votre fils pourra se ressourcer et renouer avec le monde r\u00e9el et avec lui-m\u00eame. Les interactions directes favorisent le d\u00e9veloppement social et am\u00e9liorent la communication. Les activit\u00e9s de plein air renforcent la force et l&#039;endurance, am\u00e9liorent l&#039;humeur, r\u00e9duisent le stress et r\u00e9tablissent les rythmes naturels du corps pour un meilleur sommeil et un bien-\u00eatre g\u00e9n\u00e9ral.<\/p>\n<h3>Activit\u00e9s de plein air passionnantes pour votre adolescent<\/h3>\n<p>Notre <a href=\"https:\/\/www.mowglis.org\/fr\/the-pack\/\">Programme Pack<\/a> permet \u00e0 votre adolescent de laisser libre cours \u00e0 son esprit d&#039;aventure dans un environnement s\u00fbr et encadr\u00e9. Nous proposons une large gamme de <a href=\"https:\/\/www.mowglis.org\/fr\/prospective-families\/activitiesindustries\/\">activit\u00e9s de camp d&#039;\u00e9t\u00e9 pour gar\u00e7ons<\/a> anim\u00e9s par des instructeurs exp\u00e9riment\u00e9s qui encouragent l&#039;exploration, am\u00e9liorent la sant\u00e9 mentale et physique et enseignent des le\u00e7ons pr\u00e9cieuses sur le travail d&#039;\u00e9quipe, la r\u00e9solution de probl\u00e8mes et le leadership, notamment\u00a0:<\/p>\n<ul>\n<li>Natation<\/li>\n<li>cano\u00eb et kayak<\/li>\n<li>Paddleboard<\/li>\n<li>Voile<\/li>\n<li>\u00c9quipage<\/li>\n<li><a href=\"https:\/\/www.mowglis.org\/fr\/hiking-trips\/\">Randonn\u00e9es et excursions<\/a><\/li>\n<li>P\u00eache<\/li>\n<li>Escalade<\/li>\n<li>Tir \u00e0 l&#039;arc<\/li>\n<li>Maniement de la hache<\/li>\n<li>Escrime<\/li>\n<li>Fusilerie<\/li>\n<li>travail du bois<\/li>\n<li>Et plus encore<\/li>\n<\/ul>\n<h3>Acqu\u00e9rir des comp\u00e9tences essentielles pour la vie<\/h3>\n<p>Tout en d\u00e9couvrant de nouvelles exp\u00e9riences seul, loin de chez lui, votre fils entreprendra un voyage de <a href=\"https:\/\/www.mowglis.org\/fr\/blog\/why-should-you-send-your-child-to-camp-mowglis-give-them-a-chance-to-unplug\/\">d\u00e9couverte de soi et d\u00e9veloppement personnel<\/a>. Ici, il d\u00e9couvrira son v\u00e9ritable potentiel et deviendra un jeune homme confiant, empathique et r\u00e9silient \u00e0 chaque objectif atteint et obstacle surmont\u00e9. Au fur et \u00e0 mesure qu&#039;il assumera diff\u00e9rents r\u00f4les <a href=\"https:\/\/www.mowglis.org\/fr\/blog\/outdoor-leadership-camp-for-boys-15-16\/\">diriger les autres campeurs<\/a>, Son adaptabilit\u00e9, ses aptitudes \u00e0 r\u00e9soudre les probl\u00e8mes, \u00e0 communiquer et \u00e0 prendre des d\u00e9cisions s&#039;\u00e9panouiront, jetant ainsi les bases d&#039;un succ\u00e8s futur qui lui sera utile tout au long de sa vie personnelle et professionnelle.<\/p>\n<h3>Cr\u00e9ez des amiti\u00e9s durables<\/h3>\n<p>Le camp de vacances Mowglis pour adolescents offre \u00e0 votre enfant l&#039;opportunit\u00e9 de rencontrer de nouveaux mod\u00e8les et de nouer de nouvelles amiti\u00e9s en dehors de son cercle social habituel, avec des animateurs et des campeurs de tous horizons. <a href=\"https:\/\/www.mowglis.org\/fr\/blog\/will-my-child-fit-in-at-camp\/\">des origines et des cultures diverses<\/a>. Vivre au sein de notre petit groupe soud\u00e9 de seulement 110 campeurs et d&#039;une \u00e9quipe attentionn\u00e9e offre l&#039;environnement id\u00e9al pour tisser des liens et <a href=\"https:\/\/www.mowglis.org\/fr\/blog\/what-are-your-summer-camp-memories\/\">souvenirs<\/a> qu&#039;il gardera en m\u00e9moire toute sa vie. L&#039;occasion de cr\u00e9er des liens autour d&#039;exp\u00e9riences partag\u00e9es, qu&#039;il s&#039;agisse de surmonter les d\u00e9fis du secteur, de g\u00e9rer les t\u00e2ches quotidiennes du camp ou de griller des guimauves autour du feu de camp \u2013 des activit\u00e9s qu&#039;il attendra avec impatience chaque \u00e9t\u00e9.<\/p>\n<h3>D\u00e9couvrez le camp d&#039;\u00e9t\u00e9 Mowglis pour adolescents.<\/h3>\n<p>Favorisez le d\u00e9veloppement physique, mental et \u00e9motionnel de votre fils tout en cultivant chez nous un amour durable pour le plein air. <strong>Camp de vacances Mowglis pour adolescents pr\u00e8s de <\/strong>Boston, Connecticut, New York, Pennsylvanie et Vermont, dans le New Hampshire. <a href=\"https:\/\/www.mowglis.org\/fr\/contact\/\">Contactez-nous<\/a> Appelez le 603-744-8095 pour en savoir plus ou pour r\u00e9server d\u00e8s aujourd&#039;hui pour la prochaine saison de camp d&#039;\u00e9t\u00e9 pour gar\u00e7ons.<\/p>","protected":false},"excerpt":{"rendered":"<p>Mowglis outdoor boys\u2019 camp for teenagers in New Hampshire offers more than a summer getaway. Our overnight camp program gives your child the opportunity to unplug from the digital world and connect with real people in the great outdoors. It\u2019s a transformative experience, empowering your teen to embark on thrilling adventures and explore new interests [&hellip;]<\/p>\n","protected":false},"author":33,"featured_media":0,"parent":0,"menu_order":0,"comment_status":"closed","ping_status":"closed","template":"","meta":{"_acf_changed":false,"inline_featured_image":false,"footnotes":"","_wp_rev_ctl_limit":""},"quote-categoria":[280,254,281,287,277,285,268,292,264,289,293,294,274,279,283,297,275,267,276,286,296,290],"class_list":["post-17120","page","type-page","status-publish","hentry","quote-categoria-aventure","quote-categoria-archery","quote-categoria-arts-and-crafts","quote-categoria-axemanship","quote-categoria-bugling-and-music","quote-categoria-camping","quote-categoria-canoeing-kayaking","quote-categoria-confidence","quote-categoria-crew","quote-categoria-fencing","quote-categoria-fishing-and-flycasting","quote-categoria-mountaing-biking","quote-categoria-music","quote-categoria-nature","quote-categoria-photography","quote-categoria-rock-climbing","quote-categoria-rowboating","quote-categoria-sailing","quote-categoria-spirit","quote-categoria-activities-industries","quote-categoria-tennis","quote-categoria-tradition"],"acf":[],"yoast_head":"<!-- This site is optimized with the Yoast SEO plugin v27.5 - https:\/\/yoast.com\/product\/yoast-seo-wordpress\/ -->\n<title>Mowglis Outdoor Boys Camp for Teenagers 603-744-8095 | Camp Mowglis | Boston, Connecticut, New York, Pennsylvania, Vermont, New Hampshire<\/title>\n<meta name=\"description\" content=\"Help your son break away from the screen and foster healthier habits at Mowglis outdoor boys\u2019 camp for teenagers. Learn more about our technology-free summer camp program.\" \/>\n<meta name=\"robots\" content=\"index, follow, max-snippet:-1, max-image-preview:large, max-video-preview:-1\" \/>\n<link rel=\"canonical\" href=\"https:\/\/www.mowglis.org\/fr\/mowglis-outdoor-boys-camp-for-teenagers\/\" \/>\n<meta property=\"og:locale\" content=\"fr_FR\" \/>\n<meta property=\"og:type\" content=\"article\" \/>\n<meta property=\"og:title\" content=\"Mowglis Outdoor Boys Camp for Teenagers 603-744-8095 | Camp Mowglis | Boston, Connecticut, New York, Pennsylvania, Vermont, New Hampshire\" \/>\n<meta property=\"og:description\" content=\"Help your son break away from the screen and foster healthier habits at Mowglis outdoor boys\u2019 camp for teenagers. Learn more about our technology-free summer camp program.\" \/>\n<meta property=\"og:url\" content=\"https:\/\/www.mowglis.org\/fr\/mowglis-outdoor-boys-camp-for-teenagers\/\" \/>\n<meta property=\"og:site_name\" content=\"Camp Mowglis\" \/>\n<meta property=\"article:modified_time\" content=\"2026-02-04T19:31:58+00:00\" \/>\n<meta name=\"twitter:card\" content=\"summary_large_image\" \/>\n<meta name=\"twitter:label1\" content=\"Est. reading time\" \/>\n\t<meta name=\"twitter:data1\" content=\"3 minutes\" \/>\n<script type=\"application\/ld+json\" class=\"yoast-schema-graph\">{\"@context\":\"https:\\\/\\\/schema.org\",\"@graph\":[{\"@type\":\"WebPage\",\"@id\":\"https:\\\/\\\/www.mowglis.org\\\/mowglis-outdoor-boys-camp-for-teenagers\\\/\",\"url\":\"https:\\\/\\\/www.mowglis.org\\\/mowglis-outdoor-boys-camp-for-teenagers\\\/\",\"name\":\"Mowglis Outdoor Boys Camp for Teenagers 603-744-8095 | Camp Mowglis | Boston, Connecticut, New York, Pennsylvania, Vermont, New Hampshire\",\"isPartOf\":{\"@id\":\"https:\\\/\\\/www.mowglis.org\\\/#website\"},\"datePublished\":\"2024-06-25T15:28:55+00:00\",\"dateModified\":\"2026-02-04T19:31:58+00:00\",\"description\":\"Help your son break away from the screen and foster healthier habits at Mowglis outdoor boys\u2019 camp for teenagers. Learn more about our technology-free summer camp program.\",\"breadcrumb\":{\"@id\":\"https:\\\/\\\/www.mowglis.org\\\/mowglis-outdoor-boys-camp-for-teenagers\\\/#breadcrumb\"},\"inLanguage\":\"fr-FR\",\"potentialAction\":[{\"@type\":\"ReadAction\",\"target\":[\"https:\\\/\\\/www.mowglis.org\\\/mowglis-outdoor-boys-camp-for-teenagers\\\/\"]}]},{\"@type\":\"BreadcrumbList\",\"@id\":\"https:\\\/\\\/www.mowglis.org\\\/mowglis-outdoor-boys-camp-for-teenagers\\\/#breadcrumb\",\"itemListElement\":[{\"@type\":\"ListItem\",\"position\":1,\"name\":\"Home\",\"item\":\"https:\\\/\\\/www.mowglis.org\\\/\"},{\"@type\":\"ListItem\",\"position\":2,\"name\":\"Mowglis Outdoor Boys Camp for Teenagers\"}]},{\"@type\":\"WebSite\",\"@id\":\"https:\\\/\\\/www.mowglis.org\\\/#website\",\"url\":\"https:\\\/\\\/www.mowglis.org\\\/\",\"name\":\"Camp Mowglis\",\"description\":\"Camp Mowglis Summer Camp for Boys, New Hampshire, USA\",\"publisher\":{\"@id\":\"https:\\\/\\\/www.mowglis.org\\\/#organization\"},\"potentialAction\":[{\"@type\":\"SearchAction\",\"target\":{\"@type\":\"EntryPoint\",\"urlTemplate\":\"https:\\\/\\\/www.mowglis.org\\\/?s={search_term_string}\"},\"query-input\":{\"@type\":\"PropertyValueSpecification\",\"valueRequired\":true,\"valueName\":\"search_term_string\"}}],\"inLanguage\":\"fr-FR\"},{\"@type\":\"Organization\",\"@id\":\"https:\\\/\\\/www.mowglis.org\\\/#organization\",\"name\":\"Camp Mowglis\",\"url\":\"https:\\\/\\\/www.mowglis.org\\\/\",\"logo\":{\"@type\":\"ImageObject\",\"inLanguage\":\"fr-FR\",\"@id\":\"https:\\\/\\\/www.mowglis.org\\\/#\\\/schema\\\/logo\\\/image\\\/\",\"url\":\"https:\\\/\\\/www.mowglis.org\\\/wp-content\\\/uploads\\\/2025\\\/01\\\/logo-web.svg\",\"contentUrl\":\"https:\\\/\\\/www.mowglis.org\\\/wp-content\\\/uploads\\\/2025\\\/01\\\/logo-web.svg\",\"width\":156,\"height\":42,\"caption\":\"Camp Mowglis\"},\"image\":{\"@id\":\"https:\\\/\\\/www.mowglis.org\\\/#\\\/schema\\\/logo\\\/image\\\/\"}}]}<\/script>\n<!-- \/ Yoast SEO plugin. -->","yoast_head_json":{"title":"Mowglis Outdoor Boys Camp for Teenagers 603-744-8095 | Camp Mowglis | Boston, Connecticut, New York, Pennsylvania, Vermont, New Hampshire","description":"Help your son break away from the screen and foster healthier habits at Mowglis outdoor boys\u2019 camp for teenagers. Learn more about our technology-free summer camp program.","robots":{"index":"index","follow":"follow","max-snippet":"max-snippet:-1","max-image-preview":"max-image-preview:large","max-video-preview":"max-video-preview:-1"},"canonical":"https:\/\/www.mowglis.org\/fr\/mowglis-outdoor-boys-camp-for-teenagers\/","og_locale":"fr_FR","og_type":"article","og_title":"Mowglis Outdoor Boys Camp for Teenagers 603-744-8095 | Camp Mowglis | Boston, Connecticut, New York, Pennsylvania, Vermont, New Hampshire","og_description":"Help your son break away from the screen and foster healthier habits at Mowglis outdoor boys\u2019 camp for teenagers. Learn more about our technology-free summer camp program.","og_url":"https:\/\/www.mowglis.org\/fr\/mowglis-outdoor-boys-camp-for-teenagers\/","og_site_name":"Camp Mowglis","article_modified_time":"2026-02-04T19:31:58+00:00","twitter_card":"summary_large_image","twitter_misc":{"Est. reading time":"3 minutes"},"schema":{"@context":"https:\/\/schema.org","@graph":[{"@type":"WebPage","@id":"https:\/\/www.mowglis.org\/mowglis-outdoor-boys-camp-for-teenagers\/","url":"https:\/\/www.mowglis.org\/mowglis-outdoor-boys-camp-for-teenagers\/","name":"Mowglis Outdoor Boys Camp for Teenagers 603-744-8095 | Camp Mowglis | Boston, Connecticut, New York, Pennsylvania, Vermont, New Hampshire","isPartOf":{"@id":"https:\/\/www.mowglis.org\/#website"},"datePublished":"2024-06-25T15:28:55+00:00","dateModified":"2026-02-04T19:31:58+00:00","description":"Help your son break away from the screen and foster healthier habits at Mowglis outdoor boys\u2019 camp for teenagers. Learn more about our technology-free summer camp program.","breadcrumb":{"@id":"https:\/\/www.mowglis.org\/mowglis-outdoor-boys-camp-for-teenagers\/#breadcrumb"},"inLanguage":"fr-FR","potentialAction":[{"@type":"ReadAction","target":["https:\/\/www.mowglis.org\/mowglis-outdoor-boys-camp-for-teenagers\/"]}]},{"@type":"BreadcrumbList","@id":"https:\/\/www.mowglis.org\/mowglis-outdoor-boys-camp-for-teenagers\/#breadcrumb","itemListElement":[{"@type":"ListItem","position":1,"name":"Home","item":"https:\/\/www.mowglis.org\/"},{"@type":"ListItem","position":2,"name":"Mowglis Outdoor Boys Camp for Teenagers"}]},{"@type":"WebSite","@id":"https:\/\/www.mowglis.org\/#website","url":"https:\/\/www.mowglis.org\/","name":"Camp Mowglis","description":"Camp Mowglis, camp d&#039;\u00e9t\u00e9 pour gar\u00e7ons, New Hampshire, \u00c9tats-Unis","publisher":{"@id":"https:\/\/www.mowglis.org\/#organization"},"potentialAction":[{"@type":"SearchAction","target":{"@type":"EntryPoint","urlTemplate":"https:\/\/www.mowglis.org\/?s={search_term_string}"},"query-input":{"@type":"PropertyValueSpecification","valueRequired":true,"valueName":"search_term_string"}}],"inLanguage":"fr-FR"},{"@type":"Organization","@id":"https:\/\/www.mowglis.org\/#organization","name":"Camp Mowglis","url":"https:\/\/www.mowglis.org\/","logo":{"@type":"ImageObject","inLanguage":"fr-FR","@id":"https:\/\/www.mowglis.org\/#\/schema\/logo\/image\/","url":"https:\/\/www.mowglis.org\/wp-content\/uploads\/2025\/01\/logo-web.svg","contentUrl":"https:\/\/www.mowglis.org\/wp-content\/uploads\/2025\/01\/logo-web.svg","width":156,"height":42,"caption":"Camp Mowglis"},"image":{"@id":"https:\/\/www.mowglis.org\/#\/schema\/logo\/image\/"}}]}},"_links":{"self":[{"href":"https:\/\/www.mowglis.org\/fr\/wp-json\/wp\/v2\/pages\/17120","targetHints":{"allow":["GET"]}}],"collection":[{"href":"https:\/\/www.mowglis.org\/fr\/wp-json\/wp\/v2\/pages"}],"about":[{"href":"https:\/\/www.mowglis.org\/fr\/wp-json\/wp\/v2\/types\/page"}],"author":[{"embeddable":true,"href":"https:\/\/www.mowglis.org\/fr\/wp-json\/wp\/v2\/users\/33"}],"replies":[{"embeddable":true,"href":"https:\/\/www.mowglis.org\/fr\/wp-json\/wp\/v2\/comments?post=17120"}],"version-history":[{"count":0,"href":"https:\/\/www.mowglis.org\/fr\/wp-json\/wp\/v2\/pages\/17120\/revisions"}],"wp:attachment":[{"href":"https:\/\/www.mowglis.org\/fr\/wp-json\/wp\/v2\/media?parent=17120"}],"wp:term":[{"taxonomy":"quote-categoria","embeddable":true,"href":"https:\/\/www.mowglis.org\/fr\/wp-json\/wp\/v2\/quote-categoria?post=17120"}],"curies":[{"name":"wp","href":"https:\/\/api.w.org\/{rel}","templated":true}]}}