{"id":177,"date":"2010-05-24T18:59:34","date_gmt":"2010-05-24T18:59:34","guid":{"rendered":"http:\/\/mowglis.net\/?page_id=177"},"modified":"2025-01-28T15:02:51","modified_gmt":"2025-01-28T20:02:51","slug":"staff","status":"publish","type":"page","link":"https:\/\/www.mowglis.org\/fr\/about\/staff\/","title":{"rendered":"Nos conseillers et notre personnel"},"content":{"rendered":"<h1 class=\"wp-block-heading\">Moniteurs du camp de Mowglis<\/h1>\n\n\n\n<p>Tous ceux qui travaillent au Camp Mowglis s&#039;engagent \u00e0 perp\u00e9tuer les traditions qui ont d\u00e9fini ce lieu si particulier depuis plus d&#039;un si\u00e8cle.<\/p>\n\n\n\n<br>\n\n\n\n<p>Tous nos conseillers sont des personnes int\u00e8gres, des mod\u00e8les exceptionnels et ont valid\u00e9 au moins une ann\u00e9e d&#039;\u00e9tudes sup\u00e9rieures. Notre processus de s\u00e9lection rigoureux comprend des entretiens approfondis, la v\u00e9rification des r\u00e9f\u00e9rences et des ant\u00e9c\u00e9dents judiciaires afin de retenir les meilleurs candidats. Veuillez postuler. <a href=\"https:\/\/www.mowglis.org\/fr\/2021-mowglis-team\/\" target=\"_blank\" rel=\"noopener\"><strong>ici<\/strong><\/a> pour rencontrer certains membres de l&#039;\u00e9quipe Mowglis !<\/p>\n\n\n\n<br>\n\n\n\n<p>Oui, vous avez bien lu : nous avons dit \u201c femmes \u201d. Environ un tiers de notre personnel est f\u00e9minin, des animatrices du secteur aux \u00ab mamans louveteaux \u00bb (qui vivent avec nos plus jeunes campeurs).<\/p>\n\n\n\n<br>\n\n\n\n<p>Nous prenons tr\u00e8s au s\u00e9rieux notre responsabilit\u00e9 envers votre fils. Chaque membre de notre \u00e9quipe suit une formation compl\u00e8te de 14 jours avant l&#039;arriv\u00e9e des campeurs. Ils sont form\u00e9s dans de nombreux domaines, notamment\u00a0:<\/p>\n\n\n\n<br>\n\n\n\n<ul class=\"wp-block-list\">\n<li>certification en secourisme en milieu sauvage<\/li>\n\n\n\n<li>Certification en RCR (nous avons \u00e9galement une infirmi\u00e8re \u00e0 temps plein dans notre \u00e9quipe et l&#039;h\u00f4pital est \u00e0 seulement 15 minutes)<\/li>\n\n\n\n<li>Formation sur le mal du pays<\/li>\n\n\n\n<li>Gestion de crise<\/li>\n\n\n\n<li>Certification d&#039;instructeur de tir \u00e0 l&#039;arc et \u00e0 la carabine<\/li>\n\n\n\n<li>Certification de sauveteur de la Croix-Rouge am\u00e9ricaine (personnel riverain)<\/li>\n\n\n\n<li>Moniteur de s\u00e9curit\u00e9 aquatique certifi\u00e9 (moniteurs de natation)<\/li>\n<\/ul>\n\n\n\n<br>\n\n\n\n<p>Notre \u00e9quipe est compos\u00e9e d&#039;\u00e9tudiants de premier et deuxi\u00e8me cycles, d&#039;enseignants, de sp\u00e9cialistes de la vie en milieu sauvage, d&#039;\u00e9ducateurs et d&#039;anciens campeurs de Mowglis.<\/p>\n\n\n\n<br>\n\n\n\n<p>La plupart de nos animateurs restent avec nous quelques \u00e9t\u00e9s. Mais ils ne restent pas ind\u00e9finiment. Apr\u00e8s tout, notre \u00e9quipe \u00e9volue\u00a0: ils font des stages, explorent des perspectives de carri\u00e8re et deviennent les hommes et les femmes de bien que Mowglis leur a appris \u00e0 \u00eatre.<\/p>\n\n\n\n<br>\n\n\n\n<p>Mais bon, on sait qu&#039;on les reverra lors de la Journ\u00e9e des \u00e9quipages !<\/p>\n\n\n\n<br>\n\n\n\n<p><em>\u201c Il faut tout un village pour \u00e9lever un gar\u00e7on, et Mowglis est le village auquel je confierais le mien en toute confiance. \u201d \u2013 Kitty Li<\/em><\/p>\n\n\n\n<br>\n\n\n\n<p>Chaque jour, nos animateurs encadrent les gar\u00e7ons \u00e0 travers diff\u00e9rentes activit\u00e9s et ateliers. <a href=\"\/fr\/prospective-families\/a-day-in-the-life\/\">Cliquez ici<\/a> pour vivre une journ\u00e9e dans la vie du Camp Mowglis.<\/p>\n\n\n\n<br>\n\n\n\n<h2 class=\"wp-block-heading\">Comment nous recrutons, formons et pr\u00e9parons notre personnel de direction<\/h2>\n\n\n\n<br>\n\n\n\n<p>Contrairement \u00e0 l&#039;image souvent v\u00e9hicul\u00e9e par les films qui pr\u00e9sentent le travail en colonie de vacances comme un emploi facile, rempli de farces et de b\u00eatises, \u00eatre membre de l&#039;\u00e9quipe d&#039;encadrement de Mowglis est une affaire s\u00e9rieuse. C&#039;est extr\u00eamement gratifiant et tr\u00e8s amusant, mais le niveau de responsabilit\u00e9 et d&#039;influence des animateurs aupr\u00e8s des campeurs exige que nous recrutions, formions et encadrions les meilleurs.<\/p>\n\n\n\n<br>\n\n\n\n<p>Apprenez-en davantage sur <a href=\"\/fr\/about\/how-we-hire-train-and-prepare-our-senior-staff\/\">Comment nous recrutons, formons et pr\u00e9parons nos cadres sup\u00e9rieurs.<\/a><\/p>\n\n\n\n<br>\n\n\n\n<p><\/p>\n\n\n\t\t<div data-elementor-type=\"section\" data-elementor-id=\"18671\" class=\"elementor elementor-18671\" data-elementor-post-type=\"elementor_library\">\n\t\t\t<div class=\"elementor-element elementor-element-12c3343 e-flex e-con-boxed e-con e-parent\" data-id=\"12c3343\" data-element_type=\"container\" data-e-type=\"container\">\n\t\t\t\t\t<div class=\"e-con-inner\">\n\t\t<div class=\"elementor-element elementor-element-354e10d e-con-full e-flex e-con e-child\" data-id=\"354e10d\" data-element_type=\"container\" data-e-type=\"container\">\n\t\t\t\t<div class=\"elementor-element elementor-element-b5ba0ad elementor-widget elementor-widget-text-editor\" data-id=\"b5ba0ad\" data-element_type=\"widget\" data-e-type=\"widget\" data-widget_type=\"text-editor.default\">\n\t\t\t\t<div class=\"elementor-widget-container\">\n\t\t\t\t\t\t\t\t\t<p>Vivez une journ\u00e9e dans le<br \/>La vie d&#039;un campeur Mowglis<\/p>\t\t\t\t\t\t\t\t<\/div>\n\t\t\t\t<\/div>\n\t\t\t\t<div class=\"elementor-element elementor-element-beebc4c elementor-align-center elementor-widget elementor-widget-button\" data-id=\"beebc4c\" data-element_type=\"widget\" data-e-type=\"widget\" data-widget_type=\"button.default\">\n\t\t\t\t<div class=\"elementor-widget-container\">\n\t\t\t\t\t\t\t\t\t<div class=\"elementor-button-wrapper\">\n\t\t\t\t\t<a class=\"elementor-button elementor-button-link elementor-size-sm\" href=\"https:\/\/www.mowglis.org\/fr\/prospective-families\/a-day-in-the-life\/\" target=\"_blank\">\n\t\t\t\t\t\t<span class=\"elementor-button-content-wrapper\">\n\t\t\t\t\t\t\t\t\t<span class=\"elementor-button-text\">Vivez-le<\/span>\n\t\t\t\t\t<\/span>\n\t\t\t\t\t<\/a>\n\t\t\t\t<\/div>\n\t\t\t\t\t\t\t\t<\/div>\n\t\t\t\t<\/div>\n\t\t\t\t<\/div>\n\t\t<div class=\"elementor-element elementor-element-efa83e5 e-con-full e-flex e-con e-child\" data-id=\"efa83e5\" data-element_type=\"container\" data-e-type=\"container\">\n\t\t\t\t<div class=\"elementor-element elementor-element-5f258ad elementor-widget elementor-widget-text-editor\" data-id=\"5f258ad\" data-element_type=\"widget\" data-e-type=\"widget\" data-widget_type=\"text-editor.default\">\n\t\t\t\t<div class=\"elementor-widget-container\">\n\t\t\t\t\t\t\t\t\t<p>\u00c9coutez ce que disent les parents<br \/>\u00c0 propos du Camp Mowglis<\/p>\t\t\t\t\t\t\t\t<\/div>\n\t\t\t\t<\/div>\n\t\t\t\t<div class=\"elementor-element elementor-element-90ad78a elementor-align-center elementor-widget elementor-widget-button\" data-id=\"90ad78a\" data-element_type=\"widget\" data-e-type=\"widget\" data-widget_type=\"button.default\">\n\t\t\t\t<div class=\"elementor-widget-container\">\n\t\t\t\t\t\t\t\t\t<div class=\"elementor-button-wrapper\">\n\t\t\t\t\t<a class=\"elementor-button elementor-button-link elementor-size-sm\" href=\"https:\/\/www.mowglis.org\/fr\/prospective-families\/testimonials\/\" target=\"_blank\">\n\t\t\t\t\t\t<span class=\"elementor-button-content-wrapper\">\n\t\t\t\t\t\t\t\t\t<span class=\"elementor-button-text\">\u00c9coutez-en parler<\/span>\n\t\t\t\t\t<\/span>\n\t\t\t\t\t<\/a>\n\t\t\t\t<\/div>\n\t\t\t\t\t\t\t\t<\/div>\n\t\t\t\t<\/div>\n\t\t\t\t<\/div>\n\t\t<div class=\"elementor-element elementor-element-dd0c19f e-con-full e-flex e-con e-child\" data-id=\"dd0c19f\" data-element_type=\"container\" data-e-type=\"container\">\n\t\t\t\t<div class=\"elementor-element elementor-element-1cd7cd8 elementor-widget elementor-widget-text-editor\" data-id=\"1cd7cd8\" data-element_type=\"widget\" data-e-type=\"widget\" data-widget_type=\"text-editor.default\">\n\t\t\t\t<div class=\"elementor-widget-container\">\n\t\t\t\t\t\t\t\t\t<p>D\u00e9couvrez le<br \/>Activit\u00e9s de Mowgli<\/p>\t\t\t\t\t\t\t\t<\/div>\n\t\t\t\t<\/div>\n\t\t\t\t<div class=\"elementor-element elementor-element-c8f4e82 elementor-align-center elementor-widget elementor-widget-button\" data-id=\"c8f4e82\" data-element_type=\"widget\" data-e-type=\"widget\" data-widget_type=\"button.default\">\n\t\t\t\t<div class=\"elementor-widget-container\">\n\t\t\t\t\t\t\t\t\t<div class=\"elementor-button-wrapper\">\n\t\t\t\t\t<a class=\"elementor-button elementor-button-link elementor-size-sm\" href=\"https:\/\/www.mowglis.org\/fr\/prospective-families\/activitiesindustries\/\" target=\"_blank\">\n\t\t\t\t\t\t<span class=\"elementor-button-content-wrapper\">\n\t\t\t\t\t\t\t\t\t<span class=\"elementor-button-text\">Vivez-le<\/span>\n\t\t\t\t\t<\/span>\n\t\t\t\t\t<\/a>\n\t\t\t\t<\/div>\n\t\t\t\t\t\t\t\t<\/div>\n\t\t\t\t<\/div>\n\t\t\t\t<\/div>\n\t\t\t\t\t<\/div>\n\t\t\t\t<\/div>\n\t\t\t\t<\/div>","protected":false},"excerpt":{"rendered":"<p>Mowglis Camp Counselors Everyone who works at Camp Mowglis is committed to continuing the traditions that have defined this special place for more than a century. All of our counselors are of strong character, are exceptional role models, and have completed at least one year of college. During our rigorous application process, we perform thorough [&hellip;]<\/p>\n","protected":false},"author":10,"featured_media":6235,"parent":50,"menu_order":7,"comment_status":"closed","ping_status":"open","template":"","meta":{"_acf_changed":false,"inline_featured_image":false,"footnotes":"","_wp_rev_ctl_limit":""},"quote-categoria":[],"class_list":["post-177","page","type-page","status-publish","has-post-thumbnail","hentry"],"acf":[],"yoast_head":"<!-- This site is optimized with the Yoast SEO plugin v27.5 - https:\/\/yoast.com\/product\/yoast-seo-wordpress\/ -->\n<title>Learn About the Camp Mowglis Counselors &amp; Staff | New Hampshire, New England Overnight Summer Camp for Boys<\/title>\n<meta name=\"description\" content=\"We are proud of our staff at Camp Mowglis! They are trained in many areas such as Wilderness First Aid, CPR certification, homesickness training, and much more! Learn more about our dedicated team here.\" \/>\n<meta name=\"robots\" content=\"index, follow, max-snippet:-1, max-image-preview:large, max-video-preview:-1\" \/>\n<link rel=\"canonical\" href=\"https:\/\/www.mowglis.org\/fr\/about\/staff\/\" \/>\n<meta property=\"og:locale\" content=\"fr_FR\" \/>\n<meta property=\"og:type\" content=\"article\" \/>\n<meta property=\"og:title\" content=\"Learn About the Camp Mowglis Counselors &amp; Staff | New Hampshire, New England Overnight Summer Camp for Boys\" \/>\n<meta property=\"og:description\" content=\"We are proud of our staff at Camp Mowglis! They are trained in many areas such as Wilderness First Aid, CPR certification, homesickness training, and much more! Learn more about our dedicated team here.\" \/>\n<meta property=\"og:url\" content=\"https:\/\/www.mowglis.org\/fr\/about\/staff\/\" \/>\n<meta property=\"og:site_name\" content=\"Camp Mowglis\" \/>\n<meta property=\"article:modified_time\" content=\"2025-01-28T20:02:51+00:00\" \/>\n<meta property=\"og:image\" content=\"https:\/\/www.mowglis.org\/wp-content\/uploads\/2019\/02\/mowglis-counselor-header.jpg\" \/>\n\t<meta property=\"og:image:width\" content=\"1920\" \/>\n\t<meta property=\"og:image:height\" content=\"614\" \/>\n\t<meta property=\"og:image:type\" content=\"image\/jpeg\" \/>\n<meta name=\"twitter:card\" content=\"summary_large_image\" \/>\n<meta name=\"twitter:label1\" content=\"Est. reading time\" \/>\n\t<meta name=\"twitter:data1\" content=\"5 minutes\" \/>\n<script type=\"application\/ld+json\" class=\"yoast-schema-graph\">{\"@context\":\"https:\\\/\\\/schema.org\",\"@graph\":[{\"@type\":\"WebPage\",\"@id\":\"https:\\\/\\\/www.mowglis.org\\\/about\\\/staff\\\/\",\"url\":\"https:\\\/\\\/www.mowglis.org\\\/about\\\/staff\\\/\",\"name\":\"Learn About the Camp Mowglis Counselors & Staff | New Hampshire, New England Overnight Summer Camp for Boys\",\"isPartOf\":{\"@id\":\"https:\\\/\\\/www.mowglis.org\\\/#website\"},\"primaryImageOfPage\":{\"@id\":\"https:\\\/\\\/www.mowglis.org\\\/about\\\/staff\\\/#primaryimage\"},\"image\":{\"@id\":\"https:\\\/\\\/www.mowglis.org\\\/about\\\/staff\\\/#primaryimage\"},\"thumbnailUrl\":\"https:\\\/\\\/www.mowglis.org\\\/wp-content\\\/uploads\\\/2019\\\/02\\\/mowglis-counselor-header.jpg\",\"datePublished\":\"2010-05-24T18:59:34+00:00\",\"dateModified\":\"2025-01-28T20:02:51+00:00\",\"description\":\"We are proud of our staff at Camp Mowglis! They are trained in many areas such as Wilderness First Aid, CPR certification, homesickness training, and much more! Learn more about our dedicated team here.\",\"breadcrumb\":{\"@id\":\"https:\\\/\\\/www.mowglis.org\\\/about\\\/staff\\\/#breadcrumb\"},\"inLanguage\":\"fr-FR\",\"potentialAction\":[{\"@type\":\"ReadAction\",\"target\":[\"https:\\\/\\\/www.mowglis.org\\\/about\\\/staff\\\/\"]}]},{\"@type\":\"ImageObject\",\"inLanguage\":\"fr-FR\",\"@id\":\"https:\\\/\\\/www.mowglis.org\\\/about\\\/staff\\\/#primaryimage\",\"url\":\"https:\\\/\\\/www.mowglis.org\\\/wp-content\\\/uploads\\\/2019\\\/02\\\/mowglis-counselor-header.jpg\",\"contentUrl\":\"https:\\\/\\\/www.mowglis.org\\\/wp-content\\\/uploads\\\/2019\\\/02\\\/mowglis-counselor-header.jpg\",\"width\":1920,\"height\":614,\"caption\":\"summer camp for boys NH\"},{\"@type\":\"BreadcrumbList\",\"@id\":\"https:\\\/\\\/www.mowglis.org\\\/about\\\/staff\\\/#breadcrumb\",\"itemListElement\":[{\"@type\":\"ListItem\",\"position\":1,\"name\":\"Home\",\"item\":\"https:\\\/\\\/www.mowglis.org\\\/\"},{\"@type\":\"ListItem\",\"position\":2,\"name\":\"About\",\"item\":\"https:\\\/\\\/www.mowglis.org\\\/about\\\/\"},{\"@type\":\"ListItem\",\"position\":3,\"name\":\"Our Counselors &#038; Staff\"}]},{\"@type\":\"WebSite\",\"@id\":\"https:\\\/\\\/www.mowglis.org\\\/#website\",\"url\":\"https:\\\/\\\/www.mowglis.org\\\/\",\"name\":\"Camp Mowglis\",\"description\":\"Camp Mowglis Summer Camp for Boys, New Hampshire, USA\",\"publisher\":{\"@id\":\"https:\\\/\\\/www.mowglis.org\\\/#organization\"},\"potentialAction\":[{\"@type\":\"SearchAction\",\"target\":{\"@type\":\"EntryPoint\",\"urlTemplate\":\"https:\\\/\\\/www.mowglis.org\\\/?s={search_term_string}\"},\"query-input\":{\"@type\":\"PropertyValueSpecification\",\"valueRequired\":true,\"valueName\":\"search_term_string\"}}],\"inLanguage\":\"fr-FR\"},{\"@type\":\"Organization\",\"@id\":\"https:\\\/\\\/www.mowglis.org\\\/#organization\",\"name\":\"Camp Mowglis\",\"url\":\"https:\\\/\\\/www.mowglis.org\\\/\",\"logo\":{\"@type\":\"ImageObject\",\"inLanguage\":\"fr-FR\",\"@id\":\"https:\\\/\\\/www.mowglis.org\\\/#\\\/schema\\\/logo\\\/image\\\/\",\"url\":\"https:\\\/\\\/www.mowglis.org\\\/wp-content\\\/uploads\\\/2025\\\/01\\\/logo-web.svg\",\"contentUrl\":\"https:\\\/\\\/www.mowglis.org\\\/wp-content\\\/uploads\\\/2025\\\/01\\\/logo-web.svg\",\"width\":156,\"height\":42,\"caption\":\"Camp Mowglis\"},\"image\":{\"@id\":\"https:\\\/\\\/www.mowglis.org\\\/#\\\/schema\\\/logo\\\/image\\\/\"}}]}<\/script>\n<!-- \/ Yoast SEO plugin. -->","yoast_head_json":{"title":"Learn About the Camp Mowglis Counselors & Staff | New Hampshire, New England Overnight Summer Camp for Boys","description":"We are proud of our staff at Camp Mowglis! They are trained in many areas such as Wilderness First Aid, CPR certification, homesickness training, and much more! Learn more about our dedicated team here.","robots":{"index":"index","follow":"follow","max-snippet":"max-snippet:-1","max-image-preview":"max-image-preview:large","max-video-preview":"max-video-preview:-1"},"canonical":"https:\/\/www.mowglis.org\/fr\/about\/staff\/","og_locale":"fr_FR","og_type":"article","og_title":"Learn About the Camp Mowglis Counselors & Staff | New Hampshire, New England Overnight Summer Camp for Boys","og_description":"We are proud of our staff at Camp Mowglis! They are trained in many areas such as Wilderness First Aid, CPR certification, homesickness training, and much more! Learn more about our dedicated team here.","og_url":"https:\/\/www.mowglis.org\/fr\/about\/staff\/","og_site_name":"Camp Mowglis","article_modified_time":"2025-01-28T20:02:51+00:00","og_image":[{"width":1920,"height":614,"url":"https:\/\/www.mowglis.org\/wp-content\/uploads\/2019\/02\/mowglis-counselor-header.jpg","type":"image\/jpeg"}],"twitter_card":"summary_large_image","twitter_misc":{"Est. reading time":"5 minutes"},"schema":{"@context":"https:\/\/schema.org","@graph":[{"@type":"WebPage","@id":"https:\/\/www.mowglis.org\/about\/staff\/","url":"https:\/\/www.mowglis.org\/about\/staff\/","name":"Learn About the Camp Mowglis Counselors & Staff | New Hampshire, New England Overnight Summer Camp for Boys","isPartOf":{"@id":"https:\/\/www.mowglis.org\/#website"},"primaryImageOfPage":{"@id":"https:\/\/www.mowglis.org\/about\/staff\/#primaryimage"},"image":{"@id":"https:\/\/www.mowglis.org\/about\/staff\/#primaryimage"},"thumbnailUrl":"https:\/\/www.mowglis.org\/wp-content\/uploads\/2019\/02\/mowglis-counselor-header.jpg","datePublished":"2010-05-24T18:59:34+00:00","dateModified":"2025-01-28T20:02:51+00:00","description":"We are proud of our staff at Camp Mowglis! They are trained in many areas such as Wilderness First Aid, CPR certification, homesickness training, and much more! Learn more about our dedicated team here.","breadcrumb":{"@id":"https:\/\/www.mowglis.org\/about\/staff\/#breadcrumb"},"inLanguage":"fr-FR","potentialAction":[{"@type":"ReadAction","target":["https:\/\/www.mowglis.org\/about\/staff\/"]}]},{"@type":"ImageObject","inLanguage":"fr-FR","@id":"https:\/\/www.mowglis.org\/about\/staff\/#primaryimage","url":"https:\/\/www.mowglis.org\/wp-content\/uploads\/2019\/02\/mowglis-counselor-header.jpg","contentUrl":"https:\/\/www.mowglis.org\/wp-content\/uploads\/2019\/02\/mowglis-counselor-header.jpg","width":1920,"height":614,"caption":"summer camp for boys NH"},{"@type":"BreadcrumbList","@id":"https:\/\/www.mowglis.org\/about\/staff\/#breadcrumb","itemListElement":[{"@type":"ListItem","position":1,"name":"Home","item":"https:\/\/www.mowglis.org\/"},{"@type":"ListItem","position":2,"name":"About","item":"https:\/\/www.mowglis.org\/about\/"},{"@type":"ListItem","position":3,"name":"Our Counselors &#038; Staff"}]},{"@type":"WebSite","@id":"https:\/\/www.mowglis.org\/#website","url":"https:\/\/www.mowglis.org\/","name":"Camp Mowglis","description":"Camp Mowglis, camp d&#039;\u00e9t\u00e9 pour gar\u00e7ons, New Hampshire, \u00c9tats-Unis","publisher":{"@id":"https:\/\/www.mowglis.org\/#organization"},"potentialAction":[{"@type":"SearchAction","target":{"@type":"EntryPoint","urlTemplate":"https:\/\/www.mowglis.org\/?s={search_term_string}"},"query-input":{"@type":"PropertyValueSpecification","valueRequired":true,"valueName":"search_term_string"}}],"inLanguage":"fr-FR"},{"@type":"Organization","@id":"https:\/\/www.mowglis.org\/#organization","name":"Camp Mowglis","url":"https:\/\/www.mowglis.org\/","logo":{"@type":"ImageObject","inLanguage":"fr-FR","@id":"https:\/\/www.mowglis.org\/#\/schema\/logo\/image\/","url":"https:\/\/www.mowglis.org\/wp-content\/uploads\/2025\/01\/logo-web.svg","contentUrl":"https:\/\/www.mowglis.org\/wp-content\/uploads\/2025\/01\/logo-web.svg","width":156,"height":42,"caption":"Camp Mowglis"},"image":{"@id":"https:\/\/www.mowglis.org\/#\/schema\/logo\/image\/"}}]}},"_links":{"self":[{"href":"https:\/\/www.mowglis.org\/fr\/wp-json\/wp\/v2\/pages\/177","targetHints":{"allow":["GET"]}}],"collection":[{"href":"https:\/\/www.mowglis.org\/fr\/wp-json\/wp\/v2\/pages"}],"about":[{"href":"https:\/\/www.mowglis.org\/fr\/wp-json\/wp\/v2\/types\/page"}],"author":[{"embeddable":true,"href":"https:\/\/www.mowglis.org\/fr\/wp-json\/wp\/v2\/users\/10"}],"replies":[{"embeddable":true,"href":"https:\/\/www.mowglis.org\/fr\/wp-json\/wp\/v2\/comments?post=177"}],"version-history":[{"count":0,"href":"https:\/\/www.mowglis.org\/fr\/wp-json\/wp\/v2\/pages\/177\/revisions"}],"up":[{"embeddable":true,"href":"https:\/\/www.mowglis.org\/fr\/wp-json\/wp\/v2\/pages\/50"}],"wp:featuredmedia":[{"embeddable":true,"href":"https:\/\/www.mowglis.org\/fr\/wp-json\/wp\/v2\/media\/6235"}],"wp:attachment":[{"href":"https:\/\/www.mowglis.org\/fr\/wp-json\/wp\/v2\/media?parent=177"}],"wp:term":[{"taxonomy":"quote-categoria","embeddable":true,"href":"https:\/\/www.mowglis.org\/fr\/wp-json\/wp\/v2\/quote-categoria?post=177"}],"curies":[{"name":"wp","href":"https:\/\/api.w.org\/{rel}","templated":true}]}}