{"id":5138,"date":"2017-01-31T10:48:27","date_gmt":"2017-01-31T15:48:27","guid":{"rendered":"https:\/\/www.mowglis.org\/?page_id=5138"},"modified":"2026-02-04T14:52:32","modified_gmt":"2026-02-04T19:52:32","slug":"bagheerasociety","status":"publish","type":"page","link":"https:\/\/www.mowglis.org\/fr\/bagheerasociety\/","title":{"rendered":"Dons planifi\u00e9s \u2013 La Soci\u00e9t\u00e9 Bagheera"},"content":{"rendered":"<h1 class=\"wp-block-heading\">Dons planifi\u00e9s au Camp Mowglis<\/h1>\n\n\n\n<p>Les dons planifi\u00e9s constituent l&#039;un des moyens les plus efficaces pour chacun d&#039;avoir un impact durable et significatif sur le Camp Mowglis et sa mission. Afin de rendre hommage aux donateurs de notre communaut\u00e9 qui ont pris des mesures pour inclure Mowglis dans leur planification successorale, la Soci\u00e9t\u00e9 Bagheera a \u00e9t\u00e9 cr\u00e9\u00e9e en 1983. Les membres de la Soci\u00e9t\u00e9 Bagheera repr\u00e9sentent presque toutes les g\u00e9n\u00e9rations d&#039;anciens \u00e9l\u00e8ves et de nombreux autres amis de Mowglis. Nous sommes profond\u00e9ment reconnaissants de l&#039;engagement de chaque membre de la Soci\u00e9t\u00e9 Bagheera et vous remercions de consid\u00e9rer soutenir Mowglis par une contribution aussi pr\u00e9cieuse.<\/p>\n\n\n\n<br>\n\n\n\n<p>Les dons planifi\u00e9s sont \u00e9tonnamment simples. Les moyens de donner sont vari\u00e9s et peuvent \u00eatre adapt\u00e9s \u00e0 chaque situation personnelle.<\/p>\n\n\n\n<br>\n\n\n\n<br><a href=\"http:\/\/www.mowglis.org\/wp-content\/uploads\/2025\/01\/Bagheera-Society-Planned-Giving-Overview-2024.pdf\" \n   target=\"_blank\" \n   class=\"elementor-button\" \n   style=\"background-color: #4d7252;           fill: #d2dcd3;           color: #d2dcd3;           border-style: solid;           border-width: 1px;           border-color: #37613c;           border-radius: 8px;\" \n   data-hide-on-mobile=\"small-visibility,medium-visibility,large-visibility\">\n   T\u00e9l\u00e9chargez notre guide sur les dons planifi\u00e9s \u00bb\n<\/a><br>\n\n\n\n<br>\n\n\n\n<h2 class=\"wp-block-heading fusion-responsive-typography-calculated\">Qu&#039;est-ce qu&#039;un don planifi\u00e9\u00a0?<\/h2>\n\n\n\n<br>\n\n\n\n<p>Un don planifi\u00e9 est un don effectu\u00e9 du vivant d&#039;une personne, mais dont le b\u00e9n\u00e9fice pour Mowglis est diff\u00e9r\u00e9 \u00e0 une date ult\u00e9rieure.<\/p>\n\n\n\n<br>\n\n\n\n<h2 class=\"wp-block-heading fusion-responsive-typography-calculated\">Quels types de cadeaux planifi\u00e9s existe-t-il ?<\/h2>\n\n\n\n<br>\n\n\n\n<p>Bien qu&#039;il existe diff\u00e9rents types de dons planifi\u00e9s, voici quelques-uns des plus courants que Mowglis appr\u00e9cie :<\/p>\n\n\n\n<br>\n\n\n\n<ul class=\"wp-block-list\">\n<li><strong>legs<\/strong> \u2013 Un legs est l\u2019une des formes les plus simples, et peut-\u00eatre les plus courantes, de donation planifi\u00e9e. Vous pouvez l\u00e9guer un montant pr\u00e9cis, un pourcentage ou la totalit\u00e9 de votre patrimoine \u00e0\u2026 <em>Fondation comm\u00e9morative Holt-Elwell. <\/em>Exemple de formulation pour un legs\u00a0: <em>Je donne, l\u00e8gue et transmets (ins\u00e9rer le montant en dollars, le pourcentage ou le bien \u00e0 donner) \u00e0 la Holt-Elwell Memorial Foundation, ou \u00e0 son organisation successeur, une soci\u00e9t\u00e9 \u00e0 but non lucratif telle que d\u00e9crite \u00e0 l&#039;article 170(c) du Code des imp\u00f4ts internes, situ\u00e9e au 4 Mowglis Dr. Hebron, NH 03241, pour \u00eatre utilis\u00e9e \u00e0 l&#039;appui de la mission du Camp Mowglis.<\/em><\/li>\n\n\n\n<li><strong>Actifs des comptes IRA\/r\u00e9gimes de retraite<\/strong> \u2013 Vous pouvez d\u00e9signer le <em>Fondation comm\u00e9morative Holt-Elwell<\/em> En tant que b\u00e9n\u00e9ficiaire de tout ou partie de votre IRA ou de votre r\u00e9gime de retraite, il vous suffit souvent de remplir un formulaire de \u201c\u00a0changement de b\u00e9n\u00e9ficiaire\u00a0\u201d et de le soumettre \u00e0 votre fournisseur.<\/li>\n\n\n\n<li><strong>Assurance vie<\/strong> \u2013 Vous pouvez nommer le <em>Fondation comm\u00e9morative Holt-Elwell <\/em>En tant que b\u00e9n\u00e9ficiaire d&#039;une assurance-vie, il suffit g\u00e9n\u00e9ralement de remplir un formulaire de \u201c\u00a0changement de b\u00e9n\u00e9ficiaire\u00a0\u201d. Si votre contrat comporte une valeur de rachat, vous aurez normalement droit \u00e0 une d\u00e9duction fiscale \u00e9quivalente \u00e0 ce montant.<\/li>\n<\/ul>\n\n\n\n<br>\n\n\n\n<p><strong>Fondation comm\u00e9morative Holt-Elwell - Num\u00e9ro d&#039;identification fiscale de l&#039;organisme sans but lucratif\u00a0: 02-0261932<\/strong><\/p>\n\n\n\n<br>\n\n\n\n<p>Cet aper\u00e7u ne traite pas de toutes les questions ou situations pouvant survenir concernant les dons planifi\u00e9s. Pour toute question suppl\u00e9mentaire, veuillez contacter votre conseiller financier, votre comptable ou Jay Gulitti, notre directeur du d\u00e9veloppement, \u00e0 l&#039;adresse suivante\u00a0: <a href=\"mailto:jgulitti@mowglis.org\">jgulitti@mowglis.org<\/a>.<\/p>\n\n\n\n<br>\n\n\n\n<p><em>Les id\u00e9es et descriptions de planification successorale pr\u00e9sent\u00e9es ci-dessus sont fournies \u00e0 titre informatif et ne constituent en aucun cas un conseil financier ou juridique. Veuillez consulter vos propres conseillers financiers et juridiques pour obtenir les solutions et les instruments les mieux adapt\u00e9s \u00e0 votre situation.<\/em><\/p>\n\n\n\n<br>\n\n\n\n<p>&nbsp;<\/p>\n\n\n\n<figure class=\"wp-block-image size-large\"><img fetchpriority=\"high\" decoding=\"async\" width=\"1024\" height=\"228\" src=\"https:\/\/www.mowglis.org\/wp-content\/uploads\/2019\/02\/Bagheera-Society-1024x228.jpg\" alt=\"\" class=\"wp-image-6299\" srcset=\"https:\/\/www.mowglis.org\/wp-content\/uploads\/2019\/02\/Bagheera-Society-1024x228.jpg 1024w, https:\/\/www.mowglis.org\/wp-content\/uploads\/2019\/02\/Bagheera-Society-500x111.jpg 500w, https:\/\/www.mowglis.org\/wp-content\/uploads\/2019\/02\/Bagheera-Society-700x156.jpg 700w, https:\/\/www.mowglis.org\/wp-content\/uploads\/2019\/02\/Bagheera-Society-300x67.jpg 300w, https:\/\/www.mowglis.org\/wp-content\/uploads\/2019\/02\/Bagheera-Society-768x171.jpg 768w, https:\/\/www.mowglis.org\/wp-content\/uploads\/2019\/02\/Bagheera-Society-200x44.jpg 200w, https:\/\/www.mowglis.org\/wp-content\/uploads\/2019\/02\/Bagheera-Society-400x89.jpg 400w, https:\/\/www.mowglis.org\/wp-content\/uploads\/2019\/02\/Bagheera-Society-600x133.jpg 600w, https:\/\/www.mowglis.org\/wp-content\/uploads\/2019\/02\/Bagheera-Society-800x178.jpg 800w, https:\/\/www.mowglis.org\/wp-content\/uploads\/2019\/02\/Bagheera-Society-1200x267.jpg 1200w, https:\/\/www.mowglis.org\/wp-content\/uploads\/2019\/02\/Bagheera-Society-scaled.jpg 1920w\" sizes=\"(max-width: 1024px) 100vw, 1024px\" \/><\/figure>","protected":false},"excerpt":{"rendered":"<p>Planned Giving to Camp Mowglis Planned giving represents one of the ways in which individuals can have a lasting and meaningful impact on Camp Mowglis and its mission. In order to recognize donors in our community who have taken steps to include Mowglis in their estate planning, the Bagheera Society was created in 1983. Members [&hellip;]<\/p>\n","protected":false},"author":18,"featured_media":5280,"parent":0,"menu_order":0,"comment_status":"closed","ping_status":"closed","template":"","meta":{"_acf_changed":false,"inline_featured_image":false,"footnotes":"","_wp_rev_ctl_limit":""},"quote-categoria":[253,279,276,290,266],"class_list":["post-5138","page","type-page","status-publish","has-post-thumbnail","hentry","quote-categoria-general","quote-categoria-nature","quote-categoria-spirit","quote-categoria-tradition","quote-categoria-views"],"acf":[],"yoast_head":"<!-- This site is optimized with the Yoast SEO plugin v27.3 - https:\/\/yoast.com\/product\/yoast-seo-wordpress\/ -->\n<title>Planned Giving - The Bagheera Society at Our Summer Camp for Boys of Camp Mowglis | New Hampshire, New England<\/title>\n<meta name=\"description\" content=\"There are many simple ways to participate in planned giving that would support our mission. Make a gift that encourages the boys of our future through their experience at Camp Mowglis!\" \/>\n<meta name=\"robots\" content=\"index, follow, max-snippet:-1, max-image-preview:large, max-video-preview:-1\" \/>\n<link rel=\"canonical\" href=\"https:\/\/www.mowglis.org\/fr\/bagheerasociety\/\" \/>\n<meta property=\"og:locale\" content=\"fr_FR\" \/>\n<meta property=\"og:type\" content=\"article\" \/>\n<meta property=\"og:title\" content=\"Planned Giving - The Bagheera Society at Our Summer Camp for Boys of Camp Mowglis | New Hampshire, New England\" \/>\n<meta property=\"og:description\" content=\"There are many simple ways to participate in planned giving that would support our mission. Make a gift that encourages the boys of our future through their experience at Camp Mowglis!\" \/>\n<meta property=\"og:url\" content=\"https:\/\/www.mowglis.org\/fr\/bagheerasociety\/\" \/>\n<meta property=\"og:site_name\" content=\"Camp Mowglis\" \/>\n<meta property=\"article:modified_time\" content=\"2026-02-04T19:52:32+00:00\" \/>\n<meta property=\"og:image\" content=\"http:\/\/www.mowglis.org\/wp-content\/uploads\/2017\/02\/Bagheera-statue.jpg\" \/>\n\t<meta property=\"og:image:width\" content=\"800\" \/>\n\t<meta property=\"og:image:height\" content=\"430\" \/>\n\t<meta property=\"og:image:type\" content=\"image\/jpeg\" \/>\n<meta name=\"twitter:card\" content=\"summary_large_image\" \/>\n<meta name=\"twitter:label1\" content=\"Est. reading time\" \/>\n\t<meta name=\"twitter:data1\" content=\"3 minutes\" \/>\n<script type=\"application\/ld+json\" class=\"yoast-schema-graph\">{\"@context\":\"https:\\\/\\\/schema.org\",\"@graph\":[{\"@type\":\"WebPage\",\"@id\":\"https:\\\/\\\/www.mowglis.org\\\/bagheerasociety\\\/\",\"url\":\"https:\\\/\\\/www.mowglis.org\\\/bagheerasociety\\\/\",\"name\":\"Planned Giving - The Bagheera Society at Our Summer Camp for Boys of Camp Mowglis | New Hampshire, New England\",\"isPartOf\":{\"@id\":\"https:\\\/\\\/www.mowglis.org\\\/#website\"},\"primaryImageOfPage\":{\"@id\":\"https:\\\/\\\/www.mowglis.org\\\/bagheerasociety\\\/#primaryimage\"},\"image\":{\"@id\":\"https:\\\/\\\/www.mowglis.org\\\/bagheerasociety\\\/#primaryimage\"},\"thumbnailUrl\":\"https:\\\/\\\/www.mowglis.org\\\/wp-content\\\/uploads\\\/2017\\\/02\\\/Bagheera-statue.jpg\",\"datePublished\":\"2017-01-31T15:48:27+00:00\",\"dateModified\":\"2026-02-04T19:52:32+00:00\",\"description\":\"There are many simple ways to participate in planned giving that would support our mission. Make a gift that encourages the boys of our future through their experience at Camp Mowglis!\",\"breadcrumb\":{\"@id\":\"https:\\\/\\\/www.mowglis.org\\\/bagheerasociety\\\/#breadcrumb\"},\"inLanguage\":\"fr-FR\",\"potentialAction\":[{\"@type\":\"ReadAction\",\"target\":[\"https:\\\/\\\/www.mowglis.org\\\/bagheerasociety\\\/\"]}]},{\"@type\":\"ImageObject\",\"inLanguage\":\"fr-FR\",\"@id\":\"https:\\\/\\\/www.mowglis.org\\\/bagheerasociety\\\/#primaryimage\",\"url\":\"https:\\\/\\\/www.mowglis.org\\\/wp-content\\\/uploads\\\/2017\\\/02\\\/Bagheera-statue.jpg\",\"contentUrl\":\"https:\\\/\\\/www.mowglis.org\\\/wp-content\\\/uploads\\\/2017\\\/02\\\/Bagheera-statue.jpg\",\"width\":800,\"height\":430},{\"@type\":\"BreadcrumbList\",\"@id\":\"https:\\\/\\\/www.mowglis.org\\\/bagheerasociety\\\/#breadcrumb\",\"itemListElement\":[{\"@type\":\"ListItem\",\"position\":1,\"name\":\"Home\",\"item\":\"https:\\\/\\\/www.mowglis.org\\\/\"},{\"@type\":\"ListItem\",\"position\":2,\"name\":\"Planned Giving &#8211; The Bagheera Society\"}]},{\"@type\":\"WebSite\",\"@id\":\"https:\\\/\\\/www.mowglis.org\\\/#website\",\"url\":\"https:\\\/\\\/www.mowglis.org\\\/\",\"name\":\"Camp Mowglis\",\"description\":\"Camp Mowglis Summer Camp for Boys, New Hampshire, USA\",\"publisher\":{\"@id\":\"https:\\\/\\\/www.mowglis.org\\\/#organization\"},\"potentialAction\":[{\"@type\":\"SearchAction\",\"target\":{\"@type\":\"EntryPoint\",\"urlTemplate\":\"https:\\\/\\\/www.mowglis.org\\\/?s={search_term_string}\"},\"query-input\":{\"@type\":\"PropertyValueSpecification\",\"valueRequired\":true,\"valueName\":\"search_term_string\"}}],\"inLanguage\":\"fr-FR\"},{\"@type\":\"Organization\",\"@id\":\"https:\\\/\\\/www.mowglis.org\\\/#organization\",\"name\":\"Camp Mowglis\",\"url\":\"https:\\\/\\\/www.mowglis.org\\\/\",\"logo\":{\"@type\":\"ImageObject\",\"inLanguage\":\"fr-FR\",\"@id\":\"https:\\\/\\\/www.mowglis.org\\\/#\\\/schema\\\/logo\\\/image\\\/\",\"url\":\"https:\\\/\\\/www.mowglis.org\\\/wp-content\\\/uploads\\\/2025\\\/01\\\/logo-web.svg\",\"contentUrl\":\"https:\\\/\\\/www.mowglis.org\\\/wp-content\\\/uploads\\\/2025\\\/01\\\/logo-web.svg\",\"width\":156,\"height\":42,\"caption\":\"Camp Mowglis\"},\"image\":{\"@id\":\"https:\\\/\\\/www.mowglis.org\\\/#\\\/schema\\\/logo\\\/image\\\/\"}}]}<\/script>\n<!-- \/ Yoast SEO plugin. -->","yoast_head_json":{"title":"Planned Giving - The Bagheera Society at Our Summer Camp for Boys of Camp Mowglis | New Hampshire, New England","description":"There are many simple ways to participate in planned giving that would support our mission. Make a gift that encourages the boys of our future through their experience at Camp Mowglis!","robots":{"index":"index","follow":"follow","max-snippet":"max-snippet:-1","max-image-preview":"max-image-preview:large","max-video-preview":"max-video-preview:-1"},"canonical":"https:\/\/www.mowglis.org\/fr\/bagheerasociety\/","og_locale":"fr_FR","og_type":"article","og_title":"Planned Giving - The Bagheera Society at Our Summer Camp for Boys of Camp Mowglis | New Hampshire, New England","og_description":"There are many simple ways to participate in planned giving that would support our mission. Make a gift that encourages the boys of our future through their experience at Camp Mowglis!","og_url":"https:\/\/www.mowglis.org\/fr\/bagheerasociety\/","og_site_name":"Camp Mowglis","article_modified_time":"2026-02-04T19:52:32+00:00","og_image":[{"width":800,"height":430,"url":"http:\/\/www.mowglis.org\/wp-content\/uploads\/2017\/02\/Bagheera-statue.jpg","type":"image\/jpeg"}],"twitter_card":"summary_large_image","twitter_misc":{"Est. reading time":"3 minutes"},"schema":{"@context":"https:\/\/schema.org","@graph":[{"@type":"WebPage","@id":"https:\/\/www.mowglis.org\/bagheerasociety\/","url":"https:\/\/www.mowglis.org\/bagheerasociety\/","name":"Planned Giving - The Bagheera Society at Our Summer Camp for Boys of Camp Mowglis | New Hampshire, New England","isPartOf":{"@id":"https:\/\/www.mowglis.org\/#website"},"primaryImageOfPage":{"@id":"https:\/\/www.mowglis.org\/bagheerasociety\/#primaryimage"},"image":{"@id":"https:\/\/www.mowglis.org\/bagheerasociety\/#primaryimage"},"thumbnailUrl":"https:\/\/www.mowglis.org\/wp-content\/uploads\/2017\/02\/Bagheera-statue.jpg","datePublished":"2017-01-31T15:48:27+00:00","dateModified":"2026-02-04T19:52:32+00:00","description":"There are many simple ways to participate in planned giving that would support our mission. Make a gift that encourages the boys of our future through their experience at Camp Mowglis!","breadcrumb":{"@id":"https:\/\/www.mowglis.org\/bagheerasociety\/#breadcrumb"},"inLanguage":"fr-FR","potentialAction":[{"@type":"ReadAction","target":["https:\/\/www.mowglis.org\/bagheerasociety\/"]}]},{"@type":"ImageObject","inLanguage":"fr-FR","@id":"https:\/\/www.mowglis.org\/bagheerasociety\/#primaryimage","url":"https:\/\/www.mowglis.org\/wp-content\/uploads\/2017\/02\/Bagheera-statue.jpg","contentUrl":"https:\/\/www.mowglis.org\/wp-content\/uploads\/2017\/02\/Bagheera-statue.jpg","width":800,"height":430},{"@type":"BreadcrumbList","@id":"https:\/\/www.mowglis.org\/bagheerasociety\/#breadcrumb","itemListElement":[{"@type":"ListItem","position":1,"name":"Home","item":"https:\/\/www.mowglis.org\/"},{"@type":"ListItem","position":2,"name":"Planned Giving &#8211; The Bagheera Society"}]},{"@type":"WebSite","@id":"https:\/\/www.mowglis.org\/#website","url":"https:\/\/www.mowglis.org\/","name":"Camp Mowglis","description":"Camp Mowglis, camp d&#039;\u00e9t\u00e9 pour gar\u00e7ons, New Hampshire, \u00c9tats-Unis","publisher":{"@id":"https:\/\/www.mowglis.org\/#organization"},"potentialAction":[{"@type":"SearchAction","target":{"@type":"EntryPoint","urlTemplate":"https:\/\/www.mowglis.org\/?s={search_term_string}"},"query-input":{"@type":"PropertyValueSpecification","valueRequired":true,"valueName":"search_term_string"}}],"inLanguage":"fr-FR"},{"@type":"Organization","@id":"https:\/\/www.mowglis.org\/#organization","name":"Camp Mowglis","url":"https:\/\/www.mowglis.org\/","logo":{"@type":"ImageObject","inLanguage":"fr-FR","@id":"https:\/\/www.mowglis.org\/#\/schema\/logo\/image\/","url":"https:\/\/www.mowglis.org\/wp-content\/uploads\/2025\/01\/logo-web.svg","contentUrl":"https:\/\/www.mowglis.org\/wp-content\/uploads\/2025\/01\/logo-web.svg","width":156,"height":42,"caption":"Camp Mowglis"},"image":{"@id":"https:\/\/www.mowglis.org\/#\/schema\/logo\/image\/"}}]}},"_links":{"self":[{"href":"https:\/\/www.mowglis.org\/fr\/wp-json\/wp\/v2\/pages\/5138","targetHints":{"allow":["GET"]}}],"collection":[{"href":"https:\/\/www.mowglis.org\/fr\/wp-json\/wp\/v2\/pages"}],"about":[{"href":"https:\/\/www.mowglis.org\/fr\/wp-json\/wp\/v2\/types\/page"}],"author":[{"embeddable":true,"href":"https:\/\/www.mowglis.org\/fr\/wp-json\/wp\/v2\/users\/18"}],"replies":[{"embeddable":true,"href":"https:\/\/www.mowglis.org\/fr\/wp-json\/wp\/v2\/comments?post=5138"}],"version-history":[{"count":0,"href":"https:\/\/www.mowglis.org\/fr\/wp-json\/wp\/v2\/pages\/5138\/revisions"}],"wp:featuredmedia":[{"embeddable":true,"href":"https:\/\/www.mowglis.org\/fr\/wp-json\/wp\/v2\/media\/5280"}],"wp:attachment":[{"href":"https:\/\/www.mowglis.org\/fr\/wp-json\/wp\/v2\/media?parent=5138"}],"wp:term":[{"taxonomy":"quote-categoria","embeddable":true,"href":"https:\/\/www.mowglis.org\/fr\/wp-json\/wp\/v2\/quote-categoria?post=5138"}],"curies":[{"name":"wp","href":"https:\/\/api.w.org\/{rel}","templated":true}]}}