{"id":5991,"date":"2019-01-18T15:38:46","date_gmt":"2019-01-18T20:38:46","guid":{"rendered":"https:\/\/www.mowglis.org\/?page_id=5991"},"modified":"2026-02-04T14:01:53","modified_gmt":"2026-02-04T19:01:53","slug":"how-you-can-help","status":"publish","type":"page","link":"https:\/\/www.mowglis.org\/fr\/giving\/how-you-can-help\/","title":{"rendered":"Comment vous pouvez aider"},"content":{"rendered":"<p>[fusion_builder_container hundred_percent=&#8221;yes&#8221; hundred_percent_height=&#8221;no&#8221; hundred_percent_height_scroll=&#8221;no&#8221; hundred_percent_height_center_content=&#8221;yes&#8221; equal_height_columns=&#8221;no&#8221; menu_anchor=&#8221;&#8221; hide_on_mobile=&#8221;small-visibility,medium-visibility,large-visibility&#8221; status=&#8221;published&#8221; publish_date=&#8221;&#8221; class=&#8221;&#8221; id=&#8221;&#8221; background_color=&#8221;&#8221; background_image=&#8221;&#8221; background_position=&#8221;center center&#8221; background_repeat=&#8221;no-repeat&#8221; fade=&#8221;no&#8221; background_parallax=&#8221;none&#8221; enable_mobile=&#8221;no&#8221; parallax_speed=&#8221;0.3&#8243; video_mp4=&#8221;&#8221; video_webm=&#8221;&#8221; video_ogv=&#8221;&#8221; video_url=&#8221;&#8221; video_aspect_ratio=&#8221;16:9&#8243; video_loop=&#8221;yes&#8221; video_mute=&#8221;yes&#8221; video_preview_image=&#8221;&#8221; border_size=&#8221;&#8221; border_color=&#8221;&#8221; border_style=&#8221;solid&#8221; margin_top=&#8221;-145&#8243; margin_bottom=&#8221;&#8221; padding_top=&#8221;&#8221; padding_right=&#8221;0px&#8221; padding_bottom=&#8221;&#8221; padding_left=&#8221;0px&#8221;][fusion_builder_row][fusion_builder_column type=&#8221;1_1&#8243; layout=&#8221;1_1&#8243; spacing=&#8221;&#8221; center_content=&#8221;no&#8221; link=&#8221;&#8221; target=&#8221;_self&#8221; min_height=&#8221;&#8221; hide_on_mobile=&#8221;small-visibility,medium-visibility,large-visibility&#8221; class=&#8221;&#8221; id=&#8221;&#8221; background_color=&#8221;&#8221; background_image=&#8221;&#8221; background_image_id=&#8221;&#8221; background_position=&#8221;left top&#8221; background_repeat=&#8221;no-repeat&#8221; hover_type=&#8221;none&#8221; border_size=&#8221;0&#8243; border_color=&#8221;&#8221; border_style=&#8221;solid&#8221; border_position=&#8221;all&#8221; padding_top=&#8221;&#8221; padding_right=&#8221;&#8221; padding_bottom=&#8221;&#8221; padding_left=&#8221;&#8221; margin_top=&#8221;&#8221; margin_bottom=&#8221;&#8221; animation_type=&#8221;&#8221; animation_direction=&#8221;left&#8221; animation_speed=&#8221;0.3&#8243; animation_offset=&#8221;&#8221; last=&#8221;no&#8221;][fusion_imageframe image_id=&#8221;5993|full&#8221; max_width=&#8221;&#8221; style_type=&#8221;bottomshadow&#8221; blur=&#8221;&#8221; stylecolor=&#8221;&#8221; hover_type=&#8221;none&#8221; bordersize=&#8221;&#8221; bordercolor=&#8221;&#8221; borderradius=&#8221;&#8221; align=&#8221;none&#8221; lightbox=&#8221;no&#8221; gallery_id=&#8221;&#8221; lightbox_image=&#8221;&#8221; lightbox_image_id=&#8221;&#8221; alt=&#8221;How You Can Help&#8221; link=&#8221;&#8221; linktarget=&#8221;_self&#8221; hide_on_mobile=&#8221;small-visibility,medium-visibility,large-visibility&#8221; class=&#8221;&#8221; id=&#8221;&#8221; animation_type=&#8221;&#8221; animation_direction=&#8221;left&#8221; animation_speed=&#8221;0.3&#8243; animation_offset=&#8221;&#8221;]https:\/\/www.mowglis.org\/wp-content\/uploads\/2019\/01\/mowglis-how-help-header.jpg[\/fusion_imageframe][\/fusion_builder_column][\/fusion_builder_row][\/fusion_builder_container][fusion_builder_container hundred_percent=&#8221;no&#8221; equal_height_columns=&#8221;no&#8221; menu_anchor=&#8221;&#8221; hide_on_mobile=&#8221;small-visibility,medium-visibility,large-visibility&#8221; class=&#8221;&#8221; id=&#8221;&#8221; background_color=&#8221;&#8221; background_image=&#8221;&#8221; background_position=&#8221;center center&#8221; background_repeat=&#8221;no-repeat&#8221; fade=&#8221;no&#8221; background_parallax=&#8221;none&#8221; parallax_speed=&#8221;0.3&#8243; video_mp4=&#8221;&#8221; video_webm=&#8221;&#8221; video_ogv=&#8221;&#8221; video_url=&#8221;&#8221; video_aspect_ratio=&#8221;16:9&#8243; video_loop=&#8221;yes&#8221; video_mute=&#8221;yes&#8221; overlay_color=&#8221;&#8221; video_preview_image=&#8221;&#8221; border_size=&#8221;&#8221; border_color=&#8221;&#8221; border_style=&#8221;solid&#8221; padding_top=&#8221;&#8221; padding_bottom=&#8221;&#8221; padding_left=&#8221;&#8221; padding_right=&#8221;&#8221;][fusion_builder_row][fusion_builder_column type=&#8221;1_1&#8243; layout=&#8221;1_1&#8243; background_position=&#8221;left top&#8221; background_color=&#8221;&#8221; border_size=&#8221;&#8221; border_color=&#8221;&#8221; border_style=&#8221;solid&#8221; border_position=&#8221;all&#8221; spacing=&#8221;yes&#8221; background_image=&#8221;&#8221; background_repeat=&#8221;no-repeat&#8221; padding_top=&#8221;&#8221; padding_right=&#8221;&#8221; padding_bottom=&#8221;&#8221; padding_left=&#8221;&#8221; margin_top=&#8221;0px&#8221; margin_bottom=&#8221;0px&#8221; class=&#8221;&#8221; id=&#8221;&#8221; animation_type=&#8221;&#8221; animation_speed=&#8221;0.3&#8243; animation_direction=&#8221;left&#8221; hide_on_mobile=&#8221;small-visibility,medium-visibility,large-visibility&#8221; center_content=&#8221;no&#8221; last=&#8221;no&#8221; min_height=&#8221;&#8221; hover_type=&#8221;none&#8221; link=&#8221;&#8221;][fusion_text columns=&#8221;&#8221; column_min_width=&#8221;&#8221; column_spacing=&#8221;&#8221; rule_style=&#8221;default&#8221; rule_size=&#8221;&#8221; rule_color=&#8221;&#8221; hide_on_mobile=&#8221;small-visibility,medium-visibility,large-visibility&#8221; class=&#8221;&#8221; id=&#8221;&#8221;]<\/p>\n<h1>How You Can Help<\/h1>\n<p>Camp Mowglis is a 501(c)(3) non-profit educational trust that relies on the generosity of supporters to help fulfill its mission. While many camps have shortened their sessions and have otherwise modernized to accommodate the latest cultural trends, Mowglis continues to offer a tried-and-true, honest-to-goodness, back-to-basics summer camp experience for boys, regardless of their family\u2019s income level. Your generosity helps Mowglis stay true to its mission as a small, values-based, traditional full-season camp. It enables us to continue to help this next generation of boys obtain True Mowglis Spirit!<\/p>\n<p>If you have questions about charitable giving, or other ways to support the mission of Camp Mowglis, please contact our Director of Development, James Hart, on the <a href=\"\/contact\/\">Contact Us<\/a> page or call <a href=\"tel:16037448095\">(603) 744-8095<\/a> ext 280.<\/p>\n<p><!--[fusion_button link=\"<a href=\"https:\/\/mowglis.campintouch.com\/ui\/forms\/donor\/Form\">\/investing\/make-an-investment\/<\/a>\" title=\"\" target=\"_self\" link_attributes=\"\" alignment=\"center\" modal=\"\" hide_on_mobile=\"small-visibility,medium-visibility,large-visibility\" class=\"\" id=\"\" color=\"default\" button_gradient_top_color=\"\" button_gradient_bottom_color=\"\" button_gradient_top_color_hover=\"\" button_gradient_bottom_color_hover=\"\" accent_color=\"\" accent_hover_color=\"\" type=\"\" bevel_color=\"\" border_width=\"\" size=\"\" stretch=\"default\" shape=\"\" icon=\"\" icon_position=\"left\" icon_divider=\"yes\" animation_type=\"0\" animation_direction=\"left\" animation_speed=\"0.3\" animation_offset=\"\"]Give Now![\/fusion_button]-->[\/fusion_text][\/fusion_builder_column][\/fusion_builder_row][\/fusion_builder_container]<\/p>\n","protected":false},"excerpt":{"rendered":"<p>[fusion_builder_container hundred_percent=&#8221;yes&#8221; hundred_percent_height=&#8221;no&#8221; hundred_percent_height_scroll=&#8221;no&#8221; hundred_percent_height_center_content=&#8221;yes&#8221; equal_height_columns=&#8221;no&#8221; menu_anchor=&#8221;&#8221; hide_on_mobile=&#8221;small-visibility,medium-visibility,large-visibility&#8221; status=&#8221;published&#8221; publish_date=&#8221;&#8221; class=&#8221;&#8221; id=&#8221;&#8221; background_color=&#8221;&#8221; background_image=&#8221;&#8221; background_position=&#8221;center center&#8221; background_repeat=&#8221;no-repeat&#8221; fade=&#8221;no&#8221; background_parallax=&#8221;none&#8221; enable_mobile=&#8221;no&#8221; parallax_speed=&#8221;0.3&#8243; video_mp4=&#8221;&#8221; video_webm=&#8221;&#8221; video_ogv=&#8221;&#8221; video_url=&#8221;&#8221; video_aspect_ratio=&#8221;16:9&#8243; video_loop=&#8221;yes&#8221; video_mute=&#8221;yes&#8221; video_preview_image=&#8221;&#8221; border_size=&#8221;&#8221; border_color=&#8221;&#8221; border_style=&#8221;solid&#8221; margin_top=&#8221;-145&#8243; margin_bottom=&#8221;&#8221; padding_top=&#8221;&#8221; padding_right=&#8221;0px&#8221; padding_bottom=&#8221;&#8221; padding_left=&#8221;0px&#8221;][fusion_builder_row][fusion_builder_column type=&#8221;1_1&#8243; layout=&#8221;1_1&#8243; spacing=&#8221;&#8221; center_content=&#8221;no&#8221; link=&#8221;&#8221; target=&#8221;_self&#8221; min_height=&#8221;&#8221; hide_on_mobile=&#8221;small-visibility,medium-visibility,large-visibility&#8221; class=&#8221;&#8221; id=&#8221;&#8221; background_color=&#8221;&#8221; background_image=&#8221;&#8221; background_image_id=&#8221;&#8221; background_position=&#8221;left top&#8221; background_repeat=&#8221;no-repeat&#8221; hover_type=&#8221;none&#8221; [&hellip;]<\/p>\n","protected":false},"author":10,"featured_media":0,"parent":5385,"menu_order":0,"comment_status":"closed","ping_status":"closed","template":"","meta":{"_acf_changed":false,"inline_featured_image":false,"footnotes":"","_wp_rev_ctl_limit":""},"quote-categoria":[],"class_list":["post-5991","page","type-page","status-publish","hentry"],"acf":[],"yoast_head":"<!-- This site is optimized with the Yoast SEO plugin v27.3 - https:\/\/yoast.com\/product\/yoast-seo-wordpress\/ -->\n<title>How you can help - Camp Mowglis<\/title>\n<meta name=\"robots\" content=\"index, follow, max-snippet:-1, max-image-preview:large, max-video-preview:-1\" \/>\n<link rel=\"canonical\" href=\"https:\/\/www.mowglis.org\/fr\/giving\/how-you-can-help\/\" \/>\n<meta property=\"og:locale\" content=\"fr_FR\" \/>\n<meta property=\"og:type\" content=\"article\" \/>\n<meta property=\"og:title\" content=\"How you can help - Camp Mowglis\" \/>\n<meta property=\"og:description\" content=\"[fusion_builder_container hundred_percent=&#8221;yes&#8221; hundred_percent_height=&#8221;no&#8221; hundred_percent_height_scroll=&#8221;no&#8221; hundred_percent_height_center_content=&#8221;yes&#8221; equal_height_columns=&#8221;no&#8221; menu_anchor=&#8221;&#8221; hide_on_mobile=&#8221;small-visibility,medium-visibility,large-visibility&#8221; status=&#8221;published&#8221; publish_date=&#8221;&#8221; class=&#8221;&#8221; id=&#8221;&#8221; background_color=&#8221;&#8221; background_image=&#8221;&#8221; background_position=&#8221;center center&#8221; background_repeat=&#8221;no-repeat&#8221; fade=&#8221;no&#8221; background_parallax=&#8221;none&#8221; enable_mobile=&#8221;no&#8221; parallax_speed=&#8221;0.3&#8243; video_mp4=&#8221;&#8221; video_webm=&#8221;&#8221; video_ogv=&#8221;&#8221; video_url=&#8221;&#8221; video_aspect_ratio=&#8221;16:9&#8243; video_loop=&#8221;yes&#8221; video_mute=&#8221;yes&#8221; video_preview_image=&#8221;&#8221; border_size=&#8221;&#8221; border_color=&#8221;&#8221; border_style=&#8221;solid&#8221; margin_top=&#8221;-145&#8243; margin_bottom=&#8221;&#8221; padding_top=&#8221;&#8221; padding_right=&#8221;0px&#8221; padding_bottom=&#8221;&#8221; padding_left=&#8221;0px&#8221;][fusion_builder_row][fusion_builder_column type=&#8221;1_1&#8243; layout=&#8221;1_1&#8243; spacing=&#8221;&#8221; center_content=&#8221;no&#8221; link=&#8221;&#8221; target=&#8221;_self&#8221; min_height=&#8221;&#8221; hide_on_mobile=&#8221;small-visibility,medium-visibility,large-visibility&#8221; class=&#8221;&#8221; id=&#8221;&#8221; background_color=&#8221;&#8221; background_image=&#8221;&#8221; background_image_id=&#8221;&#8221; background_position=&#8221;left top&#8221; background_repeat=&#8221;no-repeat&#8221; hover_type=&#8221;none&#8221; [&hellip;]\" \/>\n<meta property=\"og:url\" content=\"https:\/\/www.mowglis.org\/fr\/giving\/how-you-can-help\/\" \/>\n<meta property=\"og:site_name\" content=\"Camp Mowglis\" \/>\n<meta property=\"article:modified_time\" content=\"2026-02-04T19:01:53+00:00\" \/>\n<meta name=\"twitter:card\" content=\"summary_large_image\" \/>\n<meta name=\"twitter:label1\" content=\"Est. reading time\" \/>\n\t<meta name=\"twitter:data1\" content=\"2 minutes\" \/>\n<script type=\"application\/ld+json\" class=\"yoast-schema-graph\">{\"@context\":\"https:\\\/\\\/schema.org\",\"@graph\":[{\"@type\":\"WebPage\",\"@id\":\"https:\\\/\\\/www.mowglis.org\\\/giving\\\/how-you-can-help\\\/\",\"url\":\"https:\\\/\\\/www.mowglis.org\\\/giving\\\/how-you-can-help\\\/\",\"name\":\"How you can help - Camp Mowglis\",\"isPartOf\":{\"@id\":\"https:\\\/\\\/www.mowglis.org\\\/#website\"},\"datePublished\":\"2019-01-18T20:38:46+00:00\",\"dateModified\":\"2026-02-04T19:01:53+00:00\",\"breadcrumb\":{\"@id\":\"https:\\\/\\\/www.mowglis.org\\\/giving\\\/how-you-can-help\\\/#breadcrumb\"},\"inLanguage\":\"fr-FR\",\"potentialAction\":[{\"@type\":\"ReadAction\",\"target\":[\"https:\\\/\\\/www.mowglis.org\\\/giving\\\/how-you-can-help\\\/\"]}]},{\"@type\":\"BreadcrumbList\",\"@id\":\"https:\\\/\\\/www.mowglis.org\\\/giving\\\/how-you-can-help\\\/#breadcrumb\",\"itemListElement\":[{\"@type\":\"ListItem\",\"position\":1,\"name\":\"Home\",\"item\":\"https:\\\/\\\/www.mowglis.org\\\/\"},{\"@type\":\"ListItem\",\"position\":2,\"name\":\"Giving\",\"item\":\"https:\\\/\\\/www.mowglis.org\\\/giving\\\/\"},{\"@type\":\"ListItem\",\"position\":3,\"name\":\"How you can help\"}]},{\"@type\":\"WebSite\",\"@id\":\"https:\\\/\\\/www.mowglis.org\\\/#website\",\"url\":\"https:\\\/\\\/www.mowglis.org\\\/\",\"name\":\"Camp Mowglis\",\"description\":\"Camp Mowglis Summer Camp for Boys, New Hampshire, USA\",\"publisher\":{\"@id\":\"https:\\\/\\\/www.mowglis.org\\\/#organization\"},\"potentialAction\":[{\"@type\":\"SearchAction\",\"target\":{\"@type\":\"EntryPoint\",\"urlTemplate\":\"https:\\\/\\\/www.mowglis.org\\\/?s={search_term_string}\"},\"query-input\":{\"@type\":\"PropertyValueSpecification\",\"valueRequired\":true,\"valueName\":\"search_term_string\"}}],\"inLanguage\":\"fr-FR\"},{\"@type\":\"Organization\",\"@id\":\"https:\\\/\\\/www.mowglis.org\\\/#organization\",\"name\":\"Camp Mowglis\",\"url\":\"https:\\\/\\\/www.mowglis.org\\\/\",\"logo\":{\"@type\":\"ImageObject\",\"inLanguage\":\"fr-FR\",\"@id\":\"https:\\\/\\\/www.mowglis.org\\\/#\\\/schema\\\/logo\\\/image\\\/\",\"url\":\"https:\\\/\\\/www.mowglis.org\\\/wp-content\\\/uploads\\\/2025\\\/01\\\/logo-web.svg\",\"contentUrl\":\"https:\\\/\\\/www.mowglis.org\\\/wp-content\\\/uploads\\\/2025\\\/01\\\/logo-web.svg\",\"width\":156,\"height\":42,\"caption\":\"Camp Mowglis\"},\"image\":{\"@id\":\"https:\\\/\\\/www.mowglis.org\\\/#\\\/schema\\\/logo\\\/image\\\/\"}}]}<\/script>\n<!-- \/ Yoast SEO plugin. -->","yoast_head_json":{"title":"How you can help - Camp Mowglis","robots":{"index":"index","follow":"follow","max-snippet":"max-snippet:-1","max-image-preview":"max-image-preview:large","max-video-preview":"max-video-preview:-1"},"canonical":"https:\/\/www.mowglis.org\/fr\/giving\/how-you-can-help\/","og_locale":"fr_FR","og_type":"article","og_title":"How you can help - Camp Mowglis","og_description":"[fusion_builder_container hundred_percent=&#8221;yes&#8221; hundred_percent_height=&#8221;no&#8221; hundred_percent_height_scroll=&#8221;no&#8221; hundred_percent_height_center_content=&#8221;yes&#8221; equal_height_columns=&#8221;no&#8221; menu_anchor=&#8221;&#8221; hide_on_mobile=&#8221;small-visibility,medium-visibility,large-visibility&#8221; status=&#8221;published&#8221; publish_date=&#8221;&#8221; class=&#8221;&#8221; id=&#8221;&#8221; background_color=&#8221;&#8221; background_image=&#8221;&#8221; background_position=&#8221;center center&#8221; background_repeat=&#8221;no-repeat&#8221; fade=&#8221;no&#8221; background_parallax=&#8221;none&#8221; enable_mobile=&#8221;no&#8221; parallax_speed=&#8221;0.3&#8243; video_mp4=&#8221;&#8221; video_webm=&#8221;&#8221; video_ogv=&#8221;&#8221; video_url=&#8221;&#8221; video_aspect_ratio=&#8221;16:9&#8243; video_loop=&#8221;yes&#8221; video_mute=&#8221;yes&#8221; video_preview_image=&#8221;&#8221; border_size=&#8221;&#8221; border_color=&#8221;&#8221; border_style=&#8221;solid&#8221; margin_top=&#8221;-145&#8243; margin_bottom=&#8221;&#8221; padding_top=&#8221;&#8221; padding_right=&#8221;0px&#8221; padding_bottom=&#8221;&#8221; padding_left=&#8221;0px&#8221;][fusion_builder_row][fusion_builder_column type=&#8221;1_1&#8243; layout=&#8221;1_1&#8243; spacing=&#8221;&#8221; center_content=&#8221;no&#8221; link=&#8221;&#8221; target=&#8221;_self&#8221; min_height=&#8221;&#8221; hide_on_mobile=&#8221;small-visibility,medium-visibility,large-visibility&#8221; class=&#8221;&#8221; id=&#8221;&#8221; background_color=&#8221;&#8221; background_image=&#8221;&#8221; background_image_id=&#8221;&#8221; background_position=&#8221;left top&#8221; background_repeat=&#8221;no-repeat&#8221; hover_type=&#8221;none&#8221; [&hellip;]","og_url":"https:\/\/www.mowglis.org\/fr\/giving\/how-you-can-help\/","og_site_name":"Camp Mowglis","article_modified_time":"2026-02-04T19:01:53+00:00","twitter_card":"summary_large_image","twitter_misc":{"Est. reading time":"2 minutes"},"schema":{"@context":"https:\/\/schema.org","@graph":[{"@type":"WebPage","@id":"https:\/\/www.mowglis.org\/giving\/how-you-can-help\/","url":"https:\/\/www.mowglis.org\/giving\/how-you-can-help\/","name":"How you can help - Camp Mowglis","isPartOf":{"@id":"https:\/\/www.mowglis.org\/#website"},"datePublished":"2019-01-18T20:38:46+00:00","dateModified":"2026-02-04T19:01:53+00:00","breadcrumb":{"@id":"https:\/\/www.mowglis.org\/giving\/how-you-can-help\/#breadcrumb"},"inLanguage":"fr-FR","potentialAction":[{"@type":"ReadAction","target":["https:\/\/www.mowglis.org\/giving\/how-you-can-help\/"]}]},{"@type":"BreadcrumbList","@id":"https:\/\/www.mowglis.org\/giving\/how-you-can-help\/#breadcrumb","itemListElement":[{"@type":"ListItem","position":1,"name":"Home","item":"https:\/\/www.mowglis.org\/"},{"@type":"ListItem","position":2,"name":"Giving","item":"https:\/\/www.mowglis.org\/giving\/"},{"@type":"ListItem","position":3,"name":"How you can help"}]},{"@type":"WebSite","@id":"https:\/\/www.mowglis.org\/#website","url":"https:\/\/www.mowglis.org\/","name":"Camp Mowglis","description":"Camp Mowglis, camp d&#039;\u00e9t\u00e9 pour gar\u00e7ons, New Hampshire, \u00c9tats-Unis","publisher":{"@id":"https:\/\/www.mowglis.org\/#organization"},"potentialAction":[{"@type":"SearchAction","target":{"@type":"EntryPoint","urlTemplate":"https:\/\/www.mowglis.org\/?s={search_term_string}"},"query-input":{"@type":"PropertyValueSpecification","valueRequired":true,"valueName":"search_term_string"}}],"inLanguage":"fr-FR"},{"@type":"Organization","@id":"https:\/\/www.mowglis.org\/#organization","name":"Camp Mowglis","url":"https:\/\/www.mowglis.org\/","logo":{"@type":"ImageObject","inLanguage":"fr-FR","@id":"https:\/\/www.mowglis.org\/#\/schema\/logo\/image\/","url":"https:\/\/www.mowglis.org\/wp-content\/uploads\/2025\/01\/logo-web.svg","contentUrl":"https:\/\/www.mowglis.org\/wp-content\/uploads\/2025\/01\/logo-web.svg","width":156,"height":42,"caption":"Camp Mowglis"},"image":{"@id":"https:\/\/www.mowglis.org\/#\/schema\/logo\/image\/"}}]}},"_links":{"self":[{"href":"https:\/\/www.mowglis.org\/fr\/wp-json\/wp\/v2\/pages\/5991","targetHints":{"allow":["GET"]}}],"collection":[{"href":"https:\/\/www.mowglis.org\/fr\/wp-json\/wp\/v2\/pages"}],"about":[{"href":"https:\/\/www.mowglis.org\/fr\/wp-json\/wp\/v2\/types\/page"}],"author":[{"embeddable":true,"href":"https:\/\/www.mowglis.org\/fr\/wp-json\/wp\/v2\/users\/10"}],"replies":[{"embeddable":true,"href":"https:\/\/www.mowglis.org\/fr\/wp-json\/wp\/v2\/comments?post=5991"}],"version-history":[{"count":0,"href":"https:\/\/www.mowglis.org\/fr\/wp-json\/wp\/v2\/pages\/5991\/revisions"}],"up":[{"embeddable":true,"href":"https:\/\/www.mowglis.org\/fr\/wp-json\/wp\/v2\/pages\/5385"}],"wp:attachment":[{"href":"https:\/\/www.mowglis.org\/fr\/wp-json\/wp\/v2\/media?parent=5991"}],"wp:term":[{"taxonomy":"quote-categoria","embeddable":true,"href":"https:\/\/www.mowglis.org\/fr\/wp-json\/wp\/v2\/quote-categoria?post=5991"}],"curies":[{"name":"wp","href":"https:\/\/api.w.org\/{rel}","templated":true}]}}