{"id":6283,"date":"2019-02-14T08:55:26","date_gmt":"2019-02-14T13:55:26","guid":{"rendered":"http:\/\/www.mowglis.org\/?page_id=6283"},"modified":"2025-01-28T19:29:09","modified_gmt":"2025-01-29T00:29:09","slug":"stockgifts","status":"publish","type":"page","link":"https:\/\/www.mowglis.org\/fr\/stockgifts\/","title":{"rendered":"Dons d&#039;actions"},"content":{"rendered":"<h2 class=\"wp-block-heading fusion-responsive-typography-calculated\"><strong>DONS D&#039;ACTIONS<\/strong><\/h2>\n\n\n\n<p>Faire don d&#039;actions, d&#039;obligations ou de parts de fonds communs de placement ayant pris de la valeur peut s&#039;av\u00e9rer avantageux financi\u00e8rement. Dans la plupart des cas, vous pouvez d\u00e9duire de votre imp\u00f4t sur le revenu la pleine valeur marchande des titres et ainsi \u00e9viter l&#039;imp\u00f4t sur les gains en capital. Veuillez consulter votre conseiller financier pour obtenir des pr\u00e9cisions sur les avantages.<\/p>\n\n\n\n<br>\n\n\n\n<ol class=\"wp-block-list\">\n<li><b>Veuillez envoyer un courriel \u00e0 Jay Gulitti, notre directeur du d\u00e9veloppement, \u00e0 l&#039;adresse suivante : <a href=\"mailto:jgulitti@mowglis.org\">jgulitti@mowglis.org<\/a>, et copie \u00e0 Anabela Perozek, notre tr\u00e9sori\u00e8re, \u00e0 <a href=\"mailto:aperozek@hemf.org\">aperozek@hemf.org<\/a><\/b> Pour nous informer de votre intention de faire un don. Comme les courtiers ne nous informent pas toujours des dons, votre prise de contact directe garantira que votre don soit transf\u00e9r\u00e9 et cr\u00e9dit\u00e9 correctement.<\/li>\n\n\n\n<li><b>Veuillez fournir les informations suivantes\u00a0:<\/b>\n<ul class=\"wp-block-list\">\n<li>Nom complet du ou des donateurs<\/li>\n\n\n\n<li>Nom de l&#039;action<\/li>\n\n\n\n<li>Nombre d&#039;actions<\/li>\n\n\n\n<li>Date du transfert<\/li>\n\n\n\n<li>Nom et num\u00e9ro de t\u00e9l\u00e9phone de votre courtier.<\/li>\n\n\n\n<li>Utilisation pr\u00e9vue (Choisissez une option parmi les suivantes)\n<ul class=\"wp-block-list\">\n<li>Fonds annuel (Op\u00e9rations)<\/li>\n\n\n\n<li>Fonds de dotation<\/li>\n\n\n\n<li>Fonds de dotation g\u00e9n\u00e9ral (sans restriction)<\/li>\n\n\n\n<li>Fonds Hart pour les b\u00e2timents et les terrains<\/li>\n\n\n\n<li>Fonds de bourses d&#039;\u00e9tudes Russell<\/li>\n<\/ul>\n<\/li>\n<\/ul>\n<\/li>\n\n\n\n<li><b>Veuillez accorder les autorisations suivantes \u00e0 votre courtier\u00a0:<\/b>\n<ul class=\"wp-block-list\">\n<li><i>\u201c Veuillez adresser le don d&#039;actions suivant en mon nom \u00e0 <b>Vanguard DTC #0062\u2033<\/b><\/i>\n<ul class=\"wp-block-list\">\n<li>Indiquez le nom de l&#039;action et le nombre d&#039;actions.<\/li>\n<\/ul>\n<\/li>\n\n\n\n<li><i>\u201c Les actions peuvent \u00eatre livr\u00e9es \u00e9lectroniquement \u00e0 <\/i><b style=\"font-style: italic;\">Investissements Vanguard, DTC#0062<\/b><i>pour d\u00e9p\u00f4t \u00e0 l&#039;adresse suivante :\u201d<\/i>\n<ul class=\"wp-block-list\">\n<li><b>Fondation comm\u00e9morative Holt-Elwell<\/b><\/li>\n\n\n\n<li><b>Num\u00e9ro de compte : 65989569<\/b><\/li>\n\n\n\n<li><b>Num\u00e9ro d&#039;identification fiscale f\u00e9d\u00e9ral : 02-0261932<\/b><\/li>\n<\/ul>\n<\/li>\n<\/ul>\n<\/li>\n\n\n\n<li><b>\u00c9valuation d&#039;un don<\/b>\n<ul class=\"wp-block-list\">\n<li>Nous fixons la valeur du don en fonction du cours de cl\u00f4ture du ou des titres le jour de leur r\u00e9ception sur notre compte. Les donateurs recevront un courrier indiquant la valeur du don re\u00e7u.<\/li>\n<\/ul>\n<\/li>\n<\/ol>\n\n\n\n<br>\n\n\n\n<p><i>Veuillez noter : Conform\u00e9ment au code fiscal de l&#039;IRS (R\u00e8glement 1.170A-1(b)), les dons de titres re\u00e7us via DTC seront comptabilis\u00e9s en utilisant la valeur moyenne de l&#039;action le jour de sa r\u00e9ception sur le compte des Mowglis.<\/i><\/p>","protected":false},"excerpt":{"rendered":"<p>GIFTS OF STOCK Giving a gift of appreciated stocks, bonds or mutual funds can be to your financial advantage. In most cases, you may claim a charitable income tax deduction for the full fair market value of the shares and avoid capital gains tax. Please consult your financial advisor to clarify the advantages. Please note: [&hellip;]<\/p>\n","protected":false},"author":18,"featured_media":6951,"parent":0,"menu_order":0,"comment_status":"closed","ping_status":"closed","template":"","meta":{"_acf_changed":false,"inline_featured_image":false,"footnotes":"","_wp_rev_ctl_limit":""},"quote-categoria":[],"class_list":["post-6283","page","type-page","status-publish","has-post-thumbnail","hentry"],"acf":[],"yoast_head":"<!-- This site is optimized with the Yoast SEO plugin v27.6 - https:\/\/yoast.com\/product\/yoast-seo-wordpress\/ -->\n<title>Gifts of Stock - Camp Mowglis<\/title>\n<meta name=\"robots\" content=\"index, follow, max-snippet:-1, max-image-preview:large, max-video-preview:-1\" \/>\n<link rel=\"canonical\" href=\"https:\/\/www.mowglis.org\/fr\/stockgifts\/\" \/>\n<meta property=\"og:locale\" content=\"fr_FR\" \/>\n<meta property=\"og:type\" content=\"article\" \/>\n<meta property=\"og:title\" content=\"Gifts of Stock - Camp Mowglis\" \/>\n<meta property=\"og:description\" content=\"GIFTS OF STOCK Giving a gift of appreciated stocks, bonds or mutual funds can be to your financial advantage. In most cases, you may claim a charitable income tax deduction for the full fair market value of the shares and avoid capital gains tax. Please consult your financial advisor to clarify the advantages. Please note: [&hellip;]\" \/>\n<meta property=\"og:url\" content=\"https:\/\/www.mowglis.org\/fr\/stockgifts\/\" \/>\n<meta property=\"og:site_name\" content=\"Camp Mowglis\" \/>\n<meta property=\"article:modified_time\" content=\"2025-01-29T00:29:09+00:00\" \/>\n<meta property=\"og:image\" content=\"https:\/\/www.mowglis.org\/wp-content\/uploads\/2019\/10\/P8090066-1-scaled.jpg\" \/>\n\t<meta property=\"og:image:width\" content=\"1920\" \/>\n\t<meta property=\"og:image:height\" content=\"789\" \/>\n\t<meta property=\"og:image:type\" content=\"image\/jpeg\" \/>\n<meta name=\"twitter:card\" content=\"summary_large_image\" \/>\n<meta name=\"twitter:label1\" content=\"Est. reading time\" \/>\n\t<meta name=\"twitter:data1\" content=\"1 minute\" \/>\n<script type=\"application\/ld+json\" class=\"yoast-schema-graph\">{\"@context\":\"https:\\\/\\\/schema.org\",\"@graph\":[{\"@type\":\"WebPage\",\"@id\":\"https:\\\/\\\/www.mowglis.org\\\/stockgifts\\\/\",\"url\":\"https:\\\/\\\/www.mowglis.org\\\/stockgifts\\\/\",\"name\":\"Gifts of Stock - Camp Mowglis\",\"isPartOf\":{\"@id\":\"https:\\\/\\\/www.mowglis.org\\\/#website\"},\"primaryImageOfPage\":{\"@id\":\"https:\\\/\\\/www.mowglis.org\\\/stockgifts\\\/#primaryimage\"},\"image\":{\"@id\":\"https:\\\/\\\/www.mowglis.org\\\/stockgifts\\\/#primaryimage\"},\"thumbnailUrl\":\"https:\\\/\\\/www.mowglis.org\\\/wp-content\\\/uploads\\\/2019\\\/10\\\/P8090066-1-scaled.jpg\",\"datePublished\":\"2019-02-14T13:55:26+00:00\",\"dateModified\":\"2025-01-29T00:29:09+00:00\",\"breadcrumb\":{\"@id\":\"https:\\\/\\\/www.mowglis.org\\\/stockgifts\\\/#breadcrumb\"},\"inLanguage\":\"fr-FR\",\"potentialAction\":[{\"@type\":\"ReadAction\",\"target\":[\"https:\\\/\\\/www.mowglis.org\\\/stockgifts\\\/\"]}]},{\"@type\":\"ImageObject\",\"inLanguage\":\"fr-FR\",\"@id\":\"https:\\\/\\\/www.mowglis.org\\\/stockgifts\\\/#primaryimage\",\"url\":\"https:\\\/\\\/www.mowglis.org\\\/wp-content\\\/uploads\\\/2019\\\/10\\\/P8090066-1-scaled.jpg\",\"contentUrl\":\"https:\\\/\\\/www.mowglis.org\\\/wp-content\\\/uploads\\\/2019\\\/10\\\/P8090066-1-scaled.jpg\",\"width\":1920,\"height\":789,\"caption\":\"OLYMPUS DIGITAL CAMERA\"},{\"@type\":\"BreadcrumbList\",\"@id\":\"https:\\\/\\\/www.mowglis.org\\\/stockgifts\\\/#breadcrumb\",\"itemListElement\":[{\"@type\":\"ListItem\",\"position\":1,\"name\":\"Home\",\"item\":\"https:\\\/\\\/www.mowglis.org\\\/\"},{\"@type\":\"ListItem\",\"position\":2,\"name\":\"Gifts of Stock\"}]},{\"@type\":\"WebSite\",\"@id\":\"https:\\\/\\\/www.mowglis.org\\\/#website\",\"url\":\"https:\\\/\\\/www.mowglis.org\\\/\",\"name\":\"Camp Mowglis\",\"description\":\"Camp Mowglis Summer Camp for Boys, New Hampshire, USA\",\"publisher\":{\"@id\":\"https:\\\/\\\/www.mowglis.org\\\/#organization\"},\"potentialAction\":[{\"@type\":\"SearchAction\",\"target\":{\"@type\":\"EntryPoint\",\"urlTemplate\":\"https:\\\/\\\/www.mowglis.org\\\/?s={search_term_string}\"},\"query-input\":{\"@type\":\"PropertyValueSpecification\",\"valueRequired\":true,\"valueName\":\"search_term_string\"}}],\"inLanguage\":\"fr-FR\"},{\"@type\":\"Organization\",\"@id\":\"https:\\\/\\\/www.mowglis.org\\\/#organization\",\"name\":\"Camp Mowglis\",\"url\":\"https:\\\/\\\/www.mowglis.org\\\/\",\"logo\":{\"@type\":\"ImageObject\",\"inLanguage\":\"fr-FR\",\"@id\":\"https:\\\/\\\/www.mowglis.org\\\/#\\\/schema\\\/logo\\\/image\\\/\",\"url\":\"https:\\\/\\\/www.mowglis.org\\\/wp-content\\\/uploads\\\/2025\\\/01\\\/logo-web.svg\",\"contentUrl\":\"https:\\\/\\\/www.mowglis.org\\\/wp-content\\\/uploads\\\/2025\\\/01\\\/logo-web.svg\",\"width\":156,\"height\":42,\"caption\":\"Camp Mowglis\"},\"image\":{\"@id\":\"https:\\\/\\\/www.mowglis.org\\\/#\\\/schema\\\/logo\\\/image\\\/\"}}]}<\/script>\n<!-- \/ Yoast SEO plugin. -->","yoast_head_json":{"title":"Gifts of Stock - Camp Mowglis","robots":{"index":"index","follow":"follow","max-snippet":"max-snippet:-1","max-image-preview":"max-image-preview:large","max-video-preview":"max-video-preview:-1"},"canonical":"https:\/\/www.mowglis.org\/fr\/stockgifts\/","og_locale":"fr_FR","og_type":"article","og_title":"Gifts of Stock - Camp Mowglis","og_description":"GIFTS OF STOCK Giving a gift of appreciated stocks, bonds or mutual funds can be to your financial advantage. In most cases, you may claim a charitable income tax deduction for the full fair market value of the shares and avoid capital gains tax. Please consult your financial advisor to clarify the advantages. Please note: [&hellip;]","og_url":"https:\/\/www.mowglis.org\/fr\/stockgifts\/","og_site_name":"Camp Mowglis","article_modified_time":"2025-01-29T00:29:09+00:00","og_image":[{"width":1920,"height":789,"url":"https:\/\/www.mowglis.org\/wp-content\/uploads\/2019\/10\/P8090066-1-scaled.jpg","type":"image\/jpeg"}],"twitter_card":"summary_large_image","twitter_misc":{"Est. reading time":"1 minute"},"schema":{"@context":"https:\/\/schema.org","@graph":[{"@type":"WebPage","@id":"https:\/\/www.mowglis.org\/stockgifts\/","url":"https:\/\/www.mowglis.org\/stockgifts\/","name":"Gifts of Stock - Camp Mowglis","isPartOf":{"@id":"https:\/\/www.mowglis.org\/#website"},"primaryImageOfPage":{"@id":"https:\/\/www.mowglis.org\/stockgifts\/#primaryimage"},"image":{"@id":"https:\/\/www.mowglis.org\/stockgifts\/#primaryimage"},"thumbnailUrl":"https:\/\/www.mowglis.org\/wp-content\/uploads\/2019\/10\/P8090066-1-scaled.jpg","datePublished":"2019-02-14T13:55:26+00:00","dateModified":"2025-01-29T00:29:09+00:00","breadcrumb":{"@id":"https:\/\/www.mowglis.org\/stockgifts\/#breadcrumb"},"inLanguage":"fr-FR","potentialAction":[{"@type":"ReadAction","target":["https:\/\/www.mowglis.org\/stockgifts\/"]}]},{"@type":"ImageObject","inLanguage":"fr-FR","@id":"https:\/\/www.mowglis.org\/stockgifts\/#primaryimage","url":"https:\/\/www.mowglis.org\/wp-content\/uploads\/2019\/10\/P8090066-1-scaled.jpg","contentUrl":"https:\/\/www.mowglis.org\/wp-content\/uploads\/2019\/10\/P8090066-1-scaled.jpg","width":1920,"height":789,"caption":"OLYMPUS DIGITAL CAMERA"},{"@type":"BreadcrumbList","@id":"https:\/\/www.mowglis.org\/stockgifts\/#breadcrumb","itemListElement":[{"@type":"ListItem","position":1,"name":"Home","item":"https:\/\/www.mowglis.org\/"},{"@type":"ListItem","position":2,"name":"Gifts of Stock"}]},{"@type":"WebSite","@id":"https:\/\/www.mowglis.org\/#website","url":"https:\/\/www.mowglis.org\/","name":"Camp Mowglis","description":"Camp Mowglis, camp d&#039;\u00e9t\u00e9 pour gar\u00e7ons, New Hampshire, \u00c9tats-Unis","publisher":{"@id":"https:\/\/www.mowglis.org\/#organization"},"potentialAction":[{"@type":"SearchAction","target":{"@type":"EntryPoint","urlTemplate":"https:\/\/www.mowglis.org\/?s={search_term_string}"},"query-input":{"@type":"PropertyValueSpecification","valueRequired":true,"valueName":"search_term_string"}}],"inLanguage":"fr-FR"},{"@type":"Organization","@id":"https:\/\/www.mowglis.org\/#organization","name":"Camp Mowglis","url":"https:\/\/www.mowglis.org\/","logo":{"@type":"ImageObject","inLanguage":"fr-FR","@id":"https:\/\/www.mowglis.org\/#\/schema\/logo\/image\/","url":"https:\/\/www.mowglis.org\/wp-content\/uploads\/2025\/01\/logo-web.svg","contentUrl":"https:\/\/www.mowglis.org\/wp-content\/uploads\/2025\/01\/logo-web.svg","width":156,"height":42,"caption":"Camp Mowglis"},"image":{"@id":"https:\/\/www.mowglis.org\/#\/schema\/logo\/image\/"}}]}},"_links":{"self":[{"href":"https:\/\/www.mowglis.org\/fr\/wp-json\/wp\/v2\/pages\/6283","targetHints":{"allow":["GET"]}}],"collection":[{"href":"https:\/\/www.mowglis.org\/fr\/wp-json\/wp\/v2\/pages"}],"about":[{"href":"https:\/\/www.mowglis.org\/fr\/wp-json\/wp\/v2\/types\/page"}],"author":[{"embeddable":true,"href":"https:\/\/www.mowglis.org\/fr\/wp-json\/wp\/v2\/users\/18"}],"replies":[{"embeddable":true,"href":"https:\/\/www.mowglis.org\/fr\/wp-json\/wp\/v2\/comments?post=6283"}],"version-history":[{"count":0,"href":"https:\/\/www.mowglis.org\/fr\/wp-json\/wp\/v2\/pages\/6283\/revisions"}],"wp:featuredmedia":[{"embeddable":true,"href":"https:\/\/www.mowglis.org\/fr\/wp-json\/wp\/v2\/media\/6951"}],"wp:attachment":[{"href":"https:\/\/www.mowglis.org\/fr\/wp-json\/wp\/v2\/media?parent=6283"}],"wp:term":[{"taxonomy":"quote-categoria","embeddable":true,"href":"https:\/\/www.mowglis.org\/fr\/wp-json\/wp\/v2\/quote-categoria?post=6283"}],"curies":[{"name":"wp","href":"https:\/\/api.w.org\/{rel}","templated":true}]}}